{"id":488,"date":"2016-02-24T16:26:38","date_gmt":"2016-02-24T15:26:38","guid":{"rendered":"http:\/\/mula.es\/policialocal\/?page_id=488"},"modified":"2016-11-23T00:09:07","modified_gmt":"2016-11-22T23:09:07","slug":"datos","status":"publish","type":"page","link":"https:\/\/mula.es\/policialocal\/datos\/","title":{"rendered":"Visi\u00f3n estrat\u00e9gica"},"content":{"rendered":"<p style=\"text-align: justify;\">\u00a0\u00a0 La visi\u00f3n estrat\u00e9gica de la Polic\u00eda Local de Mula es el referente v\u00e1lido para la organizaci\u00f3n como conjunto y para todos sus objetivos.<\/p>\n<p style=\"text-align: justify;\">\u00a0\u00a0 Queremos ser una Polic\u00eda cercana, eficaz y eficiente, para lo que evaluaremos continuamente nuestro rendimiento,\u00a0estando preparados y abiertos al aprendizaje para adaptarnos de forma inmediata, dentro de los l\u00edmites de nuestras funciones, a los requerimientos, expectativas y necesidades que la sociedad nos demanda en cada momento.<\/p>\n<h3><\/h3>\n<p>&nbsp;<\/p>\n<p>&nbsp;<\/p>\n","protected":false},"excerpt":{"rendered":"<p>\u00a0\u00a0 La visi\u00f3n estrat\u00e9gica de la Polic\u00eda Local de Mula es el referente v\u00e1lido para la organizaci\u00f3n como conjunto y para todos sus objetivos. \u00a0\u00a0 Queremos ser una Polic\u00eda cercana, eficaz y eficiente, para lo que evaluaremos continuamente nuestro rendimiento,\u00a0estando preparados y abiertos al aprendizaje para adaptarnos de forma inmediata, dentro de los l\u00edmites de &#8230; <a title=\"Visi\u00f3n estrat\u00e9gica\" class=\"read-more\" href=\"https:\/\/mula.es\/policialocal\/datos\/\" aria-label=\"Leer m\u00e1s sobre Visi\u00f3n estrat\u00e9gica\">Leer m\u00e1s<\/a><\/p>\n","protected":false},"author":2,"featured_media":0,"parent":0,"menu_order":0,"comment_status":"closed","ping_status":"closed","template":"","meta":{"ngg_post_thumbnail":0,"footnotes":""},"class_list":["post-488","page","type-page","status-publish"],"_hostinger_reach_plugin_has_subscription_block":false,"_hostinger_reach_plugin_is_elementor":false,"_links":{"self":[{"href":"https:\/\/mula.es\/policialocal\/wp-json\/wp\/v2\/pages\/488","targetHints":{"allow":["GET"]}}],"collection":[{"href":"https:\/\/mula.es\/policialocal\/wp-json\/wp\/v2\/pages"}],"about":[{"href":"https:\/\/mula.es\/policialocal\/wp-json\/wp\/v2\/types\/page"}],"author":[{"embeddable":true,"href":"https:\/\/mula.es\/policialocal\/wp-json\/wp\/v2\/users\/2"}],"replies":[{"embeddable":true,"href":"https:\/\/mula.es\/policialocal\/wp-json\/wp\/v2\/comments?post=488"}],"version-history":[{"count":6,"href":"https:\/\/mula.es\/policialocal\/wp-json\/wp\/v2\/pages\/488\/revisions"}],"predecessor-version":[{"id":1248,"href":"https:\/\/mula.es\/policialocal\/wp-json\/wp\/v2\/pages\/488\/revisions\/1248"}],"wp:attachment":[{"href":"https:\/\/mula.es\/policialocal\/wp-json\/wp\/v2\/media?parent=488"}],"curies":[{"name":"wp","href":"https:\/\/api.w.org\/{rel}","templated":true}]}}