{"id":513,"date":"2016-02-24T18:52:48","date_gmt":"2016-02-24T17:52:48","guid":{"rendered":"http:\/\/mula.es\/policialocal\/?page_id=513"},"modified":"2016-03-02T20:05:27","modified_gmt":"2016-03-02T19:05:27","slug":"policia-de-pedanias-y-barrios","status":"publish","type":"page","link":"https:\/\/mula.es\/policialocal\/policia-de-pedanias-y-barrios\/","title":{"rendered":"Unidad de Pedan\u00edas y Barrios"},"content":{"rendered":"<p style=\"text-align: justify;\">\u00a0\u00a0 La\u00a0<strong>Unidad de Pedan\u00edas y Barrios<\/strong> consiste en la implantaci\u00f3n de un servicio espec\u00edfico de asistencia policial, mediante un Polic\u00eda Local de enlace, \u00a0en aquellas pedan\u00edas,\u00a0barrios\u00a0y n\u00facleos de poblaci\u00f3n distanciados del casco urbano, mediante la presencia de patrullas que incrementen su sensaci\u00f3n de seguridad, mediante las siguientes actividades:<\/p>\n<ul>\n<li style=\"text-align: justify;\">Presencia policial preventiva mediante patrullas espec\u00edficas.<\/li>\n<li style=\"text-align: justify;\">Detecci\u00f3n del estado y condiciones de funcionamiento de aquellos servicios y elementos municipales localizados en la v\u00eda p\u00fablica.<\/li>\n<li style=\"text-align: justify;\">Informaci\u00f3n y captaci\u00f3n de las sugerencias de los ciudadanos.<\/li>\n<\/ul>\n<p><img loading=\"lazy\" decoding=\"async\" class=\"aligncenter wp-image-479\" src=\"https:\/\/mula.es\/policialocal\/wp-content\/uploads\/2016\/02\/policias-131.gif\" alt=\"policias-131\" width=\"140\" height=\"160\" \/><\/p>\n<p>&nbsp;<\/p>\n","protected":false},"excerpt":{"rendered":"<p>\u00a0\u00a0 La\u00a0Unidad de Pedan\u00edas y Barrios consiste en la implantaci\u00f3n de un servicio espec\u00edfico de asistencia policial, mediante un Polic\u00eda Local de enlace, \u00a0en aquellas pedan\u00edas,\u00a0barrios\u00a0y n\u00facleos de poblaci\u00f3n distanciados del casco urbano, mediante la presencia de patrullas que incrementen su sensaci\u00f3n de seguridad, mediante las siguientes actividades: Presencia policial preventiva mediante patrullas espec\u00edficas. Detecci\u00f3n &#8230; <a title=\"Unidad de Pedan\u00edas y Barrios\" class=\"read-more\" href=\"https:\/\/mula.es\/policialocal\/policia-de-pedanias-y-barrios\/\" aria-label=\"Leer m\u00e1s sobre Unidad de Pedan\u00edas y Barrios\">Leer m\u00e1s<\/a><\/p>\n","protected":false},"author":2,"featured_media":0,"parent":0,"menu_order":0,"comment_status":"closed","ping_status":"closed","template":"","meta":{"ngg_post_thumbnail":0,"footnotes":""},"class_list":["post-513","page","type-page","status-publish"],"_hostinger_reach_plugin_has_subscription_block":false,"_hostinger_reach_plugin_is_elementor":false,"_links":{"self":[{"href":"https:\/\/mula.es\/policialocal\/wp-json\/wp\/v2\/pages\/513","targetHints":{"allow":["GET"]}}],"collection":[{"href":"https:\/\/mula.es\/policialocal\/wp-json\/wp\/v2\/pages"}],"about":[{"href":"https:\/\/mula.es\/policialocal\/wp-json\/wp\/v2\/types\/page"}],"author":[{"embeddable":true,"href":"https:\/\/mula.es\/policialocal\/wp-json\/wp\/v2\/users\/2"}],"replies":[{"embeddable":true,"href":"https:\/\/mula.es\/policialocal\/wp-json\/wp\/v2\/comments?post=513"}],"version-history":[{"count":7,"href":"https:\/\/mula.es\/policialocal\/wp-json\/wp\/v2\/pages\/513\/revisions"}],"predecessor-version":[{"id":888,"href":"https:\/\/mula.es\/policialocal\/wp-json\/wp\/v2\/pages\/513\/revisions\/888"}],"wp:attachment":[{"href":"https:\/\/mula.es\/policialocal\/wp-json\/wp\/v2\/media?parent=513"}],"curies":[{"name":"wp","href":"https:\/\/api.w.org\/{rel}","templated":true}]}}