{"id":515,"date":"2016-02-24T18:56:39","date_gmt":"2016-02-24T17:56:39","guid":{"rendered":"http:\/\/mula.es\/policialocal\/?page_id=515"},"modified":"2016-03-02T20:06:18","modified_gmt":"2016-03-02T19:06:18","slug":"medio-ambiente","status":"publish","type":"page","link":"https:\/\/mula.es\/policialocal\/medio-ambiente\/","title":{"rendered":"Unidad de Medio Ambiente"},"content":{"rendered":"<p style=\"text-align: justify;\">\u00a0\u00a0 La <strong>Unidad de Medio Ambiente<\/strong> da una respuesta especializada a las incidencias de tipo medioambiental que suceden en el Municipio y repercuten negativamente tanto en los ciudadanos como en el entorno, mediante el establecimiento de las siguientes actividades:<\/p>\n<ul>\n<li style=\"text-align: justify;\">Control de las emisiones de ruido y vibraciones en colaboraci\u00f3n con los Servicios T\u00e9cnicos Municipales<\/li>\n<li style=\"text-align: justify;\">Control de veh\u00edculos abandonados<\/li>\n<li style=\"text-align: justify;\">Protecci\u00f3n de los Espacios Naturales, la flora y la fauna local<\/li>\n<li style=\"text-align: justify;\">Prevenci\u00f3n de incendios forestales, en coordinaci\u00f3n con el Plan INFOMUR<\/li>\n<li style=\"text-align: justify;\">Vigilancia y protecci\u00f3n del Patrimonio Arqueol\u00f3gico, Hist\u00f3rico y Cultural<\/li>\n<li style=\"text-align: justify;\">Inspecciones a instalaciones industriales, agr\u00edcolas y ganaderas<\/li>\n<li style=\"text-align: justify;\">Vigilancia urban\u00edstica y de la V\u00eda Verde<\/li>\n<li style=\"text-align: justify;\">Realizaci\u00f3n de informes y, en su caso, de denuncias que se deriven de las intervenciones de vigilancia y control efectuadas<\/li>\n<\/ul>\n<p><img loading=\"lazy\" decoding=\"async\" class=\"aligncenter wp-image-785 size-medium\" src=\"https:\/\/mula.es\/policialocal\/wp-content\/uploads\/2016\/02\/Medio-Ambiente-292x300.jpg\" alt=\"Medio Ambiente\" width=\"292\" height=\"300\" srcset=\"https:\/\/mula.es\/policialocal\/wp-content\/uploads\/2016\/02\/Medio-Ambiente-292x300.jpg 292w, https:\/\/mula.es\/policialocal\/wp-content\/uploads\/2016\/02\/Medio-Ambiente.jpg 380w\" sizes=\"auto, (max-width: 292px) 100vw, 292px\" \/><\/p>\n","protected":false},"excerpt":{"rendered":"<p>\u00a0\u00a0 La Unidad de Medio Ambiente da una respuesta especializada a las incidencias de tipo medioambiental que suceden en el Municipio y repercuten negativamente tanto en los ciudadanos como en el entorno, mediante el establecimiento de las siguientes actividades: Control de las emisiones de ruido y vibraciones en colaboraci\u00f3n con los Servicios T\u00e9cnicos Municipales Control &#8230; <a title=\"Unidad de Medio Ambiente\" class=\"read-more\" href=\"https:\/\/mula.es\/policialocal\/medio-ambiente\/\" aria-label=\"Leer m\u00e1s sobre Unidad de Medio Ambiente\">Leer m\u00e1s<\/a><\/p>\n","protected":false},"author":2,"featured_media":0,"parent":0,"menu_order":0,"comment_status":"closed","ping_status":"closed","template":"","meta":{"ngg_post_thumbnail":0,"footnotes":""},"class_list":["post-515","page","type-page","status-publish"],"_hostinger_reach_plugin_has_subscription_block":false,"_hostinger_reach_plugin_is_elementor":false,"_links":{"self":[{"href":"https:\/\/mula.es\/policialocal\/wp-json\/wp\/v2\/pages\/515","targetHints":{"allow":["GET"]}}],"collection":[{"href":"https:\/\/mula.es\/policialocal\/wp-json\/wp\/v2\/pages"}],"about":[{"href":"https:\/\/mula.es\/policialocal\/wp-json\/wp\/v2\/types\/page"}],"author":[{"embeddable":true,"href":"https:\/\/mula.es\/policialocal\/wp-json\/wp\/v2\/users\/2"}],"replies":[{"embeddable":true,"href":"https:\/\/mula.es\/policialocal\/wp-json\/wp\/v2\/comments?post=515"}],"version-history":[{"count":6,"href":"https:\/\/mula.es\/policialocal\/wp-json\/wp\/v2\/pages\/515\/revisions"}],"predecessor-version":[{"id":889,"href":"https:\/\/mula.es\/policialocal\/wp-json\/wp\/v2\/pages\/515\/revisions\/889"}],"wp:attachment":[{"href":"https:\/\/mula.es\/policialocal\/wp-json\/wp\/v2\/media?parent=515"}],"curies":[{"name":"wp","href":"https:\/\/api.w.org\/{rel}","templated":true}]}}