{"id":530,"date":"2016-02-24T19:14:53","date_gmt":"2016-02-24T18:14:53","guid":{"rendered":"http:\/\/mula.es\/policialocal\/?page_id=530"},"modified":"2016-03-01T13:08:10","modified_gmt":"2016-03-01T12:08:10","slug":"dni","status":"publish","type":"page","link":"https:\/\/mula.es\/policialocal\/dni\/","title":{"rendered":"DNI (Expedici\u00f3n y Renovaci\u00f3n en Mula)"},"content":{"rendered":"<p style=\"text-align: justify;\">\u00a0\u00a0 El Ayuntamiento de Mula, a trav\u00e9s de la Jefatura de la Polic\u00eda Local, pone a disposici\u00f3n de los ciudadanos el servicio de asistencia del Equipo M\u00f3vil del Cuerpo Nacional de Polic\u00eda para expedici\u00f3n y renovaci\u00f3n del Documento Nacional de Identidad (DNI).<\/p>\n<p style=\"text-align: justify;\">\u00a0\u00a0 Para facilitar la accesibilidad, se ha dispuesto una sala en el Centro Joven, sito en la Carretera de Caravaca, n\u00ba 16, donde se realiza este tr\u00e1mite.<\/p>\n<p style=\"text-align: justify;\">Las citas podr\u00e1n concertarse en la Jefatura de la Polic\u00eda Local de Mula, personalmente o a trav\u00e9s del tel\u00e9fono 968 660000, donde se les comunicar\u00e1 a los solicitantes la fecha y hora en que se podr\u00e1 realizar el tr\u00e1mite.<\/p>\n<p style=\"text-align: justify;\"><img loading=\"lazy\" decoding=\"async\" class=\"aligncenter wp-image-794 size-thumbnail\" src=\"https:\/\/mula.es\/policialocal\/wp-content\/uploads\/2016\/02\/renovaciondni-150x150.png\" alt=\"renovaciondni\" width=\"150\" height=\"150\" srcset=\"https:\/\/mula.es\/policialocal\/wp-content\/uploads\/2016\/02\/renovaciondni-150x150.png 150w, https:\/\/mula.es\/policialocal\/wp-content\/uploads\/2016\/02\/renovaciondni-300x300.png 300w, https:\/\/mula.es\/policialocal\/wp-content\/uploads\/2016\/02\/renovaciondni-768x768.png 768w, https:\/\/mula.es\/policialocal\/wp-content\/uploads\/2016\/02\/renovaciondni.png 898w\" sizes=\"auto, (max-width: 150px) 100vw, 150px\" \/><\/p>\n<h3 style=\"text-align: center;\"><strong>\u00a0 \u00a0 \u00a0 \u00a0<span style=\"color: #993300;\">REQUISITOS PARA EFECTUAR LOS TR\u00c1MITES<\/span><\/strong><\/h3>\n<p style=\"text-align: justify;\"><span style=\"color: #993300;\"><strong>PRIMERA VEZ<\/strong><\/span><\/p>\n<p style=\"text-align: justify;\">Para solicitar la expedici\u00f3n del Documento Nacional de Identidad<b>\u00a0<\/b><em><strong><cite>ser\u00e1 imprescindible la presencia f\u00edsica de la persona<\/cite> <\/strong><\/em>a quien se haya de expedir.<\/p>\n<p style=\"text-align: justify;\">Documentaci\u00f3n necesaria:<\/p>\n<ul style=\"text-align: justify;\" type=\"disc\">\n<li><strong>Certificaci\u00f3n literal de nacimiento expedida por el Registro Civil<\/strong>, con una antelaci\u00f3n m\u00e1xima de seis meses, y con la menci\u00f3n expresa de \u201cque se expide a los solos efectos de obtener este documento\u201d.<\/li>\n<li><strong>Una fotograf\u00eda reciente en color<\/strong> del rostro del solicitante, tama\u00f1o 32 por 26 mil\u00edmetros, con fondo uniforme blanco y liso, tomada de frente con la cabeza totalmente descubierta y sin gafas de cristales oscuros o cualquier otra prenda que pueda impedir o dificultar la identificaci\u00f3n de la persona.<\/li>\n<li><strong>Certificado o volante de empadronamiento del Ayuntamiento <\/strong>donde el solicitante tenga su domicilio, expedido con una antelaci\u00f3n m\u00e1xima de tres meses.<\/li>\n<li>Si el solicitante es <strong>menor de edad<\/strong>, deber\u00e1 acudir acompa\u00f1ado de padre, madre o tutor, debidamente identificados.<\/li>\n<\/ul>\n<p style=\"text-align: justify;\"><span style=\"color: #993300;\"><strong>RENOVACI\u00d3N<\/strong><\/span><\/p>\n<p style=\"text-align: justify;\">La renovaci\u00f3n se llevar\u00e1 a cabo mediante la presencia f\u00edsica del titular del Documento, que deber\u00e1 abonar la tasa correspondiente y aportar los siguientes documentos:<\/p>\n<ul style=\"text-align: justify;\" type=\"disc\">\n<li><strong>Una fotograf\u00eda reciente en color <\/strong>del rostro del solicitante, tama\u00f1o 32 por 26 mil\u00edmetros, con fondo uniforme blanco y liso, tomada de frente con la cabeza totalmente descubierta y sin gafas de cristales oscuros o cualquier otra prenda que pueda impedir o dificultar la identificaci\u00f3n de la persona.<\/li>\n<li>El<strong> DNI anterior.<\/strong><\/li>\n<li>En <strong>caso de cambio de domicilio<\/strong>, respecto del que figure en el Documento anterior, certificado o volante de empadronamiento del Ayuntamiento donde el solicitante tenga su domicilio, expedido con una antelaci\u00f3n m\u00e1xima de tres meses.<\/li>\n<li>En caso de<strong> variaci\u00f3n de datos de filiaci\u00f3n, Certificado del Registro Civil<\/strong>(expedido con una antelaci\u00f3n m\u00e1xima de seis meses a la fecha de la solicitud del Documento Nacional de Identidad).<\/li>\n<li>El DNI \u00a0deber\u00e1 renovarse dentro de los \u00faltimos 90 d\u00edas de vigencia<\/li>\n<\/ul>\n<p style=\"text-align: justify;\"><span style=\"color: #993300;\"><strong>DESPLAZAMIENTO\u00a0AL DOMICILIO.<\/strong><\/span><\/p>\n<p style=\"text-align: justify;\">En caso de imposibilidad o dificultad para desplazarse, deber\u00e1 solicitarse expresamente <span style=\"color: #000000;\">mediante <span style=\"color: #000080;\"><strong><a style=\"color: #000080; text-decoration: underline;\" href=\"http:\/\/www.mula.es\/user\/pdf\/solicituddni.pdf\" target=\"_blank\">solicitud en impreso normalizado<\/a><\/strong><\/span>, acompa\u00f1ando Certificado M\u00e9dico Oficial acreditativo<\/span> de las condiciones de imposibilidad de desplazamiento al lugar de expedici\u00f3n.<\/p>\n<p style=\"text-align: justify;\"><span style=\"color: #993300;\"><strong>TASAS:<\/strong><\/span><\/p>\n<p style=\"text-align: justify;\">\u2013\u00a0\u00a0\u00a0\u00a0\u00a0 Expedici\u00f3n, renovaci\u00f3n por caducidad, extrav\u00edo, sustracci\u00f3n, anticipo o deterioro: 10,30 \u20ac<\/p>\n<p style=\"text-align: justify;\">\u2013\u00a0\u00a0\u00a0\u00a0\u00a0 Renovaci\u00f3n con el DNI en vigor por cambio de datos\u00a0 filiaci\u00f3n y domicilio: Gratuito<\/p>\n<p style=\"text-align: justify;\"><span style=\"color: #993300;\"><strong>PARA RENOVAR EN COMISAR\u00cdA POLICIA NACIONAL<\/strong><\/span><\/p>\n<p style=\"text-align: justify;\"><strong>Tel\u00e9fono cita previa: \u00a0\u00a0902 247 364<\/strong><\/p>\n<p><strong>Internet: \u00a0<a title=\"P\u00e1gina de cita previa DNI. Abre nueva ventana\" href=\"http:\/\/www.citapreviadnie.es\/\" target=\"_blank\"><span style=\"color: #1e73be;\">www.citapreviadnie.es<\/span><\/a><\/strong><\/p>\n","protected":false},"excerpt":{"rendered":"<p>\u00a0\u00a0 El Ayuntamiento de Mula, a trav\u00e9s de la Jefatura de la Polic\u00eda Local, pone a disposici\u00f3n de los ciudadanos el servicio de asistencia del Equipo M\u00f3vil del Cuerpo Nacional de Polic\u00eda para expedici\u00f3n y renovaci\u00f3n del Documento Nacional de Identidad (DNI). \u00a0\u00a0 Para facilitar la accesibilidad, se ha dispuesto una sala en el Centro &#8230; <a title=\"DNI (Expedici\u00f3n y Renovaci\u00f3n en Mula)\" class=\"read-more\" href=\"https:\/\/mula.es\/policialocal\/dni\/\" aria-label=\"Leer m\u00e1s sobre DNI (Expedici\u00f3n y Renovaci\u00f3n en Mula)\">Leer m\u00e1s<\/a><\/p>\n","protected":false},"author":2,"featured_media":0,"parent":0,"menu_order":0,"comment_status":"closed","ping_status":"closed","template":"","meta":{"ngg_post_thumbnail":0,"footnotes":""},"class_list":["post-530","page","type-page","status-publish"],"_hostinger_reach_plugin_has_subscription_block":false,"_hostinger_reach_plugin_is_elementor":false,"_links":{"self":[{"href":"https:\/\/mula.es\/policialocal\/wp-json\/wp\/v2\/pages\/530","targetHints":{"allow":["GET"]}}],"collection":[{"href":"https:\/\/mula.es\/policialocal\/wp-json\/wp\/v2\/pages"}],"about":[{"href":"https:\/\/mula.es\/policialocal\/wp-json\/wp\/v2\/types\/page"}],"author":[{"embeddable":true,"href":"https:\/\/mula.es\/policialocal\/wp-json\/wp\/v2\/users\/2"}],"replies":[{"embeddable":true,"href":"https:\/\/mula.es\/policialocal\/wp-json\/wp\/v2\/comments?post=530"}],"version-history":[{"count":4,"href":"https:\/\/mula.es\/policialocal\/wp-json\/wp\/v2\/pages\/530\/revisions"}],"predecessor-version":[{"id":795,"href":"https:\/\/mula.es\/policialocal\/wp-json\/wp\/v2\/pages\/530\/revisions\/795"}],"wp:attachment":[{"href":"https:\/\/mula.es\/policialocal\/wp-json\/wp\/v2\/media?parent=530"}],"curies":[{"name":"wp","href":"https:\/\/api.w.org\/{rel}","templated":true}]}}