{"id":534,"date":"2016-02-24T19:15:39","date_gmt":"2016-02-24T18:15:39","guid":{"rendered":"http:\/\/mula.es\/policialocal\/?page_id=534"},"modified":"2016-03-01T12:54:09","modified_gmt":"2016-03-01T11:54:09","slug":"grua-municipal","status":"publish","type":"page","link":"https:\/\/mula.es\/policialocal\/grua-municipal\/","title":{"rendered":"Gr\u00faa Municipal"},"content":{"rendered":"<h1 class=\"entry-title\" style=\"text-align: center;\">\u00a0<span style=\"color: #993300;\"><strong>TARIFA GRUA<\/strong><\/span><\/h1>\n<div class=\"entry-content\">\n<p style=\"text-align: center;\"><span style=\"color: #993300;\"><strong>BORM n\u00ba 41 19 Febrero de 2009<\/strong><\/span><\/p>\n<table>\n<tbody>\n<tr>\n<td width=\"234\"><\/td>\n<td width=\"165\">\n<p style=\"text-align: center;\"><strong>\u00a0<\/strong><strong>RETIRADA<\/strong><\/p>\n<\/td>\n<td style=\"text-align: center;\" width=\"165\"><strong>\u00a0\u00a0\u00a0\u00a0\u00a0 Nocturnos \u00a0<\/strong>(22.00 a 06.00)\u00a0 y\u00a0<strong>festivos <\/strong>20% recargo<\/td>\n<td style=\"text-align: center;\" width=\"163\"><strong>Estancia en dep\u00f3sito municipal<\/strong><\/td>\n<\/tr>\n<tr>\n<td width=\"234\"><strong>Turismos, furgonetas y an\u00e1logos<\/strong><\/td>\n<td width=\"165\">\n<h2 style=\"text-align: center;\"><strong>60 \u20ac<\/strong><\/h2>\n<\/td>\n<td style=\"text-align: center;\" width=\"165\">\n<h2><strong>72 \u20ac<\/strong><\/h2>\n<\/td>\n<td width=\"163\">\n<h2 style=\"text-align: center;\"><strong>8 \u20ac \/ d\u00eda<\/strong><\/h2>\n<\/td>\n<\/tr>\n<tr>\n<td width=\"234\"><strong>Ciclomotores, motocicletas, quads y an\u00e1logos:<\/strong><\/td>\n<td width=\"165\">\n<h2 style=\"text-align: center;\"><strong>40 \u20ac<\/strong><strong>\u00a0<\/strong><\/h2>\n<\/td>\n<td style=\"text-align: center;\" width=\"165\">\n<h2><strong>48 \u20ac<\/strong><\/h2>\n<\/td>\n<td width=\"163\">\n<h2 style=\"text-align: center;\"><strong>4 \u20ac \/ d\u00eda<\/strong><\/h2>\n<\/td>\n<\/tr>\n<tr>\n<td width=\"234\"><strong>Enganche:<\/strong><\/td>\n<td colspan=\"3\" width=\"493\">\u00a0\u00a0 Se considerar\u00e1 esta circunstancia cuando se haya dado aviso para iniciar el servicio de recogida del veh\u00edculo y no se pueda consumar el mismo como consecuencia de haberse personado el usuario del veh\u00edculo y exprese su voluntad de retirarlo inmediatamente del lugar donde se encuentra estacionado.<\/p>\n<p>A) 50 % de las cantidades estipuladas en cada caso para la retirada<\/td>\n<\/tr>\n<\/tbody>\n<\/table>\n<p style=\"text-align: justify;\" align=\"LEFT\">\u00a0\u00a0\u00a0\u00a0 Salvo en caso de sustracci\u00f3n u otras formas de utilizaci\u00f3n del veh\u00edculo en contra de la voluntad de su titular, debidamente justificadas, los gastos que se originen como consecuencia de la retirada a la que se refiere el n\u00famero anterior, ser\u00e1n por cuenta del titular, que deber\u00e1 abonarlos o garantizar su pago como requisito previo a la devoluci\u00f3n del veh\u00edculo, sin perjuicio del derecho de recurso que le asiste y de la posibilidad de repercutirlos sobre el responsable del accidente, del abandono del veh\u00edculo o de la infracci\u00f3n que haya dado lugar a la retirada excepto en los siguientes supuestos:<\/p>\n<p style=\"text-align: justify; padding-left: 30px;\" align=\"LEFT\">1) En los casos de sustracci\u00f3n u otras formas de utilizaci\u00f3n del veh\u00edculo en contra de la voluntad de su titular, debidamente justificadas.<\/p>\n<p style=\"text-align: justify; padding-left: 30px;\" align=\"LEFT\">2) En los siguientes casos, siempre que no haya sido se\u00f1alizada dicha prohibici\u00f3n espec\u00edficamente con 48 horas de antelaci\u00f3n al momento de la retirada<\/p>\n<p style=\"text-align: justify; padding-left: 30px;\" align=\"LEFT\">a) Cuando se halle estacionado en el itinerario o espacio que haya de ser ocupado por una comitiva, desfile, procesi\u00f3n, cabalgata, prueba deportiva u otra actividad de relieve, debidamente autorizada.<\/p>\n<p style=\"text-align: justify; padding-left: 30px;\" align=\"LEFT\">b) Cuando resulte necesario para la reparaci\u00f3n o limpieza de la v\u00eda p\u00fablica.<\/p>\n<h6 style=\"text-align: justify;\" align=\"LEFT\">(Art. 71 de la Ordenanza reguladora del r\u00e9gimen de infracciones a la normativa de tr\u00e1fico en el municipio de Mula)\u00a0\u00a0 BORM 141\u00a0de 21.06.2006<\/h6>\n<\/div>\n","protected":false},"excerpt":{"rendered":"<p>\u00a0TARIFA GRUA BORM n\u00ba 41 19 Febrero de 2009 \u00a0RETIRADA \u00a0\u00a0\u00a0\u00a0\u00a0 Nocturnos \u00a0(22.00 a 06.00)\u00a0 y\u00a0festivos 20% recargo Estancia en dep\u00f3sito municipal Turismos, furgonetas y an\u00e1logos 60 \u20ac 72 \u20ac 8 \u20ac \/ d\u00eda Ciclomotores, motocicletas, quads y an\u00e1logos: 40 \u20ac\u00a0 48 \u20ac 4 \u20ac \/ d\u00eda Enganche: \u00a0\u00a0 Se considerar\u00e1 esta circunstancia cuando se &#8230; <a title=\"Gr\u00faa Municipal\" class=\"read-more\" href=\"https:\/\/mula.es\/policialocal\/grua-municipal\/\" aria-label=\"Leer m\u00e1s sobre Gr\u00faa Municipal\">Leer m\u00e1s<\/a><\/p>\n","protected":false},"author":2,"featured_media":0,"parent":0,"menu_order":0,"comment_status":"closed","ping_status":"closed","template":"","meta":{"ngg_post_thumbnail":0,"footnotes":""},"class_list":["post-534","page","type-page","status-publish"],"_hostinger_reach_plugin_has_subscription_block":false,"_hostinger_reach_plugin_is_elementor":false,"_links":{"self":[{"href":"https:\/\/mula.es\/policialocal\/wp-json\/wp\/v2\/pages\/534","targetHints":{"allow":["GET"]}}],"collection":[{"href":"https:\/\/mula.es\/policialocal\/wp-json\/wp\/v2\/pages"}],"about":[{"href":"https:\/\/mula.es\/policialocal\/wp-json\/wp\/v2\/types\/page"}],"author":[{"embeddable":true,"href":"https:\/\/mula.es\/policialocal\/wp-json\/wp\/v2\/users\/2"}],"replies":[{"embeddable":true,"href":"https:\/\/mula.es\/policialocal\/wp-json\/wp\/v2\/comments?post=534"}],"version-history":[{"count":6,"href":"https:\/\/mula.es\/policialocal\/wp-json\/wp\/v2\/pages\/534\/revisions"}],"predecessor-version":[{"id":791,"href":"https:\/\/mula.es\/policialocal\/wp-json\/wp\/v2\/pages\/534\/revisions\/791"}],"wp:attachment":[{"href":"https:\/\/mula.es\/policialocal\/wp-json\/wp\/v2\/media?parent=534"}],"curies":[{"name":"wp","href":"https:\/\/api.w.org\/{rel}","templated":true}]}}