{"id":536,"date":"2016-02-24T19:16:14","date_gmt":"2016-02-24T18:16:14","guid":{"rendered":"http:\/\/mula.es\/policialocal\/?page_id=536"},"modified":"2022-07-17T19:42:41","modified_gmt":"2022-07-17T18:42:41","slug":"informesatestados-trafico","status":"publish","type":"page","link":"https:\/\/mula.es\/policialocal\/informesatestados-trafico\/","title":{"rendered":"Informes\/Atestados Tr\u00e1fico"},"content":{"rendered":"<p style=\"text-align: justify; padding-left: 40px;\">Las Compa\u00f1\u00edas de Seguros podr\u00e1n recabar informaci\u00f3n de accidentes de tr\u00e1fico en los que se encuentren implicados sus asegurados.<\/p>\n<p style=\"text-align: justify; padding-left: 40px;\">La informaci\u00f3n suministrada, informes o atestados, est\u00e1 sometida a la regulaci\u00f3n legal en materia de Protecci\u00f3n de Datos de Car\u00e1cter Personal.<\/p>\n<p style=\"text-align: justify; padding-left: 40px;\">La solicitud de datos podr\u00e1 realizarse mediante instancia v\u00eda telem\u00e1tica en Sede Electr\u00f3nica del Ayuntamiento de Mula: <span style=\"color: #000000;\"><strong><a style=\"color: #000000;\" href=\"https:\/\/sede.mula.regiondemurcia.es\">https:\/\/sede.mula.regiondemurcia.es<\/a><\/strong><\/span> seleccionando el tr\u00e1mite <strong>Solicitud de copia de atestados o informes de la Polic\u00eda Local<\/strong><\/p>\n<p style=\"padding-left: 40px;\">Pueden descargar un manual para cumplimentar el tr\u00e1mite en la Sede Electr\u00f3nica: <span style=\"color: #000000;\"><strong><a style=\"color: #000000;\" href=\"https:\/\/mula.es\/policialocal\/wp-content\/uploads\/2022\/07\/Manual_Sede_electronica_Informes-atestados.pdf\">Manual<\/a><\/strong><\/span><\/p>\n<p style=\"padding-left: 40px;\">As\u00ed mismo pueden usar el <span style=\"color: #000000;\"><a style=\"color: #000000;\" href=\"https:\/\/rec.redsara.es\">Registro Electr\u00f3nico Com\u00fan<\/a><\/span> seleccionando como destino el Ayuntamiento de Mula<\/p>\n<p style=\"text-align: justify;\"><span style=\"text-decoration: underline;\">TASAS (Seg\u00fan Ordenanza Fiscal):<\/span><\/p>\n<ul style=\"text-align: justify;\">\n<li>&nbsp;&nbsp;&nbsp;&nbsp; Por emisi\u00f3n de informes: 15 \u20ac<\/li>\n<li>&nbsp;&nbsp;&nbsp;&nbsp; Por copia de atestados: 50 \u20ac<\/li>\n<\/ul>\n<p style=\"text-align: justify;\">&nbsp;&nbsp;&nbsp; Cuenta para efectuar el ingreso:&nbsp; Ayuntamiento de Mula CAIXABANK: <strong>ES81 0487 0009 2120 8100 0040<\/strong><\/p>\n<p style=\"text-align: justify;\">&nbsp;<\/p>\n<p style=\"text-align: justify;\">&nbsp;<\/p>\n","protected":false},"excerpt":{"rendered":"<p>Las Compa\u00f1\u00edas de Seguros podr\u00e1n recabar informaci\u00f3n de accidentes de tr\u00e1fico en los que se encuentren implicados sus asegurados. La informaci\u00f3n suministrada, informes o atestados, est\u00e1 sometida a la regulaci\u00f3n legal en materia de Protecci\u00f3n de Datos de Car\u00e1cter Personal. La solicitud de datos podr\u00e1 realizarse mediante instancia v\u00eda telem\u00e1tica en Sede Electr\u00f3nica del Ayuntamiento &#8230; <a title=\"Informes\/Atestados Tr\u00e1fico\" class=\"read-more\" href=\"https:\/\/mula.es\/policialocal\/informesatestados-trafico\/\" aria-label=\"Leer m\u00e1s sobre Informes\/Atestados Tr\u00e1fico\">Leer m\u00e1s<\/a><\/p>\n","protected":false},"author":2,"featured_media":0,"parent":0,"menu_order":0,"comment_status":"closed","ping_status":"closed","template":"","meta":{"ngg_post_thumbnail":0,"footnotes":""},"class_list":["post-536","page","type-page","status-publish"],"_hostinger_reach_plugin_has_subscription_block":false,"_hostinger_reach_plugin_is_elementor":false,"_links":{"self":[{"href":"https:\/\/mula.es\/policialocal\/wp-json\/wp\/v2\/pages\/536","targetHints":{"allow":["GET"]}}],"collection":[{"href":"https:\/\/mula.es\/policialocal\/wp-json\/wp\/v2\/pages"}],"about":[{"href":"https:\/\/mula.es\/policialocal\/wp-json\/wp\/v2\/types\/page"}],"author":[{"embeddable":true,"href":"https:\/\/mula.es\/policialocal\/wp-json\/wp\/v2\/users\/2"}],"replies":[{"embeddable":true,"href":"https:\/\/mula.es\/policialocal\/wp-json\/wp\/v2\/comments?post=536"}],"version-history":[{"count":9,"href":"https:\/\/mula.es\/policialocal\/wp-json\/wp\/v2\/pages\/536\/revisions"}],"predecessor-version":[{"id":2828,"href":"https:\/\/mula.es\/policialocal\/wp-json\/wp\/v2\/pages\/536\/revisions\/2828"}],"wp:attachment":[{"href":"https:\/\/mula.es\/policialocal\/wp-json\/wp\/v2\/media?parent=536"}],"curies":[{"name":"wp","href":"https:\/\/api.w.org\/{rel}","templated":true}]}}