{"id":561,"date":"2016-02-24T20:51:48","date_gmt":"2016-02-24T19:51:48","guid":{"rendered":"http:\/\/mula.es\/policialocal\/?page_id=561"},"modified":"2016-11-22T14:05:14","modified_gmt":"2016-11-22T13:05:14","slug":"armas","status":"publish","type":"page","link":"https:\/\/mula.es\/policialocal\/armas\/","title":{"rendered":"Tarjeta de Armas"},"content":{"rendered":"<h2 style=\"text-align: justify;\"><span style=\"color: #993300;\"><strong>Extracto de la Ordenanza municipal reguladora de la expedici\u00f3n de Tarjetas de Armas y de su expedici\u00f3n<\/strong><\/span><\/h2>\n<h3 style=\"text-align: center;\"><span style=\"color: #993300;\"><strong>(BORM n\u00ba 56, de 8 de Marzo de 2014)<\/strong><\/span><\/h3>\n<p style=\"text-align: center;\"><img loading=\"lazy\" decoding=\"async\" class=\"aligncenter wp-image-759 size-medium\" src=\"https:\/\/mula.es\/policialocal\/wp-content\/uploads\/2016\/02\/Escopeta-300x58.jpg\" alt=\"Escopeta\" width=\"300\" height=\"58\" srcset=\"https:\/\/mula.es\/policialocal\/wp-content\/uploads\/2016\/02\/Escopeta-300x58.jpg 300w, https:\/\/mula.es\/policialocal\/wp-content\/uploads\/2016\/02\/Escopeta-768x148.jpg 768w, https:\/\/mula.es\/policialocal\/wp-content\/uploads\/2016\/02\/Escopeta-1024x197.jpg 1024w, https:\/\/mula.es\/policialocal\/wp-content\/uploads\/2016\/02\/Escopeta.jpg 1772w\" sizes=\"auto, (max-width: 300px) 100vw, 300px\" \/><\/p>\n<p><strong><u>\u00a0<\/u><\/strong><\/p>\n<p style=\"text-align: justify;\"><span style=\"color: #993300;\"><strong>NORMAS PARA SOLICITAR LA TARJETA DE ARMAS<\/strong><\/span><\/p>\n<p style=\"text-align: justify;\">La concesi\u00f3n de la tarjeta de armas por el Ayuntamiento de Mula, se realiza de conformidad a los dispuesto en el Real Decreto 137\/1993, de 29 de enero, por el que se aprueba el Reglamento de Armas y Orden INT\/2860\/12, de 27 de diciembre, por la que se determina el r\u00e9gimen aplicable a ciertas armas utilizables en las actividades l\u00fadico-deportivas de airsoft y paintball.<strong><u>\u00a0<\/u><\/strong><\/p>\n<p style=\"text-align: justify;\"><span style=\"color: #993300;\"><strong>ARMAS QUE AMPARA LA TARJETA<\/strong><\/span><\/p>\n<ul style=\"text-align: justify;\">\n<li><span style=\"text-decoration: underline;\"><strong>Las de 4. \u00aa Categor\u00eda<\/strong><\/span><\/li>\n<\/ul>\n<p style=\"text-align: justify;\">Categor\u00eda 4.\u00aa1.- Carabinas y pistolas, de tiro semiautom\u00e1tico y de repetici\u00f3n; y rev\u00f3lveres de doble acci\u00f3n, accionadas por aire u otro gas comprimido no asimiladas a escopetas.<\/p>\n<p style=\"text-align: justify;\">Categor\u00eda 4.\u00aa 2.- Carabinas y pistolas, de \u00e1nima lisa o rayada, y de un solo tiro, y rev\u00f3lveres de acci\u00f3n simple, accionadas por aire u otro gas comprimido no asimiladas a escopetas.<\/p>\n<ul style=\"text-align: justify;\">\n<li><strong><span style=\"text-decoration: underline;\">Las armas l\u00fadico-deportivas.<\/span><\/strong><\/li>\n<\/ul>\n<ol style=\"text-align: justify;\">\n<li>Se entender\u00e1 por arma de uso l\u00fadico-deportivo aquella arma accionada por muelle, resorte, aire o gas comprimido, de \u00e1nima lisa o rayada, que dispara proyectiles de material a base de pol\u00edmeros biodegradables, que pueden contener o no l\u00edquidos o geles en su interior, los cuales deber\u00e1n cumplir con la normativa medioambiental.<\/li>\n<li>En funci\u00f3n del proyectil que disparen las armas de uso l\u00fadico-deportivo, se distingue entre armas denominadas de \u00abairsoft\u00bb y armas denominadas de \u00abpaintball\u00bb.<\/li>\n<li>a) El proyectil de las armas l\u00fadico-deportivas denominadas de \u00abairsoft\u00bb tendr\u00e1 un peso no superior a 0,45 gramos, su di\u00e1metro m\u00e1ximo ser\u00e1 de 8 mil\u00edmetros y la energ\u00eda cin\u00e9tica en boca no ser\u00e1 superior a 3,5 julios.<\/li>\n<li>b) El proyectil de las armas l\u00fadico-deportivas denominadas de \u00abpaintball\u00bb contendr\u00e1 l\u00edquidos o geles en su interior, y su peso no podr\u00e1 superar 4 gramos, su di\u00e1metro m\u00e1ximo ser\u00e1 de 18 mil\u00edmetros y la energ\u00eda cin\u00e9tica en boca no ser\u00e1 superior a 16 julios.<\/li>\n<\/ol>\n<ul>\n<li style=\"text-align: justify;\"><strong><span style=\"text-decoration: underline;\">Armas l\u00fadico-deportivas cuyo sistema de disparo es autom\u00e1tico o est\u00e9n accionadas por muelle o resorte.<\/span><\/strong><\/li>\n<\/ul>\n<p><img loading=\"lazy\" decoding=\"async\" class=\"alignleft wp-image-760 \" src=\"https:\/\/mula.es\/policialocal\/wp-content\/uploads\/2016\/02\/descargar-archivo-300x81.png\" alt=\"descargar archivo\" width=\"215\" height=\"58\" srcset=\"https:\/\/mula.es\/policialocal\/wp-content\/uploads\/2016\/02\/descargar-archivo-300x81.png 300w, https:\/\/mula.es\/policialocal\/wp-content\/uploads\/2016\/02\/descargar-archivo.png 320w\" sizes=\"auto, (max-width: 215px) 100vw, 215px\" \/><\/p>\n<p>&nbsp;<\/p>\n<p>&nbsp;<\/p>\n<p><span style=\"color: #ff0000;\"><a style=\"color: #ff0000;\" href=\"https:\/\/mula.es\/policialocal\/wp-content\/uploads\/2016\/02\/Instancia-Tarjeta-Armas-2016.pdf\">Instancia Tarjeta Armas 2016<\/a><\/span><\/p>\n<p><span style=\"color: #993300;\"><strong>DOCUMENTOS QUE DEBEN ACOMPA\u00d1ARSE A LA INSTANCIA<\/strong><\/span><\/p>\n<ul>\n<li style=\"text-align: justify;\">Copia compulsada del Documento Nacional de Identidad, Carnet de Conducir o Pasaporte.<\/li>\n<li style=\"text-align: justify;\">Factura de adquisici\u00f3n del arma, as\u00ed como el documento donde se especifiquen las caracter\u00edsticas de la misma.<\/li>\n<li style=\"text-align: justify;\">Certificado de antecedentes penales, expedido por el Registro Central de Penados y Rebeldes del Ministerio de Justicia.<\/li>\n<li style=\"text-align: justify;\">Declaraci\u00f3n complementaria de la Certificaci\u00f3n de antecedentes penales<\/li>\n<li>Justificante del pago de la Tasa establecida (30 euros)<\/li>\n<li style=\"text-align: justify;\">D\u00edptico blanco y tr\u00edptico amarillo (sin marcas ni dobleces), que se pueden adquirir en los establecimientos de venta autorizados o en la Intervenci\u00f3n de Armas de la Guardia Civil.<\/li>\n<\/ul>\n<p><img loading=\"lazy\" decoding=\"async\" class=\"aligncenter wp-image-761 \" src=\"https:\/\/mula.es\/policialocal\/wp-content\/uploads\/2016\/02\/Tarjeta-de-Armas.jpg\" alt=\"Tarjeta de Armas\" width=\"672\" height=\"307\" srcset=\"https:\/\/mula.es\/policialocal\/wp-content\/uploads\/2016\/02\/Tarjeta-de-Armas.jpg 776w, https:\/\/mula.es\/policialocal\/wp-content\/uploads\/2016\/02\/Tarjeta-de-Armas-300x137.jpg 300w, https:\/\/mula.es\/policialocal\/wp-content\/uploads\/2016\/02\/Tarjeta-de-Armas-768x350.jpg 768w\" sizes=\"auto, (max-width: 672px) 100vw, 672px\" \/><\/p>\n<p>&nbsp;<\/p>\n","protected":false},"excerpt":{"rendered":"<p>Extracto de la Ordenanza municipal reguladora de la expedici\u00f3n de Tarjetas de Armas y de su expedici\u00f3n (BORM n\u00ba 56, de 8 de Marzo de 2014) \u00a0 NORMAS PARA SOLICITAR LA TARJETA DE ARMAS La concesi\u00f3n de la tarjeta de armas por el Ayuntamiento de Mula, se realiza de conformidad a los dispuesto en el &#8230; <a title=\"Tarjeta de Armas\" class=\"read-more\" href=\"https:\/\/mula.es\/policialocal\/armas\/\" aria-label=\"Leer m\u00e1s sobre Tarjeta de Armas\">Leer m\u00e1s<\/a><\/p>\n","protected":false},"author":2,"featured_media":0,"parent":0,"menu_order":0,"comment_status":"closed","ping_status":"closed","template":"","meta":{"ngg_post_thumbnail":0,"footnotes":""},"class_list":["post-561","page","type-page","status-publish"],"_hostinger_reach_plugin_has_subscription_block":false,"_hostinger_reach_plugin_is_elementor":false,"_links":{"self":[{"href":"https:\/\/mula.es\/policialocal\/wp-json\/wp\/v2\/pages\/561","targetHints":{"allow":["GET"]}}],"collection":[{"href":"https:\/\/mula.es\/policialocal\/wp-json\/wp\/v2\/pages"}],"about":[{"href":"https:\/\/mula.es\/policialocal\/wp-json\/wp\/v2\/types\/page"}],"author":[{"embeddable":true,"href":"https:\/\/mula.es\/policialocal\/wp-json\/wp\/v2\/users\/2"}],"replies":[{"embeddable":true,"href":"https:\/\/mula.es\/policialocal\/wp-json\/wp\/v2\/comments?post=561"}],"version-history":[{"count":8,"href":"https:\/\/mula.es\/policialocal\/wp-json\/wp\/v2\/pages\/561\/revisions"}],"predecessor-version":[{"id":1244,"href":"https:\/\/mula.es\/policialocal\/wp-json\/wp\/v2\/pages\/561\/revisions\/1244"}],"wp:attachment":[{"href":"https:\/\/mula.es\/policialocal\/wp-json\/wp\/v2\/media?parent=561"}],"curies":[{"name":"wp","href":"https:\/\/api.w.org\/{rel}","templated":true}]}}