{"id":60,"date":"2016-01-18T09:06:32","date_gmt":"2016-01-18T09:06:32","guid":{"rendered":"http:\/\/mula.es\/policialocal\/?page_id=60"},"modified":"2016-02-23T19:54:42","modified_gmt":"2016-02-23T18:54:42","slug":"funciones-de-la-policia-local-de-mula","status":"publish","type":"page","link":"https:\/\/mula.es\/policialocal\/funciones-de-la-policia-local-de-mula\/","title":{"rendered":"Funciones de la Polic\u00eda Local de Mula"},"content":{"rendered":"<p><img loading=\"lazy\" decoding=\"async\" class=\"alignleft wp-image-23 size-medium\" src=\"https:\/\/mula.es\/policialocal\/wp-content\/uploads\/2016\/01\/cropped-ESCUDO-POLICIA-LOCAL-204x300.jpg\" alt=\"cropped-ESCUDO-POLICIA-LOCAL.jpg\" width=\"204\" height=\"300\" \/><\/p>\n<p style=\"text-align: justify;\"><span style=\"color: #993300;\">\u00a0\u00a0 <strong>El mantenimiento de la Seguridad P\u00fablica se ejerce por las distintas Administraciones P\u00fablicas a trav\u00e9s de las Fuerzas y Cuerpos de Seguridad. Las Corporaciones Locales participan en el mantenimiento de la Seguridad P\u00fablica en los t\u00e9rminos establecidos en la Ley Reguladora de las Bases de R\u00e9gimen Local y en el marco de\u00a0la Ley Org\u00e1nica 2\/86, de 13 de Marzo, de Fuerzas y Cuerpos de Seguridad .<\/strong><\/span><\/p>\n<p style=\"text-align: justify;\"><strong><span style=\"color: #993300;\">\u00a0\u00a0\u00a0 Los Cuerpos de Polic\u00eda Local son Institutos armados de naturaleza civil, con estructura y organizaci\u00f3n jerarquizada, bajo la superior autoridad del Alcalde, correspondiendo el mando inmediato y operativo al Jefe del Cuerpo<em>.<\/em> <\/span><\/strong><\/p>\n<p style=\"text-align: justify;\"><strong><span style=\"color: #993300;\">\u00a0\u00a0\u00a0\u00a0 Sus funciones se encuentran recogidas en el art\u00edculo 53 de la\u00a0 <span style=\"color: #993300;\">Ley<\/span><span style=\"color: #993300;\"> Org\u00e1nica 2\/86, de 13 de Marzo, de Fuerzas y Cuerpos de Seguridad.<\/span><\/span><\/strong><\/p>\n<h3 style=\"text-align: justify;\"><strong><span style=\"color: #000000;\">Art. 53 &#8211; Funciones<\/span><\/strong><\/h3>\n<p style=\"text-align: justify; padding-left: 30px;\">a) Proteger a las autoridades de las Corporaciones Locales, y vigilancia o custodia de sus edificios e instalaciones.<\/p>\n<p style=\"text-align: justify; padding-left: 30px;\">b) Ordenar, se\u00f1alizar y dirigir el tr\u00e1fico en el casco urbano, de acuerdo con lo establecido en las normas de circulaci\u00f3n.<\/p>\n<p style=\"text-align: justify; padding-left: 30px;\">c) Instruir atestados por accidentes de circulaci\u00f3n dentro del casco urbano.<\/p>\n<p style=\"text-align: justify; padding-left: 30px;\">d) Polic\u00eda Administrativa, en lo relativo a las Ordenanzas, Bandos y dem\u00e1s disposiciones municipales dentro del \u00e1mbito de su competencia.<\/p>\n<p style=\"text-align: justify; padding-left: 30px;\">e) Participar en las funciones de Polic\u00eda Judicial, en la forma establecida en el art\u00edculo 29.2 de esta Ley.<\/p>\n<p style=\"text-align: justify; padding-left: 30px;\">f) La prestaci\u00f3n de auxilio, en los casos de accidente, cat\u00e1strofe o calamidad p\u00fablica, participando, en la forma prevista en las Leyes, en la ejecuci\u00f3n de los planes de Protecci\u00f3n Civil.<\/p>\n<p style=\"text-align: justify; padding-left: 30px;\">g) Efectuar diligencias de prevenci\u00f3n y cuantas actuaciones tiendan a evitar la comisi\u00f3n de actos delictivos en el marco de colaboraci\u00f3n establecido en las Juntas de Seguridad.<\/p>\n<p style=\"text-align: justify; padding-left: 30px;\">h) Vigilar los espacios p\u00fablicos y colaborar con las Fuerzas y Cuerpos de Seguridad del Estado y con la Polic\u00eda de las Comunidades Aut\u00f3nomas en la protecci\u00f3n de las manifestaciones y el mantenimiento del orden en grandes concentraciones humanas, cuando sean requeridos para ello.<\/p>\n<p style=\"text-align: justify; padding-left: 30px;\">i) Cooperar en la resoluci\u00f3n de los conflictos privados cuando sean requeridos para ello.<\/p>\n<p style=\"text-align: justify;\">\n<p>&nbsp;<\/p>\n","protected":false},"excerpt":{"rendered":"<p>\u00a0\u00a0 El mantenimiento de la Seguridad P\u00fablica se ejerce por las distintas Administraciones P\u00fablicas a trav\u00e9s de las Fuerzas y Cuerpos de Seguridad. Las Corporaciones Locales participan en el mantenimiento de la Seguridad P\u00fablica en los t\u00e9rminos establecidos en la Ley Reguladora de las Bases de R\u00e9gimen Local y en el marco de\u00a0la Ley Org\u00e1nica &#8230; <a title=\"Funciones de la Polic\u00eda Local de Mula\" class=\"read-more\" href=\"https:\/\/mula.es\/policialocal\/funciones-de-la-policia-local-de-mula\/\" aria-label=\"Leer m\u00e1s sobre Funciones de la Polic\u00eda Local de Mula\">Leer m\u00e1s<\/a><\/p>\n","protected":false},"author":1,"featured_media":0,"parent":0,"menu_order":0,"comment_status":"closed","ping_status":"closed","template":"","meta":{"ngg_post_thumbnail":0,"footnotes":""},"class_list":["post-60","page","type-page","status-publish"],"_hostinger_reach_plugin_has_subscription_block":false,"_hostinger_reach_plugin_is_elementor":false,"_links":{"self":[{"href":"https:\/\/mula.es\/policialocal\/wp-json\/wp\/v2\/pages\/60","targetHints":{"allow":["GET"]}}],"collection":[{"href":"https:\/\/mula.es\/policialocal\/wp-json\/wp\/v2\/pages"}],"about":[{"href":"https:\/\/mula.es\/policialocal\/wp-json\/wp\/v2\/types\/page"}],"author":[{"embeddable":true,"href":"https:\/\/mula.es\/policialocal\/wp-json\/wp\/v2\/users\/1"}],"replies":[{"embeddable":true,"href":"https:\/\/mula.es\/policialocal\/wp-json\/wp\/v2\/comments?post=60"}],"version-history":[{"count":3,"href":"https:\/\/mula.es\/policialocal\/wp-json\/wp\/v2\/pages\/60\/revisions"}],"predecessor-version":[{"id":448,"href":"https:\/\/mula.es\/policialocal\/wp-json\/wp\/v2\/pages\/60\/revisions\/448"}],"wp:attachment":[{"href":"https:\/\/mula.es\/policialocal\/wp-json\/wp\/v2\/media?parent=60"}],"curies":[{"name":"wp","href":"https:\/\/api.w.org\/{rel}","templated":true}]}}