{"id":8,"date":"2016-01-17T20:12:48","date_gmt":"2016-01-17T20:12:48","guid":{"rendered":"http:\/\/mula.es\/policialocal\/?page_id=8"},"modified":"2016-04-20T07:35:02","modified_gmt":"2016-04-20T06:35:02","slug":"8-2","status":"publish","type":"page","link":"https:\/\/mula.es\/policialocal\/","title":{"rendered":"Bienvenidos a la web Polic\u00eda Local de Mula"},"content":{"rendered":"[wowslider id=\u00bb6&#8243;]\n<blockquote>\n<p style=\"text-align: center;\"><span style=\"color: #993300;\">En esta p\u00e1gina encontrar\u00e1 informaci\u00f3n acerca del <strong>Cuerpo de la Polic\u00eda Local de Mula<\/strong>,<\/span><br \/>\n<span style=\"color: #993300;\"> as\u00ed como datos de inter\u00e9s y actividades que se realizan en el municipio<\/span><\/p>\n<\/blockquote>\n<p align=\"justify\"><strong>\u00a0\u00a0 Mula<\/strong> es una ciudad y municipio espa\u00f1ol perteneciente a la Regi\u00f3n de Murcia, situada en la <em>Comarca del R\u00edo Mula<\/em>. La localidad es cabeza del partido judicial del mismo nombre y capital de su comarca. Posee 17.057 habitantes repartidos entre el n\u00facleo urbano y las pedan\u00edas de Fuente Librilla, Y\u00e9char, Casas Nuevas, Puebla de Mula, Los Ba\u00f1os de Mula y El Ni\u00f1o de Mula. El municipio es famoso por las Fiestas del Ni\u00f1o Jes\u00fas de Mula, la Noche de los Tambores y la\u00a0Fiesta de San Isidro Labrador.<\/p>\n","protected":false},"excerpt":{"rendered":"<p>[wowslider id=\u00bb6&#8243;] En esta p\u00e1gina encontrar\u00e1 informaci\u00f3n acerca del Cuerpo de la Polic\u00eda Local de Mula, as\u00ed como datos de inter\u00e9s y actividades que se realizan en el municipio \u00a0\u00a0 Mula es una ciudad y municipio espa\u00f1ol perteneciente a la Regi\u00f3n de Murcia, situada en la Comarca del R\u00edo Mula. La localidad es cabeza del &#8230; <a title=\"Bienvenidos a la web Polic\u00eda Local de Mula\" class=\"read-more\" href=\"https:\/\/mula.es\/policialocal\/\" aria-label=\"Leer m\u00e1s sobre Bienvenidos a la web Polic\u00eda Local de Mula\">Leer m\u00e1s<\/a><\/p>\n","protected":false},"author":1,"featured_media":0,"parent":0,"menu_order":0,"comment_status":"closed","ping_status":"closed","template":"","meta":{"ngg_post_thumbnail":0,"footnotes":""},"class_list":["post-8","page","type-page","status-publish"],"_hostinger_reach_plugin_has_subscription_block":false,"_hostinger_reach_plugin_is_elementor":false,"_links":{"self":[{"href":"https:\/\/mula.es\/policialocal\/wp-json\/wp\/v2\/pages\/8","targetHints":{"allow":["GET"]}}],"collection":[{"href":"https:\/\/mula.es\/policialocal\/wp-json\/wp\/v2\/pages"}],"about":[{"href":"https:\/\/mula.es\/policialocal\/wp-json\/wp\/v2\/types\/page"}],"author":[{"embeddable":true,"href":"https:\/\/mula.es\/policialocal\/wp-json\/wp\/v2\/users\/1"}],"replies":[{"embeddable":true,"href":"https:\/\/mula.es\/policialocal\/wp-json\/wp\/v2\/comments?post=8"}],"version-history":[{"count":19,"href":"https:\/\/mula.es\/policialocal\/wp-json\/wp\/v2\/pages\/8\/revisions"}],"predecessor-version":[{"id":1019,"href":"https:\/\/mula.es\/policialocal\/wp-json\/wp\/v2\/pages\/8\/revisions\/1019"}],"wp:attachment":[{"href":"https:\/\/mula.es\/policialocal\/wp-json\/wp\/v2\/media?parent=8"}],"curies":[{"name":"wp","href":"https:\/\/api.w.org\/{rel}","templated":true}]}}