{"id":12219,"date":"2016-01-26T07:56:50","date_gmt":"2016-01-26T07:56:50","guid":{"rendered":"http:\/\/mula.es\/web\/?page_id=12219"},"modified":"2026-02-20T08:12:35","modified_gmt":"2026-02-20T07:12:35","slug":"ordenanzas-municipales","status":"publish","type":"page","link":"https:\/\/mula.es\/web\/ordenanzas-municipales\/","title":{"rendered":"Ordenanzas Municipales"},"content":{"rendered":"<div class=\"fusion-fullwidth fullwidth-box fusion-builder-row-1 fusion-flex-container hundred-percent-fullwidth non-hundred-percent-height-scrolling\" style=\"--awb-border-radius-top-left:0px;--awb-border-radius-top-right:0px;--awb-border-radius-bottom-right:0px;--awb-border-radius-bottom-left:0px;--awb-overflow:visible;--awb-flex-wrap:wrap;\" ><div class=\"fusion-builder-row fusion-row fusion-flex-align-items-flex-start fusion-flex-content-wrap\" style=\"width:104% !important;max-width:104% !important;margin-left: calc(-4% \/ 2 );margin-right: calc(-4% \/ 2 );\"><div class=\"fusion-layout-column fusion_builder_column fusion-builder-column-0 fusion_builder_column_1_2 1_2 fusion-flex-column\" style=\"--awb-bg-size:cover;--awb-width-large:50%;--awb-margin-top-large:0px;--awb-spacing-right-large:3.84%;--awb-margin-bottom-large:20px;--awb-spacing-left-large:3.84%;--awb-width-medium:50%;--awb-spacing-right-medium:3.84%;--awb-spacing-left-medium:3.84%;--awb-width-small:100%;--awb-spacing-right-small:1.92%;--awb-spacing-left-small:1.92%;\"><div class=\"fusion-column-wrapper fusion-flex-justify-content-flex-start fusion-content-layout-column\"><div class=\"fusion-title title fusion-title-1 fusion-title-text fusion-title-size-two\" style=\"--awb-margin-top-small:0px;--awb-margin-right-small:0px;--awb-margin-bottom-small:20px;--awb-margin-left-small:0px;\"><div class=\"title-sep-container title-sep-container-left fusion-no-large-visibility fusion-no-medium-visibility fusion-no-small-visibility\"><div class=\"title-sep sep-double sep-solid\" style=\"border-color:#e0dede;\"><\/div><\/div><span class=\"awb-title-spacer fusion-no-large-visibility fusion-no-medium-visibility fusion-no-small-visibility\"><\/span><h2 class=\"fusion-title-heading title-heading-left\" style=\"margin:0;\">Fiscales<\/h2><span class=\"awb-title-spacer\"><\/span><div class=\"title-sep-container title-sep-container-right\"><div class=\"title-sep sep-double sep-solid\" style=\"border-color:#e0dede;\"><\/div><\/div><\/div><div class=\"fusion-text fusion-text-1\"><p style=\"text-align: justify;\"><a href=\"https:\/\/mula.es\/web\/wp-content\/uploads\/2026\/02\/Ordenanza_OtorgamientoTitulosHabilitantes-Urbanistico-feb26.pdf\" target=\"_blank\" rel=\"noopener\">Actividad administrativa de otorgamiento de t\u00edtulos habilitantes y otros documentos de contenido urban\u00edstico<\/a><\/p>\n<p><a href=\"https:\/\/mula.es\/web\/wp-content\/uploads\/2024\/02\/F.-Tasa-Albergue-Juvenil.pdf\" target=\"_blank\" rel=\"noopener\">Albergue Juvenil<\/a><\/p>\n<p style=\"text-align: justify;\"><a href=\"https:\/\/mula.es\/web\/wp-content\/uploads\/2024\/01\/F.Tasa-alcantarillado.pdf\" target=\"_blank\" rel=\"noopener\">Autorizaci\u00f3n de acometidas y servicios de alcantarillado y depuraci\u00f3n de aguas residuales<\/a><\/p>\n<p style=\"text-align: justify;\"><a href=\"https:\/\/mula.es\/web\/wp-content\/uploads\/2016\/01\/F.Tasa-escombros.pdf\" target=\"_blank\" rel=\"noopener noreferrer\">Autorizaci\u00f3n de dep\u00f3sito de escombros, tierras y material de desecho de la construcci\u00f3n en la escombrera municipal<\/a><\/p>\n<p><a href=\"https:\/\/mula.es\/web\/wp-content\/uploads\/2021\/06\/F_tasa_estan_diurnas.pdf\" target=\"_blank\" rel=\"noopener\">Centro de estancias diurnas<\/a><\/p>\n<p><a href=\"https:\/\/mula.es\/web\/wp-content\/uploads\/2019\/08\/F.Impuesto-Veh\u00edculos.pdf\">Impuesto sobre Veh\u00edculos de Tracci\u00f3n Mec\u00e1nica<\/a><\/p>\n<p style=\"text-align: justify;\"><a href=\"https:\/\/mula.es\/web\/wp-content\/uploads\/2024\/01\/F.Tasa-distribucion-agua-potable.pdf\" target=\"_blank\" rel=\"noopener\">Distribuci\u00f3n de agua potable<\/a><\/p>\n<p><a href=\"https:\/\/mula.es\/web\/wp-content\/uploads\/2024\/03\/F.-Entrada-vehiculos-y-vados_15032024.pdf\" target=\"_blank\" rel=\"noopener\">Entrada de veh\u00edculos y vados<\/a><\/p>\n<p><a href=\"https:\/\/mula.es\/web\/wp-content\/uploads\/2022\/07\/CertificadoAcuerdo_PrecioPub_EscuelaVerano.pdf\" target=\"_blank\" rel=\"noopener\">Escuela de verano y Campus deportivo: Precio p\u00fablico<\/a><\/p>\n<p><a href=\"https:\/\/mula.es\/web\/wp-content\/uploads\/2025\/03\/ord_fiscal_emi_casita.pdf\" target=\"_blank\" rel=\"noopener\">Escuela infantil La Casita<\/a><\/p>\n<p><a href=\"https:\/\/mula.es\/web\/wp-content\/uploads\/2026\/01\/Ordenanza-actividad-administrativa-expedicion-documentos-administrativos.pdf\">Expedici\u00f3n documentos administrativos<\/a><\/p>\n<p style=\"text-align: justify;\"><a href=\"https:\/\/mula.es\/web\/wp-content\/uploads\/2020\/03\/F.-IAE.pdf\" target=\"_blank\" rel=\"noopener noreferrer\">Impuesto sobre actividades econ\u00f3micas<\/a><\/p>\n<p><a href=\"https:\/\/mula.es\/web\/wp-content\/uploads\/2025\/05\/ImpuestoBienesInmuebles-1.pdf\">Impuesto de Bienes Inmuebles<\/a><\/p>\n<p><a href=\"https:\/\/mula.es\/web\/wp-content\/uploads\/2025\/07\/OrdenanzaImpuestoConstruccionesInstalacionesObras.pdf\">Impuesto sobre construcciones, instalaciones y obras<\/a><\/p>\n<p style=\"text-align: justify;\"><a href=\"https:\/\/mula.es\/web\/wp-content\/uploads\/2022\/05\/2022-2213.pdf\" target=\"_blank\" rel=\"noopener\">Impuesto sobre el incremento de valor de los terrenos de naturaleza urbana (Plusval\u00eda)<\/a><\/p>\n<p style=\"text-align: justify;\"><a href=\"https:\/\/mula.es\/web\/wp-content\/uploads\/2024\/01\/F.Quioscos-y-cajeros.pdf\" target=\"_blank\" rel=\"noopener\">Instalaci\u00f3n de quioscos y cajeros en la v\u00eda p\u00fablica<\/a><\/p>\n<p style=\"text-align: justify;\"><a href=\"https:\/\/mula.es\/web\/wp-content\/uploads\/2020\/03\/F.Tasa-Licencia-de-Apertura.pdf\" target=\"_blank\" rel=\"noopener noreferrer\">Licencia de apertura de establecimientos<\/a><\/p>\n<p style=\"text-align: justify;\"><a href=\"https:\/\/mula.es\/web\/wp-content\/uploads\/2024\/01\/F.Tasa-Matrimonio-civil.pdf\" target=\"_blank\" rel=\"noopener\">Matrimonio civil y parejas de hecho<\/a><\/p>\n<p><a href=\"https:\/\/mula.es\/web\/wp-content\/uploads\/2024\/01\/F.-Ocupacion-terrenos-uso-publico.pdf\" target=\"_blank\" rel=\"noopener\">Ocupaci\u00f3n de terrenos de uso p\u00fablico local con mercanc\u00edas, materiales de construcci\u00f3n, escombros, vallas, puntales, asnillas, andamios y otras instalaciones an\u00e1logas<\/a><\/p>\n<p><a href=\"https:\/\/mula.es\/web\/wp-content\/uploads\/2026\/02\/OrdenanzaOcupacionViaPublicaConTerrazas_y_OtrasInstalaciones-feb26.pdf\">Ocupaci\u00f3n v\u00eda p\u00fablica terrazas y otras instalaciones<\/a><\/p>\n<p><a href=\"https:\/\/mula.es\/web\/wp-content\/uploads\/2024\/01\/F.-Tasas-derechos-examenes.pdf\" target=\"_blank\" rel=\"noopener\">Participaci\u00f3n en ex\u00e1menes o procesos selectivos<\/a><\/p>\n<p><a href=\"https:\/\/mula.es\/web\/wp-content\/uploads\/2022\/06\/Ord_fiscal_pisicinas.pdf\" target=\"_blank\" rel=\"noopener\">Piscinas municipales: precios p\u00fablicos <\/a><\/p>\n<p style=\"text-align: justify;\"><a href=\"https:\/\/mula.es\/web\/wp-content\/uploads\/2016\/01\/F.-Precio-publico-Sala-ensayo-y-estudio-fotograf\u00eda-Espacio-Joven.pdf\" target=\"_blank\" rel=\"noopener noreferrer\">Precio p\u00fablico por la utilizaci\u00f3n de la sala de ensayo y estudio de fotograf\u00eda del\u00a0 Espacio Joven<\/a><\/p>\n<p><a href=\"https:\/\/mula.es\/web\/wp-content\/uploads\/2024\/11\/Normas_Reguladoras_alquiler_bicicletas_26400_82427_1.pdf\">Precio p\u00fablico alquiler bicicletas uso tur\u00edstico<\/a><\/p>\n<p><a href=\"https:\/\/mula.es\/web\/wp-content\/uploads\/2026\/02\/ordenanza-recogida-residuos-solidos-urbanos-feb26.pdf\">Recogida de residuos s\u00f3lidos urbanos<\/a><\/p>\n<p style=\"text-align: justify;\"><a href=\"https:\/\/mula.es\/web\/wp-content\/uploads\/2016\/01\/F.Tasa-Servicio-Cementerio.pdf\" target=\"_blank\" rel=\"noopener noreferrer\">Servicio de cementerio municipal<\/a><\/p>\n<p><a href=\"https:\/\/mula.es\/web\/wp-content\/uploads\/2024\/01\/F.-Mercados.pdf\" target=\"_blank\" rel=\"noopener\">Servicio de mercado<\/a><\/p>\n<p><a href=\"https:\/\/mula.es\/web\/wp-content\/uploads\/2024\/01\/F.-Servicio-de-Taxi.pdf\" target=\"_blank\" rel=\"noopener\">Servicio de taxi<\/a><\/p>\n<p style=\"text-align: justify;\"><a href=\"https:\/\/mula.es\/web\/wp-content\/uploads\/2024\/01\/F.-Tasa-instalacion-puestos-barracas.pdf\" target=\"_blank\" rel=\"noopener\">Tasa por instalaci\u00f3n puestos, barracas, casetas de venta, espect\u00e1culos, atracciones o recreo, situados en terrenos de uso p\u00fablico local, as\u00ed como industrias callejeras y ambulantes y rodaje cinematogr\u00e1fico<\/a><\/p>\n<p style=\"text-align: justify;\"><a href=\"https:\/\/mula.es\/web\/wp-content\/uploads\/2016\/01\/F.Tasa-tendidos-tuber\u00edas-postes...pdf\" target=\"_blank\" rel=\"noopener noreferrer\">Tendidos, tuber\u00edas y galer\u00edas para las conducciones de energ\u00eda el\u00e9ctica, agua, gas o cualquier otro fluido incluidos los postes para l\u00edneas, cables, palomillas, cajas de amarre, de distribuci\u00f3n o de registro, transformadores, rieles, b\u00e1sculas, aparatos para venta autom\u00e1tica y otros an\u00e1logos que se establezcan sobre v\u00edas p\u00fablicas u otros terrenos de dominio p\u00fablico local o vuelen sobre los mismos<\/a><\/p>\n<p><a href=\"https:\/\/mula.es\/web\/wp-content\/uploads\/2025\/03\/ServicioRetiradaVehiculosViaPublica.pdf\" target=\"_blank\" rel=\"noopener\">Tasa por retirada de veh\u00edculos de la v\u00eda p\u00fablica<\/a><\/p>\n<p style=\"text-align: justify;\"><a href=\"https:\/\/mula.es\/web\/wp-content\/uploads\/2016\/01\/Tasa-uso-instalaciones-deportivas-.pdf\">Tasa uso instalaciones deportivas<\/a><\/p>\n<\/div><\/div><\/div><div class=\"fusion-layout-column fusion_builder_column fusion-builder-column-1 fusion_builder_column_1_2 1_2 fusion-flex-column\" style=\"--awb-bg-size:cover;--awb-width-large:50%;--awb-margin-top-large:0px;--awb-spacing-right-large:3.84%;--awb-margin-bottom-large:20px;--awb-spacing-left-large:3.84%;--awb-width-medium:50%;--awb-spacing-right-medium:3.84%;--awb-spacing-left-medium:3.84%;--awb-width-small:100%;--awb-spacing-right-small:1.92%;--awb-spacing-left-small:1.92%;\"><div class=\"fusion-column-wrapper fusion-flex-justify-content-flex-start fusion-content-layout-column\"><div class=\"fusion-title title fusion-title-2 fusion-title-text fusion-title-size-two\" style=\"--awb-margin-top-small:0px;--awb-margin-right-small:0px;--awb-margin-bottom-small:20px;--awb-margin-left-small:0px;\"><div class=\"title-sep-container title-sep-container-left fusion-no-large-visibility fusion-no-medium-visibility fusion-no-small-visibility\"><div class=\"title-sep sep-double sep-solid\" style=\"border-color:#e0dede;\"><\/div><\/div><span class=\"awb-title-spacer fusion-no-large-visibility fusion-no-medium-visibility fusion-no-small-visibility\"><\/span><h2 class=\"fusion-title-heading title-heading-left\" style=\"margin:0;\">No Fiscales<\/h2><span class=\"awb-title-spacer\"><\/span><div class=\"title-sep-container title-sep-container-right\"><div class=\"title-sep sep-double sep-solid\" style=\"border-color:#e0dede;\"><\/div><\/div><\/div><div class=\"fusion-text fusion-text-2\"><p><a href=\"https:\/\/mula.es\/web\/wp-content\/uploads\/2020\/03\/NF-acceso-viviendas-municipales.pdf\" target=\"_blank\" rel=\"noopener noreferrer\">Acceso a viviendas municipales<\/a><\/p>\n<p style=\"text-align: justify;\"><a href=\"https:\/\/mula.es\/web\/wp-content\/uploads\/2020\/03\/NF.Animales-potencialmente-peligrosos.pdf\" target=\"_blank\" rel=\"noopener noreferrer\">Animales potencialmente peligrosos<\/a><\/p>\n<p style=\"text-align: justify;\"><a href=\"https:\/\/mula.es\/web\/wp-content\/uploads\/2020\/03\/ordenanza_no_fiscal_admin_electronica_02032020.pdf\" target=\"_blank\" rel=\"noopener noreferrer\">Administraci\u00f3n electr\u00f3nica<\/a> &#8211; Puede ver documentos de creaci\u00f3n sello, sede y puesta en marcha en la propia sede <a href=\"https:\/\/sede.mula.regiondemurcia.es\">https:\/\/sede.mula.regiondemurcia.es<\/a><\/p>\n<p style=\"text-align: justify;\"><a href=\"https:\/\/mula.es\/web\/wp-content\/uploads\/2016\/01\/NF.Actividades-Comerciales.pdf\" target=\"_blank\" rel=\"noopener noreferrer\">Actividades comerciales, minoristas y prestaci\u00f3n de determinados servicios<\/a><\/p>\n<p style=\"text-align: justify;\"><a href=\"https:\/\/mula.es\/web\/wp-content\/uploads\/2022\/02\/orden_cementerio_25022022.pdf\" target=\"_blank\" rel=\"noopener\">Cementerio Municipal de \u00abSan Ildefonso\u00bb<\/a><\/p>\n<p style=\"text-align: justify;\"><a href=\"https:\/\/mula.es\/web\/wp-content\/uploads\/2016\/01\/NF.Cesi\u00f3n-uso-locales-e-instalaciones.pdf\" target=\"_blank\" rel=\"noopener noreferrer\">Cesi\u00f3n uso locales e instalaciones municipales<\/a><\/p>\n<p><a href=\"https:\/\/mula.es\/web\/wp-content\/uploads\/2020\/07\/Publicaci\u00f3n-BORM.-Def.-tarjeta-estacionamiento.pdf\" target=\"_blank\" rel=\"noopener noreferrer\">Concesi\u00f3n y uso tarjeta de estacionamiento para personas con discapacidad<\/a><\/p>\n<p><a href=\"https:\/\/mula.es\/web\/wp-content\/uploads\/2025\/07\/ordenanza_ocsc.pdf\">Convivencia y seguridad ciudadana<\/a><\/p>\n<p style=\"text-align: justify;\"><a href=\"https:\/\/mula.es\/web\/wp-content\/uploads\/2016\/01\/NF.Expedici\u00f3n-Tarjeta-Armas.pdf\" target=\"_blank\" rel=\"noopener noreferrer\">Expedici\u00f3n de tarjeta de armas y de su utilizaci\u00f3n<\/a><\/p>\n<p style=\"text-align: justify;\"><a href=\"https:\/\/mula.es\/web\/wp-content\/uploads\/2016\/01\/NF.-Reglamento-factura-electr\u00f3nica.pdf\" target=\"_blank\" rel=\"noopener noreferrer\">Facturaci\u00f3n electr\u00f3nica<\/a><\/p>\n<p style=\"text-align: justify;\"><a href=\"https:\/\/mula.es\/web\/wp-content\/uploads\/2016\/01\/NF.Gesti\u00f3n-Recaudaci\u00f3n-e-Inspecci\u00f3n-Tributos.pdf\" target=\"_blank\" rel=\"noopener noreferrer\">Gesti\u00f3n, recaudaci\u00f3n e inspecci\u00f3n tributos locales<\/a><\/p>\n<p style=\"text-align: justify;\"><a href=\"https:\/\/mula.es\/web\/wp-content\/uploads\/2016\/01\/NF.Ordenanza-horquillas-1.pdf\" target=\"_blank\" rel=\"noopener noreferrer\">Instalaci\u00f3n horquillas, bolardos y similares en la v\u00eda p\u00fablica<\/a><\/p>\n<p><a href=\"https:\/\/www.borm.es\/services\/anuncio\/ano\/2020\/numero\/6003\/pdf?id=788639\">Intervenci\u00f3n administrativa en la edificaci\u00f3n y uso del suelo<\/a>\u00a0 \u00a0 <a href=\"https:\/\/mula.es\/web\/wp-content\/uploads\/2020\/11\/2.-Anexo-I.pdf\">(Anexo I)<\/a><\/p>\n<p style=\"text-align: justify;\"><a href=\"https:\/\/mula.es\/web\/wp-content\/uploads\/2016\/01\/NF.Ordenanza-locutorios.pdf\" target=\"_blank\" rel=\"noopener noreferrer\">Locutorios p\u00fablicos telef\u00f3nicos<\/a><\/p>\n<p style=\"text-align: justify;\"><a href=\"https:\/\/mula.es\/web\/wp-content\/uploads\/2016\/01\/NF.ordenanza-simplf.admva_.-actividades.pdf\" target=\"_blank\" rel=\"noopener noreferrer\">Medidas de simplificaci\u00f3n administrativa en materia de implantaci\u00f3n de actividades<\/a><\/p>\n<p><a href=\"https:\/\/mula.es\/web\/wp-content\/uploads\/2022\/02\/ordenanza_medios_telematicos_22022022.pdf\" target=\"_blank\" rel=\"noopener\">Obligatoriedad de uso de medios telem\u00e1ticos para determinados procedimientos<\/a><\/p>\n<p style=\"text-align: justify;\"><a href=\"https:\/\/mula.es\/web\/wp-content\/uploads\/2016\/01\/NF.Ordenanza-Mercados.pdf\" target=\"_blank\" rel=\"noopener noreferrer\">Ocupaci\u00f3n v\u00eda p\u00fablica con barracas, atracciones de feria y venta de art\u00edculos fuera de establecimiento comercial permanente (Mercados)<\/a><\/p>\n<p style=\"text-align: justify;\"><a href=\"https:\/\/mula.es\/web\/wp-content\/uploads\/2016\/01\/NF.Proteccion-de-datos.pdf\" target=\"_blank\" rel=\"noopener noreferrer\">Protecci\u00f3n de datos<\/a><\/p>\n<p style=\"text-align: justify;\"><a href=\"https:\/\/mula.es\/web\/wp-content\/uploads\/2016\/01\/NF.Protecci\u00f3n-Medio-Ambiente.pdf\" target=\"_blank\" rel=\"noopener noreferrer\">Protecci\u00f3n medio ambiente contra la emisi\u00f3n de ruidos y vibraciones<\/a><\/p>\n<p><a href=\"https:\/\/mula.es\/web\/wp-content\/uploads\/2022\/06\/ord_publicidad_exterior_14062022.pdf\" target=\"_blank\" rel=\"noopener\">Publicidad exterior<\/a><\/p>\n<p><a href=\"https:\/\/mula.es\/web\/wp-content\/uploads\/2021\/04\/Reglamento_Archivo_Municipal_20042021.pdf\" target=\"_blank\" rel=\"noopener\">Reglamento del Archivo Municipal<\/a><\/p>\n<p><a href=\"https:\/\/mula.es\/web\/wp-content\/uploads\/2021\/04\/Reglamento-de-control-horario-y-presencia.pdf\">Reglamento de control horario y presencia<\/a><\/p>\n<p style=\"text-align: justify;\"><a href=\"https:\/\/mula.es\/web\/wp-content\/uploads\/2016\/01\/NF.-Reglamento-Consejo-Municipal-Deportes_v2.pdf\" target=\"_blank\" rel=\"noopener noreferrer\">Reglamento de organizaci\u00f3n y funcionamiento del Consejo Municipal de Deportes<\/a><\/p>\n<p><a href=\"https:\/\/mula.es\/web\/wp-content\/uploads\/2023\/09\/Reglamento-Participacion-Ciudadana_Act2023.pdf\">Reglamento de participaci\u00f3n ciudadana<\/a><\/p>\n<p style=\"text-align: justify;\"><a href=\"https:\/\/mula.es\/web\/wp-content\/uploads\/2016\/01\/NF.Regulaci\u00f3n-lodos.pdf\" target=\"_blank\" rel=\"noopener noreferrer\">Regulaci\u00f3n de vertido de lodos procedentes de estaciones depuradoras de aguas residuales<\/a><\/p>\n<p style=\"text-align: justify;\"><a href=\"https:\/\/mula.es\/web\/wp-content\/uploads\/2016\/01\/NF.Escombrera.pdf\" target=\"_blank\" rel=\"noopener noreferrer\">Regulaci\u00f3n de producci\u00f3n y gesti\u00f3n de residuos de construcci\u00f3n y demolici\u00f3n<\/a><\/p>\n<p><a href=\"https:\/\/mula.es\/web\/wp-content\/uploads\/2020\/03\/NF.-Reglamento-Albergue-Juvenil.pdf\" target=\"_blank\" rel=\"noopener noreferrer\">Reguladora del Albergue Juvenil<\/a><\/p>\n<p><a href=\"https:\/\/mula.es\/web\/wp-content\/uploads\/2020\/03\/NF.-Reguladora-Plaza-de-Abastos.pdf\" target=\"_blank\" rel=\"noopener noreferrer\">Reguladora de la Plaza de Abastos<\/a><\/p>\n<p><a href=\"https:\/\/mula.es\/web\/wp-content\/uploads\/2016\/01\/NF.-Ordenanza-Gral.-Subvenciones-y-Plan-Estrat\u00e9gico.pdf\" target=\"_blank\" rel=\"noopener noreferrer\">Subvenciones y Plan Estrat\u00e9gico<\/a><\/p>\n<p><a href=\"https:\/\/mula.es\/web\/wp-content\/uploads\/2024\/09\/Tenencia-de-perros-y-otros-animales-domesticos.pdf\">Tenencia de perros y otros animales dom\u00e9sticos<\/a><\/p>\n<p><a href=\"https:\/\/mula.es\/web\/wp-content\/uploads\/2021\/04\/Ordenanza_transpa_1402021.pdf\" target=\"_blank\" rel=\"noopener\">Transparencia municipal<\/a><\/p>\n<p style=\"text-align: justify;\"><a href=\"https:\/\/mula.es\/web\/wp-content\/uploads\/2016\/01\/NF.Instalaciones-Deportivas-municipales.pdf\" target=\"_blank\" rel=\"noopener noreferrer\">Uso de instalaciones deportivas municipales<\/a><\/p>\n<p style=\"text-align: justify;\"><a href=\"https:\/\/mula.es\/web\/wp-content\/uploads\/2025\/10\/OrdenanzaBebidas_Actualizada.pdf\" target=\"_blank\" rel=\"noopener noreferrer\">Venta, dispensaci\u00f3n y suministro de bebidas alcoh\u00f3licas, as\u00ed como su consumo en espacios y v\u00edas p\u00fablicas<\/a><\/p>\n<p><a href=\"https:\/\/mula.es\/web\/wp-content\/uploads\/2023\/03\/BASES_CONVOCATORIA_SUBVENCIONES_2023_86819_-1.pdf\">Normativa reguladora de la convocatoria para concesi\u00f3n de subvenciones por el Excmo. Ayuntamiento de Mula en el \u00e1mbito de los programas de educaci\u00f3n f\u00edsica y deportes 2023 <\/a>\u00a0&#8211; <a href=\"https:\/\/mula.es\/web\/wp-content\/uploads\/2023\/03\/Anexos-becas-deportivas.doc\">Anexos becas deportivas rellenables (.doc) <\/a>&#8211;<a href=\"https:\/\/mula.es\/web\/wp-content\/uploads\/2023\/03\/Anexos-becas-deportivas.odt\">Anexos becas deportivas rellenables (.odt)<\/a><\/p>\n<p><a href=\"https:\/\/mula.es\/web\/wp-content\/uploads\/2022\/07\/Plan-medidas-antifraude_252560.pdf\">Plan de medidas antifraude<\/a><\/p>\n<p><a href=\"https:\/\/mula.es\/web\/wp-content\/uploads\/2025\/04\/Reglamento_DTI_13052_82022_8.pdf\">Reglamento Destinos Tur\u00edsticos Inteligentes<\/a><\/p>\n<p><a href=\"https:\/\/mula.es\/web\/wp-content\/uploads\/2025\/05\/Reglamento_SED_modificacion_2025_54434_94239_1.pdf\">Reglamento r\u00e9gimen interno servicio de estancias diurnas<\/a><\/p>\n<\/div><\/div><\/div><\/div><\/div>\n","protected":false},"excerpt":{"rendered":"","protected":false},"author":1,"featured_media":0,"parent":0,"menu_order":0,"comment_status":"closed","ping_status":"closed","template":"","meta":{"jetpack_post_was_ever_published":false,"footnotes":""},"class_list":["post-12219","page","type-page","status-publish","hentry"],"yoast_head":"<!-- This site is optimized with the Yoast SEO plugin v27.5 - https:\/\/yoast.com\/product\/yoast-seo-wordpress\/ -->\n<title>Ordenanzas Municipales - Ayuntamiento de Mula<\/title>\n<meta name=\"robots\" content=\"index, follow, max-snippet:-1, max-image-preview:large, max-video-preview:-1\" \/>\n<link rel=\"canonical\" href=\"https:\/\/mula.es\/web\/ordenanzas-municipales\/\" \/>\n<meta property=\"og:locale\" content=\"es_ES\" \/>\n<meta property=\"og:type\" content=\"article\" \/>\n<meta property=\"og:title\" content=\"Ordenanzas Municipales - Ayuntamiento de Mula\" \/>\n<meta property=\"og:url\" content=\"https:\/\/mula.es\/web\/ordenanzas-municipales\/\" \/>\n<meta property=\"og:site_name\" content=\"Ayuntamiento de Mula\" \/>\n<meta property=\"article:modified_time\" content=\"2026-02-20T07:12:35+00:00\" \/>\n<meta property=\"og:image\" content=\"https:\/\/mula.es\/web\/wp-content\/uploads\/2020\/06\/escudo-cuadrado-e1591045058235.jpg\" \/>\n\t<meta property=\"og:image:width\" content=\"200\" \/>\n\t<meta property=\"og:image:height\" content=\"218\" \/>\n\t<meta property=\"og:image:type\" content=\"image\/jpeg\" \/>\n<meta name=\"twitter:card\" content=\"summary_large_image\" \/>\n<meta name=\"twitter:site\" content=\"@AyuntamientMula\" \/>\n<meta name=\"twitter:label1\" content=\"Tiempo de lectura\" \/>\n\t<meta name=\"twitter:data1\" content=\"3 minutos\" \/>\n<script type=\"application\/ld+json\" class=\"yoast-schema-graph\">{\"@context\":\"https:\\\/\\\/schema.org\",\"@graph\":[{\"@type\":\"WebPage\",\"@id\":\"https:\\\/\\\/mula.es\\\/web\\\/ordenanzas-municipales\\\/\",\"url\":\"https:\\\/\\\/mula.es\\\/web\\\/ordenanzas-municipales\\\/\",\"name\":\"Ordenanzas Municipales - Ayuntamiento de Mula\",\"isPartOf\":{\"@id\":\"https:\\\/\\\/mula.es\\\/web\\\/#website\"},\"datePublished\":\"2016-01-26T07:56:50+00:00\",\"dateModified\":\"2026-02-20T07:12:35+00:00\",\"breadcrumb\":{\"@id\":\"https:\\\/\\\/mula.es\\\/web\\\/ordenanzas-municipales\\\/#breadcrumb\"},\"inLanguage\":\"es\",\"potentialAction\":[{\"@type\":\"ReadAction\",\"target\":[\"https:\\\/\\\/mula.es\\\/web\\\/ordenanzas-municipales\\\/\"]}]},{\"@type\":\"BreadcrumbList\",\"@id\":\"https:\\\/\\\/mula.es\\\/web\\\/ordenanzas-municipales\\\/#breadcrumb\",\"itemListElement\":[{\"@type\":\"ListItem\",\"position\":1,\"name\":\"Portada\",\"item\":\"https:\\\/\\\/mula.es\\\/web\\\/\"},{\"@type\":\"ListItem\",\"position\":2,\"name\":\"Ordenanzas Municipales\"}]},{\"@type\":\"WebSite\",\"@id\":\"https:\\\/\\\/mula.es\\\/web\\\/#website\",\"url\":\"https:\\\/\\\/mula.es\\\/web\\\/\",\"name\":\"Ayuntamiento de Mula\",\"description\":\"P\u00e1gina web del Ayuntamiento de Mula (Regi\u00f3n de Murcia)\",\"potentialAction\":[{\"@type\":\"SearchAction\",\"target\":{\"@type\":\"EntryPoint\",\"urlTemplate\":\"https:\\\/\\\/mula.es\\\/web\\\/?s={search_term_string}\"},\"query-input\":{\"@type\":\"PropertyValueSpecification\",\"valueRequired\":true,\"valueName\":\"search_term_string\"}}],\"inLanguage\":\"es\"}]}<\/script>\n<!-- \/ Yoast SEO plugin. -->","yoast_head_json":{"title":"Ordenanzas Municipales - Ayuntamiento de Mula","robots":{"index":"index","follow":"follow","max-snippet":"max-snippet:-1","max-image-preview":"max-image-preview:large","max-video-preview":"max-video-preview:-1"},"canonical":"https:\/\/mula.es\/web\/ordenanzas-municipales\/","og_locale":"es_ES","og_type":"article","og_title":"Ordenanzas Municipales - Ayuntamiento de Mula","og_url":"https:\/\/mula.es\/web\/ordenanzas-municipales\/","og_site_name":"Ayuntamiento de Mula","article_modified_time":"2026-02-20T07:12:35+00:00","og_image":[{"width":200,"height":218,"url":"https:\/\/mula.es\/web\/wp-content\/uploads\/2020\/06\/escudo-cuadrado-e1591045058235.jpg","type":"image\/jpeg"}],"twitter_card":"summary_large_image","twitter_site":"@AyuntamientMula","twitter_misc":{"Tiempo de lectura":"3 minutos"},"schema":{"@context":"https:\/\/schema.org","@graph":[{"@type":"WebPage","@id":"https:\/\/mula.es\/web\/ordenanzas-municipales\/","url":"https:\/\/mula.es\/web\/ordenanzas-municipales\/","name":"Ordenanzas Municipales - Ayuntamiento de Mula","isPartOf":{"@id":"https:\/\/mula.es\/web\/#website"},"datePublished":"2016-01-26T07:56:50+00:00","dateModified":"2026-02-20T07:12:35+00:00","breadcrumb":{"@id":"https:\/\/mula.es\/web\/ordenanzas-municipales\/#breadcrumb"},"inLanguage":"es","potentialAction":[{"@type":"ReadAction","target":["https:\/\/mula.es\/web\/ordenanzas-municipales\/"]}]},{"@type":"BreadcrumbList","@id":"https:\/\/mula.es\/web\/ordenanzas-municipales\/#breadcrumb","itemListElement":[{"@type":"ListItem","position":1,"name":"Portada","item":"https:\/\/mula.es\/web\/"},{"@type":"ListItem","position":2,"name":"Ordenanzas Municipales"}]},{"@type":"WebSite","@id":"https:\/\/mula.es\/web\/#website","url":"https:\/\/mula.es\/web\/","name":"Ayuntamiento de Mula","description":"P\u00e1gina web del Ayuntamiento de Mula (Regi\u00f3n de Murcia)","potentialAction":[{"@type":"SearchAction","target":{"@type":"EntryPoint","urlTemplate":"https:\/\/mula.es\/web\/?s={search_term_string}"},"query-input":{"@type":"PropertyValueSpecification","valueRequired":true,"valueName":"search_term_string"}}],"inLanguage":"es"}]}},"_hostinger_reach_plugin_has_subscription_block":false,"_hostinger_reach_plugin_is_elementor":false,"jetpack_sharing_enabled":true,"jetpack_shortlink":"https:\/\/wp.me\/Pa9DMY-3b5","jetpack-related-posts":[],"_links":{"self":[{"href":"https:\/\/mula.es\/web\/wp-json\/wp\/v2\/pages\/12219","targetHints":{"allow":["GET"]}}],"collection":[{"href":"https:\/\/mula.es\/web\/wp-json\/wp\/v2\/pages"}],"about":[{"href":"https:\/\/mula.es\/web\/wp-json\/wp\/v2\/types\/page"}],"author":[{"embeddable":true,"href":"https:\/\/mula.es\/web\/wp-json\/wp\/v2\/users\/1"}],"replies":[{"embeddable":true,"href":"https:\/\/mula.es\/web\/wp-json\/wp\/v2\/comments?post=12219"}],"version-history":[{"count":104,"href":"https:\/\/mula.es\/web\/wp-json\/wp\/v2\/pages\/12219\/revisions"}],"predecessor-version":[{"id":60854,"href":"https:\/\/mula.es\/web\/wp-json\/wp\/v2\/pages\/12219\/revisions\/60854"}],"wp:attachment":[{"href":"https:\/\/mula.es\/web\/wp-json\/wp\/v2\/media?parent=12219"}],"curies":[{"name":"wp","href":"https:\/\/api.w.org\/{rel}","templated":true}]}}