{"id":12408,"date":"2016-01-27T09:17:41","date_gmt":"2016-01-27T09:17:41","guid":{"rendered":"http:\/\/mula.es\/web\/?page_id=12408"},"modified":"2021-05-12T20:05:13","modified_gmt":"2021-05-12T18:05:13","slug":"consumo","status":"publish","type":"page","link":"https:\/\/mula.es\/web\/secretaria-general\/consumo\/","title":{"rendered":"Consumo"},"content":{"rendered":"<div class=\"fusion-fullwidth fullwidth-box fusion-builder-row-1 fusion-flex-container hundred-percent-fullwidth non-hundred-percent-height-scrolling\" style=\"--awb-border-radius-top-left:0px;--awb-border-radius-top-right:0px;--awb-border-radius-bottom-right:0px;--awb-border-radius-bottom-left:0px;--awb-overflow:visible;--awb-flex-wrap:wrap;\" ><div class=\"fusion-builder-row fusion-row fusion-flex-align-items-flex-start fusion-flex-content-wrap\" style=\"width:calc( 100% + 0px ) !important;max-width:calc( 100% + 0px ) !important;margin-left: calc(-0px \/ 2 );margin-right: calc(-0px \/ 2 );\"><div class=\"fusion-layout-column fusion_builder_column fusion-builder-column-0 fusion_builder_column_1_1 1_1 fusion-flex-column\" style=\"--awb-bg-size:cover;--awb-width-large:100%;--awb-margin-top-large:0px;--awb-spacing-right-large:0px;--awb-margin-bottom-large:20px;--awb-spacing-left-large:0px;--awb-width-medium:100%;--awb-spacing-right-medium:0px;--awb-spacing-left-medium:0px;--awb-width-small:100%;--awb-spacing-right-small:0px;--awb-spacing-left-small:0px;\"><div class=\"fusion-column-wrapper fusion-flex-justify-content-flex-start fusion-content-layout-column\"><div class=\"accordian fusion-accordian\" style=\"--awb-border-size:1px;--awb-icon-size:13px;--awb-content-font-size:15px;--awb-icon-alignment:left;--awb-hover-color:#f9f9f9;--awb-border-color:#cccccc;--awb-background-color:#ffffff;--awb-divider-color:#e0dede;--awb-divider-hover-color:#e0dede;--awb-icon-color:#ffffff;--awb-title-color:#333333;--awb-content-color:#747474;--awb-icon-box-color:#333333;--awb-toggle-hover-accent-color:#e10707;--awb-title-font-family:&quot;Antic Slab&quot;;--awb-title-font-weight:regular;--awb-title-font-style:normal;--awb-title-font-size:15px;--awb-content-font-family:&quot;PT Sans&quot;;--awb-content-font-style:normal;--awb-content-font-weight:400;\"><div class=\"panel-group fusion-toggle-icon-boxed\" id=\"accordion-12408-1\"><div class=\"fusion-panel panel-default panel-6130bb83131395f85 fusion-toggle-has-divider\"><div class=\"panel-heading\"><h4 class=\"panel-title toggle\" id=\"toggle_6130bb83131395f85\"><a aria-expanded=\"false\" aria-controls=\"6130bb83131395f85\" role=\"button\" data-toggle=\"collapse\" data-parent=\"#accordion-12408-1\" data-target=\"#6130bb83131395f85\" href=\"#6130bb83131395f85\"><span class=\"fusion-toggle-icon-wrapper\" aria-hidden=\"true\"><i class=\"fa-fusion-box active-icon awb-icon-minus\" aria-hidden=\"true\"><\/i><i class=\"fa-fusion-box inactive-icon awb-icon-plus\" aria-hidden=\"true\"><\/i><\/span><span class=\"fusion-toggle-heading\">Oficina de consumo<\/span><\/a><\/h4><\/div><div id=\"6130bb83131395f85\" class=\"panel-collapse collapse \" aria-labelledby=\"toggle_6130bb83131395f85\"><div class=\"panel-body toggle-content fusion-clearfix\">\n<div align=\"justify\">\n<p><b>Qu\u00e9 es la OMIC<\/b><\/p>\n<p>La OMIC, es la Oficina Municipal de Informaci\u00f3n al Consumidor; un servicio gratuito creado por el Ayuntamiento de Mula con el fin de informar y asesorar a todos los consumidores y usuarios sobre bienes y productos de consumo.<\/p>\n<p><b>Funciones de la OMIC<\/b><\/p>\n<p>1. Informaci\u00f3n, ayuda y orientaci\u00f3n a los consumidores y usuarios para el adecuado y efectivo ejercicio de sus derechos.<\/p>\n<p>2. La tramitaci\u00f3n y gesti\u00f3n de consultas, denuncias y reclamaciones que presenten los consumidores.<\/p>\n<p>3. Realizar tareas de educaci\u00f3n y , formaci\u00f3n en materia de consumo.<\/p>\n<p>Adem\u00e1s de estas tareas la OMIC dispone de un servicio de asesor\u00eda jur\u00eddica en materia de consumo del que pueden disponer todos los ciudadanos de Mula, al mismo tiempo en la Omic de Mula al ser sede de Junta Arbitral se realizan periodicamente audiencias por videoconferencia con las distintas empresas adheridas al sistema, acudiendo a las mismas no s\u00f3lo ciudadanos de Mula sino de toda la Regi\u00f3n para la resoluci\u00f3n de conflictos extrajudiciales.<\/p>\n<p><b>Qui\u00e9n es consumidor o usuario<\/b><\/p>\n<p>Los que adquieran utilicen o disfruten como destinatarios finales, bienes muebles o inmuebles, productos o servicios, actividades o funciones cualquiera que sea la naturaleza p\u00fablica o privada, individual o colectiva de quienes los producen, facilitan, suministran o expiden.<\/p>\n<p>Tambi\u00e9n los que adquieran, almacenen, utilicen o consuman bienes o servicios con el fin de integrarlos en procesos de producci\u00f3n, transformaci\u00f3n, comercializaci\u00f3n o prestaci\u00f3n a terceros.<\/p>\n<p><b>Derechos del consumidor<\/b><\/p>\n<p>Derecho a la protecci\u00f3n de la salud y seguridad.<br \/>\nDerecho a la protecci\u00f3n de sus intereses econ\u00f3micos y sociales.<br \/>\nDerecho a la informaci\u00f3n correcta.<br \/>\nDerecho a la educaci\u00f3n y formaci\u00f3n.<br \/>\nDerecho a la representaci\u00f3n consulta y participaci\u00f3n.<br \/>\nDerecho a la protecci\u00f3n jur\u00eddica, administrativa y t\u00e9cnica en situaciones de inferioridad, subordinaci\u00f3n o indefensi\u00f3n.<br \/>\nDerecho a la indemnizaci\u00f3n o reparaci\u00f3n de da\u00f1os y perjuicios sufridos.<\/p>\n<\/div>\n<\/div><\/div><\/div><div class=\"fusion-panel panel-default panel-2ddbbde79bbe85c92 fusion-toggle-has-divider\"><div class=\"panel-heading\"><h4 class=\"panel-title toggle\" id=\"toggle_2ddbbde79bbe85c92\"><a aria-expanded=\"false\" aria-controls=\"2ddbbde79bbe85c92\" role=\"button\" data-toggle=\"collapse\" data-parent=\"#accordion-12408-1\" data-target=\"#2ddbbde79bbe85c92\" href=\"#2ddbbde79bbe85c92\"><span class=\"fusion-toggle-icon-wrapper\" aria-hidden=\"true\"><i class=\"fa-fusion-box active-icon awb-icon-minus\" aria-hidden=\"true\"><\/i><i class=\"fa-fusion-box inactive-icon awb-icon-plus\" aria-hidden=\"true\"><\/i><\/span><span class=\"fusion-toggle-heading\">Sistema arbitral de consumo<\/span><\/a><\/h4><\/div><div id=\"2ddbbde79bbe85c92\" class=\"panel-collapse collapse \" aria-labelledby=\"toggle_2ddbbde79bbe85c92\"><div class=\"panel-body toggle-content fusion-clearfix\">\n<div align=\"justify\">\n<p><b>Introducci\u00f3n<\/b><\/p>\n<p>Este sistema consiste en un procedimiento extrajudicial voluntario en el que se encomienda a un Colegio Arbitral la resoluci\u00f3n de una controversia y tiene la misma eficacia de una sentencia judicial.<\/p>\n<p>Las caracter\u00edsticas de este sistema son.<br \/>\nRapidez, porque se tramita en un corto espacio de tiempo, m\u00e1ximo de 4 meses desde que es designado el Colegio Arbitral.<\/p>\n<p>Eficacia, porque se resuelve mediante un laudo sin necesidad de tener que acudir a la v\u00eda judicial ordinaria y no existe cuant\u00eda m\u00e1xima o m\u00ednima de cuant\u00eda reclamada.<\/p>\n<p>Voluntariedad, porque ambas partes se someten libremente al Sistema para quedar vinculadas a las resoluciones.<\/p>\n<p>Ejecutividad, porque los laudos son de ejecuci\u00f3n obligada como si se tratara de una sentencia judicial.<\/p>\n<p>Econom\u00eda, porque es gratuito para las partes que deben costear s\u00f3lo en determinados supuestos, la pr\u00e1ctica de peritajes.<\/p>\n<p>En definitiva el Sistema Arbitral de Consumo permite a las dos partes resolver las controversias sin gastos y sin necesidad de acudir a los Tribunales de Justicia.<\/p>\n<p>Los protagonistas del sistema son por una parte los consumidores y de otra los empresarios o comerciantes que produzcan, importen, suministren o les faciliten bienes o servicios.<br \/>\nUna caracter\u00edstica del sistema es su unidireccionalidad es decir que el procedimiento s\u00f3lo puede ser puesto en marcha a instancia del consumidor y nunca del empresario, aunque a lo largo del proceso el empresario puede plantear cuestiones o pretensiones que est\u00e9n directamente vinculadas con la reclamaci\u00f3n.<\/p>\n<p>Las cuestiones que no se podr\u00e1n someter a arbitraje son las siguientes:<\/p>\n<p>Las cuestiones sobre las que exista resoluci\u00f3n judicial firme y definitiva<\/p>\n<p>Aquellas en las que las partes no tengan poder de disposici\u00f3n<\/p>\n<p>Tampoco ser\u00e1 posible el Arbitraje de consumo en las cuestiones en las que seg\u00fan la legislaci\u00f3n vigente deba intervenir el Ministerio Fiscal.<\/p>\n<p>Cuando concurra intoxicaci\u00f3n, lesi\u00f3n, muerte o existan indicios racionales de delito.<\/p>\n<p><b>Adhesi\u00f3n de empresas al sistema arbitral de consumo<\/b><\/p>\n<p>Los empresarios o comerciantes pueden realizar Ofertas P\u00fablicas de Sometimiento al Sistema Arbitral de Consumo, respecto de futuros conflictos con consumidores y usuarios. Esta oferta se deber\u00e1 dirigir a la Junta Arbitral de Consumo a trav\u00e9s de la que se adhiera al sistema.<\/p>\n<p>Las Juntas Arbitrales otorgar\u00e1n un Distintivo Oficial a las empresas que realicen estas ofertas y ser\u00e1n incorporadas al Censo Nacional de Empresas adheridas al arbitraje de consumo.<\/p>\n<p>De esta forma si usted como consumidor o usuario ve que una empresa ostenta este distintivo en su establecimiento o en su publicidad se encuentra ante un proveedor que le asegura poder resolver los desacuerdos que puedan producirse con \u00e9l a trav\u00e9s del Arbitraje de Consumo.<\/p>\n<p>Actualmente m\u00e1s de 50.000 empresas integradas en el Censo Nacional de Empresas Adheridas al Arbitraje de Consumo, disponen de este distintivo.<\/p>\n<\/div>\n<\/div><\/div><\/div><\/div><\/div><\/div><\/div>\n<div class=\"fusion-layout-column fusion_builder_column fusion-builder-column-1 fusion_builder_column_1_1 1_1 fusion-flex-column\" style=\"--awb-bg-size:cover;--awb-width-large:100%;--awb-margin-top-large:0px;--awb-spacing-right-large:0px;--awb-margin-bottom-large:20px;--awb-spacing-left-large:0px;--awb-width-medium:100%;--awb-spacing-right-medium:0px;--awb-spacing-left-medium:0px;--awb-width-small:100%;--awb-spacing-right-small:0px;--awb-spacing-left-small:0px;\"><div class=\"fusion-column-wrapper fusion-flex-justify-content-flex-start fusion-content-layout-column\"><div class=\"fusion-title title fusion-title-1 fusion-title-text fusion-title-size-two\" style=\"--awb-margin-top-small:0px;--awb-margin-right-small:0px;--awb-margin-bottom-small:20px;--awb-margin-left-small:0px;\"><div class=\"title-sep-container title-sep-container-left fusion-no-large-visibility fusion-no-medium-visibility fusion-no-small-visibility\"><div class=\"title-sep sep-double sep-solid\" style=\"border-color:#e0dede;\"><\/div><\/div><span class=\"awb-title-spacer fusion-no-large-visibility fusion-no-medium-visibility fusion-no-small-visibility\"><\/span><h2 class=\"fusion-title-heading title-heading-left\" style=\"margin:0;\">Horario<\/h2><span class=\"awb-title-spacer\"><\/span><div class=\"title-sep-container title-sep-container-right\"><div class=\"title-sep sep-double sep-solid\" style=\"border-color:#e0dede;\"><\/div><\/div><\/div><div class=\"fusion-separator fusion-full-width-sep\" style=\"align-self: center;margin-left: auto;margin-right: auto;margin-bottom:10px;width:100%;\"><\/div><div class=\"fusion-text fusion-text-1\"><p>De lunes a viernes de 10:00 a 13:30 horas<\/p>\n<\/div><\/div><\/div>\n<div class=\"fusion-layout-column fusion_builder_column fusion-builder-column-2 fusion_builder_column_1_1 1_1 fusion-flex-column\" style=\"--awb-bg-size:cover;--awb-width-large:100%;--awb-margin-top-large:0px;--awb-spacing-right-large:0px;--awb-margin-bottom-large:20px;--awb-spacing-left-large:0px;--awb-width-medium:100%;--awb-spacing-right-medium:0px;--awb-spacing-left-medium:0px;--awb-width-small:100%;--awb-spacing-right-small:0px;--awb-spacing-left-small:0px;\"><div class=\"fusion-column-wrapper fusion-flex-justify-content-flex-start fusion-content-layout-column\"><div class=\"fusion-title title fusion-title-2 fusion-title-text fusion-title-size-two\" style=\"--awb-margin-top-small:0px;--awb-margin-right-small:0px;--awb-margin-bottom-small:20px;--awb-margin-left-small:0px;\"><div class=\"title-sep-container title-sep-container-left fusion-no-large-visibility fusion-no-medium-visibility fusion-no-small-visibility\"><div class=\"title-sep sep-double sep-solid\" style=\"border-color:#e0dede;\"><\/div><\/div><span class=\"awb-title-spacer fusion-no-large-visibility fusion-no-medium-visibility fusion-no-small-visibility\"><\/span><h2 class=\"fusion-title-heading title-heading-left\" style=\"margin:0;\">Cita Previa<\/h2><span class=\"awb-title-spacer\"><\/span><div class=\"title-sep-container title-sep-container-right\"><div class=\"title-sep sep-double sep-solid\" style=\"border-color:#e0dede;\"><\/div><\/div><\/div><div class=\"fusion-separator fusion-full-width-sep\" style=\"align-self: center;margin-left: auto;margin-right: auto;margin-bottom:10px;width:100%;\"><\/div><div class=\"fusion-text fusion-text-2\"><p>Solicitar cita previa a trav\u00e9s del tel\u00e9fono: 968 63 75 10.<\/p>\n<\/div><\/div><\/div>\n<div class=\"fusion-layout-column fusion_builder_column fusion-builder-column-3 fusion_builder_column_1_1 1_1 fusion-flex-column\" style=\"--awb-bg-size:cover;--awb-width-large:100%;--awb-margin-top-large:0px;--awb-spacing-right-large:0px;--awb-margin-bottom-large:20px;--awb-spacing-left-large:0px;--awb-width-medium:100%;--awb-spacing-right-medium:0px;--awb-spacing-left-medium:0px;--awb-width-small:100%;--awb-spacing-right-small:0px;--awb-spacing-left-small:0px;\"><div class=\"fusion-column-wrapper fusion-flex-justify-content-flex-start fusion-content-layout-column\"><div class=\"fusion-title title fusion-title-3 fusion-title-text fusion-title-size-two\" style=\"--awb-margin-top-small:0px;--awb-margin-right-small:0px;--awb-margin-bottom-small:20px;--awb-margin-left-small:0px;\"><div class=\"title-sep-container title-sep-container-left fusion-no-large-visibility fusion-no-medium-visibility fusion-no-small-visibility\"><div class=\"title-sep sep-double sep-solid\" style=\"border-color:#e0dede;\"><\/div><\/div><span class=\"awb-title-spacer fusion-no-large-visibility fusion-no-medium-visibility fusion-no-small-visibility\"><\/span><h2 class=\"fusion-title-heading title-heading-left\" style=\"margin:0;\">Realizar reclamaci\u00f3n consumo v\u00eda formulario<\/h2><span class=\"awb-title-spacer\"><\/span><div class=\"title-sep-container title-sep-container-right\"><div class=\"title-sep sep-double sep-solid\" style=\"border-color:#e0dede;\"><\/div><\/div><\/div><div class=\"fusion-separator fusion-full-width-sep\" style=\"align-self: center;margin-left: auto;margin-right: auto;margin-bottom:10px;width:100%;\"><\/div><div class=\"fusion-text fusion-text-3\"><div id=\"usermessage11a\" class=\"cf_info \"><\/div><form enctype=\"multipart\/form-data\" action=\"\/web\/wp-json\/wp\/v2\/pages\/12408#usermessage11a\" method=\"post\" class=\"cform cformsdirect consumo \" id=\"cforms11form\"><ol class=\"cf-ol\"><li id=\"li-11-1\" class=\"\"><label id=\"label-11-1\" for=\"cf11_field_1\"><span>Nombre*:<\/span><\/label><input type=\"text\" name=\"cf11_field_1\" id=\"cf11_field_1\" class=\"single fldrequired\" value=\"\" title=\"\"\/><span class=\"reqtxt\"><\/span><\/li><li id=\"li-11-2\" class=\"\"><label id=\"label-11-2\" for=\"cf11_field_2\"><span>Apellidos*:<\/span><\/label><input type=\"text\" name=\"cf11_field_2\" id=\"cf11_field_2\" class=\"single fldrequired\" value=\"\" title=\"\"\/><span class=\"reqtxt\"><\/span><\/li><li id=\"li-11-3\" class=\"\"><label id=\"label-11-3\" for=\"cf11_field_3\"><span>Email*:<\/span><\/label><input required=\"required\"  type=\"email\" name=\"cf11_field_3\" id=\"cf11_field_3\" class=\" fldemail fldrequired\" value=\"\" title=\"\"\/><span class=\"emailreqtxt\"><\/span><\/li><li id=\"li-11-4\" class=\"\"><label id=\"label-11-4\" for=\"cf11_field_4\"><span>Tel\u00e9fono*:<\/span><\/label><input required=\"required\"  type=\"tel\" name=\"cf11_field_4\" id=\"cf11_field_4\" class=\" fldrequired\" value=\"\" title=\"\"\/><span class=\"reqtxt\"><\/span><\/li><li id=\"li-11-5\" class=\"\"><label id=\"label-11-5\" for=\"cf11_field_5\"><span>A quien reclama:<\/span><\/label><input type=\"text\" name=\"cf11_field_5\" id=\"cf11_field_5\" class=\"single\" value=\"\" title=\"\"\/><\/li><li id=\"li-11-6\" class=\"\"><label id=\"label-11-6\" for=\"cf11_field_6\"><span>Reclamaci\u00f3n*:<\/span><\/label><textarea cols=\"30\" rows=\"8\" name=\"cf11_field_6\" id=\"cf11_field_6\" class=\"area fldrequired\" title=\"\"><\/textarea><span class=\"reqtxt\"><\/span><\/li><li id=\"li-11-7\" class=\"\"><label id=\"label-11-7\" for=\"cf_uploadfile11-7\"><span>Adjuntar archivo:<\/span><\/label><input type=\"file\" name=\"cf_uploadfile11[]\" id=\"cf_uploadfile11-7\" class=\"cf_upload upload\" title=\"\"\/><\/li><li id=\"li-11-8\" class=\"\"><label id=\"label-11-8\" for=\"cf_uploadfile11-8\"><span>Adjuntar archivo (2):<\/span><\/label><input type=\"file\" name=\"cf_uploadfile11[]\" id=\"cf_uploadfile11-8\" class=\"cf_upload upload\" title=\"\"\/><\/li><li id=\"li-11-9\" class=\"\"><label id=\"label-11-9\" for=\"cf_uploadfile11-9\"><span>Adjuntar archivo (3)<\/span><\/label><input type=\"file\" name=\"cf_uploadfile11[]\" id=\"cf_uploadfile11-9\" class=\"cf_upload upload\" title=\"\"\/><\/li><li id=\"li-11-10\" class=\"\"><label for=\"cf11_field_10\" class=\"secq\"><span>CAPTCHA<\/span><\/label><input type=\"text\" name=\"captcha\" id=\"cf11_field_10\" class=\"secinput fldrequired \" title=\"\"\/><img decoding=\"async\" class=\"cforms2_really_simple_captcha_img\" alt=\"CAPTCHA\" src=\"https:\/\/mula.es\/web\/wp-content\/plugins\/really-simple-captcha\/tmp\/1055361589.png\" \/><span class=\"dashicons dashicons-update captcha-reset\"><\/span><input type=\"hidden\" name=\"captcha\/hint\" value=\"1055361589\"\/><\/li><\/ol><fieldset class=\"cf_hidden\"><legend>&nbsp;<\/legend><input type=\"hidden\" name=\"cf_working11\" id=\"cf_working11\" value=\"Un momento por favor\"\/><input type=\"hidden\" name=\"cf_failure11\" id=\"cf_failure11\" value=\"Por favor introduzca todos los campos requeridos marcados con *\"\/><input type=\"hidden\" name=\"cf_customerr11\" id=\"cf_customerr11\" value=\"y\"\/><\/fieldset><p class=\"cf-sb\"><input type=\"submit\" name=\"sendbutton11\" id=\"sendbutton11\" class=\"sendbutton\" value=\"Enviar\" \/><\/p><\/form><div id=\"usermessage11b\" class=\"cf_info \" ><\/div>\n<\/div><\/div><\/div>\n<div class=\"fusion-layout-column fusion_builder_column fusion-builder-column-4 fusion_builder_column_1_1 1_1 fusion-flex-column\" style=\"--awb-bg-size:cover;--awb-width-large:100%;--awb-margin-top-large:0px;--awb-spacing-right-large:0px;--awb-margin-bottom-large:20px;--awb-spacing-left-large:0px;--awb-width-medium:100%;--awb-spacing-right-medium:0px;--awb-spacing-left-medium:0px;--awb-width-small:100%;--awb-spacing-right-small:0px;--awb-spacing-left-small:0px;\"><div class=\"fusion-column-wrapper fusion-flex-justify-content-flex-start fusion-content-layout-column\"><div class=\"fusion-title title fusion-title-4 fusion-title-text fusion-title-size-two\" style=\"--awb-margin-top-small:0px;--awb-margin-right-small:0px;--awb-margin-bottom-small:20px;--awb-margin-left-small:0px;\"><div class=\"title-sep-container title-sep-container-left fusion-no-large-visibility fusion-no-medium-visibility fusion-no-small-visibility\"><div class=\"title-sep sep-double sep-solid\" style=\"border-color:#e0dede;\"><\/div><\/div><span class=\"awb-title-spacer fusion-no-large-visibility fusion-no-medium-visibility fusion-no-small-visibility\"><\/span><h2 class=\"fusion-title-heading title-heading-left\" style=\"margin:0;\">Localizaci\u00f3n y Contacto<\/h2><span class=\"awb-title-spacer\"><\/span><div class=\"title-sep-container title-sep-container-right\"><div class=\"title-sep sep-double sep-solid\" style=\"border-color:#e0dede;\"><\/div><\/div><\/div><div class=\"fusion-separator fusion-full-width-sep\" style=\"align-self: center;margin-left: auto;margin-right: auto;margin-bottom:10px;width:100%;\"><\/div><div class=\"fusion-text fusion-text-4\"><p><strong>Servicios Jur\u00eddicos &#8211; Consumo<br \/>\n<\/strong><i class=\"fb-icon-element-1 fb-icon-element fontawesome-icon fa fa-map-marker circle-no fusion-text-flow\" style=\"--awb-iconcolor:#dd3333;--awb-iconcolor-hover:#dd3333;--awb-font-size:10px;--awb-margin-right:5px;\"><\/i><a href=\"https:\/\/goo.gl\/maps\/rsXywDCoQXm\" target=\"_blank\" rel=\"noopener noreferrer\">Plaza del Ayuntamiento, 8<\/a><br \/>\n30170 Mula \u2013 Murcia<br \/>\nTel\u00e9fono: 968 637 510<br \/>\nFax: 968 660 435<br \/>\nCorreo: <span class=\"backwards\">se.alumotya@omusnoc<\/span><\/p>\n<p>Organigrama Municipal<\/p>\n<\/div><\/div><\/div><\/div><\/div>\n","protected":false},"excerpt":{"rendered":"","protected":false},"author":1,"featured_media":0,"parent":12385,"menu_order":0,"comment_status":"closed","ping_status":"closed","template":"","meta":{"jetpack_post_was_ever_published":false,"footnotes":""},"class_list":["post-12408","page","type-page","status-publish","hentry"],"yoast_head":"<!-- This site is optimized with the Yoast SEO plugin v27.5 - https:\/\/yoast.com\/product\/yoast-seo-wordpress\/ -->\n<title>Consumo - Ayuntamiento de Mula<\/title>\n<meta name=\"robots\" content=\"index, follow, max-snippet:-1, max-image-preview:large, max-video-preview:-1\" \/>\n<link rel=\"canonical\" href=\"https:\/\/mula.es\/web\/secretaria-general\/consumo\/\" \/>\n<meta property=\"og:locale\" content=\"es_ES\" \/>\n<meta property=\"og:type\" content=\"article\" \/>\n<meta property=\"og:title\" content=\"Consumo - Ayuntamiento de Mula\" \/>\n<meta property=\"og:url\" content=\"https:\/\/mula.es\/web\/secretaria-general\/consumo\/\" \/>\n<meta property=\"og:site_name\" content=\"Ayuntamiento de Mula\" \/>\n<meta property=\"article:modified_time\" content=\"2021-05-12T18:05:13+00:00\" \/>\n<meta property=\"og:image\" content=\"https:\/\/mula.es\/web\/wp-content\/uploads\/2020\/06\/escudo-cuadrado-e1591045058235.jpg\" \/>\n\t<meta property=\"og:image:width\" content=\"200\" \/>\n\t<meta property=\"og:image:height\" content=\"218\" \/>\n\t<meta property=\"og:image:type\" content=\"image\/jpeg\" \/>\n<meta name=\"twitter:card\" content=\"summary_large_image\" \/>\n<meta name=\"twitter:site\" content=\"@AyuntamientMula\" \/>\n<meta name=\"twitter:label1\" content=\"Tiempo de lectura\" \/>\n\t<meta name=\"twitter:data1\" content=\"7 minutos\" \/>\n<script type=\"application\/ld+json\" class=\"yoast-schema-graph\">{\"@context\":\"https:\\\/\\\/schema.org\",\"@graph\":[{\"@type\":\"WebPage\",\"@id\":\"https:\\\/\\\/mula.es\\\/web\\\/secretaria-general\\\/consumo\\\/\",\"url\":\"https:\\\/\\\/mula.es\\\/web\\\/secretaria-general\\\/consumo\\\/\",\"name\":\"Consumo - Ayuntamiento de Mula\",\"isPartOf\":{\"@id\":\"https:\\\/\\\/mula.es\\\/web\\\/#website\"},\"datePublished\":\"2016-01-27T09:17:41+00:00\",\"dateModified\":\"2021-05-12T18:05:13+00:00\",\"breadcrumb\":{\"@id\":\"https:\\\/\\\/mula.es\\\/web\\\/secretaria-general\\\/consumo\\\/#breadcrumb\"},\"inLanguage\":\"es\",\"potentialAction\":[{\"@type\":\"ReadAction\",\"target\":[\"https:\\\/\\\/mula.es\\\/web\\\/secretaria-general\\\/consumo\\\/\"]}]},{\"@type\":\"BreadcrumbList\",\"@id\":\"https:\\\/\\\/mula.es\\\/web\\\/secretaria-general\\\/consumo\\\/#breadcrumb\",\"itemListElement\":[{\"@type\":\"ListItem\",\"position\":1,\"name\":\"Portada\",\"item\":\"https:\\\/\\\/mula.es\\\/web\\\/\"},{\"@type\":\"ListItem\",\"position\":2,\"name\":\"Secretar\u00eda General\",\"item\":\"https:\\\/\\\/mula.es\\\/web\\\/secretaria-general\\\/\"},{\"@type\":\"ListItem\",\"position\":3,\"name\":\"Consumo\"}]},{\"@type\":\"WebSite\",\"@id\":\"https:\\\/\\\/mula.es\\\/web\\\/#website\",\"url\":\"https:\\\/\\\/mula.es\\\/web\\\/\",\"name\":\"Ayuntamiento de Mula\",\"description\":\"P\u00e1gina web del Ayuntamiento de Mula (Regi\u00f3n de Murcia)\",\"potentialAction\":[{\"@type\":\"SearchAction\",\"target\":{\"@type\":\"EntryPoint\",\"urlTemplate\":\"https:\\\/\\\/mula.es\\\/web\\\/?s={search_term_string}\"},\"query-input\":{\"@type\":\"PropertyValueSpecification\",\"valueRequired\":true,\"valueName\":\"search_term_string\"}}],\"inLanguage\":\"es\"}]}<\/script>\n<!-- \/ Yoast SEO plugin. -->","yoast_head_json":{"title":"Consumo - Ayuntamiento de Mula","robots":{"index":"index","follow":"follow","max-snippet":"max-snippet:-1","max-image-preview":"max-image-preview:large","max-video-preview":"max-video-preview:-1"},"canonical":"https:\/\/mula.es\/web\/secretaria-general\/consumo\/","og_locale":"es_ES","og_type":"article","og_title":"Consumo - Ayuntamiento de Mula","og_url":"https:\/\/mula.es\/web\/secretaria-general\/consumo\/","og_site_name":"Ayuntamiento de Mula","article_modified_time":"2021-05-12T18:05:13+00:00","og_image":[{"width":200,"height":218,"url":"https:\/\/mula.es\/web\/wp-content\/uploads\/2020\/06\/escudo-cuadrado-e1591045058235.jpg","type":"image\/jpeg"}],"twitter_card":"summary_large_image","twitter_site":"@AyuntamientMula","twitter_misc":{"Tiempo de lectura":"7 minutos"},"schema":{"@context":"https:\/\/schema.org","@graph":[{"@type":"WebPage","@id":"https:\/\/mula.es\/web\/secretaria-general\/consumo\/","url":"https:\/\/mula.es\/web\/secretaria-general\/consumo\/","name":"Consumo - Ayuntamiento de Mula","isPartOf":{"@id":"https:\/\/mula.es\/web\/#website"},"datePublished":"2016-01-27T09:17:41+00:00","dateModified":"2021-05-12T18:05:13+00:00","breadcrumb":{"@id":"https:\/\/mula.es\/web\/secretaria-general\/consumo\/#breadcrumb"},"inLanguage":"es","potentialAction":[{"@type":"ReadAction","target":["https:\/\/mula.es\/web\/secretaria-general\/consumo\/"]}]},{"@type":"BreadcrumbList","@id":"https:\/\/mula.es\/web\/secretaria-general\/consumo\/#breadcrumb","itemListElement":[{"@type":"ListItem","position":1,"name":"Portada","item":"https:\/\/mula.es\/web\/"},{"@type":"ListItem","position":2,"name":"Secretar\u00eda General","item":"https:\/\/mula.es\/web\/secretaria-general\/"},{"@type":"ListItem","position":3,"name":"Consumo"}]},{"@type":"WebSite","@id":"https:\/\/mula.es\/web\/#website","url":"https:\/\/mula.es\/web\/","name":"Ayuntamiento de Mula","description":"P\u00e1gina web del Ayuntamiento de Mula (Regi\u00f3n de Murcia)","potentialAction":[{"@type":"SearchAction","target":{"@type":"EntryPoint","urlTemplate":"https:\/\/mula.es\/web\/?s={search_term_string}"},"query-input":{"@type":"PropertyValueSpecification","valueRequired":true,"valueName":"search_term_string"}}],"inLanguage":"es"}]}},"_hostinger_reach_plugin_has_subscription_block":false,"_hostinger_reach_plugin_is_elementor":false,"jetpack_sharing_enabled":true,"jetpack_shortlink":"https:\/\/wp.me\/Pa9DMY-3e8","jetpack-related-posts":[],"_links":{"self":[{"href":"https:\/\/mula.es\/web\/wp-json\/wp\/v2\/pages\/12408","targetHints":{"allow":["GET"]}}],"collection":[{"href":"https:\/\/mula.es\/web\/wp-json\/wp\/v2\/pages"}],"about":[{"href":"https:\/\/mula.es\/web\/wp-json\/wp\/v2\/types\/page"}],"author":[{"embeddable":true,"href":"https:\/\/mula.es\/web\/wp-json\/wp\/v2\/users\/1"}],"replies":[{"embeddable":true,"href":"https:\/\/mula.es\/web\/wp-json\/wp\/v2\/comments?post=12408"}],"version-history":[{"count":22,"href":"https:\/\/mula.es\/web\/wp-json\/wp\/v2\/pages\/12408\/revisions"}],"predecessor-version":[{"id":38397,"href":"https:\/\/mula.es\/web\/wp-json\/wp\/v2\/pages\/12408\/revisions\/38397"}],"up":[{"embeddable":true,"href":"https:\/\/mula.es\/web\/wp-json\/wp\/v2\/pages\/12385"}],"wp:attachment":[{"href":"https:\/\/mula.es\/web\/wp-json\/wp\/v2\/media?parent=12408"}],"curies":[{"name":"wp","href":"https:\/\/api.w.org\/{rel}","templated":true}]}}