{"id":12535,"date":"2016-01-29T17:43:40","date_gmt":"2016-01-29T17:43:40","guid":{"rendered":"http:\/\/mula.es\/web\/?page_id=12535"},"modified":"2022-09-28T09:11:42","modified_gmt":"2022-09-28T07:11:42","slug":"matrimonios-civiles","status":"publish","type":"page","link":"https:\/\/mula.es\/web\/secretaria-general\/matrimonios-civiles\/","title":{"rendered":"Matrimonios Civiles"},"content":{"rendered":"<p style=\"text-align: justify;\"><div class=\"fusion-fullwidth fullwidth-box fusion-builder-row-1 fusion-flex-container hundred-percent-fullwidth non-hundred-percent-height-scrolling\" style=\"--awb-border-radius-top-left:0px;--awb-border-radius-top-right:0px;--awb-border-radius-bottom-right:0px;--awb-border-radius-bottom-left:0px;--awb-overflow:visible;--awb-flex-wrap:wrap;\" ><div class=\"fusion-builder-row fusion-row fusion-flex-align-items-flex-start fusion-flex-content-wrap\" style=\"width:calc( 100% + 0px ) !important;max-width:calc( 100% + 0px ) !important;margin-left: calc(-0px \/ 2 );margin-right: calc(-0px \/ 2 );\"><div class=\"fusion-layout-column fusion_builder_column fusion-builder-column-0 fusion_builder_column_1_1 1_1 fusion-flex-column\" style=\"--awb-bg-size:cover;--awb-width-large:100%;--awb-margin-top-large:0px;--awb-spacing-right-large:0px;--awb-margin-bottom-large:20px;--awb-spacing-left-large:0px;--awb-width-medium:100%;--awb-spacing-right-medium:0px;--awb-spacing-left-medium:0px;--awb-width-small:100%;--awb-spacing-right-small:0px;--awb-spacing-left-small:0px;\"><div class=\"fusion-column-wrapper fusion-flex-justify-content-flex-start fusion-content-layout-column\"><div class=\"fusion-text fusion-text-1\"><p style=\"text-align: justify;\">LEY 35\/1994, DE 23 DE DICIEMBRE, DE MODIFICACI\u00d3N DEL C\u00d3DIGO CIVIL EN MATERIA DE AUTORIZACI\u00d3N DEL MATRIMONIO CIVIL POR LOS ALCALDES, E INSTRUCCI\u00d3N DE LA DIRECCI\u00d3N GENERAL DE LOS REGISTROS Y DEL NOTARIADO DE FECHA 26 DE ENERO DE 1995 (BOE. N\u00ba 35 DE 10 DE FEBRERO DE 1995)<\/p>\n<p style=\"text-align: justify;\"><div class=\"fusion-title title fusion-title-1 fusion-title-text fusion-title-size-two\" style=\"--awb-margin-top-small:0px;--awb-margin-right-small:0px;--awb-margin-bottom-small:20px;--awb-margin-left-small:0px;\"><h2 class=\"fusion-title-heading title-heading-left\" style=\"margin:0;\">Requisitos previos<\/h2><span class=\"awb-title-spacer\"><\/span><div class=\"title-sep-container\"><div class=\"title-sep sep-double sep-solid\" style=\"border-color:#e0dede;\"><\/div><\/div><\/div><\/p>\n<ul style=\"text-align: justify;\">\n<li style=\"text-align: justify;\">El primer paso que debe dar cualquier pareja que desee contraer matrimonio en el Ayuntamiento de Mula es dirigirse al Registro Civil correspondiente y manifestar los interesados su voluntad de que el matrimonio se celebre en este Ayuntamiento. Una vez autorizado el expediente, el Juzgado Civil dar\u00e1 traslado del mismo al Ayuntamiento de Mula.<\/li>\n<li style=\"text-align: justify;\">No podr\u00e1 celebrarse ceremonia alguna sin la previa autorizaci\u00f3n del Registro Civil y su constancia en este Ayuntamiento.<\/li>\n<li style=\"text-align: justify;\">La solicitud de fecha y hora deber\u00e1 hacerse con suficiente antelaci\u00f3n a fin de que puedan cumplirse los plazos legales.<\/li>\n<\/ul>\n<p style=\"text-align: justify;\"><div class=\"fusion-title title fusion-title-2 fusion-title-text fusion-title-size-two\" style=\"--awb-margin-top-small:0px;--awb-margin-right-small:0px;--awb-margin-bottom-small:20px;--awb-margin-left-small:0px;\"><div class=\"title-sep-container title-sep-container-left fusion-no-large-visibility fusion-no-medium-visibility fusion-no-small-visibility\"><div class=\"title-sep sep-double sep-solid\" style=\"border-color:#e0dede;\"><\/div><\/div><span class=\"awb-title-spacer fusion-no-large-visibility fusion-no-medium-visibility fusion-no-small-visibility\"><\/span><h2 class=\"fusion-title-heading title-heading-left\" style=\"margin:0;\">Documentaci\u00f3n obligatoria<\/h2><span class=\"awb-title-spacer\"><\/span><div class=\"title-sep-container title-sep-container-right\"><div class=\"title-sep sep-double sep-solid\" style=\"border-color:#e0dede;\"><\/div><\/div><\/div><\/p>\n<ul style=\"text-align: justify;\">\n<li>Instancia presentada de forma electr\u00f3nica en la Sede Electr\u00f3nica Municipal <a href=\"https:\/\/sede.mula.regiondemurcia.es\">https:\/\/sede.mula.regiondemurcia.es<\/a> con certificado electr\u00f3nico, o cl@ve, o bien presencialmente en el Registro del Ayuntamiento de Mula, o en cualquier otro de los admitidos en la Ley 39\/2015.<\/li>\n<li>D.N.I., pasaporte o documento acreditativo de la identidad de ambos miembros.<\/li>\n<li>D.N.I., pasaporte o documento acreditativo de la identidad de las dos personas que actuar\u00e1n como testigos en la ceremonia. Ambos ser\u00e1n mayores de edad y deben estar presentes en el acto de la celebraci\u00f3n del matrimonio civil y firmar el acta junto con los contrayentes).<\/li>\n<li>Justificante de haber abonado las tasas de 80,30\u20ac expedidas mediante la correspondiente carta de pago. En el caso de la tramitaci\u00f3n electr\u00f3nica en Sede Electr\u00f3nica o Registro del Ayuntamiento de Mula la carta de pago se genera al terminar el proceso, pudiendo abonar en ese momento mediante tarjeta de cr\u00e9dito\/d\u00e9bito el importe. Si desea abonarla en entidad bancaria se puede imprimir la carta de pago. En el caso de que desee presentar instancia en cualquier otro registro, debe solicitar previamente al Ayuntamiento de Mula la expedici\u00f3n de la carta de pago.<\/li>\n<\/ul>\n<p style=\"text-align: justify;\"><div class=\"fusion-title title fusion-title-3 fusion-title-text fusion-title-size-two\" style=\"--awb-margin-top-small:0px;--awb-margin-right-small:0px;--awb-margin-bottom-small:20px;--awb-margin-left-small:0px;\"><div class=\"title-sep-container title-sep-container-left fusion-no-large-visibility fusion-no-medium-visibility fusion-no-small-visibility\"><div class=\"title-sep sep-double sep-solid\" style=\"border-color:#e0dede;\"><\/div><\/div><span class=\"awb-title-spacer fusion-no-large-visibility fusion-no-medium-visibility fusion-no-small-visibility\"><\/span><h2 class=\"fusion-title-heading title-heading-left\" style=\"margin:0;\">Celebraci\u00f3n<\/h2><span class=\"awb-title-spacer\"><\/span><div class=\"title-sep-container title-sep-container-right\"><div class=\"title-sep sep-double sep-solid\" style=\"border-color:#e0dede;\"><\/div><\/div><\/div><\/p>\n<p style=\"text-align: justify;\">El lugar habilitado para la celebraci\u00f3n de matrimonios civiles es el Sal\u00f3n de Actos de la Biblioteca P\u00fablica Municipal, sito en Plaza del Asilo, s\/n.<\/p>\n<ul style=\"text-align: justify;\">\n<li>Las bodas civiles se llevar\u00e1n a cabo, con car\u00e1cter general, los s\u00e1bados en horario de ma\u00f1ana, con exclusi\u00f3n de festivos. No se celebrar\u00e1n bodas durante los periodos festivos y\/o vacacionales de las fiestas navide\u00f1as (semanas de Navidad, A\u00f1o Nuevo y Reyes), Semana Santa, Fiestas de San Isidro, semana Fiestas Patronales de septiembre y mes de agosto. Las ceremonias en d\u00edas laborables de lunes a viernes se har\u00e1n en horario de atenci\u00f3n al p\u00fablico.<\/li>\n<li>Los contrayentes pueden colocar adornos florales en el Sal\u00f3n siempre que los mismos no da\u00f1en en modo alguno el mobiliario del mismo (en este caso, lo comunicar\u00e1n a este Ayuntamiento previamente).<\/li>\n<li>Celebrado el matrimonio civil, el Ayuntamiento dar\u00e1 traslado del expediente al Registro Civil, al cual deber\u00e1n dirigirse los contrayentes a fin de recoger el LIBRO DE FAMILIA.<\/li>\n<\/ul>\n<p style=\"text-align: justify;\"><div class=\"fusion-title title fusion-title-4 fusion-title-text fusion-title-size-two\" style=\"--awb-margin-top-small:0px;--awb-margin-right-small:0px;--awb-margin-bottom-small:20px;--awb-margin-left-small:0px;\"><div class=\"title-sep-container title-sep-container-left fusion-no-large-visibility fusion-no-medium-visibility fusion-no-small-visibility\"><div class=\"title-sep sep-double sep-solid\" style=\"border-color:#e0dede;\"><\/div><\/div><span class=\"awb-title-spacer fusion-no-large-visibility fusion-no-medium-visibility fusion-no-small-visibility\"><\/span><h2 class=\"fusion-title-heading title-heading-left\" style=\"margin:0;\">Documentos asociados<\/h2><span class=\"awb-title-spacer\"><\/span><div class=\"title-sep-container title-sep-container-right\"><div class=\"title-sep sep-double sep-solid\" style=\"border-color:#e0dede;\"><\/div><\/div><\/div><\/p>\n<ul style=\"text-align: justify;\">\n<li><a href=\"https:\/\/mula.es\/web\/wp-content\/uploads\/2020\/01\/Normas-de-uso-del-Sal\u00f3n-de-Actos-Bodas.pdf\" target=\"_blank\" rel=\"noopener noreferrer\">Normas de uso del Sal\u00f3n de Actos<\/a><\/li>\n<\/ul>\n<p style=\"text-align: justify;\"><div class=\"fusion-title title fusion-title-5 fusion-title-text fusion-title-size-two\" style=\"--awb-margin-top-small:0px;--awb-margin-right-small:0px;--awb-margin-bottom-small:20px;--awb-margin-left-small:0px;\"><div class=\"title-sep-container title-sep-container-left fusion-no-large-visibility fusion-no-medium-visibility fusion-no-small-visibility\"><div class=\"title-sep sep-double sep-solid\" style=\"border-color:#e0dede;\"><\/div><\/div><span class=\"awb-title-spacer fusion-no-large-visibility fusion-no-medium-visibility fusion-no-small-visibility\"><\/span><h2 class=\"fusion-title-heading title-heading-left\" style=\"margin:0;\">Localizaci\u00f3n y contacto<\/h2><span class=\"awb-title-spacer\"><\/span><div class=\"title-sep-container title-sep-container-right\"><div class=\"title-sep sep-double sep-solid\" style=\"border-color:#e0dede;\"><\/div><\/div><\/div>\n<strong>Teresa Zapata<br \/>\nAyuntamiento de Mula<br \/>\n<\/strong>2\u00aa planta<i class=\"fb-icon-element-1 fb-icon-element fontawesome-icon fa fa-map-marker circle-no fusion-text-flow\" style=\"--awb-iconcolor:#dd3333;--awb-iconcolor-hover:#dd3333;--awb-font-size:10px;--awb-margin-right:5px;\"><\/i><a href=\"https:\/\/goo.gl\/maps\/QSasvJ2eRzq\" target=\"_blank\" rel=\"noopener noreferrer\">Plaza del Ayuntamiento, 8<\/a><br \/>\n30170 Mula<br \/>\nTel\u00e9fono: 968 63 75 10<br \/>\nFax: 968 660 435<br \/>\nCorreo: <span class=\"backwards\">se.alumotya@1airaterces<\/span><\/p>\n<p style=\"text-align: justify;\"><strong>Antonio Gabarr\u00f3n<\/strong><br \/>\nBibilioteca &#8211; Archivo Municipal<i class=\"fb-icon-element-2 fb-icon-element fontawesome-icon fa fa-map-marker circle-no fusion-text-flow\" style=\"--awb-iconcolor:#dd3333;--awb-iconcolor-hover:#dd3333;--awb-font-size:10px;--awb-margin-right:5px;\"><\/i><a href=\"https:\/\/goo.gl\/maps\/hfxsUBKWZUS2\" target=\"_blank\" rel=\"noopener noreferrer\">Plaza del Hospital, s\/n<\/a><br \/>\n30170 Mula<br \/>\nTel\u00e9fono: 968 660 707<\/p>\n<\/div><\/div><\/div>\n<\/div><\/div><\/p>\n","protected":false},"excerpt":{"rendered":"","protected":false},"author":1,"featured_media":0,"parent":12385,"menu_order":0,"comment_status":"closed","ping_status":"closed","template":"","meta":{"jetpack_post_was_ever_published":false,"footnotes":""},"class_list":["post-12535","page","type-page","status-publish","hentry"],"yoast_head":"<!-- This site is optimized with the Yoast SEO plugin v27.5 - https:\/\/yoast.com\/product\/yoast-seo-wordpress\/ -->\n<title>Matrimonios Civiles - Ayuntamiento de Mula<\/title>\n<meta name=\"robots\" content=\"index, follow, max-snippet:-1, max-image-preview:large, max-video-preview:-1\" \/>\n<link rel=\"canonical\" href=\"https:\/\/mula.es\/web\/secretaria-general\/matrimonios-civiles\/\" \/>\n<meta property=\"og:locale\" content=\"es_ES\" \/>\n<meta property=\"og:type\" content=\"article\" \/>\n<meta property=\"og:title\" content=\"Matrimonios Civiles - Ayuntamiento de Mula\" \/>\n<meta property=\"og:url\" content=\"https:\/\/mula.es\/web\/secretaria-general\/matrimonios-civiles\/\" \/>\n<meta property=\"og:site_name\" content=\"Ayuntamiento de Mula\" \/>\n<meta property=\"article:modified_time\" content=\"2022-09-28T07:11:42+00:00\" \/>\n<meta property=\"og:image\" content=\"https:\/\/mula.es\/web\/wp-content\/uploads\/2020\/06\/escudo-cuadrado-e1591045058235.jpg\" \/>\n\t<meta property=\"og:image:width\" content=\"200\" \/>\n\t<meta property=\"og:image:height\" content=\"218\" \/>\n\t<meta property=\"og:image:type\" content=\"image\/jpeg\" \/>\n<meta name=\"twitter:card\" content=\"summary_large_image\" \/>\n<meta name=\"twitter:site\" content=\"@AyuntamientMula\" \/>\n<meta name=\"twitter:label1\" content=\"Tiempo de lectura\" \/>\n\t<meta name=\"twitter:data1\" content=\"3 minutos\" \/>\n<script type=\"application\/ld+json\" class=\"yoast-schema-graph\">{\"@context\":\"https:\\\/\\\/schema.org\",\"@graph\":[{\"@type\":\"WebPage\",\"@id\":\"https:\\\/\\\/mula.es\\\/web\\\/secretaria-general\\\/matrimonios-civiles\\\/\",\"url\":\"https:\\\/\\\/mula.es\\\/web\\\/secretaria-general\\\/matrimonios-civiles\\\/\",\"name\":\"Matrimonios Civiles - Ayuntamiento de Mula\",\"isPartOf\":{\"@id\":\"https:\\\/\\\/mula.es\\\/web\\\/#website\"},\"datePublished\":\"2016-01-29T17:43:40+00:00\",\"dateModified\":\"2022-09-28T07:11:42+00:00\",\"breadcrumb\":{\"@id\":\"https:\\\/\\\/mula.es\\\/web\\\/secretaria-general\\\/matrimonios-civiles\\\/#breadcrumb\"},\"inLanguage\":\"es\",\"potentialAction\":[{\"@type\":\"ReadAction\",\"target\":[\"https:\\\/\\\/mula.es\\\/web\\\/secretaria-general\\\/matrimonios-civiles\\\/\"]}]},{\"@type\":\"BreadcrumbList\",\"@id\":\"https:\\\/\\\/mula.es\\\/web\\\/secretaria-general\\\/matrimonios-civiles\\\/#breadcrumb\",\"itemListElement\":[{\"@type\":\"ListItem\",\"position\":1,\"name\":\"Portada\",\"item\":\"https:\\\/\\\/mula.es\\\/web\\\/\"},{\"@type\":\"ListItem\",\"position\":2,\"name\":\"Secretar\u00eda General\",\"item\":\"https:\\\/\\\/mula.es\\\/web\\\/secretaria-general\\\/\"},{\"@type\":\"ListItem\",\"position\":3,\"name\":\"Matrimonios Civiles\"}]},{\"@type\":\"WebSite\",\"@id\":\"https:\\\/\\\/mula.es\\\/web\\\/#website\",\"url\":\"https:\\\/\\\/mula.es\\\/web\\\/\",\"name\":\"Ayuntamiento de Mula\",\"description\":\"P\u00e1gina web del Ayuntamiento de Mula (Regi\u00f3n de Murcia)\",\"potentialAction\":[{\"@type\":\"SearchAction\",\"target\":{\"@type\":\"EntryPoint\",\"urlTemplate\":\"https:\\\/\\\/mula.es\\\/web\\\/?s={search_term_string}\"},\"query-input\":{\"@type\":\"PropertyValueSpecification\",\"valueRequired\":true,\"valueName\":\"search_term_string\"}}],\"inLanguage\":\"es\"}]}<\/script>\n<!-- \/ Yoast SEO plugin. -->","yoast_head_json":{"title":"Matrimonios Civiles - Ayuntamiento de Mula","robots":{"index":"index","follow":"follow","max-snippet":"max-snippet:-1","max-image-preview":"max-image-preview:large","max-video-preview":"max-video-preview:-1"},"canonical":"https:\/\/mula.es\/web\/secretaria-general\/matrimonios-civiles\/","og_locale":"es_ES","og_type":"article","og_title":"Matrimonios Civiles - Ayuntamiento de Mula","og_url":"https:\/\/mula.es\/web\/secretaria-general\/matrimonios-civiles\/","og_site_name":"Ayuntamiento de Mula","article_modified_time":"2022-09-28T07:11:42+00:00","og_image":[{"width":200,"height":218,"url":"https:\/\/mula.es\/web\/wp-content\/uploads\/2020\/06\/escudo-cuadrado-e1591045058235.jpg","type":"image\/jpeg"}],"twitter_card":"summary_large_image","twitter_site":"@AyuntamientMula","twitter_misc":{"Tiempo de lectura":"3 minutos"},"schema":{"@context":"https:\/\/schema.org","@graph":[{"@type":"WebPage","@id":"https:\/\/mula.es\/web\/secretaria-general\/matrimonios-civiles\/","url":"https:\/\/mula.es\/web\/secretaria-general\/matrimonios-civiles\/","name":"Matrimonios Civiles - Ayuntamiento de Mula","isPartOf":{"@id":"https:\/\/mula.es\/web\/#website"},"datePublished":"2016-01-29T17:43:40+00:00","dateModified":"2022-09-28T07:11:42+00:00","breadcrumb":{"@id":"https:\/\/mula.es\/web\/secretaria-general\/matrimonios-civiles\/#breadcrumb"},"inLanguage":"es","potentialAction":[{"@type":"ReadAction","target":["https:\/\/mula.es\/web\/secretaria-general\/matrimonios-civiles\/"]}]},{"@type":"BreadcrumbList","@id":"https:\/\/mula.es\/web\/secretaria-general\/matrimonios-civiles\/#breadcrumb","itemListElement":[{"@type":"ListItem","position":1,"name":"Portada","item":"https:\/\/mula.es\/web\/"},{"@type":"ListItem","position":2,"name":"Secretar\u00eda General","item":"https:\/\/mula.es\/web\/secretaria-general\/"},{"@type":"ListItem","position":3,"name":"Matrimonios Civiles"}]},{"@type":"WebSite","@id":"https:\/\/mula.es\/web\/#website","url":"https:\/\/mula.es\/web\/","name":"Ayuntamiento de Mula","description":"P\u00e1gina web del Ayuntamiento de Mula (Regi\u00f3n de Murcia)","potentialAction":[{"@type":"SearchAction","target":{"@type":"EntryPoint","urlTemplate":"https:\/\/mula.es\/web\/?s={search_term_string}"},"query-input":{"@type":"PropertyValueSpecification","valueRequired":true,"valueName":"search_term_string"}}],"inLanguage":"es"}]}},"_hostinger_reach_plugin_has_subscription_block":false,"_hostinger_reach_plugin_is_elementor":false,"jetpack_sharing_enabled":true,"jetpack_shortlink":"https:\/\/wp.me\/Pa9DMY-3gb","jetpack-related-posts":[],"_links":{"self":[{"href":"https:\/\/mula.es\/web\/wp-json\/wp\/v2\/pages\/12535","targetHints":{"allow":["GET"]}}],"collection":[{"href":"https:\/\/mula.es\/web\/wp-json\/wp\/v2\/pages"}],"about":[{"href":"https:\/\/mula.es\/web\/wp-json\/wp\/v2\/types\/page"}],"author":[{"embeddable":true,"href":"https:\/\/mula.es\/web\/wp-json\/wp\/v2\/users\/1"}],"replies":[{"embeddable":true,"href":"https:\/\/mula.es\/web\/wp-json\/wp\/v2\/comments?post=12535"}],"version-history":[{"count":24,"href":"https:\/\/mula.es\/web\/wp-json\/wp\/v2\/pages\/12535\/revisions"}],"predecessor-version":[{"id":45801,"href":"https:\/\/mula.es\/web\/wp-json\/wp\/v2\/pages\/12535\/revisions\/45801"}],"up":[{"embeddable":true,"href":"https:\/\/mula.es\/web\/wp-json\/wp\/v2\/pages\/12385"}],"wp:attachment":[{"href":"https:\/\/mula.es\/web\/wp-json\/wp\/v2\/media?parent=12535"}],"curies":[{"name":"wp","href":"https:\/\/api.w.org\/{rel}","templated":true}]}}