{"id":12733,"date":"2016-02-01T17:05:51","date_gmt":"2016-02-01T17:05:51","guid":{"rendered":"http:\/\/mula.es\/web\/?page_id=12733"},"modified":"2024-02-08T13:21:25","modified_gmt":"2024-02-08T12:21:25","slug":"recogida-de-animales-abandonados","status":"publish","type":"page","link":"https:\/\/mula.es\/web\/urbanismo-y-patrimonio\/recogida-de-animales-abandonados\/","title":{"rendered":"Recogida de animales abandonados"},"content":{"rendered":"<div class=\"fusion-fullwidth fullwidth-box fusion-builder-row-1 fusion-flex-container hundred-percent-fullwidth non-hundred-percent-height-scrolling\" style=\"--awb-border-radius-top-left:0px;--awb-border-radius-top-right:0px;--awb-border-radius-bottom-right:0px;--awb-border-radius-bottom-left:0px;--awb-overflow:visible;--awb-flex-wrap:wrap;\" ><div class=\"fusion-builder-row fusion-row fusion-flex-align-items-flex-start fusion-flex-content-wrap\" style=\"width:calc( 100% + 0px ) !important;max-width:calc( 100% + 0px ) !important;margin-left: calc(-0px \/ 2 );margin-right: calc(-0px \/ 2 );\"><div class=\"fusion-layout-column fusion_builder_column fusion-builder-column-0 fusion_builder_column_1_1 1_1 fusion-flex-column\" style=\"--awb-bg-size:cover;--awb-width-large:100%;--awb-margin-top-large:0px;--awb-spacing-right-large:0px;--awb-margin-bottom-large:20px;--awb-spacing-left-large:0px;--awb-width-medium:100%;--awb-spacing-right-medium:0px;--awb-spacing-left-medium:0px;--awb-width-small:100%;--awb-spacing-right-small:0px;--awb-spacing-left-small:0px;\"><div class=\"fusion-column-wrapper fusion-flex-justify-content-flex-start fusion-content-layout-column\"><div class=\"fusion-text fusion-text-1\"><p style=\"text-align: justify;\">El Exmo. Ayuntamiento de Mula dispone de un servicio de recogida de animales extraviados o abandonados en la v\u00eda p\u00fablica de Mula. Dicho servicio es llevado a cabo por personal autorizado y en cumplimiento de la normativa vigente y de aplicaci\u00f3n.<\/p>\n<p style=\"text-align: justify;\">Cualquier ciudadano puede requerirlo mediante <strong><a href=\"https:\/\/mula.es\/web\/formulario-animales-abandonados\/\" target=\"_blank\" rel=\"noopener\">este formulario<\/a>.<\/strong><\/p>\n<p style=\"text-align: justify;\">Una vez recogidos, los animales se env\u00edan a un centro de protecci\u00f3n animal con n\u00facleo zool\u00f3gico. <a href=\"https:\/\/mula.es\/web\/wp-content\/uploads\/2024\/02\/grupo_perros.jpg\"><img decoding=\"async\" data-attachment-id=\"52284\" data-permalink=\"https:\/\/mula.es\/web\/urbanismo-y-patrimonio\/recogida-de-animales-abandonados\/grupo_perros\/\" data-orig-file=\"https:\/\/mula.es\/web\/wp-content\/uploads\/2024\/02\/grupo_perros.jpg\" data-orig-size=\"1024,683\" data-comments-opened=\"0\" data-image-meta=\"\" data-image-title=\"grupo_perros\" data-image-description=\"\" data-image-caption=\"\" data-large-file=\"https:\/\/mula.es\/web\/wp-content\/uploads\/2024\/02\/grupo_perros.jpg\" class=\"wp-image-52284 alignright\" src=\"https:\/\/mula.es\/web\/wp-content\/uploads\/2024\/02\/grupo_perros.jpg\" alt=\"\" width=\"291\" height=\"194\" srcset=\"https:\/\/mula.es\/web\/wp-content\/uploads\/2024\/02\/grupo_perros-200x133.jpg 200w, https:\/\/mula.es\/web\/wp-content\/uploads\/2024\/02\/grupo_perros-300x200.jpg 300w, https:\/\/mula.es\/web\/wp-content\/uploads\/2024\/02\/grupo_perros-400x267.jpg 400w, https:\/\/mula.es\/web\/wp-content\/uploads\/2024\/02\/grupo_perros-600x400.jpg 600w, https:\/\/mula.es\/web\/wp-content\/uploads\/2024\/02\/grupo_perros-768x512.jpg 768w, https:\/\/mula.es\/web\/wp-content\/uploads\/2024\/02\/grupo_perros-800x534.jpg 800w, https:\/\/mula.es\/web\/wp-content\/uploads\/2024\/02\/grupo_perros.jpg 1024w\" sizes=\"(max-width: 291px) 100vw, 291px\" \/><\/a><\/p>\n<p>Los perros potencialmente peligrosos son capturados y enviados a Mazarr\u00f3n para su manutenci\u00f3n.<\/p>\n<p>Los animales NO potencialmente peligrosos son capturados y enviados a la protectora municipal.<\/p>\n<p>Si el animal no fuese reclamado, podr\u00e1 ser objeto de cesi\u00f3n o entrega en adopci\u00f3n en los t\u00e9rminos establecidos en el art\u00edculo 58 de la Ley 7\/2023, de 28 de marzo, de protecci\u00f3n de los derechos y el bienestar de los animales.<\/p>\n<p style=\"padding-left: 30px; text-align: center;\"><strong><a href=\"https:\/\/mula.es\/web\/formulario-animales-abandonados\/\" target=\"_blank\" rel=\"noopener\">Formulario de actuaci\u00f3n recogida animales abandonados<\/a><\/strong><\/p>\n<\/div><\/div><\/div>\n<div class=\"fusion-layout-column fusion_builder_column fusion-builder-column-1 fusion_builder_column_1_1 1_1 fusion-flex-column\" style=\"--awb-bg-size:cover;--awb-width-large:100%;--awb-margin-top-large:0px;--awb-spacing-right-large:0px;--awb-margin-bottom-large:20px;--awb-spacing-left-large:0px;--awb-width-medium:100%;--awb-spacing-right-medium:0px;--awb-spacing-left-medium:0px;--awb-width-small:100%;--awb-spacing-right-small:0px;--awb-spacing-left-small:0px;\"><div class=\"fusion-column-wrapper fusion-flex-justify-content-flex-start fusion-content-layout-column\"><div class=\"fusion-title title fusion-title-1 fusion-title-text fusion-title-size-two\" style=\"--awb-margin-top-small:0px;--awb-margin-right-small:0px;--awb-margin-bottom-small:20px;--awb-margin-left-small:0px;\"><div class=\"title-sep-container title-sep-container-left fusion-no-large-visibility fusion-no-medium-visibility fusion-no-small-visibility\"><div class=\"title-sep sep-double sep-solid\" style=\"border-color:#e0dede;\"><\/div><\/div><span class=\"awb-title-spacer fusion-no-large-visibility fusion-no-medium-visibility fusion-no-small-visibility\"><\/span><h2 class=\"fusion-title-heading title-heading-left\" style=\"margin:0;\">Localizaci\u00f3n y Contacto<\/h2><span class=\"awb-title-spacer\"><\/span><div class=\"title-sep-container title-sep-container-right\"><div class=\"title-sep sep-double sep-solid\" style=\"border-color:#e0dede;\"><\/div><\/div><\/div><div class=\"fusion-separator fusion-full-width-sep\" style=\"align-self: center;margin-left: auto;margin-right: auto;margin-bottom:10px;width:100%;\"><\/div><div class=\"fusion-text fusion-text-2\"><p><strong>Oficina T\u00e9cnica Municipal<\/strong><i class=\"fb-icon-element-1 fb-icon-element fontawesome-icon fa fa-map-marker circle-no fusion-text-flow\" style=\"--awb-iconcolor:#dd3333;--awb-iconcolor-hover:#dd3333;--awb-font-size:10px;--awb-margin-right:5px;\"><\/i><\/p>\n<p><a href=\"https:\/\/goo.gl\/maps\/KYf8QYAxDov\" target=\"_blank\" rel=\"noopener\">Ctra. de Caravaca, 4<\/a><br \/>\n30170 Mula \u2013 Murcia<br \/>\nTel\u00e9fono: 968 637 511<br \/>\nFax: 968 663 073<br \/>\nCorreo: <span class=\"backwards\">se.alumotya@etneibmaoidem<\/span><\/p>\n<p><a href=\"https:\/\/mula.es\/web\/organigrama-municipal\/\">Organigrama Municipal<\/a><\/p>\n<\/div><\/div><\/div>\n<\/div><\/div>\n","protected":false},"excerpt":{"rendered":"","protected":false},"author":1,"featured_media":0,"parent":12714,"menu_order":0,"comment_status":"closed","ping_status":"closed","template":"","meta":{"jetpack_post_was_ever_published":false,"footnotes":""},"class_list":["post-12733","page","type-page","status-publish","hentry"],"yoast_head":"<!-- This site is optimized with the Yoast SEO plugin v27.5 - https:\/\/yoast.com\/product\/yoast-seo-wordpress\/ -->\n<title>Recogida de animales abandonados - Ayuntamiento de Mula<\/title>\n<meta name=\"robots\" content=\"index, follow, max-snippet:-1, max-image-preview:large, max-video-preview:-1\" \/>\n<link rel=\"canonical\" href=\"https:\/\/mula.es\/web\/urbanismo-y-patrimonio\/recogida-de-animales-abandonados\/\" \/>\n<meta property=\"og:locale\" content=\"es_ES\" \/>\n<meta property=\"og:type\" content=\"article\" \/>\n<meta property=\"og:title\" content=\"Recogida de animales abandonados - Ayuntamiento de Mula\" \/>\n<meta property=\"og:url\" content=\"https:\/\/mula.es\/web\/urbanismo-y-patrimonio\/recogida-de-animales-abandonados\/\" \/>\n<meta property=\"og:site_name\" content=\"Ayuntamiento de Mula\" \/>\n<meta property=\"article:modified_time\" content=\"2024-02-08T12:21:25+00:00\" \/>\n<meta property=\"og:image\" content=\"https:\/\/mula.es\/web\/wp-content\/uploads\/2024\/02\/grupo_perros.jpg\" \/>\n<meta name=\"twitter:card\" content=\"summary_large_image\" \/>\n<meta name=\"twitter:site\" content=\"@AyuntamientMula\" \/>\n<meta name=\"twitter:label1\" content=\"Tiempo de lectura\" \/>\n\t<meta name=\"twitter:data1\" content=\"1 minuto\" \/>\n<script type=\"application\/ld+json\" class=\"yoast-schema-graph\">{\"@context\":\"https:\\\/\\\/schema.org\",\"@graph\":[{\"@type\":\"WebPage\",\"@id\":\"https:\\\/\\\/mula.es\\\/web\\\/urbanismo-y-patrimonio\\\/recogida-de-animales-abandonados\\\/\",\"url\":\"https:\\\/\\\/mula.es\\\/web\\\/urbanismo-y-patrimonio\\\/recogida-de-animales-abandonados\\\/\",\"name\":\"Recogida de animales abandonados - Ayuntamiento de Mula\",\"isPartOf\":{\"@id\":\"https:\\\/\\\/mula.es\\\/web\\\/#website\"},\"primaryImageOfPage\":{\"@id\":\"https:\\\/\\\/mula.es\\\/web\\\/urbanismo-y-patrimonio\\\/recogida-de-animales-abandonados\\\/#primaryimage\"},\"image\":{\"@id\":\"https:\\\/\\\/mula.es\\\/web\\\/urbanismo-y-patrimonio\\\/recogida-de-animales-abandonados\\\/#primaryimage\"},\"thumbnailUrl\":\"https:\\\/\\\/mula.es\\\/web\\\/wp-content\\\/uploads\\\/2024\\\/02\\\/grupo_perros.jpg\",\"datePublished\":\"2016-02-01T17:05:51+00:00\",\"dateModified\":\"2024-02-08T12:21:25+00:00\",\"breadcrumb\":{\"@id\":\"https:\\\/\\\/mula.es\\\/web\\\/urbanismo-y-patrimonio\\\/recogida-de-animales-abandonados\\\/#breadcrumb\"},\"inLanguage\":\"es\",\"potentialAction\":[{\"@type\":\"ReadAction\",\"target\":[\"https:\\\/\\\/mula.es\\\/web\\\/urbanismo-y-patrimonio\\\/recogida-de-animales-abandonados\\\/\"]}]},{\"@type\":\"ImageObject\",\"inLanguage\":\"es\",\"@id\":\"https:\\\/\\\/mula.es\\\/web\\\/urbanismo-y-patrimonio\\\/recogida-de-animales-abandonados\\\/#primaryimage\",\"url\":\"https:\\\/\\\/mula.es\\\/web\\\/wp-content\\\/uploads\\\/2024\\\/02\\\/grupo_perros.jpg\",\"contentUrl\":\"https:\\\/\\\/mula.es\\\/web\\\/wp-content\\\/uploads\\\/2024\\\/02\\\/grupo_perros.jpg\",\"width\":1024,\"height\":683},{\"@type\":\"BreadcrumbList\",\"@id\":\"https:\\\/\\\/mula.es\\\/web\\\/urbanismo-y-patrimonio\\\/recogida-de-animales-abandonados\\\/#breadcrumb\",\"itemListElement\":[{\"@type\":\"ListItem\",\"position\":1,\"name\":\"Portada\",\"item\":\"https:\\\/\\\/mula.es\\\/web\\\/\"},{\"@type\":\"ListItem\",\"position\":2,\"name\":\"Urbanismo y Patrimonio\",\"item\":\"https:\\\/\\\/mula.es\\\/web\\\/urbanismo-y-patrimonio\\\/\"},{\"@type\":\"ListItem\",\"position\":3,\"name\":\"Recogida de animales abandonados\"}]},{\"@type\":\"WebSite\",\"@id\":\"https:\\\/\\\/mula.es\\\/web\\\/#website\",\"url\":\"https:\\\/\\\/mula.es\\\/web\\\/\",\"name\":\"Ayuntamiento de Mula\",\"description\":\"P\u00e1gina web del Ayuntamiento de Mula (Regi\u00f3n de Murcia)\",\"potentialAction\":[{\"@type\":\"SearchAction\",\"target\":{\"@type\":\"EntryPoint\",\"urlTemplate\":\"https:\\\/\\\/mula.es\\\/web\\\/?s={search_term_string}\"},\"query-input\":{\"@type\":\"PropertyValueSpecification\",\"valueRequired\":true,\"valueName\":\"search_term_string\"}}],\"inLanguage\":\"es\"}]}<\/script>\n<!-- \/ Yoast SEO plugin. -->","yoast_head_json":{"title":"Recogida de animales abandonados - Ayuntamiento de Mula","robots":{"index":"index","follow":"follow","max-snippet":"max-snippet:-1","max-image-preview":"max-image-preview:large","max-video-preview":"max-video-preview:-1"},"canonical":"https:\/\/mula.es\/web\/urbanismo-y-patrimonio\/recogida-de-animales-abandonados\/","og_locale":"es_ES","og_type":"article","og_title":"Recogida de animales abandonados - Ayuntamiento de Mula","og_url":"https:\/\/mula.es\/web\/urbanismo-y-patrimonio\/recogida-de-animales-abandonados\/","og_site_name":"Ayuntamiento de Mula","article_modified_time":"2024-02-08T12:21:25+00:00","og_image":[{"url":"https:\/\/mula.es\/web\/wp-content\/uploads\/2024\/02\/grupo_perros.jpg","type":"","width":"","height":""}],"twitter_card":"summary_large_image","twitter_site":"@AyuntamientMula","twitter_misc":{"Tiempo de lectura":"1 minuto"},"schema":{"@context":"https:\/\/schema.org","@graph":[{"@type":"WebPage","@id":"https:\/\/mula.es\/web\/urbanismo-y-patrimonio\/recogida-de-animales-abandonados\/","url":"https:\/\/mula.es\/web\/urbanismo-y-patrimonio\/recogida-de-animales-abandonados\/","name":"Recogida de animales abandonados - Ayuntamiento de Mula","isPartOf":{"@id":"https:\/\/mula.es\/web\/#website"},"primaryImageOfPage":{"@id":"https:\/\/mula.es\/web\/urbanismo-y-patrimonio\/recogida-de-animales-abandonados\/#primaryimage"},"image":{"@id":"https:\/\/mula.es\/web\/urbanismo-y-patrimonio\/recogida-de-animales-abandonados\/#primaryimage"},"thumbnailUrl":"https:\/\/mula.es\/web\/wp-content\/uploads\/2024\/02\/grupo_perros.jpg","datePublished":"2016-02-01T17:05:51+00:00","dateModified":"2024-02-08T12:21:25+00:00","breadcrumb":{"@id":"https:\/\/mula.es\/web\/urbanismo-y-patrimonio\/recogida-de-animales-abandonados\/#breadcrumb"},"inLanguage":"es","potentialAction":[{"@type":"ReadAction","target":["https:\/\/mula.es\/web\/urbanismo-y-patrimonio\/recogida-de-animales-abandonados\/"]}]},{"@type":"ImageObject","inLanguage":"es","@id":"https:\/\/mula.es\/web\/urbanismo-y-patrimonio\/recogida-de-animales-abandonados\/#primaryimage","url":"https:\/\/mula.es\/web\/wp-content\/uploads\/2024\/02\/grupo_perros.jpg","contentUrl":"https:\/\/mula.es\/web\/wp-content\/uploads\/2024\/02\/grupo_perros.jpg","width":1024,"height":683},{"@type":"BreadcrumbList","@id":"https:\/\/mula.es\/web\/urbanismo-y-patrimonio\/recogida-de-animales-abandonados\/#breadcrumb","itemListElement":[{"@type":"ListItem","position":1,"name":"Portada","item":"https:\/\/mula.es\/web\/"},{"@type":"ListItem","position":2,"name":"Urbanismo y Patrimonio","item":"https:\/\/mula.es\/web\/urbanismo-y-patrimonio\/"},{"@type":"ListItem","position":3,"name":"Recogida de animales abandonados"}]},{"@type":"WebSite","@id":"https:\/\/mula.es\/web\/#website","url":"https:\/\/mula.es\/web\/","name":"Ayuntamiento de Mula","description":"P\u00e1gina web del Ayuntamiento de Mula (Regi\u00f3n de Murcia)","potentialAction":[{"@type":"SearchAction","target":{"@type":"EntryPoint","urlTemplate":"https:\/\/mula.es\/web\/?s={search_term_string}"},"query-input":{"@type":"PropertyValueSpecification","valueRequired":true,"valueName":"search_term_string"}}],"inLanguage":"es"}]}},"_hostinger_reach_plugin_has_subscription_block":false,"_hostinger_reach_plugin_is_elementor":false,"jetpack_sharing_enabled":true,"jetpack_shortlink":"https:\/\/wp.me\/Pa9DMY-3jn","jetpack-related-posts":[],"_links":{"self":[{"href":"https:\/\/mula.es\/web\/wp-json\/wp\/v2\/pages\/12733","targetHints":{"allow":["GET"]}}],"collection":[{"href":"https:\/\/mula.es\/web\/wp-json\/wp\/v2\/pages"}],"about":[{"href":"https:\/\/mula.es\/web\/wp-json\/wp\/v2\/types\/page"}],"author":[{"embeddable":true,"href":"https:\/\/mula.es\/web\/wp-json\/wp\/v2\/users\/1"}],"replies":[{"embeddable":true,"href":"https:\/\/mula.es\/web\/wp-json\/wp\/v2\/comments?post=12733"}],"version-history":[{"count":19,"href":"https:\/\/mula.es\/web\/wp-json\/wp\/v2\/pages\/12733\/revisions"}],"predecessor-version":[{"id":52285,"href":"https:\/\/mula.es\/web\/wp-json\/wp\/v2\/pages\/12733\/revisions\/52285"}],"up":[{"embeddable":true,"href":"https:\/\/mula.es\/web\/wp-json\/wp\/v2\/pages\/12714"}],"wp:attachment":[{"href":"https:\/\/mula.es\/web\/wp-json\/wp\/v2\/media?parent=12733"}],"curies":[{"name":"wp","href":"https:\/\/api.w.org\/{rel}","templated":true}]}}