{"id":12845,"date":"2016-02-03T11:21:20","date_gmt":"2016-02-03T11:21:20","guid":{"rendered":"http:\/\/mula.es\/web\/?page_id=12845"},"modified":"2022-12-30T12:26:54","modified_gmt":"2022-12-30T11:26:54","slug":"premio-nacional-de-cuentos-ciudad-de-mula","status":"publish","type":"page","link":"https:\/\/mula.es\/web\/cultura-y-festejos\/premio-nacional-de-cuentos-ciudad-de-mula\/","title":{"rendered":"Premio Nacional de Cuentos Ciudad de Mula"},"content":{"rendered":"<div class=\"fusion-fullwidth fullwidth-box fusion-builder-row-1 fusion-flex-container hundred-percent-fullwidth non-hundred-percent-height-scrolling\" style=\"--awb-border-radius-top-left:0px;--awb-border-radius-top-right:0px;--awb-border-radius-bottom-right:0px;--awb-border-radius-bottom-left:0px;--awb-overflow:visible;--awb-flex-wrap:wrap;\" ><div class=\"fusion-builder-row fusion-row fusion-flex-align-items-flex-start fusion-flex-content-wrap\" style=\"width:calc( 100% + 0px ) !important;max-width:calc( 100% + 0px ) !important;margin-left: calc(-0px \/ 2 );margin-right: calc(-0px \/ 2 );\"><div class=\"fusion-layout-column fusion_builder_column fusion-builder-column-0 fusion_builder_column_1_1 1_1 fusion-flex-column\" style=\"--awb-bg-size:cover;--awb-width-large:100%;--awb-margin-top-large:0px;--awb-spacing-right-large:0px;--awb-margin-bottom-large:20px;--awb-spacing-left-large:0px;--awb-width-medium:100%;--awb-spacing-right-medium:0px;--awb-spacing-left-medium:0px;--awb-width-small:100%;--awb-spacing-right-small:0px;--awb-spacing-left-small:0px;\"><div class=\"fusion-column-wrapper fusion-flex-justify-content-flex-start fusion-content-layout-column\"><div class=\"fusion-text fusion-text-1\"><p style=\"text-align: justify;\">El Premio Nacional de Cuentos Ciudad de Mula ya ha superado su und\u00e9cima edici\u00f3n. Las bases para la participaci\u00f3n se publican por los primeros d\u00edas del mes de junio. Los galardones (premio y acc\u00e9sit) se entregan, en acto p\u00fablico, el s\u00e1bado de la segunda semana de diciembre.<\/p>\n<p>\u00a0<\/p>\n<\/div><div class=\"accordian fusion-accordian\" style=\"--awb-border-size:1px;--awb-icon-size:13px;--awb-content-font-size:15px;--awb-icon-alignment:left;--awb-hover-color:#f9f9f9;--awb-border-color:#cccccc;--awb-background-color:#ffffff;--awb-divider-color:#e0dede;--awb-divider-hover-color:#e0dede;--awb-icon-color:#ffffff;--awb-title-color:#333333;--awb-content-color:#747474;--awb-icon-box-color:#333333;--awb-toggle-hover-accent-color:#e10707;--awb-title-font-family:&quot;Antic Slab&quot;;--awb-title-font-weight:regular;--awb-title-font-style:normal;--awb-title-font-size:15px;--awb-content-font-family:&quot;PT Sans&quot;;--awb-content-font-style:normal;--awb-content-font-weight:400;\"><div class=\"panel-group fusion-toggle-icon-boxed\" id=\"accordion-12845-1\"><div class=\"fusion-panel panel-default panel-e46ebf69cddc7b557 fusion-toggle-has-divider\"><div class=\"panel-heading\"><h4 class=\"panel-title toggle\" id=\"toggle_e46ebf69cddc7b557\"><a aria-expanded=\"false\" aria-controls=\"e46ebf69cddc7b557\" role=\"button\" data-toggle=\"collapse\" data-parent=\"#accordion-12845-1\" data-target=\"#e46ebf69cddc7b557\" href=\"#e46ebf69cddc7b557\"><span class=\"fusion-toggle-icon-wrapper\" aria-hidden=\"true\"><i class=\"fa-fusion-box active-icon awb-icon-minus\" aria-hidden=\"true\"><\/i><i class=\"fa-fusion-box inactive-icon awb-icon-plus\" aria-hidden=\"true\"><\/i><\/span><span class=\"fusion-toggle-heading\">Hist\u00f3rico de ganadores<\/span><\/a><\/h4><\/div><div id=\"e46ebf69cddc7b557\" class=\"panel-collapse collapse \" aria-labelledby=\"toggle_e46ebf69cddc7b557\"><div class=\"panel-body toggle-content fusion-clearfix\">\n<p style=\"text-align: justify;\">El Premio Nacional de Cuentos Ciudad de Mula, desde su creaci\u00f3n, ha sido otorgado a los siguientes t\u00edtulos y autores:<\/p>\n<p><strong>A\u00f1o 2022<br \/>\n<\/strong>Premio: <strong>Todas las luces de la eternidad<\/strong>, de Francisco de Paz Tante.<br \/>\nAcc\u00e9sit: <strong>El diario de viajes<\/strong>, de Ricardo Cano Garc\u00eda.<\/p>\n<p><strong>A\u00f1o 2021<br \/>\n<\/strong>Premio: <strong>El efecto Carr\u00e1<\/strong>, de Vicente Fern\u00e1ndez S\u00e1iz.<br \/>\nAcc\u00e9sit: <strong>Callejeras<\/strong>, de Francisco de Paz Tante.<\/p>\n<p><strong>A\u00f1o 2020<br \/>\n<\/strong>Premio: <strong>El mont\u00f3n de rena<\/strong>, de Jos\u00e9 Manuel Moreno P\u00e9rez.<br \/>\nAcc\u00e9sit: <strong>Las tizas de colores<\/strong>, de Alberto Echevarr\u00eda.<br \/>\nMenci\u00f3n de honor: <strong>Baluarte<\/strong>, de Pedro Castillo Caballero.<\/p>\n<p><strong>A\u00f1o 2019<br \/>\n<\/strong>Premio: <strong>Annunziata y el patriarca<\/strong>, de Antonio Tocornal.<br \/>\nAcc\u00e9sit: <strong>Little Cid<\/strong>, de Ernesto Tub\u00eda Landeras.<\/p>\n<p><strong>A\u00f1o 2018<br \/>\n<\/strong>Premio: <strong>Un hombre frente al mar<\/strong>, de Fernando Molero Campos.<br \/>\nAcc\u00e9sit:<strong> Vivir del cuento<\/strong>, de Antonio Tocornal Blanco.<\/p>\n<p><strong>A\u00f1o 2017<br \/>\n<\/strong>Premio: <strong>El premio<\/strong>, de Juan Lorenzo G\u00f3mez.<br \/>\nAcc\u00e9sit: <strong>Mam\u00edfero<\/strong>, de Juana Cort\u00e9s Amun\u00e1rriz.<\/p>\n<p style=\"text-align: justify;\"><strong>A\u00f1o 2016<br \/>\n<\/strong>Premio: <strong>La v\u00eda l\u00e1ctea<\/strong>, de M\u00aa Dolores Morales Ruiz.<br \/>\nAcc\u00e9sit: <strong>Posteridad<\/strong>, de Javier Izcue Argando\u00f1a.<\/p>\n<p style=\"text-align: justify;\"><strong>A\u00f1o 2015<br \/>\n<\/strong>Premio: <strong>El gato de Schr\u00f6dinger<\/strong>, de Fernando Mart\u00ednez L\u00f3pez. Almer\u00eda.<br \/>\nAcc\u00e9sit: <strong>El instante<\/strong>, de Miguel Torres L\u00f3pez de Uralde. M\u00e1laga.<\/p>\n<p style=\"text-align: justify;\"><strong>A\u00f1o 2014<br \/>\n<\/strong>Premio: <strong>Nos amaremos en la eternidad<\/strong>, de Andr\u00e9s Morales Rotger. Barcelona.<br \/>\nAcc\u00e9sit:<strong> Pellejos<\/strong>, de Pedro \u00c1lvarez-Qui\u00f1ones Sanz. Valladolid.<\/p>\n<p style=\"text-align: justify;\"><strong>A\u00f1o 2013<\/strong><br \/>\nPremio: <strong>Parado<\/strong>, de Gin\u00e9s Mulero Caparr\u00f3s. Barcelona.<br \/>\nAcc\u00e9sit: <strong>Tic-Toc<\/strong>, de Concha Fern\u00e1ndez Gonz\u00e1lez. Ciudad Rodrigo (Salamanca).<\/p>\n<p style=\"text-align: justify;\"><strong>A\u00f1o 2012<br \/>\n<\/strong>Premio: <strong>Anarqu\u00eda en Palacio<\/strong>, de Luis Manuel Garc\u00eda M\u00e9ndez.<br \/>\nAcc\u00e9sit: <strong>Hasta los Ojos<\/strong>, de Jorge Saiz Mingo.<\/p>\n<p style=\"text-align: justify;\"><strong>A\u00f1o 2011<\/strong><br \/>\nPremio: <strong>La fiebre<\/strong>, de Pablo Rodr\u00edguez Medina.<br \/>\nAcc\u00e9sit: <strong>Salto de altura<\/strong>, de Juan Carlos Fern\u00e1ndez Le\u00f3n.<\/p>\n<p style=\"text-align: justify;\"><strong>A\u00f1o 2010<br \/>\n<\/strong>Premio: <strong>Toda la Gali<\/strong>a, de Elena Alonso Frayle.<br \/>\nAcc\u00e9sit:<strong> La niebla en Ravena<\/strong>, de Carlos Fern\u00e1ndez Salinas.<\/p>\n<p style=\"text-align: justify;\"><strong>A\u00f1o 2009<\/strong><br \/>\nPremio: <strong>Mejorar la especie<\/strong>, de Francisco Javier P\u00e9rez Fern\u00e1ndez .<br \/>\nAcc\u00e9sit: <strong>Los relojes del hast\u00edo<\/strong>, de Santiago Casero Gonz\u00e1lez.<\/p>\n<p><strong>A\u00f1o 2008<\/strong><br \/>\nPremio: <strong>La metamorfosis de Pinocho<\/strong>, de Jes\u00fas Morata Moya.<br \/>\nAcc\u00e9sit: <strong>D\u00e9j\u00e0 vu<\/strong>, de Andr\u00e9s P\u00e9rez Dom\u00ednguez.<\/p>\n<p style=\"text-align: justify;\"><strong>A\u00f1o 2007<\/strong><br \/>\nPremio: <strong>El hombre de palo<\/strong>, de Luis Del Romero S\u00e1nchez-Cutillas.<br \/>\nAcc\u00e9sit: <strong>El lecho nupcial<\/strong>, de Mar\u00eda Frisa Gracia.<\/p>\n<p style=\"text-align: justify;\"><strong>A\u00f1o 2006 <\/strong><br \/>\nPremio: <strong>Gil<\/strong>, de Rub\u00e9n Castillo Gallego.<br \/>\nAcc\u00e9sit:<strong> El lobo<\/strong>, de Jes\u00fas Mart\u00edn Rodr\u00edguez.<\/p>\n<p style=\"text-align: justify;\"><strong>A\u00f1o 2005 <\/strong><br \/>\nPremio: <strong>La olla expr\u00e9s<\/strong>, de Juan C\u00e1novas Ortega.<br \/>\nAcc\u00e9sit: <strong>El guardi\u00e1n de la luna<\/strong>, de Javier Molina Palomino.<\/p>\n<p style=\"text-align: justify;\"><strong>A\u00f1o 2004 <\/strong><br \/>\nPremio: <strong>Cuarteto de cuerda<\/strong>, de Ram\u00f3n Bascu\u00f1ana.<br \/>\nAcc\u00e9sit: <strong>El enemigo acecha<\/strong>, de Jos\u00e9 Villalba Gonz\u00e1lez y Federico Fuertes Guzm\u00e1n.<\/p>\n<p><strong>A\u00f1o 2003 <\/strong><br \/>\nPremio: <strong>Las f\u00fanebres ocupaciones de Nic\u00e9foro<\/strong>, de Antonio Montero Alcaide.<br \/>\nAcc\u00e9sit: <strong>Mar\u00eda guarda silencio<\/strong>, de Pascual Garc\u00eda .<\/p>\n<p><strong>A\u00f1o 2002 <\/strong><br \/>\nPremio: <strong>Las cuatro orillas del cielo<\/strong>, de Josefina Solano Maldonado.<br \/>\nAcc\u00e9sit: <strong>La luz ocasional<\/strong>, de Carlos Garc\u00eda Valverde.<\/p>\n<p style=\"text-align: justify;\"><strong>A\u00f1o 2001<\/strong><br \/>\nPremio: <strong>Sin ti<\/strong>, de\u00a0 Antonio Parra Sanz.<br \/>\nAcc\u00e9sit: <strong>Desviaci\u00f3n a la sombra<\/strong>, de don Manuel Terr\u00edn Benavides.<\/p>\n<p style=\"text-align: justify;\"><strong>A\u00f1o 2000<\/strong><br \/>\nPremio: <strong>Carta desde los confines occidentales del Imperio<\/strong>, de Ferm\u00edn L\u00f3pez Costero.<br \/>\nAcc\u00e9sit: <strong>Sarc\u00f3fago de celajes<\/strong>, de Ignacio Borgo\u00f1\u00f3s Mart\u00ednez.<\/p>\n<p style=\"text-align: justify;\"><strong>A\u00f1o 1999<\/strong><br \/>\nPremio:<strong> Benevento<\/strong>, de \u00c1ngel Jes\u00fas Gallego Bartolom\u00e9.<br \/>\nAcc\u00e9sit: <strong>La suma y la resta<\/strong>, de Irene Jim\u00e9nez L\u00f3pez-Navarro.<\/p>\n<p style=\"text-align: justify;\"><strong>A\u00f1o 1998 <\/strong><br \/>\nPremio: <strong>Mujer mirando al mar<\/strong>, de Ricardo G\u00f3mez Gil.<br \/>\nAcc\u00e9sit: <strong>\u00daltimo expreso a Belgrado<\/strong>, de Antonio Calvo Romero.<\/p>\n<\/div><\/div><\/div><\/div><\/div><\/div><\/div><\/div><\/div>\n","protected":false},"excerpt":{"rendered":"","protected":false},"author":1,"featured_media":0,"parent":12799,"menu_order":0,"comment_status":"closed","ping_status":"closed","template":"","meta":{"jetpack_post_was_ever_published":false,"footnotes":""},"class_list":["post-12845","page","type-page","status-publish","hentry"],"yoast_head":"<!-- This site is optimized with the Yoast SEO plugin v27.2 - https:\/\/yoast.com\/product\/yoast-seo-wordpress\/ -->\n<title>Premio Nacional de Cuentos Ciudad de Mula - Ayuntamiento de Mula<\/title>\n<meta name=\"robots\" content=\"index, follow, max-snippet:-1, max-image-preview:large, max-video-preview:-1\" \/>\n<link rel=\"canonical\" href=\"https:\/\/mula.es\/web\/cultura-y-festejos\/premio-nacional-de-cuentos-ciudad-de-mula\/\" \/>\n<meta property=\"og:locale\" content=\"es_ES\" \/>\n<meta property=\"og:type\" content=\"article\" \/>\n<meta property=\"og:title\" content=\"Premio Nacional de Cuentos Ciudad de Mula - Ayuntamiento de Mula\" \/>\n<meta property=\"og:url\" content=\"https:\/\/mula.es\/web\/cultura-y-festejos\/premio-nacional-de-cuentos-ciudad-de-mula\/\" \/>\n<meta property=\"og:site_name\" content=\"Ayuntamiento de Mula\" \/>\n<meta property=\"article:modified_time\" content=\"2022-12-30T11:26:54+00:00\" \/>\n<meta property=\"og:image\" content=\"https:\/\/mula.es\/web\/wp-content\/uploads\/2020\/06\/escudo-cuadrado-e1591045058235.jpg\" \/>\n\t<meta property=\"og:image:width\" content=\"200\" \/>\n\t<meta property=\"og:image:height\" content=\"218\" \/>\n\t<meta property=\"og:image:type\" content=\"image\/jpeg\" \/>\n<meta name=\"twitter:card\" content=\"summary_large_image\" \/>\n<meta name=\"twitter:site\" content=\"@AyuntamientMula\" \/>\n<meta name=\"twitter:label1\" content=\"Tiempo de lectura\" \/>\n\t<meta name=\"twitter:data1\" content=\"3 minutos\" \/>\n<script type=\"application\/ld+json\" class=\"yoast-schema-graph\">{\"@context\":\"https:\/\/schema.org\",\"@graph\":[{\"@type\":\"WebPage\",\"@id\":\"https:\/\/mula.es\/web\/cultura-y-festejos\/premio-nacional-de-cuentos-ciudad-de-mula\/\",\"url\":\"https:\/\/mula.es\/web\/cultura-y-festejos\/premio-nacional-de-cuentos-ciudad-de-mula\/\",\"name\":\"Premio Nacional de Cuentos Ciudad de Mula - Ayuntamiento de Mula\",\"isPartOf\":{\"@id\":\"https:\/\/mula.es\/web\/#website\"},\"datePublished\":\"2016-02-03T11:21:20+00:00\",\"dateModified\":\"2022-12-30T11:26:54+00:00\",\"breadcrumb\":{\"@id\":\"https:\/\/mula.es\/web\/cultura-y-festejos\/premio-nacional-de-cuentos-ciudad-de-mula\/#breadcrumb\"},\"inLanguage\":\"es\",\"potentialAction\":[{\"@type\":\"ReadAction\",\"target\":[\"https:\/\/mula.es\/web\/cultura-y-festejos\/premio-nacional-de-cuentos-ciudad-de-mula\/\"]}]},{\"@type\":\"BreadcrumbList\",\"@id\":\"https:\/\/mula.es\/web\/cultura-y-festejos\/premio-nacional-de-cuentos-ciudad-de-mula\/#breadcrumb\",\"itemListElement\":[{\"@type\":\"ListItem\",\"position\":1,\"name\":\"Portada\",\"item\":\"https:\/\/mula.es\/web\/\"},{\"@type\":\"ListItem\",\"position\":2,\"name\":\"Cultura y Festejos\",\"item\":\"https:\/\/mula.es\/web\/cultura-y-festejos\/\"},{\"@type\":\"ListItem\",\"position\":3,\"name\":\"Premio Nacional de Cuentos Ciudad de Mula\"}]},{\"@type\":\"WebSite\",\"@id\":\"https:\/\/mula.es\/web\/#website\",\"url\":\"https:\/\/mula.es\/web\/\",\"name\":\"Ayuntamiento de Mula\",\"description\":\"P\u00e1gina web del Ayuntamiento de Mula (Regi\u00f3n de Murcia)\",\"potentialAction\":[{\"@type\":\"SearchAction\",\"target\":{\"@type\":\"EntryPoint\",\"urlTemplate\":\"https:\/\/mula.es\/web\/?s={search_term_string}\"},\"query-input\":{\"@type\":\"PropertyValueSpecification\",\"valueRequired\":true,\"valueName\":\"search_term_string\"}}],\"inLanguage\":\"es\"}]}<\/script>\n<!-- \/ Yoast SEO plugin. -->","yoast_head_json":{"title":"Premio Nacional de Cuentos Ciudad de Mula - Ayuntamiento de Mula","robots":{"index":"index","follow":"follow","max-snippet":"max-snippet:-1","max-image-preview":"max-image-preview:large","max-video-preview":"max-video-preview:-1"},"canonical":"https:\/\/mula.es\/web\/cultura-y-festejos\/premio-nacional-de-cuentos-ciudad-de-mula\/","og_locale":"es_ES","og_type":"article","og_title":"Premio Nacional de Cuentos Ciudad de Mula - Ayuntamiento de Mula","og_url":"https:\/\/mula.es\/web\/cultura-y-festejos\/premio-nacional-de-cuentos-ciudad-de-mula\/","og_site_name":"Ayuntamiento de Mula","article_modified_time":"2022-12-30T11:26:54+00:00","og_image":[{"width":200,"height":218,"url":"https:\/\/mula.es\/web\/wp-content\/uploads\/2020\/06\/escudo-cuadrado-e1591045058235.jpg","type":"image\/jpeg"}],"twitter_card":"summary_large_image","twitter_site":"@AyuntamientMula","twitter_misc":{"Tiempo de lectura":"3 minutos"},"schema":{"@context":"https:\/\/schema.org","@graph":[{"@type":"WebPage","@id":"https:\/\/mula.es\/web\/cultura-y-festejos\/premio-nacional-de-cuentos-ciudad-de-mula\/","url":"https:\/\/mula.es\/web\/cultura-y-festejos\/premio-nacional-de-cuentos-ciudad-de-mula\/","name":"Premio Nacional de Cuentos Ciudad de Mula - Ayuntamiento de Mula","isPartOf":{"@id":"https:\/\/mula.es\/web\/#website"},"datePublished":"2016-02-03T11:21:20+00:00","dateModified":"2022-12-30T11:26:54+00:00","breadcrumb":{"@id":"https:\/\/mula.es\/web\/cultura-y-festejos\/premio-nacional-de-cuentos-ciudad-de-mula\/#breadcrumb"},"inLanguage":"es","potentialAction":[{"@type":"ReadAction","target":["https:\/\/mula.es\/web\/cultura-y-festejos\/premio-nacional-de-cuentos-ciudad-de-mula\/"]}]},{"@type":"BreadcrumbList","@id":"https:\/\/mula.es\/web\/cultura-y-festejos\/premio-nacional-de-cuentos-ciudad-de-mula\/#breadcrumb","itemListElement":[{"@type":"ListItem","position":1,"name":"Portada","item":"https:\/\/mula.es\/web\/"},{"@type":"ListItem","position":2,"name":"Cultura y Festejos","item":"https:\/\/mula.es\/web\/cultura-y-festejos\/"},{"@type":"ListItem","position":3,"name":"Premio Nacional de Cuentos Ciudad de Mula"}]},{"@type":"WebSite","@id":"https:\/\/mula.es\/web\/#website","url":"https:\/\/mula.es\/web\/","name":"Ayuntamiento de Mula","description":"P\u00e1gina web del Ayuntamiento de Mula (Regi\u00f3n de Murcia)","potentialAction":[{"@type":"SearchAction","target":{"@type":"EntryPoint","urlTemplate":"https:\/\/mula.es\/web\/?s={search_term_string}"},"query-input":{"@type":"PropertyValueSpecification","valueRequired":true,"valueName":"search_term_string"}}],"inLanguage":"es"}]}},"_hostinger_reach_plugin_has_subscription_block":false,"_hostinger_reach_plugin_is_elementor":false,"jetpack_sharing_enabled":true,"jetpack_shortlink":"https:\/\/wp.me\/Pa9DMY-3lb","jetpack-related-posts":[],"_links":{"self":[{"href":"https:\/\/mula.es\/web\/wp-json\/wp\/v2\/pages\/12845","targetHints":{"allow":["GET"]}}],"collection":[{"href":"https:\/\/mula.es\/web\/wp-json\/wp\/v2\/pages"}],"about":[{"href":"https:\/\/mula.es\/web\/wp-json\/wp\/v2\/types\/page"}],"author":[{"embeddable":true,"href":"https:\/\/mula.es\/web\/wp-json\/wp\/v2\/users\/1"}],"replies":[{"embeddable":true,"href":"https:\/\/mula.es\/web\/wp-json\/wp\/v2\/comments?post=12845"}],"version-history":[{"count":9,"href":"https:\/\/mula.es\/web\/wp-json\/wp\/v2\/pages\/12845\/revisions"}],"predecessor-version":[{"id":46901,"href":"https:\/\/mula.es\/web\/wp-json\/wp\/v2\/pages\/12845\/revisions\/46901"}],"up":[{"embeddable":true,"href":"https:\/\/mula.es\/web\/wp-json\/wp\/v2\/pages\/12799"}],"wp:attachment":[{"href":"https:\/\/mula.es\/web\/wp-json\/wp\/v2\/media?parent=12845"}],"curies":[{"name":"wp","href":"https:\/\/api.w.org\/{rel}","templated":true}]}}