{"id":12850,"date":"2016-02-03T11:26:47","date_gmt":"2016-02-03T11:26:47","guid":{"rendered":"http:\/\/mula.es\/web\/?page_id=12850"},"modified":"2024-10-09T09:41:20","modified_gmt":"2024-10-09T07:41:20","slug":"noticias","status":"publish","type":"page","link":"https:\/\/mula.es\/web\/noticias\/","title":{"rendered":"Noticias"},"content":{"rendered":"<div class=\"fusion-fullwidth fullwidth-box fusion-builder-row-1 fusion-flex-container hundred-percent-fullwidth non-hundred-percent-height-scrolling\" style=\"--awb-border-radius-top-left:0px;--awb-border-radius-top-right:0px;--awb-border-radius-bottom-right:0px;--awb-border-radius-bottom-left:0px;--awb-overflow:visible;--awb-flex-wrap:wrap;\" ><div class=\"fusion-builder-row fusion-row fusion-flex-align-items-flex-start fusion-flex-content-wrap\" style=\"width:104% !important;max-width:104% !important;margin-left: calc(-4% \/ 2 );margin-right: calc(-4% \/ 2 );\"><div class=\"fusion-layout-column fusion_builder_column fusion-builder-column-0 fusion_builder_column_1_1 1_1 fusion-flex-column\" style=\"--awb-bg-size:cover;--awb-width-large:100%;--awb-margin-top-large:0px;--awb-spacing-right-large:1.92%;--awb-margin-bottom-large:20px;--awb-spacing-left-large:1.92%;--awb-width-medium:100%;--awb-spacing-right-medium:1.92%;--awb-spacing-left-medium:1.92%;--awb-width-small:100%;--awb-spacing-right-small:1.92%;--awb-spacing-left-small:1.92%;\"><div class=\"fusion-column-wrapper fusion-flex-justify-content-flex-start fusion-content-layout-column\"><div class=\"fusion-recent-posts fusion-recent-posts-1 avada-container layout-date-on-side layout-columns-1\"><section class=\"fusion-columns columns fusion-columns-1 columns-1\"><article class=\"post fusion-column column col col-lg-12 col-md-12 col-sm-12\"><div class=\"fusion-date-and-formats\"><div class=\"fusion-date-box updated\"><span class=\"fusion-date\">12<\/span><span class=\"fusion-month-year\">05, 2026<\/span><\/div><div class=\"fusion-format-box\"><i class=\"awb-icon-pen\" aria-hidden=\"true\"><\/i><\/div><\/div><div class=\"recent-posts-content\"><span class=\"vcard\" style=\"display: none;\"><span class=\"fn\"><a href=\"https:\/\/mula.es\/web\/author\/rmartinez\/\" title=\"Entradas de Rosario Mart\u00ednez\" rel=\"author\">Rosario Mart\u00ednez<\/a><\/span><\/span><span class=\"updated\" style=\"display:none;\">2026-05-13T12:57:40+02:00<\/span><h4 class=\"entry-title\"><a href=\"https:\/\/mula.es\/web\/cultura-dia-internacional-de-los-museos-18-de-mayo\/\">CULTURA | D\u00eda Internacional de los Museos &#8211; 18 de mayo<\/a><\/h4><p class=\"meta\"><span class=\"vcard\" style=\"display: none;\"><span class=\"fn\"><a href=\"https:\/\/mula.es\/web\/author\/rmartinez\/\" title=\"Entradas de Rosario Mart\u00ednez\" rel=\"author\">Rosario Mart\u00ednez<\/a><\/span><\/span><span class=\"updated\" style=\"display:none;\">2026-05-13T12:57:40+02:00<\/span><span>martes, 12 mayo 2026<\/span><span class=\"fusion-inline-sep\">|<\/span><span class=\"fusion-comments\"><span>Comentarios desactivados<span class=\"screen-reader-text\"> en CULTURA | D\u00eda Internacional de los Museos &#8211; 18 de mayo<\/span><\/span><\/span><\/p><p> Con motivo del D\u00eda Internacional de los Museos, el Museo Ciudad de Mula ha preparado una programaci\u00f3n especial del 14 al 18 de mayo con jornadas de puertas abiertas, visitas guiadas y actividades para [...]<\/p><\/div><\/article><article class=\"post fusion-column column col col-lg-12 col-md-12 col-sm-12\"><div class=\"fusion-date-and-formats\"><div class=\"fusion-date-box updated\"><span class=\"fusion-date\">12<\/span><span class=\"fusion-month-year\">05, 2026<\/span><\/div><div class=\"fusion-format-box\"><i class=\"awb-icon-pen\" aria-hidden=\"true\"><\/i><\/div><\/div><div class=\"recent-posts-content\"><span class=\"vcard\" style=\"display: none;\"><span class=\"fn\"><a href=\"https:\/\/mula.es\/web\/author\/rmartinez\/\" title=\"Entradas de Rosario Mart\u00ednez\" rel=\"author\">Rosario Mart\u00ednez<\/a><\/span><\/span><span class=\"updated\" style=\"display:none;\">2026-05-12T13:11:42+02:00<\/span><h4 class=\"entry-title\"><a href=\"https:\/\/mula.es\/web\/cultura-cine-los-miserables-el-origen-16-y-17-de-mayo\/\">CULTURA | Cine: \u00abLos miserables: el origen\u00bb \u2013 16 y 17 de mayo<\/a><\/h4><p class=\"meta\"><span class=\"vcard\" style=\"display: none;\"><span class=\"fn\"><a href=\"https:\/\/mula.es\/web\/author\/rmartinez\/\" title=\"Entradas de Rosario Mart\u00ednez\" rel=\"author\">Rosario Mart\u00ednez<\/a><\/span><\/span><span class=\"updated\" style=\"display:none;\">2026-05-12T13:11:42+02:00<\/span><span>martes, 12 mayo 2026<\/span><span class=\"fusion-inline-sep\">|<\/span><span class=\"fusion-comments\"><span>Comentarios desactivados<span class=\"screen-reader-text\"> en CULTURA | Cine: \u00abLos miserables: el origen\u00bb \u2013 16 y 17 de mayo<\/span><\/span><\/span><\/p><p> Los miserables: el origen S\u00e1bado y domingo: Pases: 18:00 h. y 20:00 h. No recomendada para menores de 16 a\u00f1os. Cine Lope de Vega. Trailer: https:\/\/youtu.be\/AdNlxHG0rmA Toda la programaci\u00f3n en:www.ccine.es  Compra tus entradas [...]<\/p><\/div><\/article><article class=\"post fusion-column column col col-lg-12 col-md-12 col-sm-12\"><div class=\"fusion-date-and-formats\"><div class=\"fusion-date-box updated\"><span class=\"fusion-date\">11<\/span><span class=\"fusion-month-year\">05, 2026<\/span><\/div><div class=\"fusion-format-box\"><i class=\"awb-icon-pen\" aria-hidden=\"true\"><\/i><\/div><\/div><div class=\"recent-posts-content\"><span class=\"vcard\" style=\"display: none;\"><span class=\"fn\"><a href=\"https:\/\/mula.es\/web\/author\/lsalas\/\" title=\"Entradas de Laura Salas Orcajada\" rel=\"author\">Laura Salas Orcajada<\/a><\/span><\/span><span class=\"updated\" style=\"display:none;\">2026-05-11T11:48:01+02:00<\/span><h4 class=\"entry-title\"><a href=\"https:\/\/mula.es\/web\/turismo-mula-refuerza-su-apuesta-por-la-calidad-turistica-con-cinco-distintivos-sicted-incluido-el-museo-ciudad-de-mula\/\">TURISMO | Mula refuerza su apuesta por la calidad tur\u00edstica con cinco distintivos SICTED, incluido el Museo Ciudad de Mula<\/a><\/h4><p class=\"meta\"><span class=\"vcard\" style=\"display: none;\"><span class=\"fn\"><a href=\"https:\/\/mula.es\/web\/author\/lsalas\/\" title=\"Entradas de Laura Salas Orcajada\" rel=\"author\">Laura Salas Orcajada<\/a><\/span><\/span><span class=\"updated\" style=\"display:none;\">2026-05-11T11:48:01+02:00<\/span><span>lunes, 11 mayo 2026<\/span><span class=\"fusion-inline-sep\">|<\/span><span class=\"fusion-comments\"><span>Comentarios desactivados<span class=\"screen-reader-text\"> en TURISMO | Mula refuerza su apuesta por la calidad tur\u00edstica con cinco distintivos SICTED, incluido el Museo Ciudad de Mula<\/span><\/span><\/span><\/p><p>\u00a0 NOTA DE PRENSA \u201311 DE MAYO DE 2026 \u00a0 \u00a0 Mula refuerza su apuesta por la calidad tur\u00edstica con cinco distintivos SICTED, incluido el Museo Ciudad de Mula \u00a0 \u00a0 El Gran Casino de [...]<\/p><\/div><\/article><article class=\"post fusion-column column col col-lg-12 col-md-12 col-sm-12\"><div class=\"fusion-date-and-formats\"><div class=\"fusion-date-box updated\"><span class=\"fusion-date\">11<\/span><span class=\"fusion-month-year\">05, 2026<\/span><\/div><div class=\"fusion-format-box\"><i class=\"awb-icon-pen\" aria-hidden=\"true\"><\/i><\/div><\/div><div class=\"recent-posts-content\"><span class=\"vcard\" style=\"display: none;\"><span class=\"fn\"><a href=\"https:\/\/mula.es\/web\/author\/rmartinez\/\" title=\"Entradas de Rosario Mart\u00ednez\" rel=\"author\">Rosario Mart\u00ednez<\/a><\/span><\/span><span class=\"updated\" style=\"display:none;\">2026-05-11T11:45:29+02:00<\/span><h4 class=\"entry-title\"><a href=\"https:\/\/mula.es\/web\/medio-ambiente-nuevas-plantaciones-para-reforzar-las-zonas-verdes-y-mejorar-los-espacios-de-sombra-en-el-municipio%e2%81%a3\/\">MEDIO AMBIENTE | Nuevas plantaciones para reforzar las zonas verdes y mejorar los espacios de sombra en el municipio\u2063<\/a><\/h4><p class=\"meta\"><span class=\"vcard\" style=\"display: none;\"><span class=\"fn\"><a href=\"https:\/\/mula.es\/web\/author\/rmartinez\/\" title=\"Entradas de Rosario Mart\u00ednez\" rel=\"author\">Rosario Mart\u00ednez<\/a><\/span><\/span><span class=\"updated\" style=\"display:none;\">2026-05-11T11:45:29+02:00<\/span><span>lunes, 11 mayo 2026<\/span><span class=\"fusion-inline-sep\">|<\/span><span class=\"fusion-comments\"><span>Comentarios desactivados<span class=\"screen-reader-text\"> en MEDIO AMBIENTE | Nuevas plantaciones para reforzar las zonas verdes y mejorar los espacios de sombra en el municipio\u2063<\/span><\/span><\/span><\/p><p>El Ayuntamiento de Mula est\u00e1 desarrollando diversas actuaciones de plantaci\u00f3n y refuerzo del arbolado en distintos puntos del municipio, dentro de una l\u00ednea de trabajo orientada a mejorar el entorno urbano, aumentar las zonas verdes [...]<\/p><\/div><\/article><article class=\"post fusion-column column col col-lg-12 col-md-12 col-sm-12\"><div class=\"fusion-date-and-formats\"><div class=\"fusion-date-box updated\"><span class=\"fusion-date\">11<\/span><span class=\"fusion-month-year\">05, 2026<\/span><\/div><div class=\"fusion-format-box\"><i class=\"awb-icon-pen\" aria-hidden=\"true\"><\/i><\/div><\/div><div class=\"recent-posts-content\"><span class=\"vcard\" style=\"display: none;\"><span class=\"fn\"><a href=\"https:\/\/mula.es\/web\/author\/rmartinez\/\" title=\"Entradas de Rosario Mart\u00ednez\" rel=\"author\">Rosario Mart\u00ednez<\/a><\/span><\/span><span class=\"updated\" style=\"display:none;\">2026-05-11T10:40:29+02:00<\/span><h4 class=\"entry-title\"><a href=\"https:\/\/mula.es\/web\/educacion-el-ayuntamiento-de-mula-refuerza-su-compromiso-contra-el-absentismo-escolar-en-un-contexto-de-elevada-tasa-de-abandono-educativo-en-la-region-de-murcia\/\">EDUCACI\u00d3N | El Ayuntamiento de Mula refuerza su compromiso contra el absentismo escolar en un contexto de elevada tasa de abandono educativo en la Regi\u00f3n de Murcia<\/a><\/h4><p class=\"meta\"><span class=\"vcard\" style=\"display: none;\"><span class=\"fn\"><a href=\"https:\/\/mula.es\/web\/author\/rmartinez\/\" title=\"Entradas de Rosario Mart\u00ednez\" rel=\"author\">Rosario Mart\u00ednez<\/a><\/span><\/span><span class=\"updated\" style=\"display:none;\">2026-05-11T10:40:29+02:00<\/span><span>lunes, 11 mayo 2026<\/span><span class=\"fusion-inline-sep\">|<\/span><span class=\"fusion-comments\"><span>Comentarios desactivados<span class=\"screen-reader-text\"> en EDUCACI\u00d3N | El Ayuntamiento de Mula refuerza su compromiso contra el absentismo escolar en un contexto de elevada tasa de abandono educativo en la Regi\u00f3n de Murcia<\/span><\/span><\/span><\/p><p>Desde la concejal\u00eda de Educaci\u00f3n del Ayuntamiento de Mula se contin\u00faa trabajando de forma decidida para reducir el absentismo escolar mediante distintas medidas de car\u00e1cter preventivo y educativo recogidas en el Plan Municipal de Absentismo [...]<\/p><\/div><\/article><article class=\"post fusion-column column col col-lg-12 col-md-12 col-sm-12\"><div class=\"fusion-date-and-formats\"><div class=\"fusion-date-box updated\"><span class=\"fusion-date\">11<\/span><span class=\"fusion-month-year\">05, 2026<\/span><\/div><div class=\"fusion-format-box\"><i class=\"awb-icon-pen\" aria-hidden=\"true\"><\/i><\/div><\/div><div class=\"recent-posts-content\"><span class=\"vcard\" style=\"display: none;\"><span class=\"fn\"><a href=\"https:\/\/mula.es\/web\/author\/rmartinez\/\" title=\"Entradas de Rosario Mart\u00ednez\" rel=\"author\">Rosario Mart\u00ednez<\/a><\/span><\/span><span class=\"updated\" style=\"display:none;\">2026-05-11T10:37:06+02:00<\/span><h4 class=\"entry-title\"><a href=\"https:\/\/mula.es\/web\/alcaldia-bando-obligacion-de-mantener-solares-y-parcelas-en-adecuadas-condiciones-de-limpieza-salubridad-y-seguridad\/\">ALCALD\u00cdA | Bando obligaci\u00f3n de mantener solares y parcelas en adecuadas condiciones de limpieza, salubridad y seguridad<\/a><\/h4><p class=\"meta\"><span class=\"vcard\" style=\"display: none;\"><span class=\"fn\"><a href=\"https:\/\/mula.es\/web\/author\/rmartinez\/\" title=\"Entradas de Rosario Mart\u00ednez\" rel=\"author\">Rosario Mart\u00ednez<\/a><\/span><\/span><span class=\"updated\" style=\"display:none;\">2026-05-11T10:37:06+02:00<\/span><span>lunes, 11 mayo 2026<\/span><span class=\"fusion-inline-sep\">|<\/span><span class=\"fusion-comments\"><span>Comentarios desactivados<span class=\"screen-reader-text\"> en ALCALD\u00cdA | Bando obligaci\u00f3n de mantener solares y parcelas en adecuadas condiciones de limpieza, salubridad y seguridad<\/span><\/span><\/span><\/p><p>El Ayuntamiento de Mula recuerda, a trav\u00e9s de este bando, la obligaci\u00f3n de mantener solares y parcelas en adecuadas condiciones de limpieza, salubridad y seguridad, especialmente ante la llegada de las altas temperaturas y el [...]<\/p><\/div><\/article><article class=\"post fusion-column column col col-lg-12 col-md-12 col-sm-12\"><div class=\"fusion-date-and-formats\"><div class=\"fusion-date-box updated\"><span class=\"fusion-date\">11<\/span><span class=\"fusion-month-year\">05, 2026<\/span><\/div><div class=\"fusion-format-box\"><i class=\"awb-icon-pen\" aria-hidden=\"true\"><\/i><\/div><\/div><div class=\"recent-posts-content\"><span class=\"vcard\" style=\"display: none;\"><span class=\"fn\"><a href=\"https:\/\/mula.es\/web\/author\/rmartinez\/\" title=\"Entradas de Rosario Mart\u00ednez\" rel=\"author\">Rosario Mart\u00ednez<\/a><\/span><\/span><span class=\"updated\" style=\"display:none;\">2026-05-11T08:43:48+02:00<\/span><h4 class=\"entry-title\"><a href=\"https:\/\/mula.es\/web\/cultura-exposicion-cien-anos-imprenta-victoria-mula-1926-2026-14-de-mayo\/\">CULTURA | Exposici\u00f3n: \u00abCien a\u00f1os. Imprenta Victoria. Mula 1926-2026\u00bb &#8211; 14 de mayo<\/a><\/h4><p class=\"meta\"><span class=\"vcard\" style=\"display: none;\"><span class=\"fn\"><a href=\"https:\/\/mula.es\/web\/author\/rmartinez\/\" title=\"Entradas de Rosario Mart\u00ednez\" rel=\"author\">Rosario Mart\u00ednez<\/a><\/span><\/span><span class=\"updated\" style=\"display:none;\">2026-05-11T08:43:48+02:00<\/span><span>lunes, 11 mayo 2026<\/span><span class=\"fusion-inline-sep\">|<\/span><span class=\"fusion-comments\"><span>Comentarios desactivados<span class=\"screen-reader-text\"> en CULTURA | Exposici\u00f3n: \u00abCien a\u00f1os. Imprenta Victoria. Mula 1926-2026\u00bb &#8211; 14 de mayo<\/span><\/span><\/span><\/p><p>El Museo Ciudad de Mula acoger\u00e1 desde el pr\u00f3ximo 14 de mayo la exposici\u00f3n \u201cCien a\u00f1os. Imprenta Victoria. Mula 1926-2026\u201d, una muestra conmemorativa que permitir\u00e1 recorrer un siglo de historia local a trav\u00e9s de una [...]<\/p><\/div><\/article><article class=\"post fusion-column column col col-lg-12 col-md-12 col-sm-12\"><div class=\"fusion-date-and-formats\"><div class=\"fusion-date-box updated\"><span class=\"fusion-date\">11<\/span><span class=\"fusion-month-year\">05, 2026<\/span><\/div><div class=\"fusion-format-box\"><i class=\"awb-icon-pen\" aria-hidden=\"true\"><\/i><\/div><\/div><div class=\"recent-posts-content\"><span class=\"vcard\" style=\"display: none;\"><span class=\"fn\"><a href=\"https:\/\/mula.es\/web\/author\/rmartinez\/\" title=\"Entradas de Rosario Mart\u00ednez\" rel=\"author\">Rosario Mart\u00ednez<\/a><\/span><\/span><span class=\"updated\" style=\"display:none;\">2026-05-11T08:40:11+02:00<\/span><h4 class=\"entry-title\"><a href=\"https:\/\/mula.es\/web\/juventud-mercadillo-de-segunda-mano-rastro-zero\/\">JUVENTUD | Mercadillo de Segunda Mano: RASTRO ZERO<\/a><\/h4><p class=\"meta\"><span class=\"vcard\" style=\"display: none;\"><span class=\"fn\"><a href=\"https:\/\/mula.es\/web\/author\/rmartinez\/\" title=\"Entradas de Rosario Mart\u00ednez\" rel=\"author\">Rosario Mart\u00ednez<\/a><\/span><\/span><span class=\"updated\" style=\"display:none;\">2026-05-11T08:40:11+02:00<\/span><span>lunes, 11 mayo 2026<\/span><span class=\"fusion-inline-sep\">|<\/span><span class=\"fusion-comments\"><span>Comentarios desactivados<span class=\"screen-reader-text\"> en JUVENTUD | Mercadillo de Segunda Mano: RASTRO ZERO<\/span><\/span><\/span><\/p><p>El domingo 14 de junio se celebrar\u00e1 el mercadillo de segunda mano RASTRO ZERO, donde podr\u00e1s encontrar todo tipo de art\u00edculos esperando una nueva vida. Este evento no solo ofrece la oportunidad de adquirir productos [...]<\/p><\/div><\/article><article class=\"post fusion-column column col col-lg-12 col-md-12 col-sm-12\"><div class=\"fusion-date-and-formats\"><div class=\"fusion-date-box updated\"><span class=\"fusion-date\">7<\/span><span class=\"fusion-month-year\">05, 2026<\/span><\/div><div class=\"fusion-format-box\"><i class=\"awb-icon-pen\" aria-hidden=\"true\"><\/i><\/div><\/div><div class=\"recent-posts-content\"><span class=\"vcard\" style=\"display: none;\"><span class=\"fn\"><a href=\"https:\/\/mula.es\/web\/author\/lsalas\/\" title=\"Entradas de Laura Salas Orcajada\" rel=\"author\">Laura Salas Orcajada<\/a><\/span><\/span><span class=\"updated\" style=\"display:none;\">2026-05-07T14:08:25+02:00<\/span><h4 class=\"entry-title\"><a href=\"https:\/\/mula.es\/web\/cultura-presentacion-de-la-37-semana-de-cine-espanol-de-mula-y-el-32-certamen-nacional-de-cortos\/\">CULTURA | Presentaci\u00f3n de la 37 Semana de Cine Espa\u00f1ol de Mula y el 32 Certamen Nacional de Cortos<\/a><\/h4><p class=\"meta\"><span class=\"vcard\" style=\"display: none;\"><span class=\"fn\"><a href=\"https:\/\/mula.es\/web\/author\/lsalas\/\" title=\"Entradas de Laura Salas Orcajada\" rel=\"author\">Laura Salas Orcajada<\/a><\/span><\/span><span class=\"updated\" style=\"display:none;\">2026-05-07T14:08:25+02:00<\/span><span>jueves, 7 mayo 2026<\/span><span class=\"fusion-inline-sep\">|<\/span><span class=\"fusion-comments\"><span>Comentarios desactivados<span class=\"screen-reader-text\"> en CULTURA | Presentaci\u00f3n de la 37 Semana de Cine Espa\u00f1ol de Mula y el 32 Certamen Nacional de Cortos<\/span><\/span><\/span><\/p><p>\u00a0 NOTA DE PRENSA \u2013 7 DE MAYO DE 2026 \u00a0 \u00a0 La UMU acoge la presentaci\u00f3n de la 37 Semana de Cine Espa\u00f1ol de Mula y el 32 Certamen Nacional de Cortos, con homenaje [...]<\/p><\/div><\/article><article class=\"post fusion-column column col col-lg-12 col-md-12 col-sm-12\"><div class=\"fusion-date-and-formats\"><div class=\"fusion-date-box updated\"><span class=\"fusion-date\">29<\/span><span class=\"fusion-month-year\">04, 2026<\/span><\/div><div class=\"fusion-format-box\"><i class=\"awb-icon-pen\" aria-hidden=\"true\"><\/i><\/div><\/div><div class=\"recent-posts-content\"><span class=\"vcard\" style=\"display: none;\"><span class=\"fn\"><a href=\"https:\/\/mula.es\/web\/author\/rmartinez\/\" title=\"Entradas de Rosario Mart\u00ednez\" rel=\"author\">Rosario Mart\u00ednez<\/a><\/span><\/span><span class=\"updated\" style=\"display:none;\">2026-04-29T20:45:03+02:00<\/span><h4 class=\"entry-title\"><a href=\"https:\/\/mula.es\/web\/turismo-programacion-turistica-mayo-2026\/\">TURISMO | Programaci\u00f3n tur\u00edstica mayo 2026<\/a><\/h4><p class=\"meta\"><span class=\"vcard\" style=\"display: none;\"><span class=\"fn\"><a href=\"https:\/\/mula.es\/web\/author\/rmartinez\/\" title=\"Entradas de Rosario Mart\u00ednez\" rel=\"author\">Rosario Mart\u00ednez<\/a><\/span><\/span><span class=\"updated\" style=\"display:none;\">2026-04-29T20:45:03+02:00<\/span><span>mi\u00e9rcoles, 29 abril 2026<\/span><span class=\"fusion-inline-sep\">|<\/span><span class=\"fusion-comments\"><span>Comentarios desactivados<span class=\"screen-reader-text\"> en TURISMO | Programaci\u00f3n tur\u00edstica mayo 2026<\/span><\/span><\/span><\/p><p>Ya est\u00e1 disponible la programaci\u00f3n de visitas guiadas de mayo en Mula, una nueva oportunidad para seguir descubriendo nuestro patrimonio, nuestra historia y algunos de los rincones m\u00e1s singulares del municipio.\u00a0Durante este mes, vecinos, vecinas [...]<\/p><\/div><\/article><\/section><\/div><\/div><\/div><div class=\"fusion-layout-column fusion_builder_column fusion-builder-column-1 fusion_builder_column_1_1 1_1 fusion-flex-column\" style=\"--awb-bg-size:cover;--awb-width-large:100%;--awb-margin-top-large:0px;--awb-spacing-right-large:1.92%;--awb-margin-bottom-large:0px;--awb-spacing-left-large:1.92%;--awb-width-medium:100%;--awb-spacing-right-medium:1.92%;--awb-spacing-left-medium:1.92%;--awb-width-small:100%;--awb-spacing-right-small:1.92%;--awb-spacing-left-small:1.92%;\"><div class=\"fusion-column-wrapper fusion-flex-justify-content-flex-start fusion-content-layout-column\"><\/div><\/div><\/div><\/div>\n","protected":false},"excerpt":{"rendered":"","protected":false},"author":1,"featured_media":0,"parent":0,"menu_order":0,"comment_status":"closed","ping_status":"closed","template":"","meta":{"footnotes":""},"class_list":["post-12850","page","type-page","status-publish","hentry"],"yoast_head":"<!-- This site is optimized with the Yoast SEO plugin v27.6 - https:\/\/yoast.com\/product\/yoast-seo-wordpress\/ -->\n<title>Noticias - Ayuntamiento de Mula<\/title>\n<meta name=\"robots\" content=\"index, follow, max-snippet:-1, max-image-preview:large, max-video-preview:-1\" \/>\n<link rel=\"canonical\" href=\"https:\/\/mula.es\/web\/noticias\/\" \/>\n<meta property=\"og:locale\" content=\"es_ES\" \/>\n<meta property=\"og:type\" content=\"article\" \/>\n<meta property=\"og:title\" content=\"Noticias - Ayuntamiento de Mula\" \/>\n<meta property=\"og:url\" content=\"https:\/\/mula.es\/web\/noticias\/\" \/>\n<meta property=\"og:site_name\" content=\"Ayuntamiento de Mula\" \/>\n<meta property=\"article:modified_time\" content=\"2024-10-09T07:41:20+00:00\" \/>\n<meta property=\"og:image\" content=\"https:\/\/mula.es\/web\/wp-content\/uploads\/2020\/06\/escudo-cuadrado-e1591045058235.jpg\" \/>\n\t<meta property=\"og:image:width\" content=\"200\" \/>\n\t<meta property=\"og:image:height\" content=\"218\" \/>\n\t<meta property=\"og:image:type\" content=\"image\/jpeg\" \/>\n<meta name=\"twitter:card\" content=\"summary_large_image\" \/>\n<meta name=\"twitter:site\" content=\"@AyuntamientMula\" \/>\n<meta name=\"twitter:label1\" content=\"Tiempo de lectura\" \/>\n\t<meta name=\"twitter:data1\" content=\"5 minutos\" \/>\n<script type=\"application\/ld+json\" class=\"yoast-schema-graph\">{\"@context\":\"https:\\\/\\\/schema.org\",\"@graph\":[{\"@type\":\"WebPage\",\"@id\":\"https:\\\/\\\/mula.es\\\/web\\\/noticias\\\/\",\"url\":\"https:\\\/\\\/mula.es\\\/web\\\/noticias\\\/\",\"name\":\"Noticias - Ayuntamiento de Mula\",\"isPartOf\":{\"@id\":\"https:\\\/\\\/mula.es\\\/web\\\/#website\"},\"datePublished\":\"2016-02-03T11:26:47+00:00\",\"dateModified\":\"2024-10-09T07:41:20+00:00\",\"breadcrumb\":{\"@id\":\"https:\\\/\\\/mula.es\\\/web\\\/noticias\\\/#breadcrumb\"},\"inLanguage\":\"es\",\"potentialAction\":[{\"@type\":\"ReadAction\",\"target\":[\"https:\\\/\\\/mula.es\\\/web\\\/noticias\\\/\"]}]},{\"@type\":\"BreadcrumbList\",\"@id\":\"https:\\\/\\\/mula.es\\\/web\\\/noticias\\\/#breadcrumb\",\"itemListElement\":[{\"@type\":\"ListItem\",\"position\":1,\"name\":\"Portada\",\"item\":\"https:\\\/\\\/mula.es\\\/web\\\/\"},{\"@type\":\"ListItem\",\"position\":2,\"name\":\"Noticias\"}]},{\"@type\":\"WebSite\",\"@id\":\"https:\\\/\\\/mula.es\\\/web\\\/#website\",\"url\":\"https:\\\/\\\/mula.es\\\/web\\\/\",\"name\":\"Ayuntamiento de Mula\",\"description\":\"P\u00e1gina web del Ayuntamiento de Mula (Regi\u00f3n de Murcia)\",\"potentialAction\":[{\"@type\":\"SearchAction\",\"target\":{\"@type\":\"EntryPoint\",\"urlTemplate\":\"https:\\\/\\\/mula.es\\\/web\\\/?s={search_term_string}\"},\"query-input\":{\"@type\":\"PropertyValueSpecification\",\"valueRequired\":true,\"valueName\":\"search_term_string\"}}],\"inLanguage\":\"es\"}]}<\/script>\n<!-- \/ Yoast SEO plugin. -->","yoast_head_json":{"title":"Noticias - Ayuntamiento de Mula","robots":{"index":"index","follow":"follow","max-snippet":"max-snippet:-1","max-image-preview":"max-image-preview:large","max-video-preview":"max-video-preview:-1"},"canonical":"https:\/\/mula.es\/web\/noticias\/","og_locale":"es_ES","og_type":"article","og_title":"Noticias - Ayuntamiento de Mula","og_url":"https:\/\/mula.es\/web\/noticias\/","og_site_name":"Ayuntamiento de Mula","article_modified_time":"2024-10-09T07:41:20+00:00","og_image":[{"width":200,"height":218,"url":"https:\/\/mula.es\/web\/wp-content\/uploads\/2020\/06\/escudo-cuadrado-e1591045058235.jpg","type":"image\/jpeg"}],"twitter_card":"summary_large_image","twitter_site":"@AyuntamientMula","twitter_misc":{"Tiempo de lectura":"5 minutos"},"schema":{"@context":"https:\/\/schema.org","@graph":[{"@type":"WebPage","@id":"https:\/\/mula.es\/web\/noticias\/","url":"https:\/\/mula.es\/web\/noticias\/","name":"Noticias - Ayuntamiento de Mula","isPartOf":{"@id":"https:\/\/mula.es\/web\/#website"},"datePublished":"2016-02-03T11:26:47+00:00","dateModified":"2024-10-09T07:41:20+00:00","breadcrumb":{"@id":"https:\/\/mula.es\/web\/noticias\/#breadcrumb"},"inLanguage":"es","potentialAction":[{"@type":"ReadAction","target":["https:\/\/mula.es\/web\/noticias\/"]}]},{"@type":"BreadcrumbList","@id":"https:\/\/mula.es\/web\/noticias\/#breadcrumb","itemListElement":[{"@type":"ListItem","position":1,"name":"Portada","item":"https:\/\/mula.es\/web\/"},{"@type":"ListItem","position":2,"name":"Noticias"}]},{"@type":"WebSite","@id":"https:\/\/mula.es\/web\/#website","url":"https:\/\/mula.es\/web\/","name":"Ayuntamiento de Mula","description":"P\u00e1gina web del Ayuntamiento de Mula (Regi\u00f3n de Murcia)","potentialAction":[{"@type":"SearchAction","target":{"@type":"EntryPoint","urlTemplate":"https:\/\/mula.es\/web\/?s={search_term_string}"},"query-input":{"@type":"PropertyValueSpecification","valueRequired":true,"valueName":"search_term_string"}}],"inLanguage":"es"}]}},"_hostinger_reach_plugin_has_subscription_block":false,"_hostinger_reach_plugin_is_elementor":false,"jetpack_sharing_enabled":true,"jetpack_shortlink":"https:\/\/wp.me\/Pa9DMY-3lg","jetpack-related-posts":[],"_links":{"self":[{"href":"https:\/\/mula.es\/web\/wp-json\/wp\/v2\/pages\/12850","targetHints":{"allow":["GET"]}}],"collection":[{"href":"https:\/\/mula.es\/web\/wp-json\/wp\/v2\/pages"}],"about":[{"href":"https:\/\/mula.es\/web\/wp-json\/wp\/v2\/types\/page"}],"author":[{"embeddable":true,"href":"https:\/\/mula.es\/web\/wp-json\/wp\/v2\/users\/1"}],"replies":[{"embeddable":true,"href":"https:\/\/mula.es\/web\/wp-json\/wp\/v2\/comments?post=12850"}],"version-history":[{"count":28,"href":"https:\/\/mula.es\/web\/wp-json\/wp\/v2\/pages\/12850\/revisions"}],"predecessor-version":[{"id":55661,"href":"https:\/\/mula.es\/web\/wp-json\/wp\/v2\/pages\/12850\/revisions\/55661"}],"wp:attachment":[{"href":"https:\/\/mula.es\/web\/wp-json\/wp\/v2\/media?parent=12850"}],"curies":[{"name":"wp","href":"https:\/\/api.w.org\/{rel}","templated":true}]}}