{"id":13048,"date":"2016-02-04T13:45:50","date_gmt":"2016-02-04T13:45:50","guid":{"rendered":"http:\/\/mula.es\/web\/?page_id=13048"},"modified":"2024-04-25T06:05:31","modified_gmt":"2024-04-25T04:05:31","slug":"agenda-del-alcalde","status":"publish","type":"page","link":"https:\/\/mula.es\/web\/agenda-del-alcalde\/","title":{"rendered":"Agenda del Alcalde"},"content":{"rendered":"<div class=\"fusion-fullwidth fullwidth-box fusion-builder-row-1 fusion-flex-container hundred-percent-fullwidth non-hundred-percent-height-scrolling\" style=\"--awb-border-radius-top-left:0px;--awb-border-radius-top-right:0px;--awb-border-radius-bottom-right:0px;--awb-border-radius-bottom-left:0px;--awb-overflow:visible;--awb-flex-wrap:wrap;\" ><div class=\"fusion-builder-row fusion-row fusion-flex-align-items-flex-start fusion-flex-content-wrap\" style=\"width:104% !important;max-width:104% !important;margin-left: calc(-4% \/ 2 );margin-right: calc(-4% \/ 2 );\"><div class=\"fusion-layout-column fusion_builder_column fusion-builder-column-0 fusion_builder_column_1_1 1_1 fusion-flex-column\" style=\"--awb-bg-size:cover;--awb-width-large:100%;--awb-margin-top-large:0px;--awb-spacing-right-large:1.92%;--awb-margin-bottom-large:20px;--awb-spacing-left-large:1.92%;--awb-width-medium:100%;--awb-spacing-right-medium:1.92%;--awb-spacing-left-medium:1.92%;--awb-width-small:100%;--awb-spacing-right-small:1.92%;--awb-spacing-left-small:1.92%;\"><div class=\"fusion-column-wrapper fusion-flex-justify-content-flex-start fusion-content-layout-column\"><div class=\"fusion-text fusion-text-1\"><div class=\"simcal-calendar simcal-default-calendar simcal-default-calendar-list simcal-default-calendar-light\" data-calendar-id=\"21186\" data-timezone=\"Europe\/Madrid\" data-offset=\"7200\" data-week-start=\"1\" data-calendar-start=\"1775599200\" data-calendar-end=\"1775671200\" data-events-first=\"1775628900\" data-events-last=\"1775671200\"><div class=\"simcal-calendar-list \"><nav class=\"simcal-calendar-head\">\n\t<div class=\"simcal-nav\">\n\t\t<button class=\"simcal-nav-button simcal-prev\" title=\"Anterior\" aria-label=\"Anterior\">\n\t\t\t<i class=\"simcal-icon-left\"><\/i>\n\t\t<\/button>\n\t<\/div>\n\t<div class=\"simcal-nav simcal-current \" data-calendar-current=\"1775599200\">\n\t\t<h3 class=\"simcal-current-label\"> <\/h3>\n\t<\/div>\n\t<div class=\"simcal-nav\">\t\t<button class=\"simcal-nav-button simcal-next\" title=\"Siguiente\" aria-label=\"Siguiente\">\t\t\t<i class=\"simcal-icon-right\"><\/i>\n\t\t<\/button>\n\t<\/div>\n<\/nav>\n<dl class=\"simcal-events-list-container\" data-prev=\"1772924400\" data-next=\"1778191200\" data-heading-small=\"mi\u00e9rcoles, 08 abril 2026\" data-heading-large=\"mi\u00e9rcoles, 08 abril 2026\">\t<dt class=\"simcal-day-label\" style=\"border-bottom: 1px solid #899cc4;\" ><span style=\"background-color: #899cc4; color: #000000;\"><span class=\"simcal-date-format\" data-date-format=\"l, d F Y\">mi\u00e9rcoles, 08 abril 2026<\/span> <\/span><\/dt>\n<dd class=\"simcal-weekday-3 simcal-past simcal-day simcal-day-has-events simcal-day-has-1-events simcal-events-calendar-21186 simcal-day-has-events simcal-day-has-2-events simcal-events-calendar-21186 simcal-day-has-events simcal-day-has-3-events simcal-events-calendar-21186 simcal-day-has-events simcal-day-has-4-events simcal-events-calendar-21186\" data-events-count=\"4\">\n\t<ul class=\"simcal-events\">\n\t<li class=\"simcal-event simcal-event-has-location simcal-events-calendar-21186\" style=\"\" itemscope itemtype=\"http:\/\/schema.org\/Event\" data-start=\"1775628900\">\n\t\t<div class=\"simcal-event-details\"><p style=\"text-align: justify\"><strong><span class=\"simcal-event-title\" itemprop=\"name\">El Alcalde \u2013 Presidente del Excmo. Ayuntamiento de Mula se re\u00fane con el Jefe de la Polic\u00eda Local<\/span><\/strong><\/p>\n<p style=\"text-align: justify\"><span class=\"simcal-event-start simcal-event-start-date\" data-event-start=\"1775628900\" data-event-format=\"l, d F Y\" itemprop=\"startDate\" content=\"2026-04-08T08:15:00+02:00\">mi\u00e9rcoles, 08 abril 2026<\/span>&nbsp;a las&nbsp;<span class=\"simcal-event-start simcal-event-start-time\" data-event-start=\"1775628900\" data-event-format=\"H:i\" itemprop=\"startDate\" content=\"2026-04-08T08:15:00+02:00\">08:15<\/span> - <span class=\"simcal-event-end simcal-event-end-time\" data-event-end=\"1775635200\" data-event-format=\"H:i\" itemprop=\"endDate\" content=\"2026-04-08T10:00:00+02:00\">10:00<\/span><br \/>\n <span class=\"simcal-event-address simcal-event-start-location\" itemprop=\"location\" itemscope itemtype=\"http:\/\/schema.org\/Place\"><meta itemprop=\"name\" content=\"Ayuntamiento de Mula, Pl. Ayuntamiento, 8, 30170 Mula, Murcia, Espa\u00f1a\" \/><meta itemprop=\"address\" content=\"Ayuntamiento de Mula, Pl. Ayuntamiento, 8, 30170 Mula, Murcia, Espa\u00f1a\" \/>Ayuntamiento de Mula, Pl. Ayuntamiento, 8, 30170 Mula, Murcia, Espa\u00f1a<\/span><\/p>\n<div style=\"text-align: justify\"><\/div><\/div>\n\t<\/li>\n\t<li class=\"simcal-event simcal-event-has-location simcal-events-calendar-21186\" style=\"\" itemscope itemtype=\"http:\/\/schema.org\/Event\" data-start=\"1775635200\">\n\t\t<div class=\"simcal-event-details\"><p style=\"text-align: justify\"><strong><span class=\"simcal-event-title\" itemprop=\"name\">El Alcalde recibir\u00e1, en el Convento de San Francisco de Mula, a la delegaci\u00f3n del Consulado Chino y Fundaci\u00f3n de la C\u00e1tedra China<\/span><\/strong><\/p>\n<p style=\"text-align: justify\"><span class=\"simcal-event-start simcal-event-start-date\" data-event-start=\"1775635200\" data-event-format=\"l, d F Y\" itemprop=\"startDate\" content=\"2026-04-08T10:00:00+02:00\">mi\u00e9rcoles, 08 abril 2026<\/span>&nbsp;a las&nbsp;<span class=\"simcal-event-start simcal-event-start-time\" data-event-start=\"1775635200\" data-event-format=\"H:i\" itemprop=\"startDate\" content=\"2026-04-08T10:00:00+02:00\">10:00<\/span> - <span class=\"simcal-event-end simcal-event-end-time\" data-event-end=\"1775642400\" data-event-format=\"H:i\" itemprop=\"endDate\" content=\"2026-04-08T12:00:00+02:00\">12:00<\/span><br \/>\n <span class=\"simcal-event-address simcal-event-start-location\" itemprop=\"location\" itemscope itemtype=\"http:\/\/schema.org\/Place\"><meta itemprop=\"name\" content=\"Convento de San Francisco, 30170 Mula, Murcia, Espa\u00f1a\" \/><meta itemprop=\"address\" content=\"Convento de San Francisco, 30170 Mula, Murcia, Espa\u00f1a\" \/>Convento de San Francisco, 30170 Mula, Murcia, Espa\u00f1a<\/span><\/p>\n<div style=\"text-align: justify\"><\/div><\/div>\n\t<\/li>\n\t<li class=\"simcal-event simcal-event-has-location simcal-events-calendar-21186\" style=\"\" itemscope itemtype=\"http:\/\/schema.org\/Event\" data-start=\"1775642400\">\n\t\t<div class=\"simcal-event-details\"><p style=\"text-align: justify\"><strong><span class=\"simcal-event-title\" itemprop=\"name\">El Alcalde visitar\u00e1 la Planta Solar Fotovoltaica con representantes de CTG Empresa<\/span><\/strong><\/p>\n<p style=\"text-align: justify\"><span class=\"simcal-event-start simcal-event-start-date\" data-event-start=\"1775642400\" data-event-format=\"l, d F Y\" itemprop=\"startDate\" content=\"2026-04-08T12:00:00+02:00\">mi\u00e9rcoles, 08 abril 2026<\/span>&nbsp;a las&nbsp;<span class=\"simcal-event-start simcal-event-start-time\" data-event-start=\"1775642400\" data-event-format=\"H:i\" itemprop=\"startDate\" content=\"2026-04-08T12:00:00+02:00\">12:00<\/span> - <span class=\"simcal-event-end simcal-event-end-time\" data-event-end=\"1775649600\" data-event-format=\"H:i\" itemprop=\"endDate\" content=\"2026-04-08T14:00:00+02:00\">14:00<\/span><br \/>\n <span class=\"simcal-event-address simcal-event-start-location\" itemprop=\"location\" itemscope itemtype=\"http:\/\/schema.org\/Place\"><meta itemprop=\"name\" content=\"Mula, Murcia, Espa\u00f1a\" \/><meta itemprop=\"address\" content=\"Mula, Murcia, Espa\u00f1a\" \/>Mula, Murcia, Espa\u00f1a<\/span><\/p>\n<div style=\"text-align: justify\"><\/div><\/div>\n\t<\/li>\n\t<li class=\"simcal-event simcal-event-has-location simcal-events-calendar-21186\" style=\"\" itemscope itemtype=\"http:\/\/schema.org\/Event\" data-start=\"1775664000\">\n\t\t<div class=\"simcal-event-details\"><p style=\"text-align: justify\"><strong><span class=\"simcal-event-title\" itemprop=\"name\">El Alcalde recibe la visita de los ciudadanos del municipio con cita previa<\/span><\/strong><\/p>\n<p style=\"text-align: justify\"><span class=\"simcal-event-start simcal-event-start-date\" data-event-start=\"1775664000\" data-event-format=\"l, d F Y\" itemprop=\"startDate\" content=\"2026-04-08T18:00:00+02:00\">mi\u00e9rcoles, 08 abril 2026<\/span>&nbsp;a las&nbsp;<span class=\"simcal-event-start simcal-event-start-time\" data-event-start=\"1775664000\" data-event-format=\"H:i\" itemprop=\"startDate\" content=\"2026-04-08T18:00:00+02:00\">18:00<\/span> - <span class=\"simcal-event-end simcal-event-end-time\" data-event-end=\"1775671200\" data-event-format=\"H:i\" itemprop=\"endDate\" content=\"2026-04-08T20:00:00+02:00\">20:00<\/span><br \/>\n <span class=\"simcal-event-address simcal-event-start-location\" itemprop=\"location\" itemscope itemtype=\"http:\/\/schema.org\/Place\"><meta itemprop=\"name\" content=\"Ayuntamiento de Mula, Pl. Ayuntamiento, 8, 30170 Mula, Murcia, Espa\u00f1a\" \/><meta itemprop=\"address\" content=\"Ayuntamiento de Mula, Pl. Ayuntamiento, 8, 30170 Mula, Murcia, Espa\u00f1a\" \/>Ayuntamiento de Mula, Pl. Ayuntamiento, 8, 30170 Mula, Murcia, Espa\u00f1a<\/span><\/p>\n<div style=\"text-align: justify\"><\/div><\/div>\n\t<\/li>\n<\/ul>\n\n<\/dd>\n<\/dl><div class=\"simcal-ajax-loader simcal-spinner-top\" style=\"display: none;\"><i class=\"simcal-icon-spinner simcal-icon-spin\"><\/i><\/div><\/div><\/div>\n<\/div><\/div><\/div><div class=\"fusion-layout-column fusion_builder_column fusion-builder-column-1 fusion_builder_column_1_1 1_1 fusion-flex-column\" style=\"--awb-bg-size:cover;--awb-width-large:100%;--awb-margin-top-large:0px;--awb-spacing-right-large:1.92%;--awb-margin-bottom-large:20px;--awb-spacing-left-large:1.92%;--awb-width-medium:100%;--awb-spacing-right-medium:1.92%;--awb-spacing-left-medium:1.92%;--awb-width-small:100%;--awb-spacing-right-small:1.92%;--awb-spacing-left-small:1.92%;\"><div class=\"fusion-column-wrapper fusion-flex-justify-content-flex-start fusion-content-layout-column\"><div class=\"fusion-text fusion-text-2\"><h3 style=\"text-align: center;\"><a href=\"https:\/\/mula.es\/web\/calendar\/agenda-completa-alcalde-2024\/\"><strong>Hist\u00f3rico agenda 2024<\/strong><\/a><\/h3>\n<h3 style=\"text-align: center;\"><a href=\"https:\/\/mula.es\/web\/calendar\/agenda-completa-alcalde-2023\/\"><strong>Hist\u00f3rico agenda 2023<\/strong><\/a><\/h3>\n<h3 style=\"text-align: center;\"><a href=\"https:\/\/mula.es\/web\/calendar\/agenda-completa-alcalde-2022\/\"><strong>Hist\u00f3rico agenda 2022<\/strong><\/a><\/h3>\n<h3 style=\"text-align: center;\"><strong>Gu\u00eda de suscripci\u00f3n a la agenda: \u00a0 <a href=\"https:\/\/mula.es\/web\/suscripcion-agenda-del-alcalde-android\/\" target=\"_blank\" rel=\"noopener\">Android<\/a> &#8211; <a href=\"https:\/\/mula.es\/web\/suscripcion-a-agenda-del-alcalde-ios\/\" target=\"_blank\" rel=\"noopener\">iOS<\/a><\/strong><\/h3>\n<\/div><\/div><\/div><\/div><\/div>\n","protected":false},"excerpt":{"rendered":"","protected":false},"author":1,"featured_media":0,"parent":0,"menu_order":0,"comment_status":"closed","ping_status":"closed","template":"","meta":{"jetpack_post_was_ever_published":false,"footnotes":""},"class_list":["post-13048","page","type-page","status-publish","hentry"],"yoast_head":"<!-- This site is optimized with the Yoast SEO plugin v27.3 - https:\/\/yoast.com\/product\/yoast-seo-wordpress\/ -->\n<title>Agenda del Alcalde - Ayuntamiento de Mula<\/title>\n<meta name=\"robots\" content=\"index, follow, max-snippet:-1, max-image-preview:large, max-video-preview:-1\" \/>\n<link rel=\"canonical\" href=\"https:\/\/mula.es\/web\/agenda-del-alcalde\/\" \/>\n<meta property=\"og:locale\" content=\"es_ES\" \/>\n<meta property=\"og:type\" content=\"article\" \/>\n<meta property=\"og:title\" content=\"Agenda del Alcalde - Ayuntamiento de Mula\" \/>\n<meta property=\"og:url\" content=\"https:\/\/mula.es\/web\/agenda-del-alcalde\/\" \/>\n<meta property=\"og:site_name\" content=\"Ayuntamiento de Mula\" \/>\n<meta property=\"article:modified_time\" content=\"2024-04-25T04:05:31+00:00\" \/>\n<meta property=\"og:image\" content=\"https:\/\/mula.es\/web\/wp-content\/uploads\/2020\/06\/escudo-cuadrado-e1591045058235.jpg\" \/>\n\t<meta property=\"og:image:width\" content=\"200\" \/>\n\t<meta property=\"og:image:height\" content=\"218\" \/>\n\t<meta property=\"og:image:type\" content=\"image\/jpeg\" \/>\n<meta name=\"twitter:card\" content=\"summary_large_image\" \/>\n<meta name=\"twitter:site\" content=\"@AyuntamientMula\" \/>\n<meta name=\"twitter:label1\" content=\"Tiempo de lectura\" \/>\n\t<meta name=\"twitter:data1\" content=\"1 minuto\" \/>\n<script type=\"application\/ld+json\" class=\"yoast-schema-graph\">{\"@context\":\"https:\\\/\\\/schema.org\",\"@graph\":[{\"@type\":\"WebPage\",\"@id\":\"https:\\\/\\\/mula.es\\\/web\\\/agenda-del-alcalde\\\/\",\"url\":\"https:\\\/\\\/mula.es\\\/web\\\/agenda-del-alcalde\\\/\",\"name\":\"Agenda del Alcalde - Ayuntamiento de Mula\",\"isPartOf\":{\"@id\":\"https:\\\/\\\/mula.es\\\/web\\\/#website\"},\"datePublished\":\"2016-02-04T13:45:50+00:00\",\"dateModified\":\"2024-04-25T04:05:31+00:00\",\"breadcrumb\":{\"@id\":\"https:\\\/\\\/mula.es\\\/web\\\/agenda-del-alcalde\\\/#breadcrumb\"},\"inLanguage\":\"es\",\"potentialAction\":[{\"@type\":\"ReadAction\",\"target\":[\"https:\\\/\\\/mula.es\\\/web\\\/agenda-del-alcalde\\\/\"]}]},{\"@type\":\"BreadcrumbList\",\"@id\":\"https:\\\/\\\/mula.es\\\/web\\\/agenda-del-alcalde\\\/#breadcrumb\",\"itemListElement\":[{\"@type\":\"ListItem\",\"position\":1,\"name\":\"Portada\",\"item\":\"https:\\\/\\\/mula.es\\\/web\\\/\"},{\"@type\":\"ListItem\",\"position\":2,\"name\":\"Agenda del Alcalde\"}]},{\"@type\":\"WebSite\",\"@id\":\"https:\\\/\\\/mula.es\\\/web\\\/#website\",\"url\":\"https:\\\/\\\/mula.es\\\/web\\\/\",\"name\":\"Ayuntamiento de Mula\",\"description\":\"P\u00e1gina web del Ayuntamiento de Mula (Regi\u00f3n de Murcia)\",\"potentialAction\":[{\"@type\":\"SearchAction\",\"target\":{\"@type\":\"EntryPoint\",\"urlTemplate\":\"https:\\\/\\\/mula.es\\\/web\\\/?s={search_term_string}\"},\"query-input\":{\"@type\":\"PropertyValueSpecification\",\"valueRequired\":true,\"valueName\":\"search_term_string\"}}],\"inLanguage\":\"es\"}]}<\/script>\n<!-- \/ Yoast SEO plugin. -->","yoast_head_json":{"title":"Agenda del Alcalde - Ayuntamiento de Mula","robots":{"index":"index","follow":"follow","max-snippet":"max-snippet:-1","max-image-preview":"max-image-preview:large","max-video-preview":"max-video-preview:-1"},"canonical":"https:\/\/mula.es\/web\/agenda-del-alcalde\/","og_locale":"es_ES","og_type":"article","og_title":"Agenda del Alcalde - Ayuntamiento de Mula","og_url":"https:\/\/mula.es\/web\/agenda-del-alcalde\/","og_site_name":"Ayuntamiento de Mula","article_modified_time":"2024-04-25T04:05:31+00:00","og_image":[{"width":200,"height":218,"url":"https:\/\/mula.es\/web\/wp-content\/uploads\/2020\/06\/escudo-cuadrado-e1591045058235.jpg","type":"image\/jpeg"}],"twitter_card":"summary_large_image","twitter_site":"@AyuntamientMula","twitter_misc":{"Tiempo de lectura":"1 minuto"},"schema":{"@context":"https:\/\/schema.org","@graph":[{"@type":"WebPage","@id":"https:\/\/mula.es\/web\/agenda-del-alcalde\/","url":"https:\/\/mula.es\/web\/agenda-del-alcalde\/","name":"Agenda del Alcalde - Ayuntamiento de Mula","isPartOf":{"@id":"https:\/\/mula.es\/web\/#website"},"datePublished":"2016-02-04T13:45:50+00:00","dateModified":"2024-04-25T04:05:31+00:00","breadcrumb":{"@id":"https:\/\/mula.es\/web\/agenda-del-alcalde\/#breadcrumb"},"inLanguage":"es","potentialAction":[{"@type":"ReadAction","target":["https:\/\/mula.es\/web\/agenda-del-alcalde\/"]}]},{"@type":"BreadcrumbList","@id":"https:\/\/mula.es\/web\/agenda-del-alcalde\/#breadcrumb","itemListElement":[{"@type":"ListItem","position":1,"name":"Portada","item":"https:\/\/mula.es\/web\/"},{"@type":"ListItem","position":2,"name":"Agenda del Alcalde"}]},{"@type":"WebSite","@id":"https:\/\/mula.es\/web\/#website","url":"https:\/\/mula.es\/web\/","name":"Ayuntamiento de Mula","description":"P\u00e1gina web del Ayuntamiento de Mula (Regi\u00f3n de Murcia)","potentialAction":[{"@type":"SearchAction","target":{"@type":"EntryPoint","urlTemplate":"https:\/\/mula.es\/web\/?s={search_term_string}"},"query-input":{"@type":"PropertyValueSpecification","valueRequired":true,"valueName":"search_term_string"}}],"inLanguage":"es"}]}},"_hostinger_reach_plugin_has_subscription_block":false,"_hostinger_reach_plugin_is_elementor":false,"jetpack_sharing_enabled":true,"jetpack_shortlink":"https:\/\/wp.me\/Pa9DMY-3os","jetpack-related-posts":[],"_links":{"self":[{"href":"https:\/\/mula.es\/web\/wp-json\/wp\/v2\/pages\/13048","targetHints":{"allow":["GET"]}}],"collection":[{"href":"https:\/\/mula.es\/web\/wp-json\/wp\/v2\/pages"}],"about":[{"href":"https:\/\/mula.es\/web\/wp-json\/wp\/v2\/types\/page"}],"author":[{"embeddable":true,"href":"https:\/\/mula.es\/web\/wp-json\/wp\/v2\/users\/1"}],"replies":[{"embeddable":true,"href":"https:\/\/mula.es\/web\/wp-json\/wp\/v2\/comments?post=13048"}],"version-history":[{"count":22,"href":"https:\/\/mula.es\/web\/wp-json\/wp\/v2\/pages\/13048\/revisions"}],"predecessor-version":[{"id":53544,"href":"https:\/\/mula.es\/web\/wp-json\/wp\/v2\/pages\/13048\/revisions\/53544"}],"wp:attachment":[{"href":"https:\/\/mula.es\/web\/wp-json\/wp\/v2\/media?parent=13048"}],"curies":[{"name":"wp","href":"https:\/\/api.w.org\/{rel}","templated":true}]}}