{"id":13148,"date":"2016-02-05T11:36:42","date_gmt":"2016-02-05T10:36:42","guid":{"rendered":"http:\/\/mula.es\/web\/?page_id=13148"},"modified":"2023-03-01T17:33:42","modified_gmt":"2023-03-01T16:33:42","slug":"tramites-municipales","status":"publish","type":"page","link":"https:\/\/mula.es\/web\/tramites-municipales\/","title":{"rendered":"Tr\u00e1mites e Instancias Municipales"},"content":{"rendered":"<div class=\"fusion-fullwidth fullwidth-box fusion-builder-row-1 fusion-flex-container hundred-percent-fullwidth non-hundred-percent-height-scrolling\" style=\"--awb-border-radius-top-left:0px;--awb-border-radius-top-right:0px;--awb-border-radius-bottom-right:0px;--awb-border-radius-bottom-left:0px;--awb-overflow:visible;--awb-flex-wrap:wrap;\" ><div class=\"fusion-builder-row fusion-row fusion-flex-align-items-flex-start fusion-flex-content-wrap\" style=\"width:104% !important;max-width:104% !important;margin-left: calc(-4% \/ 2 );margin-right: calc(-4% \/ 2 );\"><div class=\"fusion-layout-column fusion_builder_column fusion-builder-column-0 fusion_builder_column_1_1 1_1 fusion-flex-column\" style=\"--awb-bg-size:cover;--awb-width-large:100%;--awb-margin-top-large:0px;--awb-spacing-right-large:1.92%;--awb-margin-bottom-large:20px;--awb-spacing-left-large:1.92%;--awb-width-medium:100%;--awb-spacing-right-medium:1.92%;--awb-spacing-left-medium:1.92%;--awb-width-small:100%;--awb-spacing-right-small:1.92%;--awb-spacing-left-small:1.92%;\"><div class=\"fusion-column-wrapper fusion-flex-justify-content-flex-start fusion-content-layout-column\"><div class=\"fusion-text fusion-text-1\"><p style=\"text-align: justify;\">En esta secci\u00f3n puede encontrar diversos modelos de instancias e instrucciones para tr\u00e1mites municipales. Le recordamos que puede realizar cualquiera de estos tr\u00e1mites de manera telem\u00e1tica con su certificado electr\u00f3nico o sistema cl@ve a trav\u00e9s de la <a href=\"https:\/\/sede.mula.regiondemurcia.es\">SEDE ELECTR\u00d3NICA DEL AYUNTAMIENTO DE MULA<\/a> o el <a href=\"https:\/\/rec.redsara.es\">REGISTRO ELECTR\u00d3NICO COM\u00daN<\/a> en caso de error de la misma.<\/p>\n<p style=\"text-align: justify;\">En la <a href=\"https:\/\/sede.mula.regiondemurcia.es\">SEDE ELECTR\u00d3NICA DEL AYUNTAMIENTO DE MULA<\/a> se encuentran disponibles m\u00e1s de 80 tr\u00e1mites que puede encontrar f\u00e1cilmente a trav\u00e9s del cat\u00e1logo, o buscar directamente en el buscador disponible en la parte superior. Algunos de estos tr\u00e1mites son totalmente automatizados como el de certificado de empadronamiento, obteniendo la documentaci\u00f3n en el acto, y otros incluyen la generaci\u00f3n autom\u00e1tica de la carta de pago que le permiten realizar el pago una vez lo ha presentado en la misma <a href=\"https:\/\/sede.mula.regiondemurcia.es\">SEDE<\/a>.<\/p>\n<p>S\u00f3lo en el caso de que no encuentre el tr\u00e1mite que busca le aconsejamos usar la <a href=\"https:\/\/sede.mula.regiondemurcia.es\/\/web\/inicioWebc.do?opcion=noreg&amp;entidad=30029&amp;redirige=d2ViL2ZpY2hhQXN1bnRvLmRvP29wY2lvbj0wJmFzYXNfaWRlX2FzdT0yMTExJnJ1dGE9L3dlYi9hc3VudG9zTWFzVXN1YWxlcy5kbz9vcGNpb249MCFwZXJpb2RvPTA=\">INSTANCIA GENERAL<\/a> donde no necesita cumplimentar previamente ning\u00fan documento, pues directamente la propia <a href=\"https:\/\/sede.mula.regiondemurcia.es\">SEDE<\/a> genera la instancia y le permite anexar documentos.<\/p>\n<\/div><div class=\"accordian fusion-accordian\" style=\"--awb-border-size:1px;--awb-icon-size:13px;--awb-content-font-size:15px;--awb-icon-alignment:left;--awb-hover-color:#f9f9f9;--awb-border-color:#cccccc;--awb-background-color:#ffffff;--awb-divider-color:#e0dede;--awb-divider-hover-color:#e0dede;--awb-icon-color:#ffffff;--awb-title-color:#333333;--awb-content-color:#747474;--awb-icon-box-color:#333333;--awb-toggle-hover-accent-color:#e10707;--awb-title-font-family:&quot;Antic Slab&quot;;--awb-title-font-weight:regular;--awb-title-font-style:normal;--awb-title-font-size:15px;--awb-content-font-family:&quot;PT Sans&quot;;--awb-content-font-style:normal;--awb-content-font-weight:400;\"><div class=\"panel-group fusion-toggle-icon-boxed\" id=\"accordion-13148-1\"><div class=\"fusion-panel panel-default panel-cc7d4862a5dfa1eae fusion-toggle-has-divider\" style=\"--awb-title-color:#333333;--awb-content-color:#747474;\"><div class=\"panel-heading\"><h4 class=\"panel-title toggle\" id=\"toggle_cc7d4862a5dfa1eae\"><a aria-expanded=\"false\" aria-controls=\"cc7d4862a5dfa1eae\" role=\"button\" data-toggle=\"collapse\" data-parent=\"#accordion-13148-1\" data-target=\"#cc7d4862a5dfa1eae\" href=\"#cc7d4862a5dfa1eae\"><span class=\"fusion-toggle-icon-wrapper\" aria-hidden=\"true\"><i class=\"fa-fusion-box active-icon awb-icon-minus\" aria-hidden=\"true\"><\/i><i class=\"fa-fusion-box inactive-icon awb-icon-plus\" aria-hidden=\"true\"><\/i><\/span><span class=\"fusion-toggle-heading\">Instancia general<\/span><\/a><\/h4><\/div><div id=\"cc7d4862a5dfa1eae\" class=\"panel-collapse collapse \" aria-labelledby=\"toggle_cc7d4862a5dfa1eae\"><div class=\"panel-body toggle-content fusion-clearfix\">\n<ul>\n<li><a href=\"https:\/\/mula.es\/web\/wp-content\/uploads\/2022\/11\/instancia_general_v2.pdf\" target=\"_blank\" rel=\"noopener\">Instancia general<\/a><\/li>\n<\/ul>\n<\/div><\/div><\/div><div class=\"fusion-panel panel-default panel-473f4e8e7611c3907 fusion-toggle-has-divider\" style=\"--awb-title-color:#333333;--awb-content-color:#747474;\"><div class=\"panel-heading\"><h4 class=\"panel-title toggle\" id=\"toggle_473f4e8e7611c3907\"><a aria-expanded=\"false\" aria-controls=\"473f4e8e7611c3907\" role=\"button\" data-toggle=\"collapse\" data-parent=\"#accordion-13148-1\" data-target=\"#473f4e8e7611c3907\" href=\"#473f4e8e7611c3907\"><span class=\"fusion-toggle-icon-wrapper\" aria-hidden=\"true\"><i class=\"fa-fusion-box active-icon awb-icon-minus\" aria-hidden=\"true\"><\/i><i class=\"fa-fusion-box inactive-icon awb-icon-plus\" aria-hidden=\"true\"><\/i><\/span><span class=\"fusion-toggle-heading\">Estad\u00edstica y Padr\u00f3n<\/span><\/a><\/h4><\/div><div id=\"473f4e8e7611c3907\" class=\"panel-collapse collapse \" aria-labelledby=\"toggle_473f4e8e7611c3907\"><div class=\"panel-body toggle-content fusion-clearfix\">\n<ul>\n<li><a href=\"https:\/\/mula.es\/web\/wp-content\/uploads\/2020\/01\/FormularioPMH5.pdf\" target=\"_blank\" rel=\"noopener noreferrer\">Hoja de alta\/cambio de domicilio\/modificaci\u00f3n en el Padr\u00f3n de Habitantes<\/a><br \/>\nLos requisitos y documentaci\u00f3n a aportar se encuentran en la segunda p\u00e1gina de la hoja padronal.<\/li>\n<li><a href=\"https:\/\/mula.es\/web\/wp-content\/uploads\/2022\/11\/solicitud_certificado_residencia_v2.pdf\" target=\"_blank\" rel=\"noopener\">Solicitud certificado de residencia<\/a><\/li>\n<li><a href=\"https:\/\/mula.es\/web\/wp-content\/uploads\/2022\/11\/solicitud_baja_padron_v2.pdf\" target=\"_blank\" rel=\"noopener\">Solicitud de baja en el padr\u00f3n<\/a><\/li>\n<\/ul>\n<\/div><\/div><\/div><div class=\"fusion-panel panel-default panel-ca1c79ea04fa9fee9 fusion-toggle-has-divider\"><div class=\"panel-heading\"><h4 class=\"panel-title toggle\" id=\"toggle_ca1c79ea04fa9fee9\"><a aria-expanded=\"false\" aria-controls=\"ca1c79ea04fa9fee9\" role=\"button\" data-toggle=\"collapse\" data-parent=\"#accordion-13148-1\" data-target=\"#ca1c79ea04fa9fee9\" href=\"#ca1c79ea04fa9fee9\"><span class=\"fusion-toggle-icon-wrapper\" aria-hidden=\"true\"><i class=\"fa-fusion-box active-icon awb-icon-minus\" aria-hidden=\"true\"><\/i><i class=\"fa-fusion-box inactive-icon awb-icon-plus\" aria-hidden=\"true\"><\/i><\/span><span class=\"fusion-toggle-heading\">Licencia de Actividades - Declaraci\u00f3n Responsable<\/span><\/a><\/h4><\/div><div id=\"ca1c79ea04fa9fee9\" class=\"panel-collapse collapse \" aria-labelledby=\"toggle_ca1c79ea04fa9fee9\"><div class=\"panel-body toggle-content fusion-clearfix\">\n<ul>\n<li><a href=\"https:\/\/mula.es\/web\/wp-content\/uploads\/2016\/02\/NUEVA-Gu\u00eda-para-la-tramitaci\u00f3n-de-Licencias-de-Actividad-y-Declaraciones-Responsables.pdf\">Gu\u00eda para la tramitaci\u00f3n de licencias de actividad y declaraciones responsables<\/a><\/li>\n<li><a href=\"https:\/\/mula.es\/web\/wp-content\/uploads\/2016\/02\/Modelo-DR-12-12-_DECLARACI\u00d3N-RESPONSABLE-INICIO-DE-ACTIVIDAD-12-12.pdf\" target=\"_blank\" rel=\"noopener noreferrer\">Modelo DR-12-12 &#8211; Declaraci\u00f3n responsable inicio de actividad Ley 12\/2012<\/a><\/li>\n<li><a href=\"https:\/\/mula.es\/web\/wp-content\/uploads\/2016\/02\/Modelo-CT-12-12-CAMBIO-DE-TITULAR-DE-ACTIVIDAD-12-12.pdf\" target=\"_blank\" rel=\"noopener noreferrer\">Modelo CT-12-12 &#8211; Cambio de titular actividad Ley 12\/2012<\/a><\/li>\n<li><a href=\"https:\/\/mula.es\/web\/wp-content\/uploads\/2016\/02\/Modelo-DR-02-16-_DECLARACI\u00d3N-RESPONSABLE-INICIO-DE-ACTIVIDAD-DECRETO-LEY-2-2016_v2.pdf\" target=\"_blank\" rel=\"noopener noreferrer\">Modelo DR-02-16 &#8211; Declaraci\u00f3n responsable inicio de actividad Decreto Ley 2\/2016<\/a><\/li>\n<li><a href=\"https:\/\/mula.es\/web\/wp-content\/uploads\/2016\/02\/Modelo-CT-02-16-CAMBIO-DE-TITULAR-DE-ACTIVIDAD-2-16.pdf\" target=\"_blank\" rel=\"noopener noreferrer\">Modelo CT-02-16 &#8211; Cambio de titular de actividad Decreto Ley 2\/2016<\/a><\/li>\n<li><a href=\"https:\/\/mula.es\/web\/wp-content\/uploads\/2016\/02\/Modelo-LA-02-16-_LICENCIA-ACTIVIDAD-CALIFICACI\u00d3N-AMBIENTAL-DECRETO-LEY-2-2016.pdf\" target=\"_blank\" rel=\"noopener noreferrer\">Modelo LA-02-16 &#8211; Licencia de actividad &#8211; Calificaci\u00f3n ambiental<\/a><\/li>\n<li><a href=\"https:\/\/mula.es\/web\/wp-content\/uploads\/2016\/02\/Modelo-CT-LA-02-16-CAMBIO-DE-TITULAR-DE-LICENCIA-E-ACTIVIDAD-02-16.pdf\" target=\"_blank\" rel=\"noopener noreferrer\">Modelo CT-LA-02-16 &#8211; Cambio de titular de licencia y actividad sometida a calificaci\u00f3n ambiental<\/a><\/li>\n<li><a href=\"https:\/\/mula.es\/web\/wp-content\/uploads\/2016\/02\/Modelo-CESE-LA-CESE-DE-ACTIVIDAD.pdf\" target=\"_blank\" rel=\"noopener noreferrer\">Modelo CESE &#8211; Cese de la actividad<\/a><\/li>\n<li><a href=\"https:\/\/mula.es\/web\/wp-content\/uploads\/2016\/02\/Modelo-CP-01-CONSULTA-PREVIA.pdf\" target=\"_blank\" rel=\"noopener noreferrer\">Modelo CP-01 &#8211; Consulta previa (Viabilidad)<\/a><\/li>\n<li><a href=\"https:\/\/mula.es\/web\/wp-content\/uploads\/2016\/02\/MODELO-CF-01-CERTIFICADO-CUMPLIMIENTO-LICENCIA-ACTIVIDAD-CALIFICACION-AMBIENTAL-.docx\">Modelo CF-01 Certificado cumplimiento licencia actividad-calificaci\u00f3n ambiental<\/a><\/li>\n<li><a href=\"https:\/\/mula.es\/web\/wp-content\/uploads\/2016\/02\/MODELO-CF-02-CERTIFICADO-CUMPLIMIENTO-ACTIVIDADES-DECLARACI\u00d3N-RESPONSABLE-NO-INOCUAS.docx\">Modelo CF-02 Certificado cumplimiento actividades declaraci\u00f3n responsable no inocuas<\/a><\/li>\n<li><a href=\"https:\/\/mula.es\/web\/wp-content\/uploads\/2016\/02\/MODELO-CF-03-CERTIFICADO-CUMPLIMIENTO-CONDICIONES-ANEXO-II-INOCUAS-.docx\">Modelo CF-03 Certificado cumplimiento condiciones anexo II Inocuas<\/a><\/li>\n<\/ul>\n<\/div><\/div><\/div><div class=\"fusion-panel panel-default panel-59315e6caca7a46b8 fusion-toggle-has-divider\" style=\"--awb-title-color:#333333;--awb-content-color:#747474;\"><div class=\"panel-heading\"><h4 class=\"panel-title toggle\" id=\"toggle_59315e6caca7a46b8\"><a aria-expanded=\"false\" aria-controls=\"59315e6caca7a46b8\" role=\"button\" data-toggle=\"collapse\" data-parent=\"#accordion-13148-1\" data-target=\"#59315e6caca7a46b8\" href=\"#59315e6caca7a46b8\"><span class=\"fusion-toggle-icon-wrapper\" aria-hidden=\"true\"><i class=\"fa-fusion-box active-icon awb-icon-minus\" aria-hidden=\"true\"><\/i><i class=\"fa-fusion-box inactive-icon awb-icon-plus\" aria-hidden=\"true\"><\/i><\/span><span class=\"fusion-toggle-heading\">Urbanismo<\/span><\/a><\/h4><\/div><div id=\"59315e6caca7a46b8\" class=\"panel-collapse collapse \" aria-labelledby=\"toggle_59315e6caca7a46b8\"><div class=\"panel-body toggle-content fusion-clearfix\">\n<ul>\n<li><a href=\"https:\/\/mula.es\/web\/wp-content\/uploads\/2021\/03\/M_Anexo-I-Rev.4.pdf\">Anexo I de la ordenanza<\/a><\/li>\n<li><a href=\"https:\/\/mula.es\/web\/wp-content\/uploads\/2021\/03\/M_CPMU-Rev.4.pdf\">Comunicaci\u00f3n previa en materia de urbanismo (M_CPMU)<\/a><\/li>\n<li><a href=\"https:\/\/mula.es\/web\/wp-content\/uploads\/2021\/03\/M_DRMU-Rev.4.pdf\">Declaraci\u00f3n responsable en materia de urbanismo (M_DRMU)<\/a><\/li>\n<li><a href=\"https:\/\/mula.es\/web\/wp-content\/uploads\/2021\/03\/M_LU-Rev.4.pdf\">Licencia urban\u00edstica (M_LU)<\/a><\/li>\n<li><a href=\"https:\/\/mula.es\/web\/wp-content\/uploads\/2022\/12\/M_DRPSO_v2.pdf\" target=\"_blank\" rel=\"noopener\">Declaraci\u00f3n responsable de primera ocupaci\u00f3n en edificaciones (M_DRPSO)<\/a><\/li>\n<li><a href=\"https:\/\/mula.es\/web\/wp-content\/uploads\/2022\/12\/M_DRPSO_2a_OCUP_v2.pdf\" target=\"_blank\" rel=\"noopener\">Declaraci\u00f3n responsable de segunda ocupaci\u00f3n en edificaciones<\/a><\/li>\n<\/ul>\n<\/div><\/div><\/div><div class=\"fusion-panel panel-default panel-2b25d7606457895ca fusion-toggle-has-divider\" style=\"--awb-title-color:#333333;--awb-content-color:#747474;\"><div class=\"panel-heading\"><h4 class=\"panel-title toggle\" id=\"toggle_2b25d7606457895ca\"><a aria-expanded=\"false\" aria-controls=\"2b25d7606457895ca\" role=\"button\" data-toggle=\"collapse\" data-parent=\"#accordion-13148-1\" data-target=\"#2b25d7606457895ca\" href=\"#2b25d7606457895ca\"><span class=\"fusion-toggle-icon-wrapper\" aria-hidden=\"true\"><i class=\"fa-fusion-box active-icon awb-icon-minus\" aria-hidden=\"true\"><\/i><i class=\"fa-fusion-box inactive-icon awb-icon-plus\" aria-hidden=\"true\"><\/i><\/span><span class=\"fusion-toggle-heading\">Ocupaci\u00f3n de terrazas v\u00eda p\u00fablica<\/span><\/a><\/h4><\/div><div id=\"2b25d7606457895ca\" class=\"panel-collapse collapse \" aria-labelledby=\"toggle_2b25d7606457895ca\"><div class=\"panel-body toggle-content fusion-clearfix\">\n<ul>\n<li><a href=\"https:\/\/mula.es\/web\/wp-content\/uploads\/2022\/11\/solicitud_licencia_ocupacion_via_publica_v2.pdf\" target=\"_blank\" rel=\"noopener\">Solicitud de licencia para ocupaci\u00f3n de v\u00eda p\u00fablica con terrazas y otras instalaciones<\/a><\/li>\n<\/ul>\n<\/div><\/div><\/div><div class=\"fusion-panel panel-default panel-db5397e4f04f472bf fusion-toggle-has-divider\" style=\"--awb-title-color:#333333;--awb-content-color:#747474;\"><div class=\"panel-heading\"><h4 class=\"panel-title toggle\" id=\"toggle_db5397e4f04f472bf\"><a aria-expanded=\"false\" aria-controls=\"db5397e4f04f472bf\" role=\"button\" data-toggle=\"collapse\" data-parent=\"#accordion-13148-1\" data-target=\"#db5397e4f04f472bf\" href=\"#db5397e4f04f472bf\"><span class=\"fusion-toggle-icon-wrapper\" aria-hidden=\"true\"><i class=\"fa-fusion-box active-icon awb-icon-minus\" aria-hidden=\"true\"><\/i><i class=\"fa-fusion-box inactive-icon awb-icon-plus\" aria-hidden=\"true\"><\/i><\/span><span class=\"fusion-toggle-heading\">Rentas: Exenciones de veh\u00edculos<\/span><\/a><\/h4><\/div><div id=\"db5397e4f04f472bf\" class=\"panel-collapse collapse \" aria-labelledby=\"toggle_db5397e4f04f472bf\"><div class=\"panel-body toggle-content fusion-clearfix\">\n<ul>\n<li><a href=\"https:\/\/mula.es\/web\/wp-content\/uploads\/2022\/11\/solicitud_exencion_ivtm_vehiculo_agricola_v2.pdf\" target=\"_blank\" rel=\"noopener\">Solicitud exenci\u00f3n I.V.T.M. &#8211; Veh\u00edculo agr\u00edcola<\/a><\/li>\n<li><a href=\"https:\/\/mula.es\/web\/wp-content\/uploads\/2022\/11\/solicitud_exencion_ivtm_vehiculo_MINUSVALIA_v2.pdf\" target=\"_blank\" rel=\"noopener\">Solicitud exenci\u00f3n I.V.T.M. &#8211; Minusval\u00eda<\/a><\/li>\n<\/ul>\n<\/div><\/div><\/div><div class=\"fusion-panel panel-default panel-29838629a2007a253 fusion-toggle-has-divider\" style=\"--awb-title-color:#333333;--awb-content-color:#747474;\"><div class=\"panel-heading\"><h4 class=\"panel-title toggle\" id=\"toggle_29838629a2007a253\"><a aria-expanded=\"false\" aria-controls=\"29838629a2007a253\" role=\"button\" data-toggle=\"collapse\" data-parent=\"#accordion-13148-1\" data-target=\"#29838629a2007a253\" href=\"#29838629a2007a253\"><span class=\"fusion-toggle-icon-wrapper\" aria-hidden=\"true\"><i class=\"fa-fusion-box active-icon awb-icon-minus\" aria-hidden=\"true\"><\/i><i class=\"fa-fusion-box inactive-icon awb-icon-plus\" aria-hidden=\"true\"><\/i><\/span><span class=\"fusion-toggle-heading\">Seguridad Ciudadana<\/span><\/a><\/h4><\/div><div id=\"29838629a2007a253\" class=\"panel-collapse collapse \" aria-labelledby=\"toggle_29838629a2007a253\"><div class=\"panel-body toggle-content fusion-clearfix\">\n<ul>\n<li><a href=\"https:\/\/mula.es\/web\/wp-content\/uploads\/2019\/05\/solicitud_tarjeta_estacionamiento_discapacidad.pdf\" target=\"_blank\" rel=\"noopener noreferrer\">Solicitud de tarjeta de estacionamiento por discapacidad<\/a><\/li>\n<li><a href=\"https:\/\/mula.es\/web\/wp-content\/uploads\/2019\/05\/solicitud_autorizacion_pruebas_deportivas_casco_urbano.pdf\" target=\"_blank\" rel=\"noopener noreferrer\">Solicitud de autorizaci\u00f3n de pruebas deportivas en el casco urbano<\/a><\/li>\n<li><a href=\"https:\/\/mula.es\/web\/wp-content\/uploads\/2019\/05\/pliego_descargo.pdf\" target=\"_blank\" rel=\"noopener noreferrer\">Pliego de descargo<\/a><\/li>\n<li><a href=\"https:\/\/mula.es\/web\/wp-content\/uploads\/2022\/11\/ocup_via_pub_urbanismo.pdf\" target=\"_blank\" rel=\"noopener\">Ocupaci\u00f3n de v\u00eda p\u00fablica con t\u00edtulos habilitantes en materia urban\u00edstica<\/a><\/li>\n<\/ul>\n<\/div><\/div><\/div><\/div><\/div><\/div><\/div><\/div><\/div>\n","protected":false},"excerpt":{"rendered":"","protected":false},"author":1,"featured_media":0,"parent":0,"menu_order":0,"comment_status":"closed","ping_status":"closed","template":"","meta":{"jetpack_post_was_ever_published":false,"footnotes":""},"class_list":["post-13148","page","type-page","status-publish","hentry"],"yoast_head":"<!-- This site is optimized with the Yoast SEO plugin v27.5 - https:\/\/yoast.com\/product\/yoast-seo-wordpress\/ -->\n<title>Tr\u00e1mites e Instancias Municipales - Ayuntamiento de Mula<\/title>\n<meta name=\"robots\" content=\"index, follow, max-snippet:-1, max-image-preview:large, max-video-preview:-1\" \/>\n<link rel=\"canonical\" href=\"https:\/\/mula.es\/web\/tramites-municipales\/\" \/>\n<meta property=\"og:locale\" content=\"es_ES\" \/>\n<meta property=\"og:type\" content=\"article\" \/>\n<meta property=\"og:title\" content=\"Tr\u00e1mites e Instancias Municipales - Ayuntamiento de Mula\" \/>\n<meta property=\"og:url\" content=\"https:\/\/mula.es\/web\/tramites-municipales\/\" \/>\n<meta property=\"og:site_name\" content=\"Ayuntamiento de Mula\" \/>\n<meta property=\"article:modified_time\" content=\"2023-03-01T16:33:42+00:00\" \/>\n<meta property=\"og:image\" content=\"https:\/\/mula.es\/web\/wp-content\/uploads\/2020\/06\/escudo-cuadrado-e1591045058235.jpg\" \/>\n\t<meta property=\"og:image:width\" content=\"200\" \/>\n\t<meta property=\"og:image:height\" content=\"218\" \/>\n\t<meta property=\"og:image:type\" content=\"image\/jpeg\" \/>\n<meta name=\"twitter:card\" content=\"summary_large_image\" \/>\n<meta name=\"twitter:site\" content=\"@AyuntamientMula\" \/>\n<meta name=\"twitter:label1\" content=\"Tiempo de lectura\" \/>\n\t<meta name=\"twitter:data1\" content=\"3 minutos\" \/>\n<script type=\"application\/ld+json\" class=\"yoast-schema-graph\">{\"@context\":\"https:\\\/\\\/schema.org\",\"@graph\":[{\"@type\":\"WebPage\",\"@id\":\"https:\\\/\\\/mula.es\\\/web\\\/tramites-municipales\\\/\",\"url\":\"https:\\\/\\\/mula.es\\\/web\\\/tramites-municipales\\\/\",\"name\":\"Tr\u00e1mites e Instancias Municipales - Ayuntamiento de Mula\",\"isPartOf\":{\"@id\":\"https:\\\/\\\/mula.es\\\/web\\\/#website\"},\"datePublished\":\"2016-02-05T10:36:42+00:00\",\"dateModified\":\"2023-03-01T16:33:42+00:00\",\"breadcrumb\":{\"@id\":\"https:\\\/\\\/mula.es\\\/web\\\/tramites-municipales\\\/#breadcrumb\"},\"inLanguage\":\"es\",\"potentialAction\":[{\"@type\":\"ReadAction\",\"target\":[\"https:\\\/\\\/mula.es\\\/web\\\/tramites-municipales\\\/\"]}]},{\"@type\":\"BreadcrumbList\",\"@id\":\"https:\\\/\\\/mula.es\\\/web\\\/tramites-municipales\\\/#breadcrumb\",\"itemListElement\":[{\"@type\":\"ListItem\",\"position\":1,\"name\":\"Portada\",\"item\":\"https:\\\/\\\/mula.es\\\/web\\\/\"},{\"@type\":\"ListItem\",\"position\":2,\"name\":\"Tr\u00e1mites e Instancias Municipales\"}]},{\"@type\":\"WebSite\",\"@id\":\"https:\\\/\\\/mula.es\\\/web\\\/#website\",\"url\":\"https:\\\/\\\/mula.es\\\/web\\\/\",\"name\":\"Ayuntamiento de Mula\",\"description\":\"P\u00e1gina web del Ayuntamiento de Mula (Regi\u00f3n de Murcia)\",\"potentialAction\":[{\"@type\":\"SearchAction\",\"target\":{\"@type\":\"EntryPoint\",\"urlTemplate\":\"https:\\\/\\\/mula.es\\\/web\\\/?s={search_term_string}\"},\"query-input\":{\"@type\":\"PropertyValueSpecification\",\"valueRequired\":true,\"valueName\":\"search_term_string\"}}],\"inLanguage\":\"es\"}]}<\/script>\n<!-- \/ Yoast SEO plugin. -->","yoast_head_json":{"title":"Tr\u00e1mites e Instancias Municipales - Ayuntamiento de Mula","robots":{"index":"index","follow":"follow","max-snippet":"max-snippet:-1","max-image-preview":"max-image-preview:large","max-video-preview":"max-video-preview:-1"},"canonical":"https:\/\/mula.es\/web\/tramites-municipales\/","og_locale":"es_ES","og_type":"article","og_title":"Tr\u00e1mites e Instancias Municipales - Ayuntamiento de Mula","og_url":"https:\/\/mula.es\/web\/tramites-municipales\/","og_site_name":"Ayuntamiento de Mula","article_modified_time":"2023-03-01T16:33:42+00:00","og_image":[{"width":200,"height":218,"url":"https:\/\/mula.es\/web\/wp-content\/uploads\/2020\/06\/escudo-cuadrado-e1591045058235.jpg","type":"image\/jpeg"}],"twitter_card":"summary_large_image","twitter_site":"@AyuntamientMula","twitter_misc":{"Tiempo de lectura":"3 minutos"},"schema":{"@context":"https:\/\/schema.org","@graph":[{"@type":"WebPage","@id":"https:\/\/mula.es\/web\/tramites-municipales\/","url":"https:\/\/mula.es\/web\/tramites-municipales\/","name":"Tr\u00e1mites e Instancias Municipales - Ayuntamiento de Mula","isPartOf":{"@id":"https:\/\/mula.es\/web\/#website"},"datePublished":"2016-02-05T10:36:42+00:00","dateModified":"2023-03-01T16:33:42+00:00","breadcrumb":{"@id":"https:\/\/mula.es\/web\/tramites-municipales\/#breadcrumb"},"inLanguage":"es","potentialAction":[{"@type":"ReadAction","target":["https:\/\/mula.es\/web\/tramites-municipales\/"]}]},{"@type":"BreadcrumbList","@id":"https:\/\/mula.es\/web\/tramites-municipales\/#breadcrumb","itemListElement":[{"@type":"ListItem","position":1,"name":"Portada","item":"https:\/\/mula.es\/web\/"},{"@type":"ListItem","position":2,"name":"Tr\u00e1mites e Instancias Municipales"}]},{"@type":"WebSite","@id":"https:\/\/mula.es\/web\/#website","url":"https:\/\/mula.es\/web\/","name":"Ayuntamiento de Mula","description":"P\u00e1gina web del Ayuntamiento de Mula (Regi\u00f3n de Murcia)","potentialAction":[{"@type":"SearchAction","target":{"@type":"EntryPoint","urlTemplate":"https:\/\/mula.es\/web\/?s={search_term_string}"},"query-input":{"@type":"PropertyValueSpecification","valueRequired":true,"valueName":"search_term_string"}}],"inLanguage":"es"}]}},"_hostinger_reach_plugin_has_subscription_block":false,"_hostinger_reach_plugin_is_elementor":false,"jetpack_sharing_enabled":true,"jetpack_shortlink":"https:\/\/wp.me\/Pa9DMY-3q4","jetpack-related-posts":[],"_links":{"self":[{"href":"https:\/\/mula.es\/web\/wp-json\/wp\/v2\/pages\/13148","targetHints":{"allow":["GET"]}}],"collection":[{"href":"https:\/\/mula.es\/web\/wp-json\/wp\/v2\/pages"}],"about":[{"href":"https:\/\/mula.es\/web\/wp-json\/wp\/v2\/types\/page"}],"author":[{"embeddable":true,"href":"https:\/\/mula.es\/web\/wp-json\/wp\/v2\/users\/1"}],"replies":[{"embeddable":true,"href":"https:\/\/mula.es\/web\/wp-json\/wp\/v2\/comments?post=13148"}],"version-history":[{"count":67,"href":"https:\/\/mula.es\/web\/wp-json\/wp\/v2\/pages\/13148\/revisions"}],"predecessor-version":[{"id":47751,"href":"https:\/\/mula.es\/web\/wp-json\/wp\/v2\/pages\/13148\/revisions\/47751"}],"wp:attachment":[{"href":"https:\/\/mula.es\/web\/wp-json\/wp\/v2\/media?parent=13148"}],"curies":[{"name":"wp","href":"https:\/\/api.w.org\/{rel}","templated":true}]}}