{"id":13271,"date":"2016-02-08T13:01:25","date_gmt":"2016-02-08T12:01:25","guid":{"rendered":"http:\/\/mula.es\/web\/?page_id=13271"},"modified":"2021-09-01T10:07:14","modified_gmt":"2021-09-01T08:07:14","slug":"tecnologias-de-la-informacion-y-la-comunicacion-tic","status":"publish","type":"page","link":"https:\/\/mula.es\/web\/tecnologias-de-la-informacion-y-la-comunicacion-tic\/","title":{"rendered":"Tecnolog\u00edas de la Informaci\u00f3n y la Comunicaci\u00f3n (TIC)"},"content":{"rendered":"<div class=\"fusion-fullwidth fullwidth-box fusion-builder-row-1 fusion-flex-container hundred-percent-fullwidth non-hundred-percent-height-scrolling\" style=\"--awb-border-radius-top-left:0px;--awb-border-radius-top-right:0px;--awb-border-radius-bottom-right:0px;--awb-border-radius-bottom-left:0px;--awb-overflow:visible;--awb-flex-wrap:wrap;\" ><div class=\"fusion-builder-row fusion-row fusion-flex-align-items-flex-start fusion-flex-content-wrap\" style=\"width:calc( 100% + 0px ) !important;max-width:calc( 100% + 0px ) !important;margin-left: calc(-0px \/ 2 );margin-right: calc(-0px \/ 2 );\"><div class=\"fusion-layout-column fusion_builder_column fusion-builder-column-0 fusion_builder_column_1_1 1_1 fusion-flex-column\" style=\"--awb-bg-size:cover;--awb-width-large:100%;--awb-margin-top-large:0px;--awb-spacing-right-large:0px;--awb-margin-bottom-large:20px;--awb-spacing-left-large:0px;--awb-width-medium:100%;--awb-spacing-right-medium:0px;--awb-spacing-left-medium:0px;--awb-width-small:100%;--awb-spacing-right-small:0px;--awb-spacing-left-small:0px;\"><div class=\"fusion-column-wrapper fusion-flex-justify-content-flex-start fusion-content-layout-column\"><div class=\"fusion-text fusion-text-1\"><div style=\"text-align: justify;\">La Concejal\u00eda Tecnolog\u00edas de la Informaci\u00f3n y la Comunicaci\u00f3n (TIC) es la responsable de dise\u00f1ar, desarrollar, mantener y gestionar los recursos inform\u00e1ticos, aplicaciones de gesti\u00f3n municipal y telecomunicaciones del Ayuntamiento de Mula, as\u00ed como asistir en materia inform\u00e1tica y telecomunicaciones al equipo de gobierno y personal funcionario.<\/div>\n<div style=\"text-align: justify;\"><\/div>\n<div style=\"text-align: justify;\">La Concejal\u00eda de Tecnolog\u00edas de la Informaci\u00f3n y la Comunicaci\u00f3n (TIC), entre otras, desarrolla las siguientes tareas:<\/div>\n<div>\n<ul>\n<li style=\"list-style-type: none;\">\n<ul>\n<li style=\"text-align: justify;\">Mantenimiento sistema inform\u00e1tico, incluyendo funcionamiento 24&#215;7 de servidores, redes inform\u00e1ticas, equipos de usuarios y copias de seguridad.<\/li>\n<\/ul>\n<\/li>\n<\/ul>\n<p>&nbsp;<\/p>\n<ul>\n<li style=\"list-style-type: none;\">\n<ul>\n<li style=\"text-align: justify;\">Infraestructura de telecomunicaciones municipal que comprende la telefon\u00eda m\u00f3vil y fija, acceso a Internet, interconexi\u00f3n red SARA, zonas WiFi en sedes municipales y la implantaci\u00f3n que estamos desarrollando de zonas WiFi en parques y plazas.<\/li>\n<\/ul>\n<\/li>\n<\/ul>\n<p>&nbsp;<\/p>\n<ul>\n<li style=\"list-style-type: none;\">\n<ul>\n<li style=\"text-align: justify;\">Sede electr\u00f3nica, registro, y gesti\u00f3n de expedientes informatizada. Actualmente se\u00a0ha implantado un sistema de registro y distribuci\u00f3n del mismo totalmente digital y algunos tr\u00e1mites, como la recepci\u00f3n y visto bueno de las facturas se realizan totalmente electr\u00f3nicas sin impresi\u00f3n de papel alguno y uso de firma electr\u00f3nica de empleado p\u00fablico. La Concejal\u00eda tiene el firma compromiso de trabajar para que el Ayuntamiento de Mula sea una de las primeras Administraciones P\u00fablicas sin papeles y apoya la modernizaci\u00f3n y simplificaci\u00f3n administrativa.<\/li>\n<\/ul>\n<\/li>\n<\/ul>\n<p>&nbsp;<\/p>\n<ul>\n<li style=\"list-style-type: none;\">\n<ul>\n<li style=\"text-align: justify;\">P\u00e1gina web municipal, desde su dise\u00f1o inicial hasta su gesti\u00f3n y mantenimiento.<\/li>\n<\/ul>\n<\/li>\n<\/ul>\n<p>&nbsp;<\/p>\n<ul>\n<li style=\"list-style-type: none;\">\n<ul>\n<li style=\"text-align: justify;\">Portal de la Transparencia y Perfil del Contratante del Sector P\u00fablico, siendo responsables de su mantenimiento y actualizaci\u00f3n peri\u00f3dica con los datos suministrados por las distintas \u00e1reas y servicios municipales.<\/li>\n<\/ul>\n<\/li>\n<\/ul>\n<p>&nbsp;<\/p>\n<ul>\n<li style=\"list-style-type: none;\">\n<ul>\n<li style=\"text-align: justify;\">Implantaci\u00f3n de nuevos sistemas de gesti\u00f3n tributaria y contables que ayuden y simplifiquen las actuaciones de los ciudadanos ante el Ayuntamiento y a la vez se agilice y modernice su tramitaci\u00f3n acortando plazos y reduciendo problemas de las mismas.<\/li>\n<\/ul>\n<\/li>\n<\/ul>\n<p>&nbsp;<\/p>\n<ul>\n<li style=\"text-align: justify;\">Retransmisi\u00f3n de Plenos Municipales en directo y otros eventos de especial relevancia como La Noche de los Tambores.<\/li>\n<\/ul>\n<\/div>\n<\/div><\/div><\/div><div class=\"fusion-layout-column fusion_builder_column fusion-builder-column-1 fusion_builder_column_1_1 1_1 fusion-flex-column\" style=\"--awb-bg-size:cover;--awb-width-large:100%;--awb-margin-top-large:0px;--awb-spacing-right-large:0px;--awb-margin-bottom-large:20px;--awb-spacing-left-large:0px;--awb-width-medium:100%;--awb-spacing-right-medium:0px;--awb-spacing-left-medium:0px;--awb-width-small:100%;--awb-spacing-right-small:0px;--awb-spacing-left-small:0px;\"><div class=\"fusion-column-wrapper fusion-flex-justify-content-flex-start fusion-content-layout-column\"><div class=\"fusion-text fusion-text-2\"><div class=\"table-1\">\n<table style=\"height: 221px;\" width=\"389\">\n<thead>\n<tr>\n<th style=\"text-align: center;\" align=\"left\"><strong>S\u00edguenos en<\/strong><\/th>\n<\/tr>\n<\/thead>\n<tbody>\n<tr>\n<td>Twitter<\/td>\n<td><a href=\"https:\/\/twitter.com\/nntt_aytomula\" target=\"_blank\" rel=\"noopener noreferrer\"><img decoding=\"async\" data-attachment-id=\"12001\" data-permalink=\"https:\/\/mula.es\/web\/equipo-de-gobierno\/logotwitter\/\" data-orig-file=\"https:\/\/mula.es\/web\/wp-content\/uploads\/2016\/01\/logotwitter.png\" data-orig-size=\"35,28\" data-comments-opened=\"0\" data-image-meta=\"\" data-image-title=\"logotwitter\" data-image-description=\"\" data-image-caption=\"\" data-large-file=\"https:\/\/mula.es\/web\/wp-content\/uploads\/2016\/01\/logotwitter.png\" class=\"aligncenter wp-image-12001 size-full\" src=\"https:\/\/mula.es\/web\/wp-content\/uploads\/2016\/01\/logotwitter.png\" alt=\"logotwitter\" width=\"35\" height=\"28\" \/><\/a><\/td>\n<\/tr>\n<tr>\n<td>Flickr<\/td>\n<td><a href=\"https:\/\/www.flickr.com\/photos\/73017833@N06\/\" target=\"_blank\" rel=\"noopener noreferrer\"><img decoding=\"async\" data-attachment-id=\"12895\" data-permalink=\"https:\/\/mula.es\/web\/redes-sociales\/logoflickr\/\" data-orig-file=\"https:\/\/mula.es\/web\/wp-content\/uploads\/2016\/02\/logoflickr.png\" data-orig-size=\"35,35\" data-comments-opened=\"0\" data-image-meta=\"\" data-image-title=\"logoflickr\" data-image-description=\"\" data-image-caption=\"\" data-large-file=\"https:\/\/mula.es\/web\/wp-content\/uploads\/2016\/02\/logoflickr.png\" class=\"aligncenter wp-image-12895 size-full\" src=\"https:\/\/mula.es\/web\/wp-content\/uploads\/2016\/02\/logoflickr.png\" alt=\"logoflickr\" width=\"35\" height=\"35\" \/><\/a><\/td>\n<\/tr>\n<tr>\n<td>Youtube<\/td>\n<td><strong><a href=\"https:\/\/www.youtube.com\/user\/AyuntamientoMULA\" target=\"_blank\" rel=\"noopener noreferrer\"><img decoding=\"async\" data-attachment-id=\"12896\" data-permalink=\"https:\/\/mula.es\/web\/redes-sociales\/logoyoutube\/\" data-orig-file=\"https:\/\/mula.es\/web\/wp-content\/uploads\/2016\/02\/logoyoutube.png\" data-orig-size=\"35,35\" data-comments-opened=\"0\" data-image-meta=\"\" data-image-title=\"logoyoutube\" data-image-description=\"\" data-image-caption=\"\" data-large-file=\"https:\/\/mula.es\/web\/wp-content\/uploads\/2016\/02\/logoyoutube.png\" class=\"aligncenter wp-image-12896 size-full\" src=\"https:\/\/mula.es\/web\/wp-content\/uploads\/2016\/02\/logoyoutube.png\" alt=\"logoyoutube\" width=\"35\" height=\"35\" \/><\/a><\/strong><\/td>\n<\/tr>\n<\/tbody>\n<\/table>\n<\/div>\n<\/div><\/div><\/div><div class=\"fusion-layout-column fusion_builder_column fusion-builder-column-2 fusion_builder_column_1_1 1_1 fusion-flex-column\" style=\"--awb-bg-size:cover;--awb-width-large:100%;--awb-margin-top-large:0px;--awb-spacing-right-large:0px;--awb-margin-bottom-large:20px;--awb-spacing-left-large:0px;--awb-width-medium:100%;--awb-spacing-right-medium:0px;--awb-spacing-left-medium:0px;--awb-width-small:100%;--awb-spacing-right-small:0px;--awb-spacing-left-small:0px;\"><div class=\"fusion-column-wrapper fusion-flex-justify-content-flex-start fusion-content-layout-column\"><div class=\"fusion-title title fusion-title-1 fusion-title-text fusion-title-size-two\" style=\"--awb-margin-top-small:0px;--awb-margin-right-small:0px;--awb-margin-bottom-small:20px;--awb-margin-left-small:0px;\"><div class=\"title-sep-container title-sep-container-left fusion-no-large-visibility fusion-no-medium-visibility fusion-no-small-visibility\"><div class=\"title-sep sep-double sep-solid\" style=\"border-color:#e0dede;\"><\/div><\/div><span class=\"awb-title-spacer fusion-no-large-visibility fusion-no-medium-visibility fusion-no-small-visibility\"><\/span><h2 class=\"fusion-title-heading title-heading-left\" style=\"margin:0;\">Localizaci\u00f3n y Contacto<\/h2><span class=\"awb-title-spacer\"><\/span><div class=\"title-sep-container title-sep-container-right\"><div class=\"title-sep sep-double sep-solid\" style=\"border-color:#e0dede;\"><\/div><\/div><\/div><div class=\"fusion-separator fusion-full-width-sep\" style=\"align-self: center;margin-left: auto;margin-right: auto;margin-bottom:10px;width:100%;\"><\/div><div class=\"fusion-text fusion-text-3\"><p><strong>Oficina T\u00e9cnica Municipal<\/strong><i class=\"fb-icon-element-1 fb-icon-element fontawesome-icon fa fa-map-marker circle-no fusion-text-flow\" style=\"--awb-iconcolor:#dd3333;--awb-iconcolor-hover:#dd3333;--awb-font-size:10px;--awb-margin-right:5px;\"><\/i><a href=\"https:\/\/goo.gl\/maps\/KYf8QYAxDov\" target=\"_blank\" rel=\"noopener noreferrer\">Ctra. de Caravaca, 4<\/a><br \/>\n30170 Mula \u2013 Murcia<br \/>\nTel\u00e9fono: 968 637 511<br \/>\nFax: 968 663 073<br \/>\nCorreo: <span class=\"backwards\">se.alumotya@cit<\/span><\/p>\n<p><a href=\"https:\/\/mula.es\/web\/organigrama-municipal\/\">Organigrama Municipal<\/a><\/p>\n<\/div><\/div><\/div><\/div><\/div>\n","protected":false},"excerpt":{"rendered":"","protected":false},"author":1,"featured_media":0,"parent":0,"menu_order":0,"comment_status":"closed","ping_status":"closed","template":"","meta":{"footnotes":""},"class_list":["post-13271","page","type-page","status-publish","hentry"],"yoast_head":"<!-- This site is optimized with the Yoast SEO plugin v27.6 - https:\/\/yoast.com\/product\/yoast-seo-wordpress\/ -->\n<title>Tecnolog\u00edas de la Informaci\u00f3n y la Comunicaci\u00f3n (TIC) - Ayuntamiento de Mula<\/title>\n<meta name=\"robots\" content=\"index, follow, max-snippet:-1, max-image-preview:large, max-video-preview:-1\" \/>\n<link rel=\"canonical\" href=\"https:\/\/mula.es\/web\/tecnologias-de-la-informacion-y-la-comunicacion-tic\/\" \/>\n<meta property=\"og:locale\" content=\"es_ES\" \/>\n<meta property=\"og:type\" content=\"article\" \/>\n<meta property=\"og:title\" content=\"Tecnolog\u00edas de la Informaci\u00f3n y la Comunicaci\u00f3n (TIC) - Ayuntamiento de Mula\" \/>\n<meta property=\"og:url\" content=\"https:\/\/mula.es\/web\/tecnologias-de-la-informacion-y-la-comunicacion-tic\/\" \/>\n<meta property=\"og:site_name\" content=\"Ayuntamiento de Mula\" \/>\n<meta property=\"article:modified_time\" content=\"2021-09-01T08:07:14+00:00\" \/>\n<meta property=\"og:image\" content=\"http:\/\/mula.es\/web\/wp-content\/uploads\/2016\/01\/logotwitter.png\" \/>\n<meta name=\"twitter:card\" content=\"summary_large_image\" \/>\n<meta name=\"twitter:site\" content=\"@AyuntamientMula\" \/>\n<meta name=\"twitter:label1\" content=\"Tiempo de lectura\" \/>\n\t<meta name=\"twitter:data1\" content=\"3 minutos\" \/>\n<script type=\"application\/ld+json\" class=\"yoast-schema-graph\">{\"@context\":\"https:\\\/\\\/schema.org\",\"@graph\":[{\"@type\":\"WebPage\",\"@id\":\"https:\\\/\\\/mula.es\\\/web\\\/tecnologias-de-la-informacion-y-la-comunicacion-tic\\\/\",\"url\":\"https:\\\/\\\/mula.es\\\/web\\\/tecnologias-de-la-informacion-y-la-comunicacion-tic\\\/\",\"name\":\"Tecnolog\u00edas de la Informaci\u00f3n y la Comunicaci\u00f3n (TIC) - Ayuntamiento de Mula\",\"isPartOf\":{\"@id\":\"https:\\\/\\\/mula.es\\\/web\\\/#website\"},\"primaryImageOfPage\":{\"@id\":\"https:\\\/\\\/mula.es\\\/web\\\/tecnologias-de-la-informacion-y-la-comunicacion-tic\\\/#primaryimage\"},\"image\":{\"@id\":\"https:\\\/\\\/mula.es\\\/web\\\/tecnologias-de-la-informacion-y-la-comunicacion-tic\\\/#primaryimage\"},\"thumbnailUrl\":\"http:\\\/\\\/mula.es\\\/web\\\/wp-content\\\/uploads\\\/2016\\\/01\\\/logotwitter.png\",\"datePublished\":\"2016-02-08T12:01:25+00:00\",\"dateModified\":\"2021-09-01T08:07:14+00:00\",\"breadcrumb\":{\"@id\":\"https:\\\/\\\/mula.es\\\/web\\\/tecnologias-de-la-informacion-y-la-comunicacion-tic\\\/#breadcrumb\"},\"inLanguage\":\"es\",\"potentialAction\":[{\"@type\":\"ReadAction\",\"target\":[\"https:\\\/\\\/mula.es\\\/web\\\/tecnologias-de-la-informacion-y-la-comunicacion-tic\\\/\"]}]},{\"@type\":\"ImageObject\",\"inLanguage\":\"es\",\"@id\":\"https:\\\/\\\/mula.es\\\/web\\\/tecnologias-de-la-informacion-y-la-comunicacion-tic\\\/#primaryimage\",\"url\":\"http:\\\/\\\/mula.es\\\/web\\\/wp-content\\\/uploads\\\/2016\\\/01\\\/logotwitter.png\",\"contentUrl\":\"http:\\\/\\\/mula.es\\\/web\\\/wp-content\\\/uploads\\\/2016\\\/01\\\/logotwitter.png\"},{\"@type\":\"BreadcrumbList\",\"@id\":\"https:\\\/\\\/mula.es\\\/web\\\/tecnologias-de-la-informacion-y-la-comunicacion-tic\\\/#breadcrumb\",\"itemListElement\":[{\"@type\":\"ListItem\",\"position\":1,\"name\":\"Portada\",\"item\":\"https:\\\/\\\/mula.es\\\/web\\\/\"},{\"@type\":\"ListItem\",\"position\":2,\"name\":\"Tecnolog\u00edas de la Informaci\u00f3n y la Comunicaci\u00f3n (TIC)\"}]},{\"@type\":\"WebSite\",\"@id\":\"https:\\\/\\\/mula.es\\\/web\\\/#website\",\"url\":\"https:\\\/\\\/mula.es\\\/web\\\/\",\"name\":\"Ayuntamiento de Mula\",\"description\":\"P\u00e1gina web del Ayuntamiento de Mula (Regi\u00f3n de Murcia)\",\"potentialAction\":[{\"@type\":\"SearchAction\",\"target\":{\"@type\":\"EntryPoint\",\"urlTemplate\":\"https:\\\/\\\/mula.es\\\/web\\\/?s={search_term_string}\"},\"query-input\":{\"@type\":\"PropertyValueSpecification\",\"valueRequired\":true,\"valueName\":\"search_term_string\"}}],\"inLanguage\":\"es\"}]}<\/script>\n<!-- \/ Yoast SEO plugin. -->","yoast_head_json":{"title":"Tecnolog\u00edas de la Informaci\u00f3n y la Comunicaci\u00f3n (TIC) - Ayuntamiento de Mula","robots":{"index":"index","follow":"follow","max-snippet":"max-snippet:-1","max-image-preview":"max-image-preview:large","max-video-preview":"max-video-preview:-1"},"canonical":"https:\/\/mula.es\/web\/tecnologias-de-la-informacion-y-la-comunicacion-tic\/","og_locale":"es_ES","og_type":"article","og_title":"Tecnolog\u00edas de la Informaci\u00f3n y la Comunicaci\u00f3n (TIC) - Ayuntamiento de Mula","og_url":"https:\/\/mula.es\/web\/tecnologias-de-la-informacion-y-la-comunicacion-tic\/","og_site_name":"Ayuntamiento de Mula","article_modified_time":"2021-09-01T08:07:14+00:00","og_image":[{"url":"http:\/\/mula.es\/web\/wp-content\/uploads\/2016\/01\/logotwitter.png","type":"","width":"","height":""}],"twitter_card":"summary_large_image","twitter_site":"@AyuntamientMula","twitter_misc":{"Tiempo de lectura":"3 minutos"},"schema":{"@context":"https:\/\/schema.org","@graph":[{"@type":"WebPage","@id":"https:\/\/mula.es\/web\/tecnologias-de-la-informacion-y-la-comunicacion-tic\/","url":"https:\/\/mula.es\/web\/tecnologias-de-la-informacion-y-la-comunicacion-tic\/","name":"Tecnolog\u00edas de la Informaci\u00f3n y la Comunicaci\u00f3n (TIC) - Ayuntamiento de Mula","isPartOf":{"@id":"https:\/\/mula.es\/web\/#website"},"primaryImageOfPage":{"@id":"https:\/\/mula.es\/web\/tecnologias-de-la-informacion-y-la-comunicacion-tic\/#primaryimage"},"image":{"@id":"https:\/\/mula.es\/web\/tecnologias-de-la-informacion-y-la-comunicacion-tic\/#primaryimage"},"thumbnailUrl":"http:\/\/mula.es\/web\/wp-content\/uploads\/2016\/01\/logotwitter.png","datePublished":"2016-02-08T12:01:25+00:00","dateModified":"2021-09-01T08:07:14+00:00","breadcrumb":{"@id":"https:\/\/mula.es\/web\/tecnologias-de-la-informacion-y-la-comunicacion-tic\/#breadcrumb"},"inLanguage":"es","potentialAction":[{"@type":"ReadAction","target":["https:\/\/mula.es\/web\/tecnologias-de-la-informacion-y-la-comunicacion-tic\/"]}]},{"@type":"ImageObject","inLanguage":"es","@id":"https:\/\/mula.es\/web\/tecnologias-de-la-informacion-y-la-comunicacion-tic\/#primaryimage","url":"http:\/\/mula.es\/web\/wp-content\/uploads\/2016\/01\/logotwitter.png","contentUrl":"http:\/\/mula.es\/web\/wp-content\/uploads\/2016\/01\/logotwitter.png"},{"@type":"BreadcrumbList","@id":"https:\/\/mula.es\/web\/tecnologias-de-la-informacion-y-la-comunicacion-tic\/#breadcrumb","itemListElement":[{"@type":"ListItem","position":1,"name":"Portada","item":"https:\/\/mula.es\/web\/"},{"@type":"ListItem","position":2,"name":"Tecnolog\u00edas de la Informaci\u00f3n y la Comunicaci\u00f3n (TIC)"}]},{"@type":"WebSite","@id":"https:\/\/mula.es\/web\/#website","url":"https:\/\/mula.es\/web\/","name":"Ayuntamiento de Mula","description":"P\u00e1gina web del Ayuntamiento de Mula (Regi\u00f3n de Murcia)","potentialAction":[{"@type":"SearchAction","target":{"@type":"EntryPoint","urlTemplate":"https:\/\/mula.es\/web\/?s={search_term_string}"},"query-input":{"@type":"PropertyValueSpecification","valueRequired":true,"valueName":"search_term_string"}}],"inLanguage":"es"}]}},"_hostinger_reach_plugin_has_subscription_block":false,"_hostinger_reach_plugin_is_elementor":false,"jetpack_sharing_enabled":true,"jetpack_shortlink":"https:\/\/wp.me\/Pa9DMY-3s3","jetpack-related-posts":[],"_links":{"self":[{"href":"https:\/\/mula.es\/web\/wp-json\/wp\/v2\/pages\/13271","targetHints":{"allow":["GET"]}}],"collection":[{"href":"https:\/\/mula.es\/web\/wp-json\/wp\/v2\/pages"}],"about":[{"href":"https:\/\/mula.es\/web\/wp-json\/wp\/v2\/types\/page"}],"author":[{"embeddable":true,"href":"https:\/\/mula.es\/web\/wp-json\/wp\/v2\/users\/1"}],"replies":[{"embeddable":true,"href":"https:\/\/mula.es\/web\/wp-json\/wp\/v2\/comments?post=13271"}],"version-history":[{"count":18,"href":"https:\/\/mula.es\/web\/wp-json\/wp\/v2\/pages\/13271\/revisions"}],"predecessor-version":[{"id":41864,"href":"https:\/\/mula.es\/web\/wp-json\/wp\/v2\/pages\/13271\/revisions\/41864"}],"wp:attachment":[{"href":"https:\/\/mula.es\/web\/wp-json\/wp\/v2\/media?parent=13271"}],"curies":[{"name":"wp","href":"https:\/\/api.w.org\/{rel}","templated":true}]}}