{"id":13291,"date":"2016-02-08T14:15:51","date_gmt":"2016-02-08T13:15:51","guid":{"rendered":"http:\/\/mula.es\/web\/?page_id=13291"},"modified":"2021-05-12T20:04:56","modified_gmt":"2021-05-12T18:04:56","slug":"calendario-medioambiental","status":"publish","type":"page","link":"https:\/\/mula.es\/web\/medio-ambiente\/calendario-medioambiental\/","title":{"rendered":"Calendario medioambiental"},"content":{"rendered":"<div class=\"fusion-fullwidth fullwidth-box fusion-builder-row-1 fusion-flex-container hundred-percent-fullwidth non-hundred-percent-height-scrolling\" style=\"--awb-border-radius-top-left:0px;--awb-border-radius-top-right:0px;--awb-border-radius-bottom-right:0px;--awb-border-radius-bottom-left:0px;--awb-overflow:visible;--awb-flex-wrap:wrap;\" ><div class=\"fusion-builder-row fusion-row fusion-flex-align-items-flex-start fusion-flex-content-wrap\" style=\"width:calc( 100% + 0px ) !important;max-width:calc( 100% + 0px ) !important;margin-left: calc(-0px \/ 2 );margin-right: calc(-0px \/ 2 );\"><div class=\"fusion-layout-column fusion_builder_column fusion-builder-column-0 fusion_builder_column_1_1 1_1 fusion-flex-column\" style=\"--awb-bg-size:cover;--awb-width-large:100%;--awb-margin-top-large:0px;--awb-spacing-right-large:0px;--awb-margin-bottom-large:20px;--awb-spacing-left-large:0px;--awb-width-medium:100%;--awb-spacing-right-medium:0px;--awb-spacing-left-medium:0px;--awb-width-small:100%;--awb-spacing-right-small:0px;--awb-spacing-left-small:0px;\"><div class=\"fusion-column-wrapper fusion-flex-justify-content-flex-start fusion-content-layout-column\"><div class=\"fusion-text fusion-text-1\"><p style=\"text-align: justify;\">\u00a0El Calendario Ambiental es un calendario un tanto especial, \u00e9ste a diferencia de los calendarios tradicionales dota de relevancia a una serie de d\u00edas muy singulares, d\u00edas en los que se pone de manifiesto la importancia de los sistemas ambientales, atm\u00f3sfera, hidrosfera, geosfera y biosfera.<\/p>\n<p style=\"text-align: justify;\">Hoy en d\u00eda, estos sistemas se encuentran sometidos a una gran presi\u00f3n debido a la actividad humana. Con el fin de reflexionar sobre esta situaci\u00f3n e intentar solucionarla, el calendario ambiental nos ofrece unos d\u00edas d\u00f3nde poder meditar.<\/p>\n<p style=\"text-align: justify;\"><a href=\"https:\/\/mula.es\/web\/wp-content\/uploads\/2016\/02\/154_.jpg\" target=\"_blank\" rel=\"attachment wp-att-13310 noopener\"><img decoding=\"async\" data-attachment-id=\"13310\" data-permalink=\"https:\/\/mula.es\/web\/medio-ambiente\/calendario-medioambiental\/154_\/\" data-orig-file=\"https:\/\/mula.es\/web\/wp-content\/uploads\/2016\/02\/154_.jpg\" data-orig-size=\"800,1010\" data-comments-opened=\"0\" data-image-meta=\"\" data-image-title=\"154_\" data-image-description=\"\" data-image-caption=\"\" data-medium-file=\"https:\/\/mula.es\/web\/wp-content\/uploads\/2016\/02\/154_-238x300.jpg\" data-large-file=\"https:\/\/mula.es\/web\/wp-content\/uploads\/2016\/02\/154_.jpg\" class=\"aligncenter size-medium wp-image-13310\" src=\"https:\/\/mula.es\/web\/wp-content\/uploads\/2016\/02\/154_-238x300.jpg\" alt=\"154_\" width=\"238\" height=\"300\" srcset=\"https:\/\/mula.es\/web\/wp-content\/uploads\/2016\/02\/154_-238x300.jpg 238w, https:\/\/mula.es\/web\/wp-content\/uploads\/2016\/02\/154_-768x970.jpg 768w, https:\/\/mula.es\/web\/wp-content\/uploads\/2016\/02\/154_.jpg 800w\" sizes=\"(max-width: 238px) 100vw, 238px\" \/><\/a><\/p>\n<h5 style=\"text-align: center;\">(Para ampliar, pincha sobre el calendario)<\/h5>\n<\/div><\/div><\/div>\n<div class=\"fusion-layout-column fusion_builder_column fusion-builder-column-1 fusion_builder_column_1_1 1_1 fusion-flex-column\" style=\"--awb-bg-size:cover;--awb-width-large:100%;--awb-margin-top-large:0px;--awb-spacing-right-large:0px;--awb-margin-bottom-large:20px;--awb-spacing-left-large:0px;--awb-width-medium:100%;--awb-spacing-right-medium:0px;--awb-spacing-left-medium:0px;--awb-width-small:100%;--awb-spacing-right-small:0px;--awb-spacing-left-small:0px;\"><div class=\"fusion-column-wrapper fusion-flex-justify-content-flex-start fusion-content-layout-column\"><div class=\"fusion-title title fusion-title-1 fusion-title-text fusion-title-size-two\" style=\"--awb-margin-top-small:0px;--awb-margin-right-small:0px;--awb-margin-bottom-small:20px;--awb-margin-left-small:0px;\"><div class=\"title-sep-container title-sep-container-left fusion-no-large-visibility fusion-no-medium-visibility fusion-no-small-visibility\"><div class=\"title-sep sep-double sep-solid\" style=\"border-color:#e0dede;\"><\/div><\/div><span class=\"awb-title-spacer fusion-no-large-visibility fusion-no-medium-visibility fusion-no-small-visibility\"><\/span><h2 class=\"fusion-title-heading title-heading-left\" style=\"margin:0;\">Localizaci\u00f3n y Contacto<\/h2><span class=\"awb-title-spacer\"><\/span><div class=\"title-sep-container title-sep-container-right\"><div class=\"title-sep sep-double sep-solid\" style=\"border-color:#e0dede;\"><\/div><\/div><\/div><div class=\"fusion-separator fusion-full-width-sep\" style=\"align-self: center;margin-left: auto;margin-right: auto;margin-bottom:10px;width:100%;\"><\/div><div class=\"fusion-text fusion-text-2\"><p>Oficina T\u00e9cnica Municipal<i class=\"fb-icon-element-1 fb-icon-element fontawesome-icon fa fa-map-marker circle-no fusion-text-flow\" style=\"--awb-iconcolor:#dd3333;--awb-iconcolor-hover:#dd3333;--awb-font-size:10px;--awb-margin-right:5px;\"><\/i>Ctra. de Caravaca, 4<br \/>\n30170 Mula \u2013 Murcia<br \/>\nTel\u00e9fono: 968 637 511<br \/>\nFax: 968 663 073<br \/>\nCorreo: <span class=\"backwards\">se.alumotya@etneibmaoidem<\/span><\/p>\n<p><a href=\"https:\/\/mula.es\/web\/organigrama-municipal\/\">Organigrama Municipal<\/a><\/p>\n<\/div><\/div><\/div><\/div><\/div>\n","protected":false},"excerpt":{"rendered":"","protected":false},"author":1,"featured_media":0,"parent":13275,"menu_order":0,"comment_status":"closed","ping_status":"closed","template":"","meta":{"jetpack_post_was_ever_published":false,"footnotes":""},"class_list":["post-13291","page","type-page","status-publish","hentry"],"yoast_head":"<!-- This site is optimized with the Yoast SEO plugin v27.2 - https:\/\/yoast.com\/product\/yoast-seo-wordpress\/ -->\n<title>Calendario medioambiental - Ayuntamiento de Mula<\/title>\n<meta name=\"robots\" content=\"index, follow, max-snippet:-1, max-image-preview:large, max-video-preview:-1\" \/>\n<link rel=\"canonical\" href=\"https:\/\/mula.es\/web\/medio-ambiente\/calendario-medioambiental\/\" \/>\n<meta property=\"og:locale\" content=\"es_ES\" \/>\n<meta property=\"og:type\" content=\"article\" \/>\n<meta property=\"og:title\" content=\"Calendario medioambiental - Ayuntamiento de Mula\" \/>\n<meta property=\"og:url\" content=\"https:\/\/mula.es\/web\/medio-ambiente\/calendario-medioambiental\/\" \/>\n<meta property=\"og:site_name\" content=\"Ayuntamiento de Mula\" \/>\n<meta property=\"article:modified_time\" content=\"2021-05-12T18:04:56+00:00\" \/>\n<meta property=\"og:image\" content=\"http:\/\/mula.es\/web\/wp-content\/uploads\/2016\/02\/154_-238x300.jpg\" \/>\n<meta name=\"twitter:card\" content=\"summary_large_image\" \/>\n<meta name=\"twitter:site\" content=\"@AyuntamientMula\" \/>\n<meta name=\"twitter:label1\" content=\"Tiempo de lectura\" \/>\n\t<meta name=\"twitter:data1\" content=\"2 minutos\" \/>\n<script type=\"application\/ld+json\" class=\"yoast-schema-graph\">{\"@context\":\"https:\/\/schema.org\",\"@graph\":[{\"@type\":\"WebPage\",\"@id\":\"https:\/\/mula.es\/web\/medio-ambiente\/calendario-medioambiental\/\",\"url\":\"https:\/\/mula.es\/web\/medio-ambiente\/calendario-medioambiental\/\",\"name\":\"Calendario medioambiental - Ayuntamiento de Mula\",\"isPartOf\":{\"@id\":\"https:\/\/mula.es\/web\/#website\"},\"primaryImageOfPage\":{\"@id\":\"https:\/\/mula.es\/web\/medio-ambiente\/calendario-medioambiental\/#primaryimage\"},\"image\":{\"@id\":\"https:\/\/mula.es\/web\/medio-ambiente\/calendario-medioambiental\/#primaryimage\"},\"thumbnailUrl\":\"http:\/\/mula.es\/web\/wp-content\/uploads\/2016\/02\/154_-238x300.jpg\",\"datePublished\":\"2016-02-08T13:15:51+00:00\",\"dateModified\":\"2021-05-12T18:04:56+00:00\",\"breadcrumb\":{\"@id\":\"https:\/\/mula.es\/web\/medio-ambiente\/calendario-medioambiental\/#breadcrumb\"},\"inLanguage\":\"es\",\"potentialAction\":[{\"@type\":\"ReadAction\",\"target\":[\"https:\/\/mula.es\/web\/medio-ambiente\/calendario-medioambiental\/\"]}]},{\"@type\":\"ImageObject\",\"inLanguage\":\"es\",\"@id\":\"https:\/\/mula.es\/web\/medio-ambiente\/calendario-medioambiental\/#primaryimage\",\"url\":\"http:\/\/mula.es\/web\/wp-content\/uploads\/2016\/02\/154_-238x300.jpg\",\"contentUrl\":\"http:\/\/mula.es\/web\/wp-content\/uploads\/2016\/02\/154_-238x300.jpg\"},{\"@type\":\"BreadcrumbList\",\"@id\":\"https:\/\/mula.es\/web\/medio-ambiente\/calendario-medioambiental\/#breadcrumb\",\"itemListElement\":[{\"@type\":\"ListItem\",\"position\":1,\"name\":\"Portada\",\"item\":\"https:\/\/mula.es\/web\/\"},{\"@type\":\"ListItem\",\"position\":2,\"name\":\"Medio Ambiente\",\"item\":\"https:\/\/mula.es\/web\/medio-ambiente\/\"},{\"@type\":\"ListItem\",\"position\":3,\"name\":\"Calendario medioambiental\"}]},{\"@type\":\"WebSite\",\"@id\":\"https:\/\/mula.es\/web\/#website\",\"url\":\"https:\/\/mula.es\/web\/\",\"name\":\"Ayuntamiento de Mula\",\"description\":\"P\u00e1gina web del Ayuntamiento de Mula (Regi\u00f3n de Murcia)\",\"potentialAction\":[{\"@type\":\"SearchAction\",\"target\":{\"@type\":\"EntryPoint\",\"urlTemplate\":\"https:\/\/mula.es\/web\/?s={search_term_string}\"},\"query-input\":{\"@type\":\"PropertyValueSpecification\",\"valueRequired\":true,\"valueName\":\"search_term_string\"}}],\"inLanguage\":\"es\"}]}<\/script>\n<!-- \/ Yoast SEO plugin. -->","yoast_head_json":{"title":"Calendario medioambiental - Ayuntamiento de Mula","robots":{"index":"index","follow":"follow","max-snippet":"max-snippet:-1","max-image-preview":"max-image-preview:large","max-video-preview":"max-video-preview:-1"},"canonical":"https:\/\/mula.es\/web\/medio-ambiente\/calendario-medioambiental\/","og_locale":"es_ES","og_type":"article","og_title":"Calendario medioambiental - Ayuntamiento de Mula","og_url":"https:\/\/mula.es\/web\/medio-ambiente\/calendario-medioambiental\/","og_site_name":"Ayuntamiento de Mula","article_modified_time":"2021-05-12T18:04:56+00:00","og_image":[{"url":"http:\/\/mula.es\/web\/wp-content\/uploads\/2016\/02\/154_-238x300.jpg","type":"","width":"","height":""}],"twitter_card":"summary_large_image","twitter_site":"@AyuntamientMula","twitter_misc":{"Tiempo de lectura":"2 minutos"},"schema":{"@context":"https:\/\/schema.org","@graph":[{"@type":"WebPage","@id":"https:\/\/mula.es\/web\/medio-ambiente\/calendario-medioambiental\/","url":"https:\/\/mula.es\/web\/medio-ambiente\/calendario-medioambiental\/","name":"Calendario medioambiental - Ayuntamiento de Mula","isPartOf":{"@id":"https:\/\/mula.es\/web\/#website"},"primaryImageOfPage":{"@id":"https:\/\/mula.es\/web\/medio-ambiente\/calendario-medioambiental\/#primaryimage"},"image":{"@id":"https:\/\/mula.es\/web\/medio-ambiente\/calendario-medioambiental\/#primaryimage"},"thumbnailUrl":"http:\/\/mula.es\/web\/wp-content\/uploads\/2016\/02\/154_-238x300.jpg","datePublished":"2016-02-08T13:15:51+00:00","dateModified":"2021-05-12T18:04:56+00:00","breadcrumb":{"@id":"https:\/\/mula.es\/web\/medio-ambiente\/calendario-medioambiental\/#breadcrumb"},"inLanguage":"es","potentialAction":[{"@type":"ReadAction","target":["https:\/\/mula.es\/web\/medio-ambiente\/calendario-medioambiental\/"]}]},{"@type":"ImageObject","inLanguage":"es","@id":"https:\/\/mula.es\/web\/medio-ambiente\/calendario-medioambiental\/#primaryimage","url":"http:\/\/mula.es\/web\/wp-content\/uploads\/2016\/02\/154_-238x300.jpg","contentUrl":"http:\/\/mula.es\/web\/wp-content\/uploads\/2016\/02\/154_-238x300.jpg"},{"@type":"BreadcrumbList","@id":"https:\/\/mula.es\/web\/medio-ambiente\/calendario-medioambiental\/#breadcrumb","itemListElement":[{"@type":"ListItem","position":1,"name":"Portada","item":"https:\/\/mula.es\/web\/"},{"@type":"ListItem","position":2,"name":"Medio Ambiente","item":"https:\/\/mula.es\/web\/medio-ambiente\/"},{"@type":"ListItem","position":3,"name":"Calendario medioambiental"}]},{"@type":"WebSite","@id":"https:\/\/mula.es\/web\/#website","url":"https:\/\/mula.es\/web\/","name":"Ayuntamiento de Mula","description":"P\u00e1gina web del Ayuntamiento de Mula (Regi\u00f3n de Murcia)","potentialAction":[{"@type":"SearchAction","target":{"@type":"EntryPoint","urlTemplate":"https:\/\/mula.es\/web\/?s={search_term_string}"},"query-input":{"@type":"PropertyValueSpecification","valueRequired":true,"valueName":"search_term_string"}}],"inLanguage":"es"}]}},"_hostinger_reach_plugin_has_subscription_block":false,"_hostinger_reach_plugin_is_elementor":false,"jetpack_sharing_enabled":true,"jetpack_shortlink":"https:\/\/wp.me\/Pa9DMY-3sn","jetpack-related-posts":[],"_links":{"self":[{"href":"https:\/\/mula.es\/web\/wp-json\/wp\/v2\/pages\/13291","targetHints":{"allow":["GET"]}}],"collection":[{"href":"https:\/\/mula.es\/web\/wp-json\/wp\/v2\/pages"}],"about":[{"href":"https:\/\/mula.es\/web\/wp-json\/wp\/v2\/types\/page"}],"author":[{"embeddable":true,"href":"https:\/\/mula.es\/web\/wp-json\/wp\/v2\/users\/1"}],"replies":[{"embeddable":true,"href":"https:\/\/mula.es\/web\/wp-json\/wp\/v2\/comments?post=13291"}],"version-history":[{"count":12,"href":"https:\/\/mula.es\/web\/wp-json\/wp\/v2\/pages\/13291\/revisions"}],"predecessor-version":[{"id":38360,"href":"https:\/\/mula.es\/web\/wp-json\/wp\/v2\/pages\/13291\/revisions\/38360"}],"up":[{"embeddable":true,"href":"https:\/\/mula.es\/web\/wp-json\/wp\/v2\/pages\/13275"}],"wp:attachment":[{"href":"https:\/\/mula.es\/web\/wp-json\/wp\/v2\/media?parent=13291"}],"curies":[{"name":"wp","href":"https:\/\/api.w.org\/{rel}","templated":true}]}}