{"id":13293,"date":"2016-02-08T14:17:43","date_gmt":"2016-02-08T13:17:43","guid":{"rendered":"http:\/\/mula.es\/web\/?page_id=13293"},"modified":"2021-05-12T20:04:56","modified_gmt":"2021-05-12T18:04:56","slug":"educacion-ambiental","status":"publish","type":"page","link":"https:\/\/mula.es\/web\/medio-ambiente\/educacion-ambiental\/","title":{"rendered":"Educaci\u00f3n ambiental"},"content":{"rendered":"<div class=\"fusion-fullwidth fullwidth-box fusion-builder-row-1 fusion-flex-container hundred-percent-fullwidth non-hundred-percent-height-scrolling\" style=\"--awb-border-radius-top-left:0px;--awb-border-radius-top-right:0px;--awb-border-radius-bottom-right:0px;--awb-border-radius-bottom-left:0px;--awb-overflow:visible;--awb-flex-wrap:wrap;\" ><div class=\"fusion-builder-row fusion-row fusion-flex-align-items-flex-start fusion-flex-content-wrap\" style=\"width:calc( 100% + 0px ) !important;max-width:calc( 100% + 0px ) !important;margin-left: calc(-0px \/ 2 );margin-right: calc(-0px \/ 2 );\"><div class=\"fusion-layout-column fusion_builder_column fusion-builder-column-0 fusion_builder_column_1_1 1_1 fusion-flex-column\" style=\"--awb-bg-size:cover;--awb-width-large:100%;--awb-margin-top-large:0px;--awb-spacing-right-large:0px;--awb-margin-bottom-large:20px;--awb-spacing-left-large:0px;--awb-width-medium:100%;--awb-spacing-right-medium:0px;--awb-spacing-left-medium:0px;--awb-width-small:100%;--awb-spacing-right-small:0px;--awb-spacing-left-small:0px;\"><div class=\"fusion-column-wrapper fusion-flex-justify-content-flex-start fusion-content-layout-column\"><div class=\"fusion-text fusion-text-1\"><p style=\"text-align: justify;\">Uno de los prop\u00f3sitos de la Concejal\u00eda de Medio Ambiente es lograr una gesti\u00f3n eficaz de los recursos y residuos, evitar los impactos y prever posibles riesgos al medio ambiente, para lo que se hace esencial la sensibilizaci\u00f3n a los ciudadanos, pues todos debemos asumir la responsabilidad de participar activamente en esta gesti\u00f3n.<\/p>\n<p style=\"text-align: justify;\">La educaci\u00f3n ambiental es el conjunto de acciones y medidas dirigidas a lograr la concienciaci\u00f3n y cooperaci\u00f3n de la ciudadan\u00eda y a promover actitudes positivas y de sensibilizaci\u00f3n hacia el medio, es por tanto una herramienta de gesti\u00f3n ambiental, un mecanismo eficaz para acabar con el deterioro ambiental.<\/p>\n<p><a href=\"https:\/\/mula.es\/web\/wp-content\/uploads\/2016\/02\/diagramaeducacionambiental.jpg\" rel=\"attachment wp-att-14551\"><img data-attachment-id=\"14551\" data-permalink=\"https:\/\/mula.es\/web\/medio-ambiente\/educacion-ambiental\/diagramaeducacionambiental\/\" data-orig-file=\"https:\/\/mula.es\/web\/wp-content\/uploads\/2016\/02\/diagramaeducacionambiental.jpg\" data-orig-size=\"1694,1095\" data-comments-opened=\"0\" data-image-meta=\"\" data-image-title=\"diagramaeducacionambiental\" data-image-description=\"\n\n<p>diagrama educacion ambiental<\/p>\n<p>\" data-image-caption=\"\" data-medium-file=\"https:\/\/mula.es\/web\/wp-content\/uploads\/2016\/02\/diagramaeducacionambiental-300x194.jpg\" data-large-file=\"https:\/\/mula.es\/web\/wp-content\/uploads\/2016\/02\/diagramaeducacionambiental-1024x662.jpg\" class=\"wp-image-14551 size-large aligncenter\" src=\"https:\/\/mula.es\/web\/wp-content\/uploads\/2016\/02\/diagramaeducacionambiental-1024x662.jpg\" alt=\"diagrama educacion ambiental\" width=\"669\" height=\"432\" \/><\/a><\/p>\n<\/div><\/div><\/div>\n<div class=\"fusion-layout-column fusion_builder_column fusion-builder-column-1 fusion_builder_column_1_1 1_1 fusion-flex-column\" style=\"--awb-bg-size:cover;--awb-width-large:100%;--awb-margin-top-large:0px;--awb-spacing-right-large:0px;--awb-margin-bottom-large:20px;--awb-spacing-left-large:0px;--awb-width-medium:100%;--awb-spacing-right-medium:0px;--awb-spacing-left-medium:0px;--awb-width-small:100%;--awb-spacing-right-small:0px;--awb-spacing-left-small:0px;\"><div class=\"fusion-column-wrapper fusion-flex-justify-content-flex-start fusion-content-layout-column\"><div class=\"fusion-title title fusion-title-1 fusion-title-text fusion-title-size-two\" style=\"--awb-margin-top-small:0px;--awb-margin-right-small:0px;--awb-margin-bottom-small:20px;--awb-margin-left-small:0px;\"><div class=\"title-sep-container title-sep-container-left fusion-no-large-visibility fusion-no-medium-visibility fusion-no-small-visibility\"><div class=\"title-sep sep-double sep-solid\" style=\"border-color:#e0dede;\"><\/div><\/div><span class=\"awb-title-spacer fusion-no-large-visibility fusion-no-medium-visibility fusion-no-small-visibility\"><\/span><h2 class=\"fusion-title-heading title-heading-left\" style=\"margin:0;\">Localizaci\u00f3n y Contacto<\/h2><span class=\"awb-title-spacer\"><\/span><div class=\"title-sep-container title-sep-container-right\"><div class=\"title-sep sep-double sep-solid\" style=\"border-color:#e0dede;\"><\/div><\/div><\/div><div class=\"fusion-separator fusion-full-width-sep\" style=\"align-self: center;margin-left: auto;margin-right: auto;margin-bottom:10px;width:100%;\"><\/div><div class=\"fusion-text fusion-text-2\"><p>Oficina T\u00e9cnica Municipal<i class=\"fb-icon-element-1 fb-icon-element fontawesome-icon fa fa-map-marker circle-no fusion-text-flow\" style=\"--awb-iconcolor:#dd3333;--awb-iconcolor-hover:#dd3333;--awb-font-size:10px;--awb-margin-right:5px;\"><\/i>Ctra. de Caravaca, 4<br \/>\n30170 Mula \u2013 Murcia<br \/>\nTel\u00e9fono: 968 637 511<br \/>\nFax: 968 663 073<br \/>\nCorreo: <span class=\"backwards\">se.alumotya@etneibmaoidem<\/span><\/p>\n<p><a href=\"https:\/\/mula.es\/web\/organigrama-municipal\/\">Organigrama Municipal<\/a><\/p>\n<\/div><\/div><\/div><\/div><\/div>\n","protected":false},"excerpt":{"rendered":"","protected":false},"author":1,"featured_media":0,"parent":13275,"menu_order":0,"comment_status":"closed","ping_status":"closed","template":"","meta":{"jetpack_post_was_ever_published":false,"footnotes":""},"class_list":["post-13293","page","type-page","status-publish","hentry"],"yoast_head":"<!-- This site is optimized with the Yoast SEO plugin v27.2 - https:\/\/yoast.com\/product\/yoast-seo-wordpress\/ -->\n<title>Educaci\u00f3n ambiental - Ayuntamiento de Mula<\/title>\n<meta name=\"robots\" content=\"index, follow, max-snippet:-1, max-image-preview:large, max-video-preview:-1\" \/>\n<link rel=\"canonical\" href=\"https:\/\/mula.es\/web\/medio-ambiente\/educacion-ambiental\/\" \/>\n<meta property=\"og:locale\" content=\"es_ES\" \/>\n<meta property=\"og:type\" content=\"article\" \/>\n<meta property=\"og:title\" content=\"Educaci\u00f3n ambiental - Ayuntamiento de Mula\" \/>\n<meta property=\"og:url\" content=\"https:\/\/mula.es\/web\/medio-ambiente\/educacion-ambiental\/\" \/>\n<meta property=\"og:site_name\" content=\"Ayuntamiento de Mula\" \/>\n<meta property=\"article:modified_time\" content=\"2021-05-12T18:04:56+00:00\" \/>\n<meta property=\"og:image\" content=\"http:\/\/mula.es\/web\/wp-content\/uploads\/2016\/02\/diagramaeducacionambiental-1024x662.jpg\" \/>\n<meta name=\"twitter:card\" content=\"summary_large_image\" \/>\n<meta name=\"twitter:site\" content=\"@AyuntamientMula\" \/>\n<meta name=\"twitter:label1\" content=\"Tiempo de lectura\" \/>\n\t<meta name=\"twitter:data1\" content=\"2 minutos\" \/>\n<script type=\"application\/ld+json\" class=\"yoast-schema-graph\">{\"@context\":\"https:\/\/schema.org\",\"@graph\":[{\"@type\":\"WebPage\",\"@id\":\"https:\/\/mula.es\/web\/medio-ambiente\/educacion-ambiental\/\",\"url\":\"https:\/\/mula.es\/web\/medio-ambiente\/educacion-ambiental\/\",\"name\":\"Educaci\u00f3n ambiental - Ayuntamiento de Mula\",\"isPartOf\":{\"@id\":\"https:\/\/mula.es\/web\/#website\"},\"primaryImageOfPage\":{\"@id\":\"https:\/\/mula.es\/web\/medio-ambiente\/educacion-ambiental\/#primaryimage\"},\"image\":{\"@id\":\"https:\/\/mula.es\/web\/medio-ambiente\/educacion-ambiental\/#primaryimage\"},\"thumbnailUrl\":\"http:\/\/mula.es\/web\/wp-content\/uploads\/2016\/02\/diagramaeducacionambiental-1024x662.jpg\",\"datePublished\":\"2016-02-08T13:17:43+00:00\",\"dateModified\":\"2021-05-12T18:04:56+00:00\",\"breadcrumb\":{\"@id\":\"https:\/\/mula.es\/web\/medio-ambiente\/educacion-ambiental\/#breadcrumb\"},\"inLanguage\":\"es\",\"potentialAction\":[{\"@type\":\"ReadAction\",\"target\":[\"https:\/\/mula.es\/web\/medio-ambiente\/educacion-ambiental\/\"]}]},{\"@type\":\"ImageObject\",\"inLanguage\":\"es\",\"@id\":\"https:\/\/mula.es\/web\/medio-ambiente\/educacion-ambiental\/#primaryimage\",\"url\":\"http:\/\/mula.es\/web\/wp-content\/uploads\/2016\/02\/diagramaeducacionambiental-1024x662.jpg\",\"contentUrl\":\"http:\/\/mula.es\/web\/wp-content\/uploads\/2016\/02\/diagramaeducacionambiental-1024x662.jpg\"},{\"@type\":\"BreadcrumbList\",\"@id\":\"https:\/\/mula.es\/web\/medio-ambiente\/educacion-ambiental\/#breadcrumb\",\"itemListElement\":[{\"@type\":\"ListItem\",\"position\":1,\"name\":\"Portada\",\"item\":\"https:\/\/mula.es\/web\/\"},{\"@type\":\"ListItem\",\"position\":2,\"name\":\"Medio Ambiente\",\"item\":\"https:\/\/mula.es\/web\/medio-ambiente\/\"},{\"@type\":\"ListItem\",\"position\":3,\"name\":\"Educaci\u00f3n ambiental\"}]},{\"@type\":\"WebSite\",\"@id\":\"https:\/\/mula.es\/web\/#website\",\"url\":\"https:\/\/mula.es\/web\/\",\"name\":\"Ayuntamiento de Mula\",\"description\":\"P\u00e1gina web del Ayuntamiento de Mula (Regi\u00f3n de Murcia)\",\"potentialAction\":[{\"@type\":\"SearchAction\",\"target\":{\"@type\":\"EntryPoint\",\"urlTemplate\":\"https:\/\/mula.es\/web\/?s={search_term_string}\"},\"query-input\":{\"@type\":\"PropertyValueSpecification\",\"valueRequired\":true,\"valueName\":\"search_term_string\"}}],\"inLanguage\":\"es\"}]}<\/script>\n<!-- \/ Yoast SEO plugin. -->","yoast_head_json":{"title":"Educaci\u00f3n ambiental - Ayuntamiento de Mula","robots":{"index":"index","follow":"follow","max-snippet":"max-snippet:-1","max-image-preview":"max-image-preview:large","max-video-preview":"max-video-preview:-1"},"canonical":"https:\/\/mula.es\/web\/medio-ambiente\/educacion-ambiental\/","og_locale":"es_ES","og_type":"article","og_title":"Educaci\u00f3n ambiental - Ayuntamiento de Mula","og_url":"https:\/\/mula.es\/web\/medio-ambiente\/educacion-ambiental\/","og_site_name":"Ayuntamiento de Mula","article_modified_time":"2021-05-12T18:04:56+00:00","og_image":[{"url":"http:\/\/mula.es\/web\/wp-content\/uploads\/2016\/02\/diagramaeducacionambiental-1024x662.jpg","type":"","width":"","height":""}],"twitter_card":"summary_large_image","twitter_site":"@AyuntamientMula","twitter_misc":{"Tiempo de lectura":"2 minutos"},"schema":{"@context":"https:\/\/schema.org","@graph":[{"@type":"WebPage","@id":"https:\/\/mula.es\/web\/medio-ambiente\/educacion-ambiental\/","url":"https:\/\/mula.es\/web\/medio-ambiente\/educacion-ambiental\/","name":"Educaci\u00f3n ambiental - Ayuntamiento de Mula","isPartOf":{"@id":"https:\/\/mula.es\/web\/#website"},"primaryImageOfPage":{"@id":"https:\/\/mula.es\/web\/medio-ambiente\/educacion-ambiental\/#primaryimage"},"image":{"@id":"https:\/\/mula.es\/web\/medio-ambiente\/educacion-ambiental\/#primaryimage"},"thumbnailUrl":"http:\/\/mula.es\/web\/wp-content\/uploads\/2016\/02\/diagramaeducacionambiental-1024x662.jpg","datePublished":"2016-02-08T13:17:43+00:00","dateModified":"2021-05-12T18:04:56+00:00","breadcrumb":{"@id":"https:\/\/mula.es\/web\/medio-ambiente\/educacion-ambiental\/#breadcrumb"},"inLanguage":"es","potentialAction":[{"@type":"ReadAction","target":["https:\/\/mula.es\/web\/medio-ambiente\/educacion-ambiental\/"]}]},{"@type":"ImageObject","inLanguage":"es","@id":"https:\/\/mula.es\/web\/medio-ambiente\/educacion-ambiental\/#primaryimage","url":"http:\/\/mula.es\/web\/wp-content\/uploads\/2016\/02\/diagramaeducacionambiental-1024x662.jpg","contentUrl":"http:\/\/mula.es\/web\/wp-content\/uploads\/2016\/02\/diagramaeducacionambiental-1024x662.jpg"},{"@type":"BreadcrumbList","@id":"https:\/\/mula.es\/web\/medio-ambiente\/educacion-ambiental\/#breadcrumb","itemListElement":[{"@type":"ListItem","position":1,"name":"Portada","item":"https:\/\/mula.es\/web\/"},{"@type":"ListItem","position":2,"name":"Medio Ambiente","item":"https:\/\/mula.es\/web\/medio-ambiente\/"},{"@type":"ListItem","position":3,"name":"Educaci\u00f3n ambiental"}]},{"@type":"WebSite","@id":"https:\/\/mula.es\/web\/#website","url":"https:\/\/mula.es\/web\/","name":"Ayuntamiento de Mula","description":"P\u00e1gina web del Ayuntamiento de Mula (Regi\u00f3n de Murcia)","potentialAction":[{"@type":"SearchAction","target":{"@type":"EntryPoint","urlTemplate":"https:\/\/mula.es\/web\/?s={search_term_string}"},"query-input":{"@type":"PropertyValueSpecification","valueRequired":true,"valueName":"search_term_string"}}],"inLanguage":"es"}]}},"_hostinger_reach_plugin_has_subscription_block":false,"_hostinger_reach_plugin_is_elementor":false,"jetpack_sharing_enabled":true,"jetpack_shortlink":"https:\/\/wp.me\/Pa9DMY-3sp","jetpack-related-posts":[],"_links":{"self":[{"href":"https:\/\/mula.es\/web\/wp-json\/wp\/v2\/pages\/13293","targetHints":{"allow":["GET"]}}],"collection":[{"href":"https:\/\/mula.es\/web\/wp-json\/wp\/v2\/pages"}],"about":[{"href":"https:\/\/mula.es\/web\/wp-json\/wp\/v2\/types\/page"}],"author":[{"embeddable":true,"href":"https:\/\/mula.es\/web\/wp-json\/wp\/v2\/users\/1"}],"replies":[{"embeddable":true,"href":"https:\/\/mula.es\/web\/wp-json\/wp\/v2\/comments?post=13293"}],"version-history":[{"count":12,"href":"https:\/\/mula.es\/web\/wp-json\/wp\/v2\/pages\/13293\/revisions"}],"predecessor-version":[{"id":38359,"href":"https:\/\/mula.es\/web\/wp-json\/wp\/v2\/pages\/13293\/revisions\/38359"}],"up":[{"embeddable":true,"href":"https:\/\/mula.es\/web\/wp-json\/wp\/v2\/pages\/13275"}],"wp:attachment":[{"href":"https:\/\/mula.es\/web\/wp-json\/wp\/v2\/media?parent=13293"}],"curies":[{"name":"wp","href":"https:\/\/api.w.org\/{rel}","templated":true}]}}