{"id":13295,"date":"2016-02-08T14:20:32","date_gmt":"2016-02-08T13:20:32","guid":{"rendered":"http:\/\/mula.es\/web\/?page_id=13295"},"modified":"2024-04-05T10:04:26","modified_gmt":"2024-04-05T08:04:26","slug":"gestion-de-residuos","status":"publish","type":"page","link":"https:\/\/mula.es\/web\/medio-ambiente\/gestion-de-residuos\/","title":{"rendered":"Gesti\u00f3n de residuos"},"content":{"rendered":"<div class=\"fusion-fullwidth fullwidth-box fusion-builder-row-1 fusion-flex-container hundred-percent-fullwidth non-hundred-percent-height-scrolling\" style=\"--awb-border-radius-top-left:0px;--awb-border-radius-top-right:0px;--awb-border-radius-bottom-right:0px;--awb-border-radius-bottom-left:0px;--awb-overflow:visible;--awb-flex-wrap:wrap;\" ><div class=\"fusion-builder-row fusion-row fusion-flex-align-items-flex-start fusion-flex-content-wrap\" style=\"width:calc( 100% + 0px ) !important;max-width:calc( 100% + 0px ) !important;margin-left: calc(-0px \/ 2 );margin-right: calc(-0px \/ 2 );\"><div class=\"fusion-layout-column fusion_builder_column fusion-builder-column-0 fusion_builder_column_1_1 1_1 fusion-flex-column\" style=\"--awb-bg-size:cover;--awb-width-large:100%;--awb-margin-top-large:0px;--awb-spacing-right-large:0px;--awb-margin-bottom-large:20px;--awb-spacing-left-large:0px;--awb-width-medium:100%;--awb-spacing-right-medium:0px;--awb-spacing-left-medium:0px;--awb-width-small:100%;--awb-spacing-right-small:0px;--awb-spacing-left-small:0px;\"><div class=\"fusion-column-wrapper fusion-flex-justify-content-flex-start fusion-content-layout-column\"><div class=\"fusion-text fusion-text-1\"><p style=\"text-align: justify;\">La gesti\u00f3n y tratamiento adecuado de los residuos generados en el municipio, constituye uno de los principales objetivos del Ayuntamiento de Mula.<\/p>\n<p style=\"text-align: justify;\">Para ello, existen diversas iniciativas a disposici\u00f3n de los ciudadanos, a fin de acostumbrar y concienciar a los mismos acerca de la importancia de separar los residuos en origen, para despu\u00e9s tratarlos seg\u00fan la normativa vigente y conseguir una gesti\u00f3n eficiente. Con esta finalidad, el municipio dispone de un buen n\u00famero de puntos verdes, dotados de contenedores selectivos, as\u00ed como de un Ecoparque Municipal, para la gesti\u00f3n y almacenamiento de residuos que plantean mayor dificultad de reciclado.<\/p>\n<p style=\"text-align: justify;\">El objetivo final de una adecuada gesti\u00f3n de residuos es seguir la regla de las 3R:<\/p>\n<ul style=\"text-align: justify;\">\n<li><strong>REDUCIR:<\/strong> es lo primero que tenemos que tratar de hacer, hay que evitar generar residuos comprando m\u00e1s sabiamente y utilizando los productos de la manera correcta. \u00bfComo?, comprando siempre productos que preferiblemente no est\u00e9n envasados o evitando comprar desechables, que son el enemigo n\u00ba 1 del ambiente.<\/li>\n<li><strong>REUTILIZAR:<\/strong> es tratar de darle alg\u00fan nuevo uso a los residuos antes de tirarlos, por ejemplo, forrar las cajas, frascos o latas y usarlas para guardar cosas. As\u00ed, cuantos m\u00e1s productos volvamos a utilizar, menos recursos tendremos que gastar.<\/li>\n<li><strong>RECICLAR:<\/strong> se refiere a la transformaci\u00f3n de materiales que ya hayan sido utilizados, en nuevos productos destinados al consumo. Se pueden reciclar, entre otros, el papel, el cart\u00f3n, el pl\u00e1stico, el vidrio, el aceite. Es importante tener en cuenta que para llevar a cabo el reciclaje el primer paso a efectuar es la SEPARACI\u00d3N EN ORIGEN, funci\u00f3n que depende exclusivamente de cada uno de nosotros.<\/li>\n<\/ul>\n<p style=\"text-align: justify;\"><del><\/del><div class=\"fusion-title title fusion-title-1 fusion-title-text fusion-title-size-two\" style=\"--awb-margin-top-small:0px;--awb-margin-right-small:0px;--awb-margin-bottom-small:20px;--awb-margin-left-small:0px;\"><h2 class=\"fusion-title-heading title-heading-left\" style=\"margin:0;\">Residuos S\u00f3lidos Urbanos (RSU)<\/h2><span class=\"awb-title-spacer\"><\/span><div class=\"title-sep-container\"><div class=\"title-sep sep-double sep-solid\" style=\"border-color:#e0dede;\"><\/div><\/div><\/div>Los Residuos S\u00f3lidos Urbanos (RSU) son los que se originan en la actividad dom\u00e9stica y comercial de ciudades y pueblos, as\u00ed como todos aquellos que no tengan la calificaci\u00f3n de peligrosos y que por su naturaleza o composici\u00f3n puedan asimilarse a los producidos en los anteriores lugares o actividades.<\/p>\n<p style=\"text-align: justify;\">En el municipio de Mula, la cantidad de RSU generada por habitante y d\u00eda es alrededor de 1 kg.<\/p>\n<p style=\"text-align: justify;\">Gestionar adecuadamente los RSU es una cuesti\u00f3n prioritaria para el Ayuntamiento y en la que todos los ciudadanos\/as de Mula debemos colaborar.<\/p>\n<p style=\"text-align: justify;\"><strong><a href=\"https:\/\/mula.es\/web\/wp-content\/uploads\/2016\/02\/39_.jpg\" rel=\"attachment wp-att-13437\"><img decoding=\"async\" data-attachment-id=\"13437\" data-permalink=\"https:\/\/mula.es\/web\/medio-ambiente\/gestion-de-residuos\/39_\/\" data-orig-file=\"https:\/\/mula.es\/web\/wp-content\/uploads\/2016\/02\/39_.jpg\" data-orig-size=\"800,720\" data-comments-opened=\"0\" data-image-meta=\"\" data-image-title=\"39_\" data-image-description=\"\" data-image-caption=\"\" data-large-file=\"https:\/\/mula.es\/web\/wp-content\/uploads\/2016\/02\/39_.jpg\" class=\"aligncenter wp-image-13437\" src=\"https:\/\/mula.es\/web\/wp-content\/uploads\/2016\/02\/39_.jpg\" alt=\"39_\" width=\"248\" height=\"223\" srcset=\"https:\/\/mula.es\/web\/wp-content\/uploads\/2016\/02\/39_-300x270.jpg 300w, https:\/\/mula.es\/web\/wp-content\/uploads\/2016\/02\/39_-768x691.jpg 768w, https:\/\/mula.es\/web\/wp-content\/uploads\/2016\/02\/39_.jpg 800w\" sizes=\"(max-width: 248px) 100vw, 248px\" \/><\/a><\/strong><\/p>\n<p style=\"text-align: justify;\"><div class=\"fusion-title title fusion-title-2 fusion-title-text fusion-title-size-two\" style=\"--awb-margin-top-small:0px;--awb-margin-right-small:0px;--awb-margin-bottom-small:20px;--awb-margin-left-small:0px;\"><div class=\"title-sep-container title-sep-container-left fusion-no-large-visibility fusion-no-medium-visibility fusion-no-small-visibility\"><div class=\"title-sep sep-double sep-solid\" style=\"border-color:#e0dede;\"><\/div><\/div><span class=\"awb-title-spacer fusion-no-large-visibility fusion-no-medium-visibility fusion-no-small-visibility\"><\/span><h2 class=\"fusion-title-heading title-heading-left\" style=\"margin:0;\">Otros residuos<\/h2><span class=\"awb-title-spacer\"><\/span><div class=\"title-sep-container title-sep-container-right\"><div class=\"title-sep sep-double sep-solid\" style=\"border-color:#e0dede;\"><\/div><\/div><\/div>Este grupo es de composici\u00f3n heterog\u00e9nea y por la naturaleza de algunos de sus componentes es digno de una atenci\u00f3n especial, ya que algunos merecen la consideraci\u00f3n de residuos peligrosos.<\/p>\n<p style=\"text-align: justify;\"><a href=\"https:\/\/mula.es\/web\/wp-content\/uploads\/2016\/02\/22_.jpg\" rel=\"attachment wp-att-13417\"><img decoding=\"async\" data-attachment-id=\"13417\" data-permalink=\"https:\/\/mula.es\/web\/medio-ambiente\/gestion-de-residuos\/22_\/\" data-orig-file=\"https:\/\/mula.es\/web\/wp-content\/uploads\/2016\/02\/22_.jpg\" data-orig-size=\"800,720\" data-comments-opened=\"0\" data-image-meta=\"\" data-image-title=\"22_\" data-image-description=\"\" data-image-caption=\"\" data-large-file=\"https:\/\/mula.es\/web\/wp-content\/uploads\/2016\/02\/22_.jpg\" class=\"wp-image-13417 aligncenter\" src=\"https:\/\/mula.es\/web\/wp-content\/uploads\/2016\/02\/22_.jpg\" alt=\"22_\" width=\"189\" height=\"171\" srcset=\"https:\/\/mula.es\/web\/wp-content\/uploads\/2016\/02\/22_-300x270.jpg 300w, https:\/\/mula.es\/web\/wp-content\/uploads\/2016\/02\/22_-768x691.jpg 768w, https:\/\/mula.es\/web\/wp-content\/uploads\/2016\/02\/22_.jpg 800w\" sizes=\"(max-width: 189px) 100vw, 189px\" \/><\/a><\/p>\n<p style=\"text-align: justify;\"><div class=\"fusion-title title fusion-title-3 fusion-title-text fusion-title-size-two\" style=\"--awb-margin-top-small:0px;--awb-margin-right-small:0px;--awb-margin-bottom-small:20px;--awb-margin-left-small:0px;\"><div class=\"title-sep-container title-sep-container-left fusion-no-large-visibility fusion-no-medium-visibility fusion-no-small-visibility\"><div class=\"title-sep sep-double sep-solid\" style=\"border-color:#e0dede;\"><\/div><\/div><span class=\"awb-title-spacer fusion-no-large-visibility fusion-no-medium-visibility fusion-no-small-visibility\"><\/span><h2 class=\"fusion-title-heading title-heading-left\" style=\"margin:0;\">\u00bfD\u00f3nde llevo mis residuos?<\/h2><span class=\"awb-title-spacer\"><\/span><div class=\"title-sep-container title-sep-container-right\"><div class=\"title-sep sep-double sep-solid\" style=\"border-color:#e0dede;\"><\/div><\/div><\/div>Los Residuos pueden llevarse\u00a0 al Ecoparque.<\/p>\n<p style=\"text-align: justify;\"><strong><img data-attachment-id=\"14009\" data-permalink=\"https:\/\/mula.es\/web\/medio-ambiente\/gestion-de-residuos\/16_-4\/\" data-orig-file=\"https:\/\/mula.es\/web\/wp-content\/uploads\/2016\/02\/16_-1.jpg\" data-orig-size=\"373,397\" data-comments-opened=\"0\" data-image-meta=\"\" data-image-title=\"foto ecoparque\" data-image-description=\"\n\n<p>foto ecoparque<\/p>\n<p>\" data-image-caption=\"\" data-large-file=\"https:\/\/mula.es\/web\/wp-content\/uploads\/2016\/02\/16_-1.jpg\" class=\"wp-image-14009 aligncenter\" src=\"https:\/\/mula.es\/web\/wp-content\/uploads\/2016\/02\/16_-1.jpg\" alt=\"16_\" width=\"141\" height=\"150\" \/><\/strong><\/p>\n<p>\u00a0<\/p>\n<div class=\"fusion-title title fusion-title-4 fusion-title-text fusion-title-size-two\" style=\"--awb-margin-top-small:0px;--awb-margin-right-small:0px;--awb-margin-bottom-small:20px;--awb-margin-left-small:0px;\"><div class=\"title-sep-container title-sep-container-left fusion-no-large-visibility fusion-no-medium-visibility fusion-no-small-visibility\"><div class=\"title-sep sep-double sep-solid\" style=\"border-color:#e0dede;\"><\/div><\/div><span class=\"awb-title-spacer fusion-no-large-visibility fusion-no-medium-visibility fusion-no-small-visibility\"><\/span><h2 class=\"fusion-title-heading title-heading-left\" style=\"margin:0;\">Identifica, separa y recicla<\/h2><span class=\"awb-title-spacer\"><\/span><div class=\"title-sep-container title-sep-container-right\"><div class=\"title-sep sep-double sep-solid\" style=\"border-color:#e0dede;\"><\/div><\/div><\/div>\n<ul>\n<li><a href=\"https:\/\/mula.es\/web\/wp-content\/uploads\/2016\/02\/219_.pdf\" target=\"_blank\" rel=\"noopener\">Residuos Org\u00e1nicos<\/a><\/li>\n<li style=\"text-align: justify;\"><a href=\"https:\/\/mula.es\/web\/wp-content\/uploads\/2016\/02\/220_.pdf\" target=\"_blank\" rel=\"noopener\">Papel y cart\u00f3n<\/a><\/li>\n<li style=\"text-align: justify;\"><a href=\"https:\/\/mula.es\/web\/wp-content\/uploads\/2016\/02\/257_.pdf\" target=\"_blank\" rel=\"noopener\">Vidrio<\/a><\/li>\n<li style=\"text-align: justify;\"><a href=\"https:\/\/mula.es\/web\/wp-content\/uploads\/2016\/02\/222_.pdf\" target=\"_blank\" rel=\"noopener\">Envases<\/a><\/li>\n<li style=\"text-align: justify;\"><a href=\"https:\/\/mula.es\/web\/wp-content\/uploads\/2016\/02\/223_.pdf\" target=\"_blank\" rel=\"noopener\">Textil<\/a><\/li>\n<li style=\"text-align: justify;\"><a href=\"https:\/\/mula.es\/web\/wp-content\/uploads\/2016\/02\/240_.pdf\" target=\"_blank\" rel=\"noopener\">Muebles y enseres<\/a><\/li>\n<li style=\"text-align: justify;\">Aceite<\/li>\n<li style=\"text-align: justify;\"><a href=\"https:\/\/mula.es\/web\/wp-content\/uploads\/2016\/02\/226_.pdf\" target=\"_blank\" rel=\"noopener\">Aparatos el\u00e9ctricos y electr\u00f3nicos<\/a><\/li>\n<li style=\"text-align: justify;\"><a href=\"https:\/\/mula.es\/web\/wp-content\/uploads\/2016\/02\/227_.pdf\" target=\"_blank\" rel=\"noopener\">Medicamentos<\/a><\/li>\n<li style=\"text-align: justify;\"><a href=\"https:\/\/mula.es\/web\/wp-content\/uploads\/2016\/02\/228_.pdf\" target=\"_blank\" rel=\"noopener\">Residuos inertes<\/a><\/li>\n<li style=\"text-align: justify;\"><a href=\"https:\/\/mula.es\/web\/wp-content\/uploads\/2016\/02\/229_.pdf\" target=\"_blank\" rel=\"noopener\">Pilas<\/a><\/li>\n<\/ul>\n<\/div><\/div><\/div>\n<div class=\"fusion-layout-column fusion_builder_column fusion-builder-column-1 fusion_builder_column_1_1 1_1 fusion-flex-column\" style=\"--awb-bg-size:cover;--awb-width-large:100%;--awb-margin-top-large:0px;--awb-spacing-right-large:0px;--awb-margin-bottom-large:20px;--awb-spacing-left-large:0px;--awb-width-medium:100%;--awb-spacing-right-medium:0px;--awb-spacing-left-medium:0px;--awb-width-small:100%;--awb-spacing-right-small:0px;--awb-spacing-left-small:0px;\"><div class=\"fusion-column-wrapper fusion-flex-justify-content-flex-start fusion-content-layout-column\"><div class=\"fusion-title title fusion-title-5 fusion-title-text fusion-title-size-two\" style=\"--awb-margin-top-small:0px;--awb-margin-right-small:0px;--awb-margin-bottom-small:20px;--awb-margin-left-small:0px;\"><div class=\"title-sep-container title-sep-container-left fusion-no-large-visibility fusion-no-medium-visibility fusion-no-small-visibility\"><div class=\"title-sep sep-double sep-solid\" style=\"border-color:#e0dede;\"><\/div><\/div><span class=\"awb-title-spacer fusion-no-large-visibility fusion-no-medium-visibility fusion-no-small-visibility\"><\/span><h2 class=\"fusion-title-heading title-heading-left\" style=\"margin:0;\">Localizaci\u00f3n y Contacto<\/h2><span class=\"awb-title-spacer\"><\/span><div class=\"title-sep-container title-sep-container-right\"><div class=\"title-sep sep-double sep-solid\" style=\"border-color:#e0dede;\"><\/div><\/div><\/div><div class=\"fusion-separator fusion-full-width-sep\" style=\"align-self: center;margin-left: auto;margin-right: auto;margin-bottom:10px;width:100%;\"><\/div>\n<p>Ecoparque<div class=\"fusion-text fusion-text-2\"><p><i class=\"fb-icon-element-1 fb-icon-element fontawesome-icon fa fa-map-marker circle-no fusion-text-flow\" style=\"--awb-iconcolor:#dd3333;--awb-iconcolor-hover:#dd3333;--awb-font-size:10px;--awb-margin-right:5px;\"><\/i><a href=\"https:\/\/maps.app.goo.gl\/FZBtkgyM7VR8jVQt6\" target=\"_blank\" rel=\"noopener\">Ctra. de Pliego, 55<\/a><br \/>\n30170 Mula \u2013 Murcia<br \/>\nTel\u00e9fono: 637 515 239<br \/>\nFax: 968 663 073<br \/>\nCorreo: <span class=\"backwards\">se.alumotya@etneibmaoidem<\/span><\/p>\n<p><a href=\"https:\/\/mula.es\/web\/organigrama-municipal\/\">Organigrama Municipal<\/a><\/p>\n<\/div><\/div><\/div><\/div><\/div>\n","protected":false},"excerpt":{"rendered":"","protected":false},"author":1,"featured_media":0,"parent":13275,"menu_order":0,"comment_status":"closed","ping_status":"closed","template":"","meta":{"jetpack_post_was_ever_published":false,"footnotes":""},"class_list":["post-13295","page","type-page","status-publish","hentry"],"yoast_head":"<!-- This site is optimized with the Yoast SEO plugin v27.5 - https:\/\/yoast.com\/product\/yoast-seo-wordpress\/ -->\n<title>Gesti\u00f3n de residuos - Ayuntamiento de Mula<\/title>\n<meta name=\"robots\" content=\"index, follow, max-snippet:-1, max-image-preview:large, max-video-preview:-1\" \/>\n<link rel=\"canonical\" href=\"https:\/\/mula.es\/web\/medio-ambiente\/gestion-de-residuos\/\" \/>\n<meta property=\"og:locale\" content=\"es_ES\" \/>\n<meta property=\"og:type\" content=\"article\" \/>\n<meta property=\"og:title\" content=\"Gesti\u00f3n de residuos - Ayuntamiento de Mula\" \/>\n<meta property=\"og:url\" content=\"https:\/\/mula.es\/web\/medio-ambiente\/gestion-de-residuos\/\" \/>\n<meta property=\"og:site_name\" content=\"Ayuntamiento de Mula\" \/>\n<meta property=\"article:modified_time\" content=\"2024-04-05T08:04:26+00:00\" \/>\n<meta property=\"og:image\" content=\"http:\/\/mula.es\/web\/wp-content\/uploads\/2016\/02\/39_.jpg\" \/>\n<meta name=\"twitter:card\" content=\"summary_large_image\" \/>\n<meta name=\"twitter:site\" content=\"@AyuntamientMula\" \/>\n<meta name=\"twitter:label1\" content=\"Tiempo de lectura\" \/>\n\t<meta name=\"twitter:data1\" content=\"3 minutos\" \/>\n<script type=\"application\/ld+json\" class=\"yoast-schema-graph\">{\"@context\":\"https:\\\/\\\/schema.org\",\"@graph\":[{\"@type\":\"WebPage\",\"@id\":\"https:\\\/\\\/mula.es\\\/web\\\/medio-ambiente\\\/gestion-de-residuos\\\/\",\"url\":\"https:\\\/\\\/mula.es\\\/web\\\/medio-ambiente\\\/gestion-de-residuos\\\/\",\"name\":\"Gesti\u00f3n de residuos - Ayuntamiento de Mula\",\"isPartOf\":{\"@id\":\"https:\\\/\\\/mula.es\\\/web\\\/#website\"},\"primaryImageOfPage\":{\"@id\":\"https:\\\/\\\/mula.es\\\/web\\\/medio-ambiente\\\/gestion-de-residuos\\\/#primaryimage\"},\"image\":{\"@id\":\"https:\\\/\\\/mula.es\\\/web\\\/medio-ambiente\\\/gestion-de-residuos\\\/#primaryimage\"},\"thumbnailUrl\":\"http:\\\/\\\/mula.es\\\/web\\\/wp-content\\\/uploads\\\/2016\\\/02\\\/39_.jpg\",\"datePublished\":\"2016-02-08T13:20:32+00:00\",\"dateModified\":\"2024-04-05T08:04:26+00:00\",\"breadcrumb\":{\"@id\":\"https:\\\/\\\/mula.es\\\/web\\\/medio-ambiente\\\/gestion-de-residuos\\\/#breadcrumb\"},\"inLanguage\":\"es\",\"potentialAction\":[{\"@type\":\"ReadAction\",\"target\":[\"https:\\\/\\\/mula.es\\\/web\\\/medio-ambiente\\\/gestion-de-residuos\\\/\"]}]},{\"@type\":\"ImageObject\",\"inLanguage\":\"es\",\"@id\":\"https:\\\/\\\/mula.es\\\/web\\\/medio-ambiente\\\/gestion-de-residuos\\\/#primaryimage\",\"url\":\"http:\\\/\\\/mula.es\\\/web\\\/wp-content\\\/uploads\\\/2016\\\/02\\\/39_.jpg\",\"contentUrl\":\"http:\\\/\\\/mula.es\\\/web\\\/wp-content\\\/uploads\\\/2016\\\/02\\\/39_.jpg\"},{\"@type\":\"BreadcrumbList\",\"@id\":\"https:\\\/\\\/mula.es\\\/web\\\/medio-ambiente\\\/gestion-de-residuos\\\/#breadcrumb\",\"itemListElement\":[{\"@type\":\"ListItem\",\"position\":1,\"name\":\"Portada\",\"item\":\"https:\\\/\\\/mula.es\\\/web\\\/\"},{\"@type\":\"ListItem\",\"position\":2,\"name\":\"Medio Ambiente\",\"item\":\"https:\\\/\\\/mula.es\\\/web\\\/medio-ambiente\\\/\"},{\"@type\":\"ListItem\",\"position\":3,\"name\":\"Gesti\u00f3n de residuos\"}]},{\"@type\":\"WebSite\",\"@id\":\"https:\\\/\\\/mula.es\\\/web\\\/#website\",\"url\":\"https:\\\/\\\/mula.es\\\/web\\\/\",\"name\":\"Ayuntamiento de Mula\",\"description\":\"P\u00e1gina web del Ayuntamiento de Mula (Regi\u00f3n de Murcia)\",\"potentialAction\":[{\"@type\":\"SearchAction\",\"target\":{\"@type\":\"EntryPoint\",\"urlTemplate\":\"https:\\\/\\\/mula.es\\\/web\\\/?s={search_term_string}\"},\"query-input\":{\"@type\":\"PropertyValueSpecification\",\"valueRequired\":true,\"valueName\":\"search_term_string\"}}],\"inLanguage\":\"es\"}]}<\/script>\n<!-- \/ Yoast SEO plugin. -->","yoast_head_json":{"title":"Gesti\u00f3n de residuos - Ayuntamiento de Mula","robots":{"index":"index","follow":"follow","max-snippet":"max-snippet:-1","max-image-preview":"max-image-preview:large","max-video-preview":"max-video-preview:-1"},"canonical":"https:\/\/mula.es\/web\/medio-ambiente\/gestion-de-residuos\/","og_locale":"es_ES","og_type":"article","og_title":"Gesti\u00f3n de residuos - Ayuntamiento de Mula","og_url":"https:\/\/mula.es\/web\/medio-ambiente\/gestion-de-residuos\/","og_site_name":"Ayuntamiento de Mula","article_modified_time":"2024-04-05T08:04:26+00:00","og_image":[{"url":"http:\/\/mula.es\/web\/wp-content\/uploads\/2016\/02\/39_.jpg","type":"","width":"","height":""}],"twitter_card":"summary_large_image","twitter_site":"@AyuntamientMula","twitter_misc":{"Tiempo de lectura":"3 minutos"},"schema":{"@context":"https:\/\/schema.org","@graph":[{"@type":"WebPage","@id":"https:\/\/mula.es\/web\/medio-ambiente\/gestion-de-residuos\/","url":"https:\/\/mula.es\/web\/medio-ambiente\/gestion-de-residuos\/","name":"Gesti\u00f3n de residuos - Ayuntamiento de Mula","isPartOf":{"@id":"https:\/\/mula.es\/web\/#website"},"primaryImageOfPage":{"@id":"https:\/\/mula.es\/web\/medio-ambiente\/gestion-de-residuos\/#primaryimage"},"image":{"@id":"https:\/\/mula.es\/web\/medio-ambiente\/gestion-de-residuos\/#primaryimage"},"thumbnailUrl":"http:\/\/mula.es\/web\/wp-content\/uploads\/2016\/02\/39_.jpg","datePublished":"2016-02-08T13:20:32+00:00","dateModified":"2024-04-05T08:04:26+00:00","breadcrumb":{"@id":"https:\/\/mula.es\/web\/medio-ambiente\/gestion-de-residuos\/#breadcrumb"},"inLanguage":"es","potentialAction":[{"@type":"ReadAction","target":["https:\/\/mula.es\/web\/medio-ambiente\/gestion-de-residuos\/"]}]},{"@type":"ImageObject","inLanguage":"es","@id":"https:\/\/mula.es\/web\/medio-ambiente\/gestion-de-residuos\/#primaryimage","url":"http:\/\/mula.es\/web\/wp-content\/uploads\/2016\/02\/39_.jpg","contentUrl":"http:\/\/mula.es\/web\/wp-content\/uploads\/2016\/02\/39_.jpg"},{"@type":"BreadcrumbList","@id":"https:\/\/mula.es\/web\/medio-ambiente\/gestion-de-residuos\/#breadcrumb","itemListElement":[{"@type":"ListItem","position":1,"name":"Portada","item":"https:\/\/mula.es\/web\/"},{"@type":"ListItem","position":2,"name":"Medio Ambiente","item":"https:\/\/mula.es\/web\/medio-ambiente\/"},{"@type":"ListItem","position":3,"name":"Gesti\u00f3n de residuos"}]},{"@type":"WebSite","@id":"https:\/\/mula.es\/web\/#website","url":"https:\/\/mula.es\/web\/","name":"Ayuntamiento de Mula","description":"P\u00e1gina web del Ayuntamiento de Mula (Regi\u00f3n de Murcia)","potentialAction":[{"@type":"SearchAction","target":{"@type":"EntryPoint","urlTemplate":"https:\/\/mula.es\/web\/?s={search_term_string}"},"query-input":{"@type":"PropertyValueSpecification","valueRequired":true,"valueName":"search_term_string"}}],"inLanguage":"es"}]}},"_hostinger_reach_plugin_has_subscription_block":false,"_hostinger_reach_plugin_is_elementor":false,"jetpack_sharing_enabled":true,"jetpack_shortlink":"https:\/\/wp.me\/Pa9DMY-3sr","jetpack-related-posts":[],"_links":{"self":[{"href":"https:\/\/mula.es\/web\/wp-json\/wp\/v2\/pages\/13295","targetHints":{"allow":["GET"]}}],"collection":[{"href":"https:\/\/mula.es\/web\/wp-json\/wp\/v2\/pages"}],"about":[{"href":"https:\/\/mula.es\/web\/wp-json\/wp\/v2\/types\/page"}],"author":[{"embeddable":true,"href":"https:\/\/mula.es\/web\/wp-json\/wp\/v2\/users\/1"}],"replies":[{"embeddable":true,"href":"https:\/\/mula.es\/web\/wp-json\/wp\/v2\/comments?post=13295"}],"version-history":[{"count":15,"href":"https:\/\/mula.es\/web\/wp-json\/wp\/v2\/pages\/13295\/revisions"}],"predecessor-version":[{"id":53324,"href":"https:\/\/mula.es\/web\/wp-json\/wp\/v2\/pages\/13295\/revisions\/53324"}],"up":[{"embeddable":true,"href":"https:\/\/mula.es\/web\/wp-json\/wp\/v2\/pages\/13275"}],"wp:attachment":[{"href":"https:\/\/mula.es\/web\/wp-json\/wp\/v2\/media?parent=13295"}],"curies":[{"name":"wp","href":"https:\/\/api.w.org\/{rel}","templated":true}]}}