{"id":14174,"date":"2016-02-19T08:59:05","date_gmt":"2016-02-19T07:59:05","guid":{"rendered":"http:\/\/mula.es\/web\/?page_id=14174"},"modified":"2021-07-12T13:26:17","modified_gmt":"2021-07-12T11:26:17","slug":"sugerencias","status":"publish","type":"page","link":"https:\/\/mula.es\/web\/sugerencias\/","title":{"rendered":"Sugerencias"},"content":{"rendered":"<div class=\"fusion-fullwidth fullwidth-box fusion-builder-row-1 fusion-flex-container hundred-percent-fullwidth non-hundred-percent-height-scrolling\" style=\"--awb-border-radius-top-left:0px;--awb-border-radius-top-right:0px;--awb-border-radius-bottom-right:0px;--awb-border-radius-bottom-left:0px;--awb-overflow:visible;--awb-flex-wrap:wrap;\" ><div class=\"fusion-builder-row fusion-row fusion-flex-align-items-flex-start fusion-flex-content-wrap\" style=\"width:104% !important;max-width:104% !important;margin-left: calc(-4% \/ 2 );margin-right: calc(-4% \/ 2 );\"><div class=\"fusion-layout-column fusion_builder_column fusion-builder-column-0 fusion_builder_column_1_1 1_1 fusion-flex-column\" style=\"--awb-bg-size:cover;--awb-width-large:100%;--awb-margin-top-large:0px;--awb-spacing-right-large:1.92%;--awb-margin-bottom-large:20px;--awb-spacing-left-large:1.92%;--awb-width-medium:100%;--awb-spacing-right-medium:1.92%;--awb-spacing-left-medium:1.92%;--awb-width-small:100%;--awb-spacing-right-small:1.92%;--awb-spacing-left-small:1.92%;\"><div class=\"fusion-column-wrapper fusion-flex-justify-content-flex-start fusion-content-layout-column\"><div class=\"fusion-text fusion-text-1\"><div id=\"usermessagea\" class=\"cf_info \"><\/div><form enctype=\"multipart\/form-data\" action=\"\/web\/wp-json\/wp\/v2\/pages\/14174#usermessagea\" method=\"post\" class=\"cform cformsdirect sugerencias \" id=\"cformsform\"><ol class=\"cf-ol\"><li id=\"li--1\" class=\"\"><label id=\"label--1\" for=\"cf_field_1\"><span>Nombre*:<\/span><\/label><input type=\"text\" name=\"cf_field_1\" id=\"cf_field_1\" class=\"single fldrequired\" value=\"\" title=\"\"\/><span class=\"reqtxt\"><\/span><\/li><li id=\"li--2\" class=\"\"><label id=\"label--2\" for=\"cf_field_2\"><span>Apellidos*:<\/span><\/label><input type=\"text\" name=\"cf_field_2\" id=\"cf_field_2\" class=\"single fldrequired\" value=\"\" title=\"\"\/><span class=\"reqtxt\"><\/span><\/li><li id=\"li--3\" class=\"\"><label id=\"label--3\" for=\"cf_field_3\"><span>Email*:<\/span><\/label><input type=\"text\" name=\"cf_field_3\" id=\"cf_field_3\" class=\"single fldrequired\" value=\"\" title=\"\"\/><span class=\"reqtxt\"><\/span><\/li><li id=\"li--4\" class=\"\"><label id=\"label--4\" for=\"cf_field_4\"><span>Tel\u00e9fono*:<\/span><\/label><input type=\"text\" name=\"cf_field_4\" id=\"cf_field_4\" class=\"single fldrequired\" value=\"\" title=\"\"\/><span class=\"reqtxt\"><\/span><\/li><li id=\"li--5\" class=\"\"><label id=\"label--5\" for=\"cf_field_5\"><span>Sugerencia*:<\/span><\/label><textarea cols=\"30\" rows=\"8\" name=\"cf_field_5\" id=\"cf_field_5\" class=\"area fldrequired\" title=\"\"><\/textarea><span class=\"reqtxt\"><\/span><\/li><li id=\"li--6\" class=\"\"><label id=\"label--6\" for=\"cf_uploadfile-6\"><span>Adjuntar archivo:<\/span><\/label><input type=\"file\" name=\"cf_uploadfile[]\" id=\"cf_uploadfile-6\" class=\"cf_upload upload\" title=\"\"\/><\/li><li id=\"li--7\" class=\"\"><label for=\"cf_field_7\" class=\"secq\"><span>CAPTCHA<\/span><\/label><input type=\"text\" name=\"captcha\" id=\"cf_field_7\" class=\"secinput fldrequired \" title=\"\"\/><img decoding=\"async\" class=\"cforms2_really_simple_captcha_img\" alt=\"CAPTCHA\" src=\"https:\/\/mula.es\/web\/wp-content\/plugins\/really-simple-captcha\/tmp\/1342749270.png\" \/><span class=\"dashicons dashicons-update captcha-reset\"><\/span><input type=\"hidden\" name=\"captcha\/hint\" value=\"1342749270\"\/><\/li><\/ol><fieldset class=\"cf_hidden\"><legend>&nbsp;<\/legend><input type=\"hidden\" name=\"cf_working\" id=\"cf_working\" value=\"Un momento por favor\"\/><input type=\"hidden\" name=\"cf_failure\" id=\"cf_failure\" value=\"Por favor introduzca todos los campos requeridos marcados con *\"\/><input type=\"hidden\" name=\"cf_customerr\" id=\"cf_customerr\" value=\"y\"\/><\/fieldset><p class=\"cf-sb\"><input type=\"submit\" name=\"sendbutton\" id=\"sendbutton\" class=\"sendbutton\" value=\"Enviar\" \/><\/p><\/form><div id=\"usermessageb\" class=\"cf_info \" ><\/div>\n<\/div><div class=\"fusion-text fusion-text-2\"><ul>\n<li style=\"text-align: justify;\">Los campos marcados con asterisco son obligatorios.<\/li>\n<li style=\"text-align: justify;\">Se guardar\u00e1 la direcci\u00f3n IP del emisor por si fuera necesaria la verificaci\u00f3n fehaciente de la persona que env\u00eda el formulario.<\/li>\n<li style=\"text-align: justify;\">\u201cDe acuerdo con lo establecido por el\u00a0<strong>Reglamento General de Protecci\u00f3n de Datos y la Ley Org\u00e1nica 3\/2018, de 5 de diciembre, de Protecci\u00f3n de Datos Personales y garant\u00eda de los derechos digitales.\u00a0<\/strong> regula los derechos de las personas afectadas ante un tratamiento de sus datos, especificando que, como titulares de los mismos, pueden ejercitar ante el Ayuntamiento de Mula los derechos de acceso, rectificaci\u00f3n, supresi\u00f3n (derecho al olvido), oposici\u00f3n, portabilidad, limitaci\u00f3n al tratamiento y revocaci\u00f3n del consentimiento. Toda la informaci\u00f3n en: <a href=\"https:\/\/mula.es\/web\/proteccion-de-datos\/\">https:\/\/mula.es\/web\/proteccion-de-datos\/<\/a><\/li>\n<\/ul>\n<\/div><\/div><\/div><\/div><\/div>\n","protected":false},"excerpt":{"rendered":"","protected":false},"author":1,"featured_media":0,"parent":0,"menu_order":0,"comment_status":"closed","ping_status":"closed","template":"","meta":{"jetpack_post_was_ever_published":false,"footnotes":""},"class_list":["post-14174","page","type-page","status-publish","hentry"],"yoast_head":"<!-- This site is optimized with the Yoast SEO plugin v27.5 - https:\/\/yoast.com\/product\/yoast-seo-wordpress\/ -->\n<title>Sugerencias - Ayuntamiento de Mula<\/title>\n<meta name=\"robots\" content=\"index, follow, max-snippet:-1, max-image-preview:large, max-video-preview:-1\" \/>\n<link rel=\"canonical\" href=\"https:\/\/mula.es\/web\/sugerencias\/\" \/>\n<meta property=\"og:locale\" content=\"es_ES\" \/>\n<meta property=\"og:type\" content=\"article\" \/>\n<meta property=\"og:title\" content=\"Sugerencias - Ayuntamiento de Mula\" \/>\n<meta property=\"og:url\" content=\"https:\/\/mula.es\/web\/sugerencias\/\" \/>\n<meta property=\"og:site_name\" content=\"Ayuntamiento de Mula\" \/>\n<meta property=\"article:modified_time\" content=\"2021-07-12T11:26:17+00:00\" \/>\n<meta property=\"og:image\" content=\"https:\/\/mula.es\/web\/wp-content\/uploads\/2020\/06\/escudo-cuadrado-e1591045058235.jpg\" \/>\n\t<meta property=\"og:image:width\" content=\"200\" \/>\n\t<meta property=\"og:image:height\" content=\"218\" \/>\n\t<meta property=\"og:image:type\" content=\"image\/jpeg\" \/>\n<meta name=\"twitter:card\" content=\"summary_large_image\" \/>\n<meta name=\"twitter:site\" content=\"@AyuntamientMula\" \/>\n<meta name=\"twitter:label1\" content=\"Tiempo de lectura\" \/>\n\t<meta name=\"twitter:data1\" content=\"1 minuto\" \/>\n<script type=\"application\/ld+json\" class=\"yoast-schema-graph\">{\"@context\":\"https:\\\/\\\/schema.org\",\"@graph\":[{\"@type\":\"WebPage\",\"@id\":\"https:\\\/\\\/mula.es\\\/web\\\/sugerencias\\\/\",\"url\":\"https:\\\/\\\/mula.es\\\/web\\\/sugerencias\\\/\",\"name\":\"Sugerencias - Ayuntamiento de Mula\",\"isPartOf\":{\"@id\":\"https:\\\/\\\/mula.es\\\/web\\\/#website\"},\"datePublished\":\"2016-02-19T07:59:05+00:00\",\"dateModified\":\"2021-07-12T11:26:17+00:00\",\"breadcrumb\":{\"@id\":\"https:\\\/\\\/mula.es\\\/web\\\/sugerencias\\\/#breadcrumb\"},\"inLanguage\":\"es\",\"potentialAction\":[{\"@type\":\"ReadAction\",\"target\":[\"https:\\\/\\\/mula.es\\\/web\\\/sugerencias\\\/\"]}]},{\"@type\":\"BreadcrumbList\",\"@id\":\"https:\\\/\\\/mula.es\\\/web\\\/sugerencias\\\/#breadcrumb\",\"itemListElement\":[{\"@type\":\"ListItem\",\"position\":1,\"name\":\"Portada\",\"item\":\"https:\\\/\\\/mula.es\\\/web\\\/\"},{\"@type\":\"ListItem\",\"position\":2,\"name\":\"Sugerencias\"}]},{\"@type\":\"WebSite\",\"@id\":\"https:\\\/\\\/mula.es\\\/web\\\/#website\",\"url\":\"https:\\\/\\\/mula.es\\\/web\\\/\",\"name\":\"Ayuntamiento de Mula\",\"description\":\"P\u00e1gina web del Ayuntamiento de Mula (Regi\u00f3n de Murcia)\",\"potentialAction\":[{\"@type\":\"SearchAction\",\"target\":{\"@type\":\"EntryPoint\",\"urlTemplate\":\"https:\\\/\\\/mula.es\\\/web\\\/?s={search_term_string}\"},\"query-input\":{\"@type\":\"PropertyValueSpecification\",\"valueRequired\":true,\"valueName\":\"search_term_string\"}}],\"inLanguage\":\"es\"}]}<\/script>\n<!-- \/ Yoast SEO plugin. -->","yoast_head_json":{"title":"Sugerencias - Ayuntamiento de Mula","robots":{"index":"index","follow":"follow","max-snippet":"max-snippet:-1","max-image-preview":"max-image-preview:large","max-video-preview":"max-video-preview:-1"},"canonical":"https:\/\/mula.es\/web\/sugerencias\/","og_locale":"es_ES","og_type":"article","og_title":"Sugerencias - Ayuntamiento de Mula","og_url":"https:\/\/mula.es\/web\/sugerencias\/","og_site_name":"Ayuntamiento de Mula","article_modified_time":"2021-07-12T11:26:17+00:00","og_image":[{"width":200,"height":218,"url":"https:\/\/mula.es\/web\/wp-content\/uploads\/2020\/06\/escudo-cuadrado-e1591045058235.jpg","type":"image\/jpeg"}],"twitter_card":"summary_large_image","twitter_site":"@AyuntamientMula","twitter_misc":{"Tiempo de lectura":"1 minuto"},"schema":{"@context":"https:\/\/schema.org","@graph":[{"@type":"WebPage","@id":"https:\/\/mula.es\/web\/sugerencias\/","url":"https:\/\/mula.es\/web\/sugerencias\/","name":"Sugerencias - Ayuntamiento de Mula","isPartOf":{"@id":"https:\/\/mula.es\/web\/#website"},"datePublished":"2016-02-19T07:59:05+00:00","dateModified":"2021-07-12T11:26:17+00:00","breadcrumb":{"@id":"https:\/\/mula.es\/web\/sugerencias\/#breadcrumb"},"inLanguage":"es","potentialAction":[{"@type":"ReadAction","target":["https:\/\/mula.es\/web\/sugerencias\/"]}]},{"@type":"BreadcrumbList","@id":"https:\/\/mula.es\/web\/sugerencias\/#breadcrumb","itemListElement":[{"@type":"ListItem","position":1,"name":"Portada","item":"https:\/\/mula.es\/web\/"},{"@type":"ListItem","position":2,"name":"Sugerencias"}]},{"@type":"WebSite","@id":"https:\/\/mula.es\/web\/#website","url":"https:\/\/mula.es\/web\/","name":"Ayuntamiento de Mula","description":"P\u00e1gina web del Ayuntamiento de Mula (Regi\u00f3n de Murcia)","potentialAction":[{"@type":"SearchAction","target":{"@type":"EntryPoint","urlTemplate":"https:\/\/mula.es\/web\/?s={search_term_string}"},"query-input":{"@type":"PropertyValueSpecification","valueRequired":true,"valueName":"search_term_string"}}],"inLanguage":"es"}]}},"_hostinger_reach_plugin_has_subscription_block":false,"_hostinger_reach_plugin_is_elementor":false,"jetpack_sharing_enabled":true,"jetpack_shortlink":"https:\/\/wp.me\/Pa9DMY-3GC","jetpack-related-posts":[],"_links":{"self":[{"href":"https:\/\/mula.es\/web\/wp-json\/wp\/v2\/pages\/14174","targetHints":{"allow":["GET"]}}],"collection":[{"href":"https:\/\/mula.es\/web\/wp-json\/wp\/v2\/pages"}],"about":[{"href":"https:\/\/mula.es\/web\/wp-json\/wp\/v2\/types\/page"}],"author":[{"embeddable":true,"href":"https:\/\/mula.es\/web\/wp-json\/wp\/v2\/users\/1"}],"replies":[{"embeddable":true,"href":"https:\/\/mula.es\/web\/wp-json\/wp\/v2\/comments?post=14174"}],"version-history":[{"count":10,"href":"https:\/\/mula.es\/web\/wp-json\/wp\/v2\/pages\/14174\/revisions"}],"predecessor-version":[{"id":41352,"href":"https:\/\/mula.es\/web\/wp-json\/wp\/v2\/pages\/14174\/revisions\/41352"}],"wp:attachment":[{"href":"https:\/\/mula.es\/web\/wp-json\/wp\/v2\/media?parent=14174"}],"curies":[{"name":"wp","href":"https:\/\/api.w.org\/{rel}","templated":true}]}}