{"id":14176,"date":"2016-02-19T09:01:13","date_gmt":"2016-02-19T08:01:13","guid":{"rendered":"http:\/\/mula.es\/web\/?page_id=14176"},"modified":"2021-06-04T11:16:31","modified_gmt":"2021-06-04T09:16:31","slug":"asociaciones-de-mula","status":"publish","type":"page","link":"https:\/\/mula.es\/web\/asociaciones-de-mula\/","title":{"rendered":"Asociaciones de Mula"},"content":{"rendered":"<div class=\"fusion-fullwidth fullwidth-box fusion-builder-row-1 fusion-flex-container hundred-percent-fullwidth non-hundred-percent-height-scrolling\" style=\"--awb-border-radius-top-left:0px;--awb-border-radius-top-right:0px;--awb-border-radius-bottom-right:0px;--awb-border-radius-bottom-left:0px;--awb-overflow:visible;--awb-flex-wrap:wrap;\" ><div class=\"fusion-builder-row fusion-row fusion-flex-align-items-flex-start fusion-flex-content-wrap\" style=\"width:104% !important;max-width:104% !important;margin-left: calc(-4% \/ 2 );margin-right: calc(-4% \/ 2 );\"><div class=\"fusion-layout-column fusion_builder_column fusion-builder-column-0 fusion_builder_column_1_1 1_1 fusion-flex-column\" style=\"--awb-bg-size:cover;--awb-width-large:100%;--awb-margin-top-large:0px;--awb-spacing-right-large:1.92%;--awb-margin-bottom-large:20px;--awb-spacing-left-large:1.92%;--awb-width-medium:100%;--awb-spacing-right-medium:1.92%;--awb-spacing-left-medium:1.92%;--awb-width-small:100%;--awb-spacing-right-small:1.92%;--awb-spacing-left-small:1.92%;\"><div class=\"fusion-column-wrapper fusion-flex-justify-content-flex-start fusion-content-layout-column\"><div class=\"fusion-title title fusion-title-1 fusion-title-text fusion-title-size-two\" style=\"--awb-margin-top-small:0px;--awb-margin-right-small:0px;--awb-margin-bottom-small:20px;--awb-margin-left-small:0px;\"><div class=\"title-sep-container title-sep-container-left fusion-no-large-visibility fusion-no-medium-visibility fusion-no-small-visibility\"><div class=\"title-sep sep-double sep-solid\" style=\"border-color:#e0dede;\"><\/div><\/div><span class=\"awb-title-spacer fusion-no-large-visibility fusion-no-medium-visibility fusion-no-small-visibility\"><\/span><h2 class=\"fusion-title-heading title-heading-left\" style=\"margin:0;\">Asociaciones inscritas en la Comunidad Aut\u00f3noma de la Regi\u00f3n de Murcia<\/h2><span class=\"awb-title-spacer\"><\/span><div class=\"title-sep-container title-sep-container-right\"><div class=\"title-sep sep-double sep-solid\" style=\"border-color:#e0dede;\"><\/div><\/div><\/div><div class=\"fusion-text fusion-text-1\"><p><a href=\"https:\/\/mula.es\/web\/wp-content\/uploads\/2021\/06\/Asociaciones-de-Mula-2021.pdf\">Asociaciones mule\u00f1as inscritas en la Comunidad Aut\u00f3noma &#8211; Descarga aqu\u00ed<\/a><\/p>\n<\/div><\/div><\/div><div class=\"fusion-layout-column fusion_builder_column fusion-builder-column-1 fusion_builder_column_1_1 1_1 fusion-flex-column\" style=\"--awb-padding-top:15px;--awb-padding-right:15px;--awb-padding-bottom:15px;--awb-padding-left:15px;--awb-bg-size:cover;--awb-width-large:100%;--awb-margin-top-large:0px;--awb-spacing-right-large:1.92%;--awb-margin-bottom-large:20px;--awb-spacing-left-large:1.92%;--awb-width-medium:100%;--awb-spacing-right-medium:1.92%;--awb-spacing-left-medium:1.92%;--awb-width-small:100%;--awb-spacing-right-small:1.92%;--awb-spacing-left-small:1.92%;\"><div class=\"fusion-column-wrapper fusion-flex-justify-content-flex-start fusion-content-layout-column\"><\/div><\/div><div class=\"fusion-layout-column fusion_builder_column fusion-builder-column-2 fusion_builder_column_1_1 1_1 fusion-flex-column\" style=\"--awb-bg-size:cover;--awb-width-large:100%;--awb-margin-top-large:0px;--awb-spacing-right-large:1.92%;--awb-margin-bottom-large:20px;--awb-spacing-left-large:1.92%;--awb-width-medium:100%;--awb-spacing-right-medium:1.92%;--awb-spacing-left-medium:1.92%;--awb-width-small:100%;--awb-spacing-right-small:1.92%;--awb-spacing-left-small:1.92%;\"><div class=\"fusion-column-wrapper fusion-flex-justify-content-flex-start fusion-content-layout-column\"><div class=\"fusion-title title fusion-title-2 fusion-title-text fusion-title-size-two\" style=\"--awb-margin-top-small:0px;--awb-margin-right-small:0px;--awb-margin-bottom-small:20px;--awb-margin-left-small:0px;\"><div class=\"title-sep-container title-sep-container-left fusion-no-large-visibility fusion-no-medium-visibility fusion-no-small-visibility\"><div class=\"title-sep sep-double sep-solid\" style=\"border-color:#e0dede;\"><\/div><\/div><span class=\"awb-title-spacer fusion-no-large-visibility fusion-no-medium-visibility fusion-no-small-visibility\"><\/span><h2 class=\"fusion-title-heading title-heading-left\" style=\"margin:0;\">Asociaciones juveniles mule\u00f1as<\/h2><span class=\"awb-title-spacer\"><\/span><div class=\"title-sep-container title-sep-container-right\"><div class=\"title-sep sep-double sep-solid\" style=\"border-color:#e0dede;\"><\/div><\/div><\/div><div class=\"fusion-text fusion-text-2\"><p><a href=\"https:\/\/es-es.facebook.com\/cljmula\" target=\"_blank\" rel=\"noopener\">Consejo Local de Juventud<\/a><\/p>\n<p>Asociaci\u00f3n Juvenil Backstage<\/p>\n<p>Asociaci\u00f3n Juvenil Street Citizen<\/p>\n<p>Asociaci\u00f3n Juvenil Patio de Comedias<\/p>\n<p>Asociaci\u00f3n Juvenil Full Moon<\/p>\n<p>Asociaci\u00f3n Juvenil Binhextech Computers<\/p>\n<p><a href=\"https:\/\/sites.google.com\/site\/aabmula\/\" target=\"_blank\" rel=\"noopener\">Asociaci\u00f3n Astron\u00f3mica Antonio Bas Vivancos<\/a><\/p>\n<p><a href=\"https:\/\/www.facebook.com\/lanochedelostambores.demula?fref=ts\" target=\"_blank\" rel=\"noopener\">Asociaci\u00f3n de Tamboristas de Mula<\/a><\/p>\n<p><a href=\"http:\/\/airesdelevantemula.blogspot.com.es\/\" target=\"_blank\" rel=\"noopener\">Aires de Levante<\/a><\/p>\n<p><a href=\"http:\/\/www.bandademula.org\/\" target=\"_blank\" rel=\"noopener\">Agrupaci\u00f3n Musical Mule\u00f1a<\/a><\/p>\n<p><a href=\"https:\/\/www.facebook.com\/comparsa.tambataya\/?fref=ts\" target=\"_blank\" rel=\"noopener\">Comparsa Tamba Taya<\/a><\/p>\n<p>Comparsa Kisamba<\/p>\n<p><a href=\"https:\/\/www.facebook.com\/people\/Comparsa-Mahula-De-Mula\/100009363659051\" target=\"_blank\" rel=\"noopener\">Comparsa Mahula<\/a><\/p>\n<p><a href=\"https:\/\/www.facebook.com\/people\/Comparsa-Tymbalia\/100009782161833\" target=\"_blank\" rel=\"noopener\">Comparsa Tymbalia<\/a><\/p>\n<p><a href=\"https:\/\/www.facebook.com\/grupoamay\" target=\"_blank\" rel=\"noopener\">Comparsa Amay<\/a><\/p>\n<p><a href=\"https:\/\/www.facebook.com\/comparsa.diandra\" target=\"_blank\" rel=\"noopener\">Comparsa Diandra<\/a><\/p>\n<p><a href=\"https:\/\/www.facebook.com\/people\/Comparsa-Nuevo-Encanto-Mula\/100009304440831\" target=\"_blank\" rel=\"noopener\">Comparsa Nuevo Encanto<\/a><\/p>\n<p><a href=\"https:\/\/www.facebook.com\/gruposcout.balatemula\" target=\"_blank\" rel=\"noopener\">Grupo Scouts Balate de Mula<\/a><\/p>\n<p><a href=\"https:\/\/www.facebook.com\/alegria.mulena\" target=\"_blank\" rel=\"noopener\">Pe\u00f1a Huertana Alegr\u00eda Mule\u00f1a<\/a><\/p>\n<p><a href=\"https:\/\/www.facebook.com\/penalosmulenicos.mulamurcia.7\" target=\"_blank\" rel=\"noopener\">Pe\u00f1a Huertana Los Mule\u00f1icos<\/a><\/p>\n<\/div><\/div><\/div><div class=\"fusion-layout-column fusion_builder_column fusion-builder-column-3 fusion_builder_column_1_1 1_1 fusion-flex-column\" style=\"--awb-bg-size:cover;--awb-width-large:100%;--awb-margin-top-large:25px;--awb-spacing-right-large:1.92%;--awb-margin-bottom-large:15px;--awb-spacing-left-large:1.92%;--awb-width-medium:100%;--awb-spacing-right-medium:1.92%;--awb-spacing-left-medium:1.92%;--awb-width-small:100%;--awb-spacing-right-small:1.92%;--awb-spacing-left-small:1.92%;\"><div class=\"fusion-column-wrapper fusion-flex-justify-content-flex-start fusion-content-layout-column\"><div class=\"fusion-title title fusion-title-3 fusion-title-text fusion-title-size-two\" style=\"--awb-margin-top-small:0px;--awb-margin-right-small:0px;--awb-margin-bottom-small:20px;--awb-margin-left-small:0px;\"><div class=\"title-sep-container title-sep-container-left fusion-no-large-visibility fusion-no-medium-visibility fusion-no-small-visibility\"><div class=\"title-sep sep-double sep-solid\" style=\"border-color:#e0dede;\"><\/div><\/div><span class=\"awb-title-spacer fusion-no-large-visibility fusion-no-medium-visibility fusion-no-small-visibility\"><\/span><h2 class=\"fusion-title-heading title-heading-left\" style=\"margin:0;\">Localizaci\u00f3n y Contacto<\/h2><span class=\"awb-title-spacer\"><\/span><div class=\"title-sep-container title-sep-container-right\"><div class=\"title-sep sep-double sep-solid\" style=\"border-color:#e0dede;\"><\/div><\/div><\/div><div class=\"fusion-separator fusion-full-width-sep\" style=\"align-self: center;margin-left: auto;margin-right: auto;margin-bottom:10px;width:100%;\"><\/div><div class=\"fusion-text fusion-text-3\"><p><strong>Centro Joven &#8211; Espacio M &#8211; Albergue Municipal<\/strong><i class=\"fb-icon-element-1 fb-icon-element fontawesome-icon fa fa-map-marker circle-no fusion-text-flow\" style=\"--awb-iconcolor:#dd3333;--awb-iconcolor-hover:#dd3333;--awb-font-size:10px;--awb-margin-right:5px;\"><\/i><a href=\"https:\/\/goo.gl\/maps\/dAzGTfT1QrA2\" target=\"_blank\" rel=\"noopener\">Ctra. Caravaca, 16<\/a><br \/>\n30170 Mula \u2013 Murcia<br \/>\nTel\u00e9fono: 968 637 517<br \/>\nFax: 968 660 250<br \/>\nCorreo: <span class=\"backwards\">se.alumotya@dutnevuj<\/span><br \/>\nFacebook: Concejal\u00eda de Juventud y Adolescencia<br \/>\nTwitter: <a href=\"https:\/\/twitter.com\/ConcejaliaJyDMu\" target=\"_blank\" rel=\"noopener\">@concejaliajtdmu<\/a><\/p>\n<p><a href=\"https:\/\/mula.es\/web\/organigrama-municipal\/\">Organigrama Municipal<\/a><\/p>\n<\/div><\/div><\/div><\/div><\/div>\n","protected":false},"excerpt":{"rendered":"","protected":false},"author":1,"featured_media":0,"parent":0,"menu_order":0,"comment_status":"closed","ping_status":"closed","template":"","meta":{"jetpack_post_was_ever_published":false,"footnotes":""},"class_list":["post-14176","page","type-page","status-publish","hentry"],"yoast_head":"<!-- This site is optimized with the Yoast SEO plugin v27.2 - https:\/\/yoast.com\/product\/yoast-seo-wordpress\/ -->\n<title>Asociaciones de Mula - Ayuntamiento de Mula<\/title>\n<meta name=\"robots\" content=\"index, follow, max-snippet:-1, max-image-preview:large, max-video-preview:-1\" \/>\n<link rel=\"canonical\" href=\"https:\/\/mula.es\/web\/asociaciones-de-mula\/\" \/>\n<meta property=\"og:locale\" content=\"es_ES\" \/>\n<meta property=\"og:type\" content=\"article\" \/>\n<meta property=\"og:title\" content=\"Asociaciones de Mula - Ayuntamiento de Mula\" \/>\n<meta property=\"og:url\" content=\"https:\/\/mula.es\/web\/asociaciones-de-mula\/\" \/>\n<meta property=\"og:site_name\" content=\"Ayuntamiento de Mula\" \/>\n<meta property=\"article:modified_time\" content=\"2021-06-04T09:16:31+00:00\" \/>\n<meta property=\"og:image\" content=\"https:\/\/mula.es\/web\/wp-content\/uploads\/2020\/06\/escudo-cuadrado-e1591045058235.jpg\" \/>\n\t<meta property=\"og:image:width\" content=\"200\" \/>\n\t<meta property=\"og:image:height\" content=\"218\" \/>\n\t<meta property=\"og:image:type\" content=\"image\/jpeg\" \/>\n<meta name=\"twitter:card\" content=\"summary_large_image\" \/>\n<meta name=\"twitter:site\" content=\"@AyuntamientMula\" \/>\n<meta name=\"twitter:label1\" content=\"Tiempo de lectura\" \/>\n\t<meta name=\"twitter:data1\" content=\"3 minutos\" \/>\n<script type=\"application\/ld+json\" class=\"yoast-schema-graph\">{\"@context\":\"https:\/\/schema.org\",\"@graph\":[{\"@type\":\"WebPage\",\"@id\":\"https:\/\/mula.es\/web\/asociaciones-de-mula\/\",\"url\":\"https:\/\/mula.es\/web\/asociaciones-de-mula\/\",\"name\":\"Asociaciones de Mula - Ayuntamiento de Mula\",\"isPartOf\":{\"@id\":\"https:\/\/mula.es\/web\/#website\"},\"datePublished\":\"2016-02-19T08:01:13+00:00\",\"dateModified\":\"2021-06-04T09:16:31+00:00\",\"breadcrumb\":{\"@id\":\"https:\/\/mula.es\/web\/asociaciones-de-mula\/#breadcrumb\"},\"inLanguage\":\"es\",\"potentialAction\":[{\"@type\":\"ReadAction\",\"target\":[\"https:\/\/mula.es\/web\/asociaciones-de-mula\/\"]}]},{\"@type\":\"BreadcrumbList\",\"@id\":\"https:\/\/mula.es\/web\/asociaciones-de-mula\/#breadcrumb\",\"itemListElement\":[{\"@type\":\"ListItem\",\"position\":1,\"name\":\"Portada\",\"item\":\"https:\/\/mula.es\/web\/\"},{\"@type\":\"ListItem\",\"position\":2,\"name\":\"Asociaciones de Mula\"}]},{\"@type\":\"WebSite\",\"@id\":\"https:\/\/mula.es\/web\/#website\",\"url\":\"https:\/\/mula.es\/web\/\",\"name\":\"Ayuntamiento de Mula\",\"description\":\"P\u00e1gina web del Ayuntamiento de Mula (Regi\u00f3n de Murcia)\",\"potentialAction\":[{\"@type\":\"SearchAction\",\"target\":{\"@type\":\"EntryPoint\",\"urlTemplate\":\"https:\/\/mula.es\/web\/?s={search_term_string}\"},\"query-input\":{\"@type\":\"PropertyValueSpecification\",\"valueRequired\":true,\"valueName\":\"search_term_string\"}}],\"inLanguage\":\"es\"}]}<\/script>\n<!-- \/ Yoast SEO plugin. -->","yoast_head_json":{"title":"Asociaciones de Mula - Ayuntamiento de Mula","robots":{"index":"index","follow":"follow","max-snippet":"max-snippet:-1","max-image-preview":"max-image-preview:large","max-video-preview":"max-video-preview:-1"},"canonical":"https:\/\/mula.es\/web\/asociaciones-de-mula\/","og_locale":"es_ES","og_type":"article","og_title":"Asociaciones de Mula - Ayuntamiento de Mula","og_url":"https:\/\/mula.es\/web\/asociaciones-de-mula\/","og_site_name":"Ayuntamiento de Mula","article_modified_time":"2021-06-04T09:16:31+00:00","og_image":[{"width":200,"height":218,"url":"https:\/\/mula.es\/web\/wp-content\/uploads\/2020\/06\/escudo-cuadrado-e1591045058235.jpg","type":"image\/jpeg"}],"twitter_card":"summary_large_image","twitter_site":"@AyuntamientMula","twitter_misc":{"Tiempo de lectura":"3 minutos"},"schema":{"@context":"https:\/\/schema.org","@graph":[{"@type":"WebPage","@id":"https:\/\/mula.es\/web\/asociaciones-de-mula\/","url":"https:\/\/mula.es\/web\/asociaciones-de-mula\/","name":"Asociaciones de Mula - Ayuntamiento de Mula","isPartOf":{"@id":"https:\/\/mula.es\/web\/#website"},"datePublished":"2016-02-19T08:01:13+00:00","dateModified":"2021-06-04T09:16:31+00:00","breadcrumb":{"@id":"https:\/\/mula.es\/web\/asociaciones-de-mula\/#breadcrumb"},"inLanguage":"es","potentialAction":[{"@type":"ReadAction","target":["https:\/\/mula.es\/web\/asociaciones-de-mula\/"]}]},{"@type":"BreadcrumbList","@id":"https:\/\/mula.es\/web\/asociaciones-de-mula\/#breadcrumb","itemListElement":[{"@type":"ListItem","position":1,"name":"Portada","item":"https:\/\/mula.es\/web\/"},{"@type":"ListItem","position":2,"name":"Asociaciones de Mula"}]},{"@type":"WebSite","@id":"https:\/\/mula.es\/web\/#website","url":"https:\/\/mula.es\/web\/","name":"Ayuntamiento de Mula","description":"P\u00e1gina web del Ayuntamiento de Mula (Regi\u00f3n de Murcia)","potentialAction":[{"@type":"SearchAction","target":{"@type":"EntryPoint","urlTemplate":"https:\/\/mula.es\/web\/?s={search_term_string}"},"query-input":{"@type":"PropertyValueSpecification","valueRequired":true,"valueName":"search_term_string"}}],"inLanguage":"es"}]}},"_hostinger_reach_plugin_has_subscription_block":false,"_hostinger_reach_plugin_is_elementor":false,"jetpack_sharing_enabled":true,"jetpack_shortlink":"https:\/\/wp.me\/Pa9DMY-3GE","jetpack-related-posts":[],"_links":{"self":[{"href":"https:\/\/mula.es\/web\/wp-json\/wp\/v2\/pages\/14176","targetHints":{"allow":["GET"]}}],"collection":[{"href":"https:\/\/mula.es\/web\/wp-json\/wp\/v2\/pages"}],"about":[{"href":"https:\/\/mula.es\/web\/wp-json\/wp\/v2\/types\/page"}],"author":[{"embeddable":true,"href":"https:\/\/mula.es\/web\/wp-json\/wp\/v2\/users\/1"}],"replies":[{"embeddable":true,"href":"https:\/\/mula.es\/web\/wp-json\/wp\/v2\/comments?post=14176"}],"version-history":[{"count":13,"href":"https:\/\/mula.es\/web\/wp-json\/wp\/v2\/pages\/14176\/revisions"}],"predecessor-version":[{"id":40775,"href":"https:\/\/mula.es\/web\/wp-json\/wp\/v2\/pages\/14176\/revisions\/40775"}],"wp:attachment":[{"href":"https:\/\/mula.es\/web\/wp-json\/wp\/v2\/media?parent=14176"}],"curies":[{"name":"wp","href":"https:\/\/api.w.org\/{rel}","templated":true}]}}