{"id":14208,"date":"2016-02-22T10:12:42","date_gmt":"2016-02-22T09:12:42","guid":{"rendered":"http:\/\/mula.es\/web\/?page_id=14208"},"modified":"2021-05-12T20:04:53","modified_gmt":"2021-05-12T18:04:53","slug":"formulario-control-de-plagas","status":"publish","type":"page","link":"https:\/\/mula.es\/web\/formulario-control-de-plagas\/","title":{"rendered":"Formulario control de plagas"},"content":{"rendered":"<div class=\"fusion-fullwidth fullwidth-box fusion-builder-row-1 fusion-flex-container hundred-percent-fullwidth non-hundred-percent-height-scrolling\" style=\"--awb-border-radius-top-left:0px;--awb-border-radius-top-right:0px;--awb-border-radius-bottom-right:0px;--awb-border-radius-bottom-left:0px;--awb-overflow:visible;--awb-flex-wrap:wrap;\" ><div class=\"fusion-builder-row fusion-row fusion-flex-align-items-flex-start fusion-flex-content-wrap\" style=\"width:calc( 100% + 0px ) !important;max-width:calc( 100% + 0px ) !important;margin-left: calc(-0px \/ 2 );margin-right: calc(-0px \/ 2 );\"><div class=\"fusion-layout-column fusion_builder_column fusion-builder-column-0 fusion_builder_column_1_1 1_1 fusion-flex-column\" style=\"--awb-bg-size:cover;--awb-width-large:100%;--awb-margin-top-large:0px;--awb-spacing-right-large:0px;--awb-margin-bottom-large:20px;--awb-spacing-left-large:0px;--awb-width-medium:100%;--awb-spacing-right-medium:0px;--awb-spacing-left-medium:0px;--awb-width-small:100%;--awb-spacing-right-small:0px;--awb-spacing-left-small:0px;\"><div class=\"fusion-column-wrapper fusion-flex-justify-content-flex-start fusion-content-layout-column\"><div class=\"fusion-text fusion-text-1\"><div id=\"usermessage4a\" class=\"cf_info \"><\/div><form enctype=\"multipart\/form-data\" action=\"\/web\/wp-json\/wp\/v2\/pages\/14208#usermessage4a\" method=\"post\" class=\"cform cformsdirect control-de-plagas \" id=\"cforms4form\"><ol class=\"cf-ol\"><li id=\"li-4-1\" class=\"\"><label id=\"label-4-1\" for=\"cf4_field_1\"><span>Nombre*:<\/span><\/label><input type=\"text\" name=\"cf4_field_1\" id=\"cf4_field_1\" class=\"single fldrequired\" value=\"\" title=\"\"\/><span class=\"reqtxt\"><\/span><\/li><li id=\"li-4-2\" class=\"\"><label id=\"label-4-2\" for=\"cf4_field_2\"><span>Apellidos*:<\/span><\/label><input type=\"text\" name=\"cf4_field_2\" id=\"cf4_field_2\" class=\"single fldrequired\" value=\"\" title=\"\"\/><span class=\"reqtxt\"><\/span><\/li><li id=\"li-4-3\" class=\"\"><label id=\"label-4-3\" for=\"cf4_field_3\"><span>Email*:<\/span><\/label><input type=\"text\" name=\"cf4_field_3\" id=\"cf4_field_3\" class=\"single fldemail fldrequired\" value=\"\" title=\"\"\/><span class=\"emailreqtxt\"><\/span><\/li><li id=\"li-4-4\" class=\"\"><label id=\"label-4-4\" for=\"cf4_field_4\"><span>Tel\u00e9fono:<\/span><\/label><input type=\"text\" name=\"cf4_field_4\" id=\"cf4_field_4\" class=\"single\" value=\"\" title=\"\"\/><\/li><li id=\"li-4-5\" class=\"\"><label id=\"label-4-5\" for=\"cf4_field_5\"><span>Actuaci\u00f3n que cree necesaria*:<\/span><\/label><input type=\"text\" name=\"cf4_field_5\" id=\"cf4_field_5\" class=\"single fldrequired\" value=\"\" title=\"\"\/><span class=\"reqtxt\"><\/span><\/li><li id=\"li-4-6\" class=\"\"><label id=\"label-4-6\" for=\"cf4_field_6\"><span>Lugar*:<\/span><\/label><input type=\"text\" name=\"cf4_field_6\" id=\"cf4_field_6\" class=\"single fldrequired\" value=\"\" title=\"\"\/><span class=\"reqtxt\"><\/span><\/li><li id=\"li-4-7\" class=\"\"><label id=\"label-4-7\" for=\"cf4_field_7\"><span>Observaciones:<\/span><\/label><textarea cols=\"30\" rows=\"8\" name=\"cf4_field_7\" id=\"cf4_field_7\" class=\"area\" title=\"\"><\/textarea><\/li><li id=\"li-4-8\" class=\"\"><label id=\"label-4-8\" for=\"cf_uploadfile4-8\"><span>Adjuntar fotograf\u00eda:<\/span><\/label><input type=\"file\" name=\"cf_uploadfile4[]\" id=\"cf_uploadfile4-8\" class=\"cf_upload upload\" title=\"\"\/><\/li><li id=\"li-4-9\" class=\"\"><label for=\"cf4_field_9\" class=\"secq\"><span>CAPTCHA<\/span><\/label><input type=\"text\" name=\"captcha\" id=\"cf4_field_9\" class=\"secinput fldrequired \" title=\"\"\/><img decoding=\"async\" class=\"cforms2_really_simple_captcha_img\" alt=\"CAPTCHA\" src=\"https:\/\/mula.es\/web\/wp-content\/plugins\/really-simple-captcha\/tmp\/868751258.png\" \/><span class=\"dashicons dashicons-update captcha-reset\"><\/span><input type=\"hidden\" name=\"captcha\/hint\" value=\"868751258\"\/><\/li><\/ol><fieldset class=\"cf_hidden\"><legend>&nbsp;<\/legend><input type=\"hidden\" name=\"cf_working4\" id=\"cf_working4\" value=\"Un momento por favor\"\/><input type=\"hidden\" name=\"cf_failure4\" id=\"cf_failure4\" value=\"Por favor introduzca todos los campos requeridos marcados con *\"\/><input type=\"hidden\" name=\"cf_customerr4\" id=\"cf_customerr4\" value=\"y\"\/><\/fieldset><p class=\"cf-sb\"><input type=\"submit\" name=\"sendbutton4\" id=\"sendbutton4\" class=\"sendbutton\" value=\"Enviar\" \/><\/p><\/form><div id=\"usermessage4b\" class=\"cf_info \" ><\/div>\n<\/div><div class=\"fusion-text fusion-text-2\"><ul>\n<li style=\"text-align: justify;\">Los campos marcados con asterisco son obligatorios.<br \/>\nSe guardar\u00e1 la direcci\u00f3n IP del emisor por si fuera necesaria la verificaci\u00f3n fehaciente de la persona que env\u00eda el formulario.<br \/>\n\u201cDe acuerdo con lo establecido por la Ley Org\u00e1nica 15\/1999, de 13 de diciembre, de Protecci\u00f3n de Datos de car\u00e1cter Personal, que regula el derecho de informaci\u00f3n de la recogida de datos, Ud. consiente la inclusi\u00f3n y tratamiento de sus datos de car\u00e1cter personal en un fichero titularidad del AYUNTAMIENTO DE MULA, y podr\u00e1n ser cedidos de conformidad con la ley, pudiendo ejercer ante el mismo los derechos de acceso, rectificaci\u00f3n, cancelaci\u00f3n y oposici\u00f3n dirigi\u00e9ndose a AYUNTAMIENTO DE MULA, Plaza Ayuntamiento, 8, 30170 Mula (Murcia)\u201d<\/li>\n<\/ul>\n<\/div><\/div><\/div><\/div><\/div>\n","protected":false},"excerpt":{"rendered":"","protected":false},"author":1,"featured_media":0,"parent":0,"menu_order":0,"comment_status":"closed","ping_status":"closed","template":"","meta":{"jetpack_post_was_ever_published":false,"footnotes":""},"class_list":["post-14208","page","type-page","status-publish","hentry"],"yoast_head":"<!-- This site is optimized with the Yoast SEO plugin v27.5 - https:\/\/yoast.com\/product\/yoast-seo-wordpress\/ -->\n<title>Formulario control de plagas - Ayuntamiento de Mula<\/title>\n<meta name=\"robots\" content=\"index, follow, max-snippet:-1, max-image-preview:large, max-video-preview:-1\" \/>\n<link rel=\"canonical\" href=\"https:\/\/mula.es\/web\/formulario-control-de-plagas\/\" \/>\n<meta property=\"og:locale\" content=\"es_ES\" \/>\n<meta property=\"og:type\" content=\"article\" \/>\n<meta property=\"og:title\" content=\"Formulario control de plagas - Ayuntamiento de Mula\" \/>\n<meta property=\"og:url\" content=\"https:\/\/mula.es\/web\/formulario-control-de-plagas\/\" \/>\n<meta property=\"og:site_name\" content=\"Ayuntamiento de Mula\" \/>\n<meta property=\"article:modified_time\" content=\"2021-05-12T18:04:53+00:00\" \/>\n<meta property=\"og:image\" content=\"https:\/\/mula.es\/web\/wp-content\/uploads\/2020\/06\/escudo-cuadrado-e1591045058235.jpg\" \/>\n\t<meta property=\"og:image:width\" content=\"200\" \/>\n\t<meta property=\"og:image:height\" content=\"218\" \/>\n\t<meta property=\"og:image:type\" content=\"image\/jpeg\" \/>\n<meta name=\"twitter:card\" content=\"summary_large_image\" \/>\n<meta name=\"twitter:site\" content=\"@AyuntamientMula\" \/>\n<meta name=\"twitter:label1\" content=\"Tiempo de lectura\" \/>\n\t<meta name=\"twitter:data1\" content=\"1 minuto\" \/>\n<script type=\"application\/ld+json\" class=\"yoast-schema-graph\">{\"@context\":\"https:\\\/\\\/schema.org\",\"@graph\":[{\"@type\":\"WebPage\",\"@id\":\"https:\\\/\\\/mula.es\\\/web\\\/formulario-control-de-plagas\\\/\",\"url\":\"https:\\\/\\\/mula.es\\\/web\\\/formulario-control-de-plagas\\\/\",\"name\":\"Formulario control de plagas - Ayuntamiento de Mula\",\"isPartOf\":{\"@id\":\"https:\\\/\\\/mula.es\\\/web\\\/#website\"},\"datePublished\":\"2016-02-22T09:12:42+00:00\",\"dateModified\":\"2021-05-12T18:04:53+00:00\",\"breadcrumb\":{\"@id\":\"https:\\\/\\\/mula.es\\\/web\\\/formulario-control-de-plagas\\\/#breadcrumb\"},\"inLanguage\":\"es\",\"potentialAction\":[{\"@type\":\"ReadAction\",\"target\":[\"https:\\\/\\\/mula.es\\\/web\\\/formulario-control-de-plagas\\\/\"]}]},{\"@type\":\"BreadcrumbList\",\"@id\":\"https:\\\/\\\/mula.es\\\/web\\\/formulario-control-de-plagas\\\/#breadcrumb\",\"itemListElement\":[{\"@type\":\"ListItem\",\"position\":1,\"name\":\"Portada\",\"item\":\"https:\\\/\\\/mula.es\\\/web\\\/\"},{\"@type\":\"ListItem\",\"position\":2,\"name\":\"Formulario control de plagas\"}]},{\"@type\":\"WebSite\",\"@id\":\"https:\\\/\\\/mula.es\\\/web\\\/#website\",\"url\":\"https:\\\/\\\/mula.es\\\/web\\\/\",\"name\":\"Ayuntamiento de Mula\",\"description\":\"P\u00e1gina web del Ayuntamiento de Mula (Regi\u00f3n de Murcia)\",\"potentialAction\":[{\"@type\":\"SearchAction\",\"target\":{\"@type\":\"EntryPoint\",\"urlTemplate\":\"https:\\\/\\\/mula.es\\\/web\\\/?s={search_term_string}\"},\"query-input\":{\"@type\":\"PropertyValueSpecification\",\"valueRequired\":true,\"valueName\":\"search_term_string\"}}],\"inLanguage\":\"es\"}]}<\/script>\n<!-- \/ Yoast SEO plugin. -->","yoast_head_json":{"title":"Formulario control de plagas - Ayuntamiento de Mula","robots":{"index":"index","follow":"follow","max-snippet":"max-snippet:-1","max-image-preview":"max-image-preview:large","max-video-preview":"max-video-preview:-1"},"canonical":"https:\/\/mula.es\/web\/formulario-control-de-plagas\/","og_locale":"es_ES","og_type":"article","og_title":"Formulario control de plagas - Ayuntamiento de Mula","og_url":"https:\/\/mula.es\/web\/formulario-control-de-plagas\/","og_site_name":"Ayuntamiento de Mula","article_modified_time":"2021-05-12T18:04:53+00:00","og_image":[{"width":200,"height":218,"url":"https:\/\/mula.es\/web\/wp-content\/uploads\/2020\/06\/escudo-cuadrado-e1591045058235.jpg","type":"image\/jpeg"}],"twitter_card":"summary_large_image","twitter_site":"@AyuntamientMula","twitter_misc":{"Tiempo de lectura":"1 minuto"},"schema":{"@context":"https:\/\/schema.org","@graph":[{"@type":"WebPage","@id":"https:\/\/mula.es\/web\/formulario-control-de-plagas\/","url":"https:\/\/mula.es\/web\/formulario-control-de-plagas\/","name":"Formulario control de plagas - Ayuntamiento de Mula","isPartOf":{"@id":"https:\/\/mula.es\/web\/#website"},"datePublished":"2016-02-22T09:12:42+00:00","dateModified":"2021-05-12T18:04:53+00:00","breadcrumb":{"@id":"https:\/\/mula.es\/web\/formulario-control-de-plagas\/#breadcrumb"},"inLanguage":"es","potentialAction":[{"@type":"ReadAction","target":["https:\/\/mula.es\/web\/formulario-control-de-plagas\/"]}]},{"@type":"BreadcrumbList","@id":"https:\/\/mula.es\/web\/formulario-control-de-plagas\/#breadcrumb","itemListElement":[{"@type":"ListItem","position":1,"name":"Portada","item":"https:\/\/mula.es\/web\/"},{"@type":"ListItem","position":2,"name":"Formulario control de plagas"}]},{"@type":"WebSite","@id":"https:\/\/mula.es\/web\/#website","url":"https:\/\/mula.es\/web\/","name":"Ayuntamiento de Mula","description":"P\u00e1gina web del Ayuntamiento de Mula (Regi\u00f3n de Murcia)","potentialAction":[{"@type":"SearchAction","target":{"@type":"EntryPoint","urlTemplate":"https:\/\/mula.es\/web\/?s={search_term_string}"},"query-input":{"@type":"PropertyValueSpecification","valueRequired":true,"valueName":"search_term_string"}}],"inLanguage":"es"}]}},"_hostinger_reach_plugin_has_subscription_block":false,"_hostinger_reach_plugin_is_elementor":false,"jetpack_sharing_enabled":true,"jetpack_shortlink":"https:\/\/wp.me\/Pa9DMY-3Ha","jetpack-related-posts":[],"_links":{"self":[{"href":"https:\/\/mula.es\/web\/wp-json\/wp\/v2\/pages\/14208","targetHints":{"allow":["GET"]}}],"collection":[{"href":"https:\/\/mula.es\/web\/wp-json\/wp\/v2\/pages"}],"about":[{"href":"https:\/\/mula.es\/web\/wp-json\/wp\/v2\/types\/page"}],"author":[{"embeddable":true,"href":"https:\/\/mula.es\/web\/wp-json\/wp\/v2\/users\/1"}],"replies":[{"embeddable":true,"href":"https:\/\/mula.es\/web\/wp-json\/wp\/v2\/comments?post=14208"}],"version-history":[{"count":4,"href":"https:\/\/mula.es\/web\/wp-json\/wp\/v2\/pages\/14208\/revisions"}],"predecessor-version":[{"id":38342,"href":"https:\/\/mula.es\/web\/wp-json\/wp\/v2\/pages\/14208\/revisions\/38342"}],"wp:attachment":[{"href":"https:\/\/mula.es\/web\/wp-json\/wp\/v2\/media?parent=14208"}],"curies":[{"name":"wp","href":"https:\/\/api.w.org\/{rel}","templated":true}]}}