{"id":16929,"date":"2016-05-30T09:22:32","date_gmt":"2016-05-30T07:22:32","guid":{"rendered":"http:\/\/mula.es\/web\/?page_id=16929"},"modified":"2021-05-12T20:04:49","modified_gmt":"2021-05-12T18:04:49","slug":"suscripcion-a-agenda-ios","status":"publish","type":"page","link":"https:\/\/mula.es\/web\/suscripcion-a-agenda-ios\/","title":{"rendered":"Suscripci\u00f3n a agenda \u2013 iOS"},"content":{"rendered":"<div class=\"fusion-fullwidth fullwidth-box fusion-builder-row-1 fusion-flex-container hundred-percent-fullwidth non-hundred-percent-height-scrolling\" style=\"--awb-border-radius-top-left:0px;--awb-border-radius-top-right:0px;--awb-border-radius-bottom-right:0px;--awb-border-radius-bottom-left:0px;--awb-overflow:visible;--awb-flex-wrap:wrap;\" ><div class=\"fusion-builder-row fusion-row fusion-flex-align-items-flex-start fusion-flex-content-wrap\" style=\"width:calc( 100% + 0px ) !important;max-width:calc( 100% + 0px ) !important;margin-left: calc(-0px \/ 2 );margin-right: calc(-0px \/ 2 );\"><div class=\"fusion-layout-column fusion_builder_column fusion-builder-column-0 fusion_builder_column_1_1 1_1 fusion-flex-column\" style=\"--awb-bg-size:cover;--awb-width-large:100%;--awb-margin-top-large:0px;--awb-spacing-right-large:0px;--awb-margin-bottom-large:20px;--awb-spacing-left-large:0px;--awb-width-medium:100%;--awb-spacing-right-medium:0px;--awb-spacing-left-medium:0px;--awb-width-small:100%;--awb-spacing-right-small:0px;--awb-spacing-left-small:0px;\"><div class=\"fusion-column-wrapper fusion-flex-justify-content-flex-start fusion-content-layout-column\"><div class=\"fusion-text fusion-text-1\"><p style=\"text-align: justify;\">Para suscribirte a la agenda utilizando desde tu iPhone o iPad, debes tener una cuenta Google y a\u00f1adirla:<\/p>\n<p style=\"text-align: justify;\"><a href=\"https:\/\/mula.es\/web\/wp-content\/uploads\/2016\/05\/image_1.jpg\" target=\"_blank\" rel=\"noopener\"><img decoding=\"async\" data-attachment-id=\"16933\" data-permalink=\"https:\/\/mula.es\/web\/suscripcion-a-agenda-ios\/image_1\/\" data-orig-file=\"https:\/\/mula.es\/web\/wp-content\/uploads\/2016\/05\/image_1.jpg\" data-orig-size=\"1536,2048\" data-comments-opened=\"0\" data-image-meta=\"\" data-image-title=\"image_1\" data-image-description=\"\" data-image-caption=\"\" data-medium-file=\"https:\/\/mula.es\/web\/wp-content\/uploads\/2016\/05\/image_1-225x300.jpg\" data-large-file=\"https:\/\/mula.es\/web\/wp-content\/uploads\/2016\/05\/image_1-768x1024.jpg\" class=\"aligncenter wp-image-16933\" src=\"https:\/\/mula.es\/web\/wp-content\/uploads\/2016\/05\/image_1-225x300.jpg\" alt=\"image_1\" width=\"250\" height=\"333\" srcset=\"https:\/\/mula.es\/web\/wp-content\/uploads\/2016\/05\/image_1-200x267.jpg 200w, https:\/\/mula.es\/web\/wp-content\/uploads\/2016\/05\/image_1-225x300.jpg 225w, https:\/\/mula.es\/web\/wp-content\/uploads\/2016\/05\/image_1-400x533.jpg 400w, https:\/\/mula.es\/web\/wp-content\/uploads\/2016\/05\/image_1-600x800.jpg 600w, https:\/\/mula.es\/web\/wp-content\/uploads\/2016\/05\/image_1-768x1024.jpg 768w, https:\/\/mula.es\/web\/wp-content\/uploads\/2016\/05\/image_1-800x1067.jpg 800w, https:\/\/mula.es\/web\/wp-content\/uploads\/2016\/05\/image_1-1200x1600.jpg 1200w, https:\/\/mula.es\/web\/wp-content\/uploads\/2016\/05\/image_1.jpg 1536w\" sizes=\"(max-width: 250px) 100vw, 250px\" \/><\/a><\/p>\n<p style=\"text-align: justify;\">A continuaci\u00f3n, <strong><a href=\"https:\/\/calendar.google.com\/calendar\/render?cid=aytomula.es_45nvo6ja3dsu2g7ochn3bcjuhs%40group.calendar.google.com#main_7\" target=\"_blank\" rel=\"noopener\">pinchar aqu\u00ed o:<\/a><\/strong><\/p>\n<p style=\"text-align: center;\"><a href=\"https:\/\/calendar.google.com\/calendar\/render?cid=aytomula.es_45nvo6ja3dsu2g7ochn3bcjuhs%40group.calendar.google.com#main_7\" target=\"_blank\" rel=\"noopener\">https:\/\/calendar.google.com\/calendar\/render?cid=aytomula.es_45nvo6ja3dsu2g7ochn3bcjuhs%40group.calendar.google.com#main_7<\/a><\/p>\n<p style=\"text-align: justify;\">Aparecer\u00e1 un cuadro de di\u00e1logo como el de la imagen siguiente. Donde tendremos que indicar,<strong> \u00abSi, incluir este calendario\u00bb<\/strong>.<\/p>\n<p style=\"text-align: justify;\"><a href=\"https:\/\/mula.es\/web\/wp-content\/uploads\/2016\/05\/image_2.jpg\" target=\"_blank\" rel=\"noopener\"><img decoding=\"async\" data-attachment-id=\"16932\" data-permalink=\"https:\/\/mula.es\/web\/suscripcion-a-agenda-ios\/image_2\/\" data-orig-file=\"https:\/\/mula.es\/web\/wp-content\/uploads\/2016\/05\/image_2.jpg\" data-orig-size=\"1536,2048\" data-comments-opened=\"0\" data-image-meta=\"\" data-image-title=\"image_2\" data-image-description=\"\" data-image-caption=\"\" data-medium-file=\"https:\/\/mula.es\/web\/wp-content\/uploads\/2016\/05\/image_2-225x300.jpg\" data-large-file=\"https:\/\/mula.es\/web\/wp-content\/uploads\/2016\/05\/image_2-768x1024.jpg\" class=\"aligncenter wp-image-16932\" src=\"https:\/\/mula.es\/web\/wp-content\/uploads\/2016\/05\/image_2-225x300.jpg\" alt=\"image_2\" width=\"250\" height=\"333\" srcset=\"https:\/\/mula.es\/web\/wp-content\/uploads\/2016\/05\/image_2-200x267.jpg 200w, https:\/\/mula.es\/web\/wp-content\/uploads\/2016\/05\/image_2-225x300.jpg 225w, https:\/\/mula.es\/web\/wp-content\/uploads\/2016\/05\/image_2-400x533.jpg 400w, https:\/\/mula.es\/web\/wp-content\/uploads\/2016\/05\/image_2-600x800.jpg 600w, https:\/\/mula.es\/web\/wp-content\/uploads\/2016\/05\/image_2-768x1024.jpg 768w, https:\/\/mula.es\/web\/wp-content\/uploads\/2016\/05\/image_2-800x1067.jpg 800w, https:\/\/mula.es\/web\/wp-content\/uploads\/2016\/05\/image_2-1200x1600.jpg 1200w, https:\/\/mula.es\/web\/wp-content\/uploads\/2016\/05\/image_2.jpg 1536w\" sizes=\"(max-width: 250px) 100vw, 250px\" \/><\/a><\/p>\n<p style=\"text-align: justify;\">Y tendremos la siguiente vista del calendario:<\/p>\n<p style=\"text-align: justify;\"><a href=\"https:\/\/mula.es\/web\/wp-content\/uploads\/2016\/05\/image_3.jpg\" target=\"_blank\" rel=\"noopener\"><img decoding=\"async\" data-attachment-id=\"16934\" data-permalink=\"https:\/\/mula.es\/web\/suscripcion-a-agenda-ios\/image_3\/\" data-orig-file=\"https:\/\/mula.es\/web\/wp-content\/uploads\/2016\/05\/image_3.jpg\" data-orig-size=\"1536,2048\" data-comments-opened=\"0\" data-image-meta=\"\" data-image-title=\"image_3\" data-image-description=\"\" data-image-caption=\"\" data-medium-file=\"https:\/\/mula.es\/web\/wp-content\/uploads\/2016\/05\/image_3-225x300.jpg\" data-large-file=\"https:\/\/mula.es\/web\/wp-content\/uploads\/2016\/05\/image_3-768x1024.jpg\" class=\"aligncenter wp-image-16934\" src=\"https:\/\/mula.es\/web\/wp-content\/uploads\/2016\/05\/image_3-225x300.jpg\" alt=\"image_3\" width=\"250\" height=\"333\" srcset=\"https:\/\/mula.es\/web\/wp-content\/uploads\/2016\/05\/image_3-200x267.jpg 200w, https:\/\/mula.es\/web\/wp-content\/uploads\/2016\/05\/image_3-225x300.jpg 225w, https:\/\/mula.es\/web\/wp-content\/uploads\/2016\/05\/image_3-400x533.jpg 400w, https:\/\/mula.es\/web\/wp-content\/uploads\/2016\/05\/image_3-600x800.jpg 600w, https:\/\/mula.es\/web\/wp-content\/uploads\/2016\/05\/image_3-768x1024.jpg 768w, https:\/\/mula.es\/web\/wp-content\/uploads\/2016\/05\/image_3-800x1067.jpg 800w, https:\/\/mula.es\/web\/wp-content\/uploads\/2016\/05\/image_3-1200x1600.jpg 1200w, https:\/\/mula.es\/web\/wp-content\/uploads\/2016\/05\/image_3.jpg 1536w\" sizes=\"(max-width: 250px) 100vw, 250px\" \/><\/a><\/p>\n<p style=\"text-align: justify;\">A continuaci\u00f3n, pinchamos <a href=\"https:\/\/calendar.google.com\/calendar\/syncselect\" target=\"_blank\" rel=\"noopener\">aqu\u00ed<\/a>, y seleccionamos las agendas que deseamos sincronizar con nuestro\/s dispositivo\/s.<\/p>\n<p style=\"text-align: center;\"><a href=\"https:\/\/calendar.google.com\/calendar\/syncselect\" target=\"_blank\" rel=\"noopener\">https:\/\/calendar.google.com\/calendar\/syncselect<\/a><\/p>\n<p style=\"text-align: justify;\"><a href=\"https:\/\/mula.es\/web\/wp-content\/uploads\/2016\/05\/image_4-1.jpg\" target=\"_blank\" rel=\"noopener\"><img decoding=\"async\" data-attachment-id=\"16947\" data-permalink=\"https:\/\/mula.es\/web\/suscripcion-a-agenda-ios\/image_4-2\/\" data-orig-file=\"https:\/\/mula.es\/web\/wp-content\/uploads\/2016\/05\/image_4-1.jpg\" data-orig-size=\"1536,2048\" data-comments-opened=\"0\" data-image-meta=\"\" data-image-title=\"image_4\" data-image-description=\"\" data-image-caption=\"\" data-medium-file=\"https:\/\/mula.es\/web\/wp-content\/uploads\/2016\/05\/image_4-1-225x300.jpg\" data-large-file=\"https:\/\/mula.es\/web\/wp-content\/uploads\/2016\/05\/image_4-1-768x1024.jpg\" class=\"aligncenter wp-image-16947\" src=\"https:\/\/mula.es\/web\/wp-content\/uploads\/2016\/05\/image_4-1-225x300.jpg\" alt=\"image_4\" width=\"250\" height=\"333\" srcset=\"https:\/\/mula.es\/web\/wp-content\/uploads\/2016\/05\/image_4-1-200x267.jpg 200w, https:\/\/mula.es\/web\/wp-content\/uploads\/2016\/05\/image_4-1-225x300.jpg 225w, https:\/\/mula.es\/web\/wp-content\/uploads\/2016\/05\/image_4-1-400x533.jpg 400w, https:\/\/mula.es\/web\/wp-content\/uploads\/2016\/05\/image_4-1-600x800.jpg 600w, https:\/\/mula.es\/web\/wp-content\/uploads\/2016\/05\/image_4-1-768x1024.jpg 768w, https:\/\/mula.es\/web\/wp-content\/uploads\/2016\/05\/image_4-1-800x1067.jpg 800w, https:\/\/mula.es\/web\/wp-content\/uploads\/2016\/05\/image_4-1-1200x1600.jpg 1200w, https:\/\/mula.es\/web\/wp-content\/uploads\/2016\/05\/image_4-1.jpg 1536w\" sizes=\"(max-width: 250px) 100vw, 250px\" \/><\/a>Solo nos falta a\u00f1adir a la app Calendario, qu\u00e9 calendarios nos gustar\u00eda ver.<\/p>\n<p style=\"text-align: justify;\"><a href=\"https:\/\/mula.es\/web\/wp-content\/uploads\/2016\/05\/image_5.jpg\" target=\"_blank\" rel=\"noopener\"><img decoding=\"async\" data-attachment-id=\"16948\" data-permalink=\"https:\/\/mula.es\/web\/suscripcion-a-agenda-ios\/image_5\/\" data-orig-file=\"https:\/\/mula.es\/web\/wp-content\/uploads\/2016\/05\/image_5.jpg\" data-orig-size=\"1536,2048\" data-comments-opened=\"0\" data-image-meta=\"\" data-image-title=\"image_5\" data-image-description=\"\" data-image-caption=\"\" data-medium-file=\"https:\/\/mula.es\/web\/wp-content\/uploads\/2016\/05\/image_5-225x300.jpg\" data-large-file=\"https:\/\/mula.es\/web\/wp-content\/uploads\/2016\/05\/image_5-768x1024.jpg\" class=\"aligncenter wp-image-16948\" src=\"https:\/\/mula.es\/web\/wp-content\/uploads\/2016\/05\/image_5-225x300.jpg\" alt=\"image_5\" width=\"250\" height=\"333\" srcset=\"https:\/\/mula.es\/web\/wp-content\/uploads\/2016\/05\/image_5-200x267.jpg 200w, https:\/\/mula.es\/web\/wp-content\/uploads\/2016\/05\/image_5-225x300.jpg 225w, https:\/\/mula.es\/web\/wp-content\/uploads\/2016\/05\/image_5-400x533.jpg 400w, https:\/\/mula.es\/web\/wp-content\/uploads\/2016\/05\/image_5-600x800.jpg 600w, https:\/\/mula.es\/web\/wp-content\/uploads\/2016\/05\/image_5-768x1024.jpg 768w, https:\/\/mula.es\/web\/wp-content\/uploads\/2016\/05\/image_5-800x1067.jpg 800w, https:\/\/mula.es\/web\/wp-content\/uploads\/2016\/05\/image_5-1200x1600.jpg 1200w, https:\/\/mula.es\/web\/wp-content\/uploads\/2016\/05\/image_5.jpg 1536w\" sizes=\"(max-width: 250px) 100vw, 250px\" \/><\/a><\/p>\n<p style=\"text-align: justify;\">Para ello, pinchamos en Calendarios y en la lista desplegable, elegimos los calendarios a mostrar.<\/p>\n<p style=\"text-align: justify;\"><a href=\"https:\/\/mula.es\/web\/wp-content\/uploads\/2016\/05\/image_6.jpg\" target=\"_blank\" rel=\"noopener\"><img decoding=\"async\" data-attachment-id=\"16949\" data-permalink=\"https:\/\/mula.es\/web\/suscripcion-a-agenda-ios\/image_6\/\" data-orig-file=\"https:\/\/mula.es\/web\/wp-content\/uploads\/2016\/05\/image_6.jpg\" data-orig-size=\"1536,2048\" data-comments-opened=\"0\" data-image-meta=\"\" data-image-title=\"image_6\" data-image-description=\"\" data-image-caption=\"\" data-medium-file=\"https:\/\/mula.es\/web\/wp-content\/uploads\/2016\/05\/image_6-225x300.jpg\" data-large-file=\"https:\/\/mula.es\/web\/wp-content\/uploads\/2016\/05\/image_6-768x1024.jpg\" class=\"aligncenter wp-image-16949\" src=\"https:\/\/mula.es\/web\/wp-content\/uploads\/2016\/05\/image_6-225x300.jpg\" alt=\"image_6\" width=\"250\" height=\"333\" srcset=\"https:\/\/mula.es\/web\/wp-content\/uploads\/2016\/05\/image_6-200x267.jpg 200w, https:\/\/mula.es\/web\/wp-content\/uploads\/2016\/05\/image_6-225x300.jpg 225w, https:\/\/mula.es\/web\/wp-content\/uploads\/2016\/05\/image_6-400x533.jpg 400w, https:\/\/mula.es\/web\/wp-content\/uploads\/2016\/05\/image_6-600x800.jpg 600w, https:\/\/mula.es\/web\/wp-content\/uploads\/2016\/05\/image_6-768x1024.jpg 768w, https:\/\/mula.es\/web\/wp-content\/uploads\/2016\/05\/image_6-800x1067.jpg 800w, https:\/\/mula.es\/web\/wp-content\/uploads\/2016\/05\/image_6-1200x1600.jpg 1200w, https:\/\/mula.es\/web\/wp-content\/uploads\/2016\/05\/image_6.jpg 1536w\" sizes=\"(max-width: 250px) 100vw, 250px\" \/><\/a><\/p>\n<p style=\"text-align: justify;\">La vista final del calendario puede ser similar a la siguiente imagen. Puede variar dependiendo de la versi\u00f3n de iOS.<\/p>\n<p style=\"text-align: justify;\"><a href=\"https:\/\/mula.es\/web\/wp-content\/uploads\/2016\/05\/image_7.jpg\" target=\"_blank\" rel=\"noopener\"><img decoding=\"async\" data-attachment-id=\"16950\" data-permalink=\"https:\/\/mula.es\/web\/suscripcion-a-agenda-ios\/image_7\/\" data-orig-file=\"https:\/\/mula.es\/web\/wp-content\/uploads\/2016\/05\/image_7.jpg\" data-orig-size=\"1536,2048\" data-comments-opened=\"0\" data-image-meta=\"\" data-image-title=\"image_7\" data-image-description=\"\" data-image-caption=\"\" data-medium-file=\"https:\/\/mula.es\/web\/wp-content\/uploads\/2016\/05\/image_7-225x300.jpg\" data-large-file=\"https:\/\/mula.es\/web\/wp-content\/uploads\/2016\/05\/image_7-768x1024.jpg\" class=\"aligncenter wp-image-16950\" src=\"https:\/\/mula.es\/web\/wp-content\/uploads\/2016\/05\/image_7-225x300.jpg\" alt=\"image_7\" width=\"250\" height=\"333\" srcset=\"https:\/\/mula.es\/web\/wp-content\/uploads\/2016\/05\/image_7-200x267.jpg 200w, https:\/\/mula.es\/web\/wp-content\/uploads\/2016\/05\/image_7-225x300.jpg 225w, https:\/\/mula.es\/web\/wp-content\/uploads\/2016\/05\/image_7-400x533.jpg 400w, https:\/\/mula.es\/web\/wp-content\/uploads\/2016\/05\/image_7-600x800.jpg 600w, https:\/\/mula.es\/web\/wp-content\/uploads\/2016\/05\/image_7-768x1024.jpg 768w, https:\/\/mula.es\/web\/wp-content\/uploads\/2016\/05\/image_7-800x1067.jpg 800w, https:\/\/mula.es\/web\/wp-content\/uploads\/2016\/05\/image_7-1200x1600.jpg 1200w, https:\/\/mula.es\/web\/wp-content\/uploads\/2016\/05\/image_7.jpg 1536w\" sizes=\"(max-width: 250px) 100vw, 250px\" \/><\/a><\/p>\n<p style=\"text-align: justify;\">Tambi\u00e9n existe la opci\u00f3n de descargar el app <strong>Google Calendar<\/strong>, la cual obtiene autom\u00e1ticamente la informaci\u00f3n de la cuenta Google asociada al usuario, y mostrar\u00e1 los calendarios asociados a este.<\/p>\n<\/div><\/div><\/div><\/div><\/div>\n","protected":false},"excerpt":{"rendered":"","protected":false},"author":1,"featured_media":0,"parent":0,"menu_order":0,"comment_status":"closed","ping_status":"closed","template":"","meta":{"jetpack_post_was_ever_published":false,"footnotes":""},"class_list":["post-16929","page","type-page","status-publish","hentry"],"yoast_head":"<!-- This site is optimized with the Yoast SEO plugin v27.3 - https:\/\/yoast.com\/product\/yoast-seo-wordpress\/ -->\n<title>Suscripci\u00f3n a agenda \u2013 iOS - Ayuntamiento de Mula<\/title>\n<meta name=\"robots\" content=\"index, follow, max-snippet:-1, max-image-preview:large, max-video-preview:-1\" \/>\n<link rel=\"canonical\" href=\"https:\/\/mula.es\/web\/suscripcion-a-agenda-ios\/\" \/>\n<meta property=\"og:locale\" content=\"es_ES\" \/>\n<meta property=\"og:type\" content=\"article\" \/>\n<meta property=\"og:title\" content=\"Suscripci\u00f3n a agenda \u2013 iOS - Ayuntamiento de Mula\" \/>\n<meta property=\"og:url\" content=\"https:\/\/mula.es\/web\/suscripcion-a-agenda-ios\/\" \/>\n<meta property=\"og:site_name\" content=\"Ayuntamiento de Mula\" \/>\n<meta property=\"article:modified_time\" content=\"2021-05-12T18:04:49+00:00\" \/>\n<meta property=\"og:image\" content=\"http:\/\/mula.es\/web\/wp-content\/uploads\/2016\/05\/image_1-225x300.jpg\" \/>\n<meta name=\"twitter:card\" content=\"summary_large_image\" \/>\n<meta name=\"twitter:site\" content=\"@AyuntamientMula\" \/>\n<meta name=\"twitter:label1\" content=\"Tiempo de lectura\" \/>\n\t<meta name=\"twitter:data1\" content=\"1 minuto\" \/>\n<script type=\"application\/ld+json\" class=\"yoast-schema-graph\">{\"@context\":\"https:\\\/\\\/schema.org\",\"@graph\":[{\"@type\":\"WebPage\",\"@id\":\"https:\\\/\\\/mula.es\\\/web\\\/suscripcion-a-agenda-ios\\\/\",\"url\":\"https:\\\/\\\/mula.es\\\/web\\\/suscripcion-a-agenda-ios\\\/\",\"name\":\"Suscripci\u00f3n a agenda \u2013 iOS - Ayuntamiento de Mula\",\"isPartOf\":{\"@id\":\"https:\\\/\\\/mula.es\\\/web\\\/#website\"},\"primaryImageOfPage\":{\"@id\":\"https:\\\/\\\/mula.es\\\/web\\\/suscripcion-a-agenda-ios\\\/#primaryimage\"},\"image\":{\"@id\":\"https:\\\/\\\/mula.es\\\/web\\\/suscripcion-a-agenda-ios\\\/#primaryimage\"},\"thumbnailUrl\":\"http:\\\/\\\/mula.es\\\/web\\\/wp-content\\\/uploads\\\/2016\\\/05\\\/image_1-225x300.jpg\",\"datePublished\":\"2016-05-30T07:22:32+00:00\",\"dateModified\":\"2021-05-12T18:04:49+00:00\",\"breadcrumb\":{\"@id\":\"https:\\\/\\\/mula.es\\\/web\\\/suscripcion-a-agenda-ios\\\/#breadcrumb\"},\"inLanguage\":\"es\",\"potentialAction\":[{\"@type\":\"ReadAction\",\"target\":[\"https:\\\/\\\/mula.es\\\/web\\\/suscripcion-a-agenda-ios\\\/\"]}]},{\"@type\":\"ImageObject\",\"inLanguage\":\"es\",\"@id\":\"https:\\\/\\\/mula.es\\\/web\\\/suscripcion-a-agenda-ios\\\/#primaryimage\",\"url\":\"http:\\\/\\\/mula.es\\\/web\\\/wp-content\\\/uploads\\\/2016\\\/05\\\/image_1-225x300.jpg\",\"contentUrl\":\"http:\\\/\\\/mula.es\\\/web\\\/wp-content\\\/uploads\\\/2016\\\/05\\\/image_1-225x300.jpg\"},{\"@type\":\"BreadcrumbList\",\"@id\":\"https:\\\/\\\/mula.es\\\/web\\\/suscripcion-a-agenda-ios\\\/#breadcrumb\",\"itemListElement\":[{\"@type\":\"ListItem\",\"position\":1,\"name\":\"Portada\",\"item\":\"https:\\\/\\\/mula.es\\\/web\\\/\"},{\"@type\":\"ListItem\",\"position\":2,\"name\":\"Suscripci\u00f3n a agenda \u2013 iOS\"}]},{\"@type\":\"WebSite\",\"@id\":\"https:\\\/\\\/mula.es\\\/web\\\/#website\",\"url\":\"https:\\\/\\\/mula.es\\\/web\\\/\",\"name\":\"Ayuntamiento de Mula\",\"description\":\"P\u00e1gina web del Ayuntamiento de Mula (Regi\u00f3n de Murcia)\",\"potentialAction\":[{\"@type\":\"SearchAction\",\"target\":{\"@type\":\"EntryPoint\",\"urlTemplate\":\"https:\\\/\\\/mula.es\\\/web\\\/?s={search_term_string}\"},\"query-input\":{\"@type\":\"PropertyValueSpecification\",\"valueRequired\":true,\"valueName\":\"search_term_string\"}}],\"inLanguage\":\"es\"}]}<\/script>\n<!-- \/ Yoast SEO plugin. -->","yoast_head_json":{"title":"Suscripci\u00f3n a agenda \u2013 iOS - Ayuntamiento de Mula","robots":{"index":"index","follow":"follow","max-snippet":"max-snippet:-1","max-image-preview":"max-image-preview:large","max-video-preview":"max-video-preview:-1"},"canonical":"https:\/\/mula.es\/web\/suscripcion-a-agenda-ios\/","og_locale":"es_ES","og_type":"article","og_title":"Suscripci\u00f3n a agenda \u2013 iOS - Ayuntamiento de Mula","og_url":"https:\/\/mula.es\/web\/suscripcion-a-agenda-ios\/","og_site_name":"Ayuntamiento de Mula","article_modified_time":"2021-05-12T18:04:49+00:00","og_image":[{"url":"http:\/\/mula.es\/web\/wp-content\/uploads\/2016\/05\/image_1-225x300.jpg","type":"","width":"","height":""}],"twitter_card":"summary_large_image","twitter_site":"@AyuntamientMula","twitter_misc":{"Tiempo de lectura":"1 minuto"},"schema":{"@context":"https:\/\/schema.org","@graph":[{"@type":"WebPage","@id":"https:\/\/mula.es\/web\/suscripcion-a-agenda-ios\/","url":"https:\/\/mula.es\/web\/suscripcion-a-agenda-ios\/","name":"Suscripci\u00f3n a agenda \u2013 iOS - Ayuntamiento de Mula","isPartOf":{"@id":"https:\/\/mula.es\/web\/#website"},"primaryImageOfPage":{"@id":"https:\/\/mula.es\/web\/suscripcion-a-agenda-ios\/#primaryimage"},"image":{"@id":"https:\/\/mula.es\/web\/suscripcion-a-agenda-ios\/#primaryimage"},"thumbnailUrl":"http:\/\/mula.es\/web\/wp-content\/uploads\/2016\/05\/image_1-225x300.jpg","datePublished":"2016-05-30T07:22:32+00:00","dateModified":"2021-05-12T18:04:49+00:00","breadcrumb":{"@id":"https:\/\/mula.es\/web\/suscripcion-a-agenda-ios\/#breadcrumb"},"inLanguage":"es","potentialAction":[{"@type":"ReadAction","target":["https:\/\/mula.es\/web\/suscripcion-a-agenda-ios\/"]}]},{"@type":"ImageObject","inLanguage":"es","@id":"https:\/\/mula.es\/web\/suscripcion-a-agenda-ios\/#primaryimage","url":"http:\/\/mula.es\/web\/wp-content\/uploads\/2016\/05\/image_1-225x300.jpg","contentUrl":"http:\/\/mula.es\/web\/wp-content\/uploads\/2016\/05\/image_1-225x300.jpg"},{"@type":"BreadcrumbList","@id":"https:\/\/mula.es\/web\/suscripcion-a-agenda-ios\/#breadcrumb","itemListElement":[{"@type":"ListItem","position":1,"name":"Portada","item":"https:\/\/mula.es\/web\/"},{"@type":"ListItem","position":2,"name":"Suscripci\u00f3n a agenda \u2013 iOS"}]},{"@type":"WebSite","@id":"https:\/\/mula.es\/web\/#website","url":"https:\/\/mula.es\/web\/","name":"Ayuntamiento de Mula","description":"P\u00e1gina web del Ayuntamiento de Mula (Regi\u00f3n de Murcia)","potentialAction":[{"@type":"SearchAction","target":{"@type":"EntryPoint","urlTemplate":"https:\/\/mula.es\/web\/?s={search_term_string}"},"query-input":{"@type":"PropertyValueSpecification","valueRequired":true,"valueName":"search_term_string"}}],"inLanguage":"es"}]}},"_hostinger_reach_plugin_has_subscription_block":false,"_hostinger_reach_plugin_is_elementor":false,"jetpack_sharing_enabled":true,"jetpack_shortlink":"https:\/\/wp.me\/Pa9DMY-4p3","jetpack-related-posts":[],"_links":{"self":[{"href":"https:\/\/mula.es\/web\/wp-json\/wp\/v2\/pages\/16929","targetHints":{"allow":["GET"]}}],"collection":[{"href":"https:\/\/mula.es\/web\/wp-json\/wp\/v2\/pages"}],"about":[{"href":"https:\/\/mula.es\/web\/wp-json\/wp\/v2\/types\/page"}],"author":[{"embeddable":true,"href":"https:\/\/mula.es\/web\/wp-json\/wp\/v2\/users\/1"}],"replies":[{"embeddable":true,"href":"https:\/\/mula.es\/web\/wp-json\/wp\/v2\/comments?post=16929"}],"version-history":[{"count":6,"href":"https:\/\/mula.es\/web\/wp-json\/wp\/v2\/pages\/16929\/revisions"}],"predecessor-version":[{"id":38331,"href":"https:\/\/mula.es\/web\/wp-json\/wp\/v2\/pages\/16929\/revisions\/38331"}],"wp:attachment":[{"href":"https:\/\/mula.es\/web\/wp-json\/wp\/v2\/media?parent=16929"}],"curies":[{"name":"wp","href":"https:\/\/api.w.org\/{rel}","templated":true}]}}