{"id":17904,"date":"2016-06-17T08:42:30","date_gmt":"2016-06-17T06:42:30","guid":{"rendered":"http:\/\/mula.es\/web\/?page_id=17904"},"modified":"2023-08-17T14:10:41","modified_gmt":"2023-08-17T12:10:41","slug":"formulario-para-preguntar-a-tu-alcalde","status":"publish","type":"page","link":"https:\/\/mula.es\/web\/el-alcalde-responde\/formulario-para-preguntar-a-tu-alcalde\/","title":{"rendered":"Formulario para preguntar a tu Alcalde"},"content":{"rendered":"<div class=\"fusion-fullwidth fullwidth-box fusion-builder-row-1 fusion-flex-container hundred-percent-fullwidth non-hundred-percent-height-scrolling\" style=\"--awb-border-radius-top-left:0px;--awb-border-radius-top-right:0px;--awb-border-radius-bottom-right:0px;--awb-border-radius-bottom-left:0px;--awb-overflow:visible;--awb-flex-wrap:wrap;\" ><div class=\"fusion-builder-row fusion-row fusion-flex-align-items-flex-start fusion-flex-content-wrap\" style=\"width:104% !important;max-width:104% !important;margin-left: calc(-4% \/ 2 );margin-right: calc(-4% \/ 2 );\"><div class=\"fusion-layout-column fusion_builder_column fusion-builder-column-0 fusion_builder_column_1_1 1_1 fusion-flex-column\" style=\"--awb-bg-size:cover;--awb-width-large:100%;--awb-margin-top-large:0px;--awb-spacing-right-large:1.92%;--awb-margin-bottom-large:20px;--awb-spacing-left-large:1.92%;--awb-width-medium:100%;--awb-spacing-right-medium:1.92%;--awb-spacing-left-medium:1.92%;--awb-width-small:100%;--awb-spacing-right-small:1.92%;--awb-spacing-left-small:1.92%;\"><div class=\"fusion-column-wrapper fusion-flex-justify-content-flex-start fusion-content-layout-column\"><div class=\"fusion-text fusion-text-1\"><p><a href=\"https:\/\/mula.es\/web\/wp-content\/uploads\/2016\/01\/294_.jpg\"><img data-attachment-id=\"11954\" data-permalink=\"https:\/\/mula.es\/web\/saludo-alcalde\/294_\/\" data-orig-file=\"https:\/\/mula.es\/web\/wp-content\/uploads\/2016\/01\/294_.jpg\" data-orig-size=\"430,638\" data-comments-opened=\"0\" data-image-meta=\"\" data-image-title=\"Alcalde de Mula\" data-image-description=\"\" data-image-caption=\"\n\n<p>Alcalde de Mula<\/p>\n<p>\" data-large-file=\"https:\/\/mula.es\/web\/wp-content\/uploads\/2016\/01\/294_.jpg\" class=\"wp-image-11954 alignright\" src=\"https:\/\/mula.es\/web\/wp-content\/uploads\/2016\/01\/294_.jpg\" width=\"67\" height=\"100\" \/><\/a><\/p>\n<h3 style=\"text-align: justify;\">Desde este formulario puedes realizar cualquier pregunta que desees que responda directamente tu alcalde, Juan Jes\u00fas Moreno Garc\u00eda.<\/h3>\n<\/div><\/div><\/div><div class=\"fusion-layout-column fusion_builder_column fusion-builder-column-1 fusion_builder_column_1_1 1_1 fusion-flex-column fusion-flex-align-self-flex-start fusion-column-no-min-height\" style=\"--awb-bg-size:cover;--awb-width-large:100%;--awb-margin-top-large:0px;--awb-spacing-right-large:1.92%;--awb-margin-bottom-large:0px;--awb-spacing-left-large:1.92%;--awb-width-medium:100%;--awb-spacing-right-medium:1.92%;--awb-spacing-left-medium:1.92%;--awb-width-small:100%;--awb-spacing-right-small:1.92%;--awb-spacing-left-small:1.92%;\"><div class=\"fusion-column-wrapper fusion-flex-justify-content-flex-start fusion-content-layout-column\"><div class=\"fusion-text fusion-text-2\"><p><div id=\"usermessage3a\" class=\"cf_info \"><\/div><form enctype=\"multipart\/form-data\" action=\"\/web\/wp-json\/wp\/v2\/pages\/17904#usermessage3a\" method=\"post\" class=\"cform cformsdirect el-alcalde-responde \" id=\"cforms3form\"><ol class=\"cf-ol\"><li id=\"li-3-1\" class=\"\"><label id=\"label-3-1\" for=\"cf3_field_1\"><span>Nombre*:<\/span><\/label><input type=\"text\" name=\"cf3_field_1\" id=\"cf3_field_1\" class=\"single fldrequired\" value=\"\" title=\"\"\/><span class=\"reqtxt\"><\/span><\/li><li id=\"li-3-2\" class=\"\"><label id=\"label-3-2\" for=\"cf3_field_2\"><span>Apellidos*:<\/span><\/label><input type=\"text\" name=\"cf3_field_2\" id=\"cf3_field_2\" class=\"single fldrequired\" value=\"\" title=\"\"\/><span class=\"reqtxt\"><\/span><\/li><li id=\"li-3-3\" class=\"\"><label id=\"label-3-3\" for=\"cf3_field_3\"><span>Email*:<\/span><\/label><input type=\"text\" name=\"cf3_field_3\" id=\"cf3_field_3\" class=\"single fldemail fldrequired\" value=\"\" title=\"\"\/><span class=\"emailreqtxt\"><\/span><\/li><li id=\"li-3-4\" class=\"\"><label id=\"label-3-4\" for=\"cf3_field_4\"><span>Tel\u00e9fono:<\/span><\/label><input type=\"text\" name=\"cf3_field_4\" id=\"cf3_field_4\" class=\"single\" value=\"\" title=\"\"\/><\/li><li id=\"li-3-5\" class=\"\"><label id=\"label-3-5\" for=\"cf3_field_5\"><span>Texto de su pregunta:<\/span><\/label><textarea cols=\"30\" rows=\"8\" name=\"cf3_field_5\" id=\"cf3_field_5\" class=\"area fldrequired\" title=\"\"><\/textarea><span class=\"reqtxt\"><\/span><\/li><li id=\"li-3-6\" class=\"\"><label id=\"label-3-6\" for=\"cf_uploadfile3-6\"><span>Adjuntar fotograf\u00eda:<\/span><\/label><input type=\"file\" name=\"cf_uploadfile3[]\" id=\"cf_uploadfile3-6\" class=\"cf_upload upload\" title=\"\"\/><\/li><li id=\"li-3-7\" class=\"\"><label for=\"cf3_field_7\" class=\"secq\"><span>CAPTCHA<\/span><\/label><input type=\"text\" name=\"captcha\" id=\"cf3_field_7\" class=\"secinput fldrequired \" title=\"\"\/><img decoding=\"async\" class=\"cforms2_really_simple_captcha_img\" alt=\"CAPTCHA\" src=\"https:\/\/mula.es\/web\/wp-content\/plugins\/really-simple-captcha\/tmp\/31991362.png\" \/><span class=\"dashicons dashicons-update captcha-reset\"><\/span><input type=\"hidden\" name=\"captcha\/hint\" value=\"31991362\"\/><\/li><\/ol><fieldset class=\"cf_hidden\"><legend>&nbsp;<\/legend><input type=\"hidden\" name=\"cf_working3\" id=\"cf_working3\" value=\"Un momento por favor\"\/><input type=\"hidden\" name=\"cf_failure3\" id=\"cf_failure3\" value=\"Por favor introduzca todos los campos requeridos marcados con *\"\/><input type=\"hidden\" name=\"cf_customerr3\" id=\"cf_customerr3\" value=\"y\"\/><\/fieldset><p class=\"cf-sb\"><input type=\"submit\" name=\"sendbutton3\" id=\"sendbutton3\" class=\"sendbutton\" value=\"Enviar\" \/><\/p><\/form><div id=\"usermessage3b\" class=\"cf_info \" ><\/div>\nLos campos marcados con asterisco son obligatorios.<br \/>\nSe guardar\u00e1 la direcci\u00f3n IP del emisor por si fuera necesaria la verificaci\u00f3n fehaciente de la persona que env\u00eda el formulario.<\/p>\n<p>Con la remisi\u00f3n de este formulario manifiesta su consentimiento expreso, inequ\u00edvoco e informado para el tratamiento de los datos personal pertinentes para la gesti\u00f3n de esta solicitud, en solicitud, en base a la informaci\u00f3n sobre el tratamiento de datos que puede encontrar en la p\u00e1gina web<a href=\"http:\/\/www.mula.es\/web\/proteccion-de-datos\"> http:\/\/www.mula.es\/web\/proteccion-de-datos<\/a><\/p>\n<\/div><\/div><\/div><\/div><\/div>\n","protected":false},"excerpt":{"rendered":"","protected":false},"author":1,"featured_media":0,"parent":14045,"menu_order":0,"comment_status":"closed","ping_status":"closed","template":"","meta":{"jetpack_post_was_ever_published":false,"footnotes":""},"class_list":["post-17904","page","type-page","status-publish","hentry"],"yoast_head":"<!-- This site is optimized with the Yoast SEO plugin v27.5 - https:\/\/yoast.com\/product\/yoast-seo-wordpress\/ -->\n<title>Formulario para preguntar a tu Alcalde - Ayuntamiento de Mula<\/title>\n<meta name=\"robots\" content=\"index, follow, max-snippet:-1, max-image-preview:large, max-video-preview:-1\" \/>\n<link rel=\"canonical\" href=\"https:\/\/mula.es\/web\/el-alcalde-responde\/formulario-para-preguntar-a-tu-alcalde\/\" \/>\n<meta property=\"og:locale\" content=\"es_ES\" \/>\n<meta property=\"og:type\" content=\"article\" \/>\n<meta property=\"og:title\" content=\"Formulario para preguntar a tu Alcalde - Ayuntamiento de Mula\" \/>\n<meta property=\"og:url\" content=\"https:\/\/mula.es\/web\/el-alcalde-responde\/formulario-para-preguntar-a-tu-alcalde\/\" \/>\n<meta property=\"og:site_name\" content=\"Ayuntamiento de Mula\" \/>\n<meta property=\"article:modified_time\" content=\"2023-08-17T12:10:41+00:00\" \/>\n<meta property=\"og:image\" content=\"http:\/\/mula.es\/web\/wp-content\/uploads\/2016\/01\/294_.jpg\" \/>\n<meta name=\"twitter:card\" content=\"summary_large_image\" \/>\n<meta name=\"twitter:site\" content=\"@AyuntamientMula\" \/>\n<meta name=\"twitter:label1\" content=\"Tiempo de lectura\" \/>\n\t<meta name=\"twitter:data1\" content=\"2 minutos\" \/>\n<script type=\"application\/ld+json\" class=\"yoast-schema-graph\">{\"@context\":\"https:\\\/\\\/schema.org\",\"@graph\":[{\"@type\":\"WebPage\",\"@id\":\"https:\\\/\\\/mula.es\\\/web\\\/el-alcalde-responde\\\/formulario-para-preguntar-a-tu-alcalde\\\/\",\"url\":\"https:\\\/\\\/mula.es\\\/web\\\/el-alcalde-responde\\\/formulario-para-preguntar-a-tu-alcalde\\\/\",\"name\":\"Formulario para preguntar a tu Alcalde - Ayuntamiento de Mula\",\"isPartOf\":{\"@id\":\"https:\\\/\\\/mula.es\\\/web\\\/#website\"},\"primaryImageOfPage\":{\"@id\":\"https:\\\/\\\/mula.es\\\/web\\\/el-alcalde-responde\\\/formulario-para-preguntar-a-tu-alcalde\\\/#primaryimage\"},\"image\":{\"@id\":\"https:\\\/\\\/mula.es\\\/web\\\/el-alcalde-responde\\\/formulario-para-preguntar-a-tu-alcalde\\\/#primaryimage\"},\"thumbnailUrl\":\"http:\\\/\\\/mula.es\\\/web\\\/wp-content\\\/uploads\\\/2016\\\/01\\\/294_.jpg\",\"datePublished\":\"2016-06-17T06:42:30+00:00\",\"dateModified\":\"2023-08-17T12:10:41+00:00\",\"breadcrumb\":{\"@id\":\"https:\\\/\\\/mula.es\\\/web\\\/el-alcalde-responde\\\/formulario-para-preguntar-a-tu-alcalde\\\/#breadcrumb\"},\"inLanguage\":\"es\",\"potentialAction\":[{\"@type\":\"ReadAction\",\"target\":[\"https:\\\/\\\/mula.es\\\/web\\\/el-alcalde-responde\\\/formulario-para-preguntar-a-tu-alcalde\\\/\"]}]},{\"@type\":\"ImageObject\",\"inLanguage\":\"es\",\"@id\":\"https:\\\/\\\/mula.es\\\/web\\\/el-alcalde-responde\\\/formulario-para-preguntar-a-tu-alcalde\\\/#primaryimage\",\"url\":\"http:\\\/\\\/mula.es\\\/web\\\/wp-content\\\/uploads\\\/2016\\\/01\\\/294_.jpg\",\"contentUrl\":\"http:\\\/\\\/mula.es\\\/web\\\/wp-content\\\/uploads\\\/2016\\\/01\\\/294_.jpg\"},{\"@type\":\"BreadcrumbList\",\"@id\":\"https:\\\/\\\/mula.es\\\/web\\\/el-alcalde-responde\\\/formulario-para-preguntar-a-tu-alcalde\\\/#breadcrumb\",\"itemListElement\":[{\"@type\":\"ListItem\",\"position\":1,\"name\":\"Portada\",\"item\":\"https:\\\/\\\/mula.es\\\/web\\\/\"},{\"@type\":\"ListItem\",\"position\":2,\"name\":\"El Alcalde Responde\",\"item\":\"https:\\\/\\\/mula.es\\\/web\\\/el-alcalde-responde\\\/\"},{\"@type\":\"ListItem\",\"position\":3,\"name\":\"Formulario para preguntar a tu Alcalde\"}]},{\"@type\":\"WebSite\",\"@id\":\"https:\\\/\\\/mula.es\\\/web\\\/#website\",\"url\":\"https:\\\/\\\/mula.es\\\/web\\\/\",\"name\":\"Ayuntamiento de Mula\",\"description\":\"P\u00e1gina web del Ayuntamiento de Mula (Regi\u00f3n de Murcia)\",\"potentialAction\":[{\"@type\":\"SearchAction\",\"target\":{\"@type\":\"EntryPoint\",\"urlTemplate\":\"https:\\\/\\\/mula.es\\\/web\\\/?s={search_term_string}\"},\"query-input\":{\"@type\":\"PropertyValueSpecification\",\"valueRequired\":true,\"valueName\":\"search_term_string\"}}],\"inLanguage\":\"es\"}]}<\/script>\n<!-- \/ Yoast SEO plugin. -->","yoast_head_json":{"title":"Formulario para preguntar a tu Alcalde - Ayuntamiento de Mula","robots":{"index":"index","follow":"follow","max-snippet":"max-snippet:-1","max-image-preview":"max-image-preview:large","max-video-preview":"max-video-preview:-1"},"canonical":"https:\/\/mula.es\/web\/el-alcalde-responde\/formulario-para-preguntar-a-tu-alcalde\/","og_locale":"es_ES","og_type":"article","og_title":"Formulario para preguntar a tu Alcalde - Ayuntamiento de Mula","og_url":"https:\/\/mula.es\/web\/el-alcalde-responde\/formulario-para-preguntar-a-tu-alcalde\/","og_site_name":"Ayuntamiento de Mula","article_modified_time":"2023-08-17T12:10:41+00:00","og_image":[{"url":"http:\/\/mula.es\/web\/wp-content\/uploads\/2016\/01\/294_.jpg","type":"","width":"","height":""}],"twitter_card":"summary_large_image","twitter_site":"@AyuntamientMula","twitter_misc":{"Tiempo de lectura":"2 minutos"},"schema":{"@context":"https:\/\/schema.org","@graph":[{"@type":"WebPage","@id":"https:\/\/mula.es\/web\/el-alcalde-responde\/formulario-para-preguntar-a-tu-alcalde\/","url":"https:\/\/mula.es\/web\/el-alcalde-responde\/formulario-para-preguntar-a-tu-alcalde\/","name":"Formulario para preguntar a tu Alcalde - Ayuntamiento de Mula","isPartOf":{"@id":"https:\/\/mula.es\/web\/#website"},"primaryImageOfPage":{"@id":"https:\/\/mula.es\/web\/el-alcalde-responde\/formulario-para-preguntar-a-tu-alcalde\/#primaryimage"},"image":{"@id":"https:\/\/mula.es\/web\/el-alcalde-responde\/formulario-para-preguntar-a-tu-alcalde\/#primaryimage"},"thumbnailUrl":"http:\/\/mula.es\/web\/wp-content\/uploads\/2016\/01\/294_.jpg","datePublished":"2016-06-17T06:42:30+00:00","dateModified":"2023-08-17T12:10:41+00:00","breadcrumb":{"@id":"https:\/\/mula.es\/web\/el-alcalde-responde\/formulario-para-preguntar-a-tu-alcalde\/#breadcrumb"},"inLanguage":"es","potentialAction":[{"@type":"ReadAction","target":["https:\/\/mula.es\/web\/el-alcalde-responde\/formulario-para-preguntar-a-tu-alcalde\/"]}]},{"@type":"ImageObject","inLanguage":"es","@id":"https:\/\/mula.es\/web\/el-alcalde-responde\/formulario-para-preguntar-a-tu-alcalde\/#primaryimage","url":"http:\/\/mula.es\/web\/wp-content\/uploads\/2016\/01\/294_.jpg","contentUrl":"http:\/\/mula.es\/web\/wp-content\/uploads\/2016\/01\/294_.jpg"},{"@type":"BreadcrumbList","@id":"https:\/\/mula.es\/web\/el-alcalde-responde\/formulario-para-preguntar-a-tu-alcalde\/#breadcrumb","itemListElement":[{"@type":"ListItem","position":1,"name":"Portada","item":"https:\/\/mula.es\/web\/"},{"@type":"ListItem","position":2,"name":"El Alcalde Responde","item":"https:\/\/mula.es\/web\/el-alcalde-responde\/"},{"@type":"ListItem","position":3,"name":"Formulario para preguntar a tu Alcalde"}]},{"@type":"WebSite","@id":"https:\/\/mula.es\/web\/#website","url":"https:\/\/mula.es\/web\/","name":"Ayuntamiento de Mula","description":"P\u00e1gina web del Ayuntamiento de Mula (Regi\u00f3n de Murcia)","potentialAction":[{"@type":"SearchAction","target":{"@type":"EntryPoint","urlTemplate":"https:\/\/mula.es\/web\/?s={search_term_string}"},"query-input":{"@type":"PropertyValueSpecification","valueRequired":true,"valueName":"search_term_string"}}],"inLanguage":"es"}]}},"_hostinger_reach_plugin_has_subscription_block":false,"_hostinger_reach_plugin_is_elementor":false,"jetpack_sharing_enabled":true,"jetpack_shortlink":"https:\/\/wp.me\/Pa9DMY-4EM","jetpack-related-posts":[],"_links":{"self":[{"href":"https:\/\/mula.es\/web\/wp-json\/wp\/v2\/pages\/17904","targetHints":{"allow":["GET"]}}],"collection":[{"href":"https:\/\/mula.es\/web\/wp-json\/wp\/v2\/pages"}],"about":[{"href":"https:\/\/mula.es\/web\/wp-json\/wp\/v2\/types\/page"}],"author":[{"embeddable":true,"href":"https:\/\/mula.es\/web\/wp-json\/wp\/v2\/users\/1"}],"replies":[{"embeddable":true,"href":"https:\/\/mula.es\/web\/wp-json\/wp\/v2\/comments?post=17904"}],"version-history":[{"count":13,"href":"https:\/\/mula.es\/web\/wp-json\/wp\/v2\/pages\/17904\/revisions"}],"predecessor-version":[{"id":49908,"href":"https:\/\/mula.es\/web\/wp-json\/wp\/v2\/pages\/17904\/revisions\/49908"}],"up":[{"embeddable":true,"href":"https:\/\/mula.es\/web\/wp-json\/wp\/v2\/pages\/14045"}],"wp:attachment":[{"href":"https:\/\/mula.es\/web\/wp-json\/wp\/v2\/media?parent=17904"}],"curies":[{"name":"wp","href":"https:\/\/api.w.org\/{rel}","templated":true}]}}