{"id":21202,"date":"2016-09-08T08:49:17","date_gmt":"2016-09-08T06:49:17","guid":{"rendered":"http:\/\/mula.es\/web\/?page_id=21202"},"modified":"2021-05-12T20:04:46","modified_gmt":"2021-05-12T18:04:46","slug":"suscripcion-agenda-del-alcalde-android","status":"publish","type":"page","link":"https:\/\/mula.es\/web\/suscripcion-agenda-del-alcalde-android\/","title":{"rendered":"Suscripci\u00f3n a agenda del Alcalde &#8211; Android"},"content":{"rendered":"<div class=\"fusion-fullwidth fullwidth-box fusion-builder-row-1 fusion-flex-container hundred-percent-fullwidth non-hundred-percent-height-scrolling\" style=\"--awb-border-radius-top-left:0px;--awb-border-radius-top-right:0px;--awb-border-radius-bottom-right:0px;--awb-border-radius-bottom-left:0px;--awb-overflow:visible;--awb-flex-wrap:wrap;\" ><div class=\"fusion-builder-row fusion-row fusion-flex-align-items-flex-start fusion-flex-content-wrap\" style=\"width:calc( 100% + 0px ) !important;max-width:calc( 100% + 0px ) !important;margin-left: calc(-0px \/ 2 );margin-right: calc(-0px \/ 2 );\"><div class=\"fusion-layout-column fusion_builder_column fusion-builder-column-0 fusion_builder_column_1_1 1_1 fusion-flex-column\" style=\"--awb-bg-size:cover;--awb-width-large:100%;--awb-margin-top-large:0px;--awb-spacing-right-large:0px;--awb-margin-bottom-large:20px;--awb-spacing-left-large:0px;--awb-width-medium:100%;--awb-spacing-right-medium:0px;--awb-spacing-left-medium:0px;--awb-width-small:100%;--awb-spacing-right-small:0px;--awb-spacing-left-small:0px;\"><div class=\"fusion-column-wrapper fusion-flex-justify-content-flex-start fusion-content-layout-column\"><div class=\"fusion-text fusion-text-1\"><p style=\"text-align: justify;\">Para suscribirte a la agenda utilizando tu smartphone Android, debes tener una cuenta Google, y a continuaci\u00f3n, <strong><a href=\"https:\/\/calendar.google.com\/calendar\/render?cid=aytomula.es_jgj1on27mj7qob8tisk7iosdvg%40group.calendar.google.com#main_7\" target=\"_blank\" rel=\"noopener\">pinchar aqu\u00ed o:<\/a><\/strong><\/p>\n<p style=\"text-align: center;\">https:\/\/calendar.google.com\/calendar\/render?cid=aytomula.es_jgj1on27mj7qob8tisk7iosdvg%40group.calendar.google.com#main_7<\/p>\n<p style=\"text-align: justify;\">Aparecer\u00e1 un cuadro de di\u00e1logo como el de la imagen siguiente. Donde tendremos que indicar,<strong> \u00abSi, incluir este calendario\u00bb<\/strong>.<\/p>\n<p style=\"text-align: justify;\"><a href=\"https:\/\/mula.es\/web\/wp-content\/uploads\/2016\/05\/android_1.png\" target=\"_blank\" rel=\"noopener\"><img decoding=\"async\" data-attachment-id=\"16916\" data-permalink=\"https:\/\/mula.es\/web\/suscripcion-a-agenda-android\/android_1\/\" data-orig-file=\"https:\/\/mula.es\/web\/wp-content\/uploads\/2016\/05\/android_1.png\" data-orig-size=\"720,1280\" data-comments-opened=\"0\" data-image-meta=\"\" data-image-title=\"android_1\" data-image-description=\"\" data-image-caption=\"\" data-medium-file=\"https:\/\/mula.es\/web\/wp-content\/uploads\/2016\/05\/android_1-169x300.png\" data-large-file=\"https:\/\/mula.es\/web\/wp-content\/uploads\/2016\/05\/android_1-576x1024.png\" class=\"aligncenter wp-image-16916\" src=\"https:\/\/mula.es\/web\/wp-content\/uploads\/2016\/05\/android_1-169x300.png\" alt=\"android_1\" width=\"250\" height=\"444\" srcset=\"https:\/\/mula.es\/web\/wp-content\/uploads\/2016\/05\/android_1-169x300.png 169w, https:\/\/mula.es\/web\/wp-content\/uploads\/2016\/05\/android_1-200x356.png 200w, https:\/\/mula.es\/web\/wp-content\/uploads\/2016\/05\/android_1-400x711.png 400w, https:\/\/mula.es\/web\/wp-content\/uploads\/2016\/05\/android_1-576x1024.png 576w, https:\/\/mula.es\/web\/wp-content\/uploads\/2016\/05\/android_1-600x1067.png 600w, https:\/\/mula.es\/web\/wp-content\/uploads\/2016\/05\/android_1.png 720w\" sizes=\"(max-width: 250px) 100vw, 250px\" \/><\/a><\/p>\n<p style=\"text-align: justify;\">Y tendremos la siguiente vista del calendario:<\/p>\n<p style=\"text-align: justify;\"><a href=\"https:\/\/mula.es\/web\/wp-content\/uploads\/2016\/05\/android_2.png\" target=\"_blank\" rel=\"noopener\"><img decoding=\"async\" data-attachment-id=\"16917\" data-permalink=\"https:\/\/mula.es\/web\/suscripcion-a-agenda-android\/android_2\/\" data-orig-file=\"https:\/\/mula.es\/web\/wp-content\/uploads\/2016\/05\/android_2.png\" data-orig-size=\"720,1280\" data-comments-opened=\"0\" data-image-meta=\"\" data-image-title=\"android_2\" data-image-description=\"\" data-image-caption=\"\" data-medium-file=\"https:\/\/mula.es\/web\/wp-content\/uploads\/2016\/05\/android_2-169x300.png\" data-large-file=\"https:\/\/mula.es\/web\/wp-content\/uploads\/2016\/05\/android_2-576x1024.png\" class=\"aligncenter wp-image-16917\" src=\"https:\/\/mula.es\/web\/wp-content\/uploads\/2016\/05\/android_2-169x300.png\" alt=\"android_2\" width=\"250\" height=\"444\" srcset=\"https:\/\/mula.es\/web\/wp-content\/uploads\/2016\/05\/android_2-169x300.png 169w, https:\/\/mula.es\/web\/wp-content\/uploads\/2016\/05\/android_2-200x356.png 200w, https:\/\/mula.es\/web\/wp-content\/uploads\/2016\/05\/android_2-400x711.png 400w, https:\/\/mula.es\/web\/wp-content\/uploads\/2016\/05\/android_2-576x1024.png 576w, https:\/\/mula.es\/web\/wp-content\/uploads\/2016\/05\/android_2-600x1067.png 600w, https:\/\/mula.es\/web\/wp-content\/uploads\/2016\/05\/android_2.png 720w\" sizes=\"(max-width: 250px) 100vw, 250px\" \/><\/a><\/p>\n<p style=\"text-align: justify;\">Para ver la agenda de actividades y eventos en el widget \u00abCalendario\u00bb de nuestro smartphone, tendremos que indicarle que nos lo muestre.<\/p>\n<p style=\"text-align: justify;\"><a href=\"https:\/\/mula.es\/web\/wp-content\/uploads\/2016\/09\/Screenshot_2016-09-08-09-08-13.png\"><img data-attachment-id=\"21208\" data-permalink=\"https:\/\/mula.es\/web\/suscripcion-agenda-del-alcalde-android\/screenshot_2016-09-08-09-08-13\/\" data-orig-file=\"https:\/\/mula.es\/web\/wp-content\/uploads\/2016\/09\/Screenshot_2016-09-08-09-08-13.png\" data-orig-size=\"720,1280\" data-comments-opened=\"0\" data-image-meta=\"\" data-image-title=\"Screenshot_2016-09-08-09-08-13\" data-image-description=\"\n\n<p>Screenshot_2016-09-08-09-08-13<\/p>\n<p>\" data-image-caption=\"\" data-medium-file=\"https:\/\/mula.es\/web\/wp-content\/uploads\/2016\/09\/Screenshot_2016-09-08-09-08-13-169x300.png\" data-large-file=\"https:\/\/mula.es\/web\/wp-content\/uploads\/2016\/09\/Screenshot_2016-09-08-09-08-13-576x1024.png\" class=\"aligncenter wp-image-21208\" src=\"https:\/\/mula.es\/web\/wp-content\/uploads\/2016\/09\/Screenshot_2016-09-08-09-08-13-169x300.png\" alt=\"Screenshot_2016-09-08-09-08-13\" width=\"250\" height=\"444\" \/><\/a><\/p>\n<p style=\"text-align: justify;\"><a href=\"https:\/\/mula.es\/web\/wp-content\/uploads\/2016\/09\/Screenshot_2016-09-08-09-08-22.png\"><img data-attachment-id=\"21209\" data-permalink=\"https:\/\/mula.es\/web\/suscripcion-agenda-del-alcalde-android\/screenshot_2016-09-08-09-08-22\/\" data-orig-file=\"https:\/\/mula.es\/web\/wp-content\/uploads\/2016\/09\/Screenshot_2016-09-08-09-08-22.png\" data-orig-size=\"720,1280\" data-comments-opened=\"0\" data-image-meta=\"\" data-image-title=\"Screenshot_2016-09-08-09-08-22\" data-image-description=\"\n\n<p>Screenshot_2016-09-08-09-08-22<\/p>\n<p>\" data-image-caption=\"\" data-medium-file=\"https:\/\/mula.es\/web\/wp-content\/uploads\/2016\/09\/Screenshot_2016-09-08-09-08-22-169x300.png\" data-large-file=\"https:\/\/mula.es\/web\/wp-content\/uploads\/2016\/09\/Screenshot_2016-09-08-09-08-22-576x1024.png\" class=\"aligncenter wp-image-21209\" src=\"https:\/\/mula.es\/web\/wp-content\/uploads\/2016\/09\/Screenshot_2016-09-08-09-08-22-169x300.png\" alt=\"Screenshot_2016-09-08-09-08-22\" width=\"250\" height=\"444\" \/><\/a><\/p>\n<p style=\"text-align: justify;\"><a href=\"https:\/\/mula.es\/web\/wp-content\/uploads\/2016\/05\/android_5.png\" target=\"_blank\" rel=\"noopener\"><img decoding=\"async\" data-attachment-id=\"16920\" data-permalink=\"https:\/\/mula.es\/web\/suscripcion-a-agenda-android\/android_5\/\" data-orig-file=\"https:\/\/mula.es\/web\/wp-content\/uploads\/2016\/05\/android_5.png\" data-orig-size=\"720,1280\" data-comments-opened=\"0\" data-image-meta=\"\" data-image-title=\"android_5\" data-image-description=\"\" data-image-caption=\"\" data-medium-file=\"https:\/\/mula.es\/web\/wp-content\/uploads\/2016\/05\/android_5-169x300.png\" data-large-file=\"https:\/\/mula.es\/web\/wp-content\/uploads\/2016\/05\/android_5-576x1024.png\" class=\"aligncenter wp-image-16920\" src=\"https:\/\/mula.es\/web\/wp-content\/uploads\/2016\/05\/android_5-169x300.png\" alt=\"android_5\" width=\"250\" height=\"444\" srcset=\"https:\/\/mula.es\/web\/wp-content\/uploads\/2016\/05\/android_5-169x300.png 169w, https:\/\/mula.es\/web\/wp-content\/uploads\/2016\/05\/android_5-200x356.png 200w, https:\/\/mula.es\/web\/wp-content\/uploads\/2016\/05\/android_5-400x711.png 400w, https:\/\/mula.es\/web\/wp-content\/uploads\/2016\/05\/android_5-576x1024.png 576w, https:\/\/mula.es\/web\/wp-content\/uploads\/2016\/05\/android_5-600x1067.png 600w, https:\/\/mula.es\/web\/wp-content\/uploads\/2016\/05\/android_5.png 720w\" sizes=\"(max-width: 250px) 100vw, 250px\" \/><\/a><\/p>\n<p style=\"text-align: justify;\">La vista final del calendario puede ser similar a la siguiente imagen. Puede variar dependiendo de la versi\u00f3n de Android, y de la marca y modelo del dispositivo.<\/p>\n<p style=\"text-align: justify;\"><a href=\"https:\/\/mula.es\/web\/wp-content\/uploads\/2016\/09\/Screenshot_2016-09-08-09-08-47.png\"><img data-attachment-id=\"21210\" data-permalink=\"https:\/\/mula.es\/web\/suscripcion-agenda-del-alcalde-android\/screenshot_2016-09-08-09-08-47\/\" data-orig-file=\"https:\/\/mula.es\/web\/wp-content\/uploads\/2016\/09\/Screenshot_2016-09-08-09-08-47.png\" data-orig-size=\"720,1280\" data-comments-opened=\"0\" data-image-meta=\"\" data-image-title=\"Screenshot_2016-09-08-09-08-47\" data-image-description=\"\n\n<p>Screenshot_2016-09-08-09-08-47<\/p>\n<p>\" data-image-caption=\"\" data-medium-file=\"https:\/\/mula.es\/web\/wp-content\/uploads\/2016\/09\/Screenshot_2016-09-08-09-08-47-169x300.png\" data-large-file=\"https:\/\/mula.es\/web\/wp-content\/uploads\/2016\/09\/Screenshot_2016-09-08-09-08-47-576x1024.png\" class=\"aligncenter wp-image-21210\" src=\"https:\/\/mula.es\/web\/wp-content\/uploads\/2016\/09\/Screenshot_2016-09-08-09-08-47-169x300.png\" alt=\"Screenshot_2016-09-08-09-08-47\" width=\"250\" height=\"444\" \/><\/a><\/p>\n<p style=\"text-align: justify;\">Tambi\u00e9n existe la opci\u00f3n de descargar el app <strong>Google Calendar<\/strong>, la cual obtiene autom\u00e1ticamente la informaci\u00f3n de la cuenta Google asociada al usuario, y mostrar\u00e1 los calendarios asociados a este.<\/p>\n<\/div><\/div><\/div><\/div><\/div>\n","protected":false},"excerpt":{"rendered":"","protected":false},"author":1,"featured_media":0,"parent":0,"menu_order":0,"comment_status":"closed","ping_status":"closed","template":"","meta":{"jetpack_post_was_ever_published":false,"footnotes":""},"class_list":["post-21202","page","type-page","status-publish","hentry"],"yoast_head":"<!-- This site is optimized with the Yoast SEO plugin v27.3 - https:\/\/yoast.com\/product\/yoast-seo-wordpress\/ -->\n<title>Suscripci\u00f3n a agenda del Alcalde - Android - Ayuntamiento de Mula<\/title>\n<meta name=\"robots\" content=\"index, follow, max-snippet:-1, max-image-preview:large, max-video-preview:-1\" \/>\n<link rel=\"canonical\" href=\"https:\/\/mula.es\/web\/suscripcion-agenda-del-alcalde-android\/\" \/>\n<meta property=\"og:locale\" content=\"es_ES\" \/>\n<meta property=\"og:type\" content=\"article\" \/>\n<meta property=\"og:title\" content=\"Suscripci\u00f3n a agenda del Alcalde - Android - Ayuntamiento de Mula\" \/>\n<meta property=\"og:url\" content=\"https:\/\/mula.es\/web\/suscripcion-agenda-del-alcalde-android\/\" \/>\n<meta property=\"og:site_name\" content=\"Ayuntamiento de Mula\" \/>\n<meta property=\"article:modified_time\" content=\"2021-05-12T18:04:46+00:00\" \/>\n<meta property=\"og:image\" content=\"http:\/\/mula.es\/web\/wp-content\/uploads\/2016\/05\/android_1-169x300.png\" \/>\n<meta name=\"twitter:card\" content=\"summary_large_image\" \/>\n<meta name=\"twitter:site\" content=\"@AyuntamientMula\" \/>\n<meta name=\"twitter:label1\" content=\"Tiempo de lectura\" \/>\n\t<meta name=\"twitter:data1\" content=\"1 minuto\" \/>\n<script type=\"application\/ld+json\" class=\"yoast-schema-graph\">{\"@context\":\"https:\\\/\\\/schema.org\",\"@graph\":[{\"@type\":\"WebPage\",\"@id\":\"https:\\\/\\\/mula.es\\\/web\\\/suscripcion-agenda-del-alcalde-android\\\/\",\"url\":\"https:\\\/\\\/mula.es\\\/web\\\/suscripcion-agenda-del-alcalde-android\\\/\",\"name\":\"Suscripci\u00f3n a agenda del Alcalde - Android - Ayuntamiento de Mula\",\"isPartOf\":{\"@id\":\"https:\\\/\\\/mula.es\\\/web\\\/#website\"},\"primaryImageOfPage\":{\"@id\":\"https:\\\/\\\/mula.es\\\/web\\\/suscripcion-agenda-del-alcalde-android\\\/#primaryimage\"},\"image\":{\"@id\":\"https:\\\/\\\/mula.es\\\/web\\\/suscripcion-agenda-del-alcalde-android\\\/#primaryimage\"},\"thumbnailUrl\":\"http:\\\/\\\/mula.es\\\/web\\\/wp-content\\\/uploads\\\/2016\\\/05\\\/android_1-169x300.png\",\"datePublished\":\"2016-09-08T06:49:17+00:00\",\"dateModified\":\"2021-05-12T18:04:46+00:00\",\"breadcrumb\":{\"@id\":\"https:\\\/\\\/mula.es\\\/web\\\/suscripcion-agenda-del-alcalde-android\\\/#breadcrumb\"},\"inLanguage\":\"es\",\"potentialAction\":[{\"@type\":\"ReadAction\",\"target\":[\"https:\\\/\\\/mula.es\\\/web\\\/suscripcion-agenda-del-alcalde-android\\\/\"]}]},{\"@type\":\"ImageObject\",\"inLanguage\":\"es\",\"@id\":\"https:\\\/\\\/mula.es\\\/web\\\/suscripcion-agenda-del-alcalde-android\\\/#primaryimage\",\"url\":\"http:\\\/\\\/mula.es\\\/web\\\/wp-content\\\/uploads\\\/2016\\\/05\\\/android_1-169x300.png\",\"contentUrl\":\"http:\\\/\\\/mula.es\\\/web\\\/wp-content\\\/uploads\\\/2016\\\/05\\\/android_1-169x300.png\"},{\"@type\":\"BreadcrumbList\",\"@id\":\"https:\\\/\\\/mula.es\\\/web\\\/suscripcion-agenda-del-alcalde-android\\\/#breadcrumb\",\"itemListElement\":[{\"@type\":\"ListItem\",\"position\":1,\"name\":\"Portada\",\"item\":\"https:\\\/\\\/mula.es\\\/web\\\/\"},{\"@type\":\"ListItem\",\"position\":2,\"name\":\"Suscripci\u00f3n a agenda del Alcalde &#8211; Android\"}]},{\"@type\":\"WebSite\",\"@id\":\"https:\\\/\\\/mula.es\\\/web\\\/#website\",\"url\":\"https:\\\/\\\/mula.es\\\/web\\\/\",\"name\":\"Ayuntamiento de Mula\",\"description\":\"P\u00e1gina web del Ayuntamiento de Mula (Regi\u00f3n de Murcia)\",\"potentialAction\":[{\"@type\":\"SearchAction\",\"target\":{\"@type\":\"EntryPoint\",\"urlTemplate\":\"https:\\\/\\\/mula.es\\\/web\\\/?s={search_term_string}\"},\"query-input\":{\"@type\":\"PropertyValueSpecification\",\"valueRequired\":true,\"valueName\":\"search_term_string\"}}],\"inLanguage\":\"es\"}]}<\/script>\n<!-- \/ Yoast SEO plugin. -->","yoast_head_json":{"title":"Suscripci\u00f3n a agenda del Alcalde - Android - Ayuntamiento de Mula","robots":{"index":"index","follow":"follow","max-snippet":"max-snippet:-1","max-image-preview":"max-image-preview:large","max-video-preview":"max-video-preview:-1"},"canonical":"https:\/\/mula.es\/web\/suscripcion-agenda-del-alcalde-android\/","og_locale":"es_ES","og_type":"article","og_title":"Suscripci\u00f3n a agenda del Alcalde - Android - Ayuntamiento de Mula","og_url":"https:\/\/mula.es\/web\/suscripcion-agenda-del-alcalde-android\/","og_site_name":"Ayuntamiento de Mula","article_modified_time":"2021-05-12T18:04:46+00:00","og_image":[{"url":"http:\/\/mula.es\/web\/wp-content\/uploads\/2016\/05\/android_1-169x300.png","type":"","width":"","height":""}],"twitter_card":"summary_large_image","twitter_site":"@AyuntamientMula","twitter_misc":{"Tiempo de lectura":"1 minuto"},"schema":{"@context":"https:\/\/schema.org","@graph":[{"@type":"WebPage","@id":"https:\/\/mula.es\/web\/suscripcion-agenda-del-alcalde-android\/","url":"https:\/\/mula.es\/web\/suscripcion-agenda-del-alcalde-android\/","name":"Suscripci\u00f3n a agenda del Alcalde - Android - Ayuntamiento de Mula","isPartOf":{"@id":"https:\/\/mula.es\/web\/#website"},"primaryImageOfPage":{"@id":"https:\/\/mula.es\/web\/suscripcion-agenda-del-alcalde-android\/#primaryimage"},"image":{"@id":"https:\/\/mula.es\/web\/suscripcion-agenda-del-alcalde-android\/#primaryimage"},"thumbnailUrl":"http:\/\/mula.es\/web\/wp-content\/uploads\/2016\/05\/android_1-169x300.png","datePublished":"2016-09-08T06:49:17+00:00","dateModified":"2021-05-12T18:04:46+00:00","breadcrumb":{"@id":"https:\/\/mula.es\/web\/suscripcion-agenda-del-alcalde-android\/#breadcrumb"},"inLanguage":"es","potentialAction":[{"@type":"ReadAction","target":["https:\/\/mula.es\/web\/suscripcion-agenda-del-alcalde-android\/"]}]},{"@type":"ImageObject","inLanguage":"es","@id":"https:\/\/mula.es\/web\/suscripcion-agenda-del-alcalde-android\/#primaryimage","url":"http:\/\/mula.es\/web\/wp-content\/uploads\/2016\/05\/android_1-169x300.png","contentUrl":"http:\/\/mula.es\/web\/wp-content\/uploads\/2016\/05\/android_1-169x300.png"},{"@type":"BreadcrumbList","@id":"https:\/\/mula.es\/web\/suscripcion-agenda-del-alcalde-android\/#breadcrumb","itemListElement":[{"@type":"ListItem","position":1,"name":"Portada","item":"https:\/\/mula.es\/web\/"},{"@type":"ListItem","position":2,"name":"Suscripci\u00f3n a agenda del Alcalde &#8211; Android"}]},{"@type":"WebSite","@id":"https:\/\/mula.es\/web\/#website","url":"https:\/\/mula.es\/web\/","name":"Ayuntamiento de Mula","description":"P\u00e1gina web del Ayuntamiento de Mula (Regi\u00f3n de Murcia)","potentialAction":[{"@type":"SearchAction","target":{"@type":"EntryPoint","urlTemplate":"https:\/\/mula.es\/web\/?s={search_term_string}"},"query-input":{"@type":"PropertyValueSpecification","valueRequired":true,"valueName":"search_term_string"}}],"inLanguage":"es"}]}},"_hostinger_reach_plugin_has_subscription_block":false,"_hostinger_reach_plugin_is_elementor":false,"jetpack_sharing_enabled":true,"jetpack_shortlink":"https:\/\/wp.me\/Pa9DMY-5vY","jetpack-related-posts":[],"_links":{"self":[{"href":"https:\/\/mula.es\/web\/wp-json\/wp\/v2\/pages\/21202","targetHints":{"allow":["GET"]}}],"collection":[{"href":"https:\/\/mula.es\/web\/wp-json\/wp\/v2\/pages"}],"about":[{"href":"https:\/\/mula.es\/web\/wp-json\/wp\/v2\/types\/page"}],"author":[{"embeddable":true,"href":"https:\/\/mula.es\/web\/wp-json\/wp\/v2\/users\/1"}],"replies":[{"embeddable":true,"href":"https:\/\/mula.es\/web\/wp-json\/wp\/v2\/comments?post=21202"}],"version-history":[{"count":5,"href":"https:\/\/mula.es\/web\/wp-json\/wp\/v2\/pages\/21202\/revisions"}],"predecessor-version":[{"id":38327,"href":"https:\/\/mula.es\/web\/wp-json\/wp\/v2\/pages\/21202\/revisions\/38327"}],"wp:attachment":[{"href":"https:\/\/mula.es\/web\/wp-json\/wp\/v2\/media?parent=21202"}],"curies":[{"name":"wp","href":"https:\/\/api.w.org\/{rel}","templated":true}]}}