{"id":22720,"date":"2017-02-22T13:06:47","date_gmt":"2017-02-22T12:06:47","guid":{"rendered":"http:\/\/mula.es\/web\/?page_id=22720"},"modified":"2021-05-12T20:04:44","modified_gmt":"2021-05-12T18:04:44","slug":"proyecto-compostaje-domestico","status":"publish","type":"page","link":"https:\/\/mula.es\/web\/proyecto-compostaje-domestico\/","title":{"rendered":"Proyecto \u00abCompostaje Dom\u00e9stico\u00bb"},"content":{"rendered":"<div class=\"fusion-fullwidth fullwidth-box fusion-builder-row-1 fusion-flex-container hundred-percent-fullwidth non-hundred-percent-height-scrolling\" style=\"--awb-border-radius-top-left:0px;--awb-border-radius-top-right:0px;--awb-border-radius-bottom-right:0px;--awb-border-radius-bottom-left:0px;--awb-overflow:visible;--awb-flex-wrap:wrap;\" ><div class=\"fusion-builder-row fusion-row fusion-flex-align-items-flex-start fusion-flex-content-wrap\" style=\"width:calc( 100% + 0px ) !important;max-width:calc( 100% + 0px ) !important;margin-left: calc(-0px \/ 2 );margin-right: calc(-0px \/ 2 );\"><div class=\"fusion-layout-column fusion_builder_column fusion-builder-column-0 fusion_builder_column_1_1 1_1 fusion-flex-column\" style=\"--awb-bg-size:cover;--awb-width-large:100%;--awb-margin-top-large:0px;--awb-spacing-right-large:0px;--awb-margin-bottom-large:20px;--awb-spacing-left-large:0px;--awb-width-medium:100%;--awb-spacing-right-medium:0px;--awb-spacing-left-medium:0px;--awb-width-small:100%;--awb-spacing-right-small:0px;--awb-spacing-left-small:0px;\"><div class=\"fusion-column-wrapper fusion-flex-justify-content-flex-start fusion-content-layout-column\"><div class=\"fusion-text fusion-text-1\"><p><a href=\"https:\/\/mula.es\/web\/wp-content\/uploads\/2017\/02\/Cartel_Compostaje_A3.jpg\"><img data-attachment-id=\"22698\" data-permalink=\"https:\/\/mula.es\/web\/puesta-en-marcha-del-proyecto-de-compostaje-en-el-municipio-22-de-febrero\/cartel_compostaje_a3\/\" data-orig-file=\"https:\/\/mula.es\/web\/wp-content\/uploads\/2017\/02\/Cartel_Compostaje_A3.jpg\" data-orig-size=\"3508,4961\" data-comments-opened=\"0\" data-image-meta=\"\" data-image-title=\"Cartel_Compostaje_A3\" data-image-description=\"\n\n<p>cartel compostaje febrero 2017<\/p>\n<p>\" data-image-caption=\"<\/p>\n<p>cartel compostaje febrero 2017<\/p>\n<p>\" data-medium-file=\"https:\/\/mula.es\/web\/wp-content\/uploads\/2017\/02\/Cartel_Compostaje_A3-212x300.jpg\" data-large-file=\"https:\/\/mula.es\/web\/wp-content\/uploads\/2017\/02\/Cartel_Compostaje_A3-724x1024.jpg\" class=\"aligncenter wp-image-22698 size-large\" src=\"https:\/\/mula.es\/web\/wp-content\/uploads\/2017\/02\/Cartel_Compostaje_A3-724x1024.jpg\" alt=\"cartel compostaje febrero 2017\" width=\"724\" height=\"1024\" \/><\/a><\/p>\n<\/div><div class=\"fusion-text fusion-text-2\"><p>El Ayuntamiento de Mula pone en marcha un PROYECTO DE COMPOSTAJE en el t\u00e9rmino municipal de Mula.<\/p>\n<p>El Ayuntamiento de Mula en colaboraci\u00f3n con el Centro de Edafolog\u00eda y Biolog\u00eda Aplicada del Segura (CEBAS-CSIC) y la Consejer\u00eda de Agua, Agricultura y Medio Ambiente planea la puesta en marcha de un Proyecto de Compostaje Dom\u00e9stico, que tiene por objeto:<\/p>\n<ul>\n<li>Que los ciudadanos que se sumen a la iniciativa puedan elaborar GRATUITAMENTE su propio abono org\u00e1nico.<\/li>\n<li>Reducir el volumen de residuos que se transportan a vertedero y el alto coste econ\u00f3mico que supone su gesti\u00f3n y tratamiento.<\/li>\n<li>Contribuir al reciclaje de la materia org\u00e1nica en origen, con los consiguientes beneficios ambientales, econ\u00f3micos y sociales.<\/li>\n<\/ul>\n<p>Todos los ciudadanos que se sumen a la iniciativa recibir\u00e1n gratuitamente un compostador dom\u00e9stico y todos los utensilios necesarios (aireador, tijeras, guantes,..) para llevar a cabo el proceso.<\/p>\n<\/div><div class=\"fusion-title title fusion-title-1 fusion-title-text fusion-title-size-three\" style=\"--awb-margin-top-small:0px;--awb-margin-right-small:0px;--awb-margin-bottom-small:20px;--awb-margin-left-small:0px;\"><div class=\"title-sep-container title-sep-container-left fusion-no-large-visibility fusion-no-medium-visibility fusion-no-small-visibility\"><div class=\"title-sep sep-double sep-solid\" style=\"border-color:#e0dede;\"><\/div><\/div><span class=\"awb-title-spacer fusion-no-large-visibility fusion-no-medium-visibility fusion-no-small-visibility\"><\/span><h3 class=\"fusion-title-heading title-heading-left\" style=\"margin:0;\"><strong>Formulario de inscripci\u00f3n<\/strong><\/h3><span class=\"awb-title-spacer\"><\/span><div class=\"title-sep-container title-sep-container-right\"><div class=\"title-sep sep-double sep-solid\" style=\"border-color:#e0dede;\"><\/div><\/div><\/div><div class=\"fusion-text fusion-text-3\"><p>Envia formulario cumplimentado a <a href=\"mailto:medioambiente@aytomula.es\">medioambiente@aytomula.es<\/a> o bien, pres\u00e9ntalo en la 4\u00aa planta de la Oficina T\u00e9cnica del Ayuntamiento.<\/p>\n<\/div><div class=\"fusion-text fusion-text-4\"><p style=\"text-align: center;\"><strong><a href=\"https:\/\/mula.es\/web\/wp-content\/uploads\/2017\/02\/Hoja_Inscripcion_compostaje_autorellenable.pdf\" target=\"_blank\" rel=\"noopener\">Descarga aqu\u00ed el formulario de inscripci\u00f3n al Proyecto \u00abCompostaje Dom\u00e9stico\u00bb<\/a><\/strong><\/p>\n<\/div><div class=\"fusion-title title fusion-title-2 fusion-title-text fusion-title-size-three\" style=\"--awb-margin-top-small:0px;--awb-margin-right-small:0px;--awb-margin-bottom-small:20px;--awb-margin-left-small:0px;\"><div class=\"title-sep-container title-sep-container-left fusion-no-large-visibility fusion-no-medium-visibility fusion-no-small-visibility\"><div class=\"title-sep sep-double sep-solid\" style=\"border-color:#e0dede;\"><\/div><\/div><span class=\"awb-title-spacer fusion-no-large-visibility fusion-no-medium-visibility fusion-no-small-visibility\"><\/span><h3 class=\"fusion-title-heading title-heading-left\" style=\"margin:0;\"><strong>Tr\u00edptico<\/strong><\/h3><span class=\"awb-title-spacer\"><\/span><div class=\"title-sep-container title-sep-container-right\"><div class=\"title-sep sep-double sep-solid\" style=\"border-color:#e0dede;\"><\/div><\/div><\/div><div class=\"fusion-text fusion-text-5\"><p><a href=\"https:\/\/mula.es\/web\/wp-content\/uploads\/2017\/02\/Triptico_compostaje_trasera.jpg\"><img data-attachment-id=\"22699\" data-permalink=\"https:\/\/mula.es\/web\/puesta-en-marcha-del-proyecto-de-compostaje-en-el-municipio-22-de-febrero\/triptico_compostaje_trasera\/\" data-orig-file=\"https:\/\/mula.es\/web\/wp-content\/uploads\/2017\/02\/Triptico_compostaje_trasera.jpg\" data-orig-size=\"3508,2481\" data-comments-opened=\"0\" data-image-meta=\"\" data-image-title=\"Triptico_compostaje_trasera\" data-image-description=\"\" data-image-caption=\"\n\n<p>tr\u00edptico compostaje <\/p>\n<p>\" data-medium-file=\"https:\/\/mula.es\/web\/wp-content\/uploads\/2017\/02\/Triptico_compostaje_trasera-300x212.jpg\" data-large-file=\"https:\/\/mula.es\/web\/wp-content\/uploads\/2017\/02\/Triptico_compostaje_trasera-1024x724.jpg\" class=\"aligncenter wp-image-22699 size-large\" src=\"https:\/\/mula.es\/web\/wp-content\/uploads\/2017\/02\/Triptico_compostaje_trasera-1024x724.jpg\" width=\"1024\" height=\"724\" \/><\/a><\/p>\n<\/div><\/div><\/div><\/div><\/div>\n","protected":false},"excerpt":{"rendered":"","protected":false},"author":1,"featured_media":0,"parent":0,"menu_order":0,"comment_status":"closed","ping_status":"closed","template":"","meta":{"jetpack_post_was_ever_published":false,"footnotes":""},"class_list":["post-22720","page","type-page","status-publish","hentry"],"yoast_head":"<!-- This site is optimized with the Yoast SEO plugin v27.3 - https:\/\/yoast.com\/product\/yoast-seo-wordpress\/ -->\n<title>Proyecto &quot;Compostaje Dom\u00e9stico&quot; - Ayuntamiento de Mula<\/title>\n<meta name=\"robots\" content=\"index, follow, max-snippet:-1, max-image-preview:large, max-video-preview:-1\" \/>\n<link rel=\"canonical\" href=\"https:\/\/mula.es\/web\/proyecto-compostaje-domestico\/\" \/>\n<meta property=\"og:locale\" content=\"es_ES\" \/>\n<meta property=\"og:type\" content=\"article\" \/>\n<meta property=\"og:title\" content=\"Proyecto &quot;Compostaje Dom\u00e9stico&quot; - Ayuntamiento de Mula\" \/>\n<meta property=\"og:url\" content=\"https:\/\/mula.es\/web\/proyecto-compostaje-domestico\/\" \/>\n<meta property=\"og:site_name\" content=\"Ayuntamiento de Mula\" \/>\n<meta property=\"article:modified_time\" content=\"2021-05-12T18:04:44+00:00\" \/>\n<meta property=\"og:image\" content=\"http:\/\/mula.es\/web\/wp-content\/uploads\/2017\/02\/Cartel_Compostaje_A3-724x1024.jpg\" \/>\n<meta name=\"twitter:card\" content=\"summary_large_image\" \/>\n<meta name=\"twitter:site\" content=\"@AyuntamientMula\" \/>\n<meta name=\"twitter:label1\" content=\"Tiempo de lectura\" \/>\n\t<meta name=\"twitter:data1\" content=\"2 minutos\" \/>\n<script type=\"application\/ld+json\" class=\"yoast-schema-graph\">{\"@context\":\"https:\\\/\\\/schema.org\",\"@graph\":[{\"@type\":\"WebPage\",\"@id\":\"https:\\\/\\\/mula.es\\\/web\\\/proyecto-compostaje-domestico\\\/\",\"url\":\"https:\\\/\\\/mula.es\\\/web\\\/proyecto-compostaje-domestico\\\/\",\"name\":\"Proyecto \\\"Compostaje Dom\u00e9stico\\\" - Ayuntamiento de Mula\",\"isPartOf\":{\"@id\":\"https:\\\/\\\/mula.es\\\/web\\\/#website\"},\"primaryImageOfPage\":{\"@id\":\"https:\\\/\\\/mula.es\\\/web\\\/proyecto-compostaje-domestico\\\/#primaryimage\"},\"image\":{\"@id\":\"https:\\\/\\\/mula.es\\\/web\\\/proyecto-compostaje-domestico\\\/#primaryimage\"},\"thumbnailUrl\":\"http:\\\/\\\/mula.es\\\/web\\\/wp-content\\\/uploads\\\/2017\\\/02\\\/Cartel_Compostaje_A3-724x1024.jpg\",\"datePublished\":\"2017-02-22T12:06:47+00:00\",\"dateModified\":\"2021-05-12T18:04:44+00:00\",\"breadcrumb\":{\"@id\":\"https:\\\/\\\/mula.es\\\/web\\\/proyecto-compostaje-domestico\\\/#breadcrumb\"},\"inLanguage\":\"es\",\"potentialAction\":[{\"@type\":\"ReadAction\",\"target\":[\"https:\\\/\\\/mula.es\\\/web\\\/proyecto-compostaje-domestico\\\/\"]}]},{\"@type\":\"ImageObject\",\"inLanguage\":\"es\",\"@id\":\"https:\\\/\\\/mula.es\\\/web\\\/proyecto-compostaje-domestico\\\/#primaryimage\",\"url\":\"http:\\\/\\\/mula.es\\\/web\\\/wp-content\\\/uploads\\\/2017\\\/02\\\/Cartel_Compostaje_A3-724x1024.jpg\",\"contentUrl\":\"http:\\\/\\\/mula.es\\\/web\\\/wp-content\\\/uploads\\\/2017\\\/02\\\/Cartel_Compostaje_A3-724x1024.jpg\"},{\"@type\":\"BreadcrumbList\",\"@id\":\"https:\\\/\\\/mula.es\\\/web\\\/proyecto-compostaje-domestico\\\/#breadcrumb\",\"itemListElement\":[{\"@type\":\"ListItem\",\"position\":1,\"name\":\"Portada\",\"item\":\"https:\\\/\\\/mula.es\\\/web\\\/\"},{\"@type\":\"ListItem\",\"position\":2,\"name\":\"Proyecto \u00abCompostaje Dom\u00e9stico\u00bb\"}]},{\"@type\":\"WebSite\",\"@id\":\"https:\\\/\\\/mula.es\\\/web\\\/#website\",\"url\":\"https:\\\/\\\/mula.es\\\/web\\\/\",\"name\":\"Ayuntamiento de Mula\",\"description\":\"P\u00e1gina web del Ayuntamiento de Mula (Regi\u00f3n de Murcia)\",\"potentialAction\":[{\"@type\":\"SearchAction\",\"target\":{\"@type\":\"EntryPoint\",\"urlTemplate\":\"https:\\\/\\\/mula.es\\\/web\\\/?s={search_term_string}\"},\"query-input\":{\"@type\":\"PropertyValueSpecification\",\"valueRequired\":true,\"valueName\":\"search_term_string\"}}],\"inLanguage\":\"es\"}]}<\/script>\n<!-- \/ Yoast SEO plugin. -->","yoast_head_json":{"title":"Proyecto \"Compostaje Dom\u00e9stico\" - Ayuntamiento de Mula","robots":{"index":"index","follow":"follow","max-snippet":"max-snippet:-1","max-image-preview":"max-image-preview:large","max-video-preview":"max-video-preview:-1"},"canonical":"https:\/\/mula.es\/web\/proyecto-compostaje-domestico\/","og_locale":"es_ES","og_type":"article","og_title":"Proyecto \"Compostaje Dom\u00e9stico\" - Ayuntamiento de Mula","og_url":"https:\/\/mula.es\/web\/proyecto-compostaje-domestico\/","og_site_name":"Ayuntamiento de Mula","article_modified_time":"2021-05-12T18:04:44+00:00","og_image":[{"url":"http:\/\/mula.es\/web\/wp-content\/uploads\/2017\/02\/Cartel_Compostaje_A3-724x1024.jpg","type":"","width":"","height":""}],"twitter_card":"summary_large_image","twitter_site":"@AyuntamientMula","twitter_misc":{"Tiempo de lectura":"2 minutos"},"schema":{"@context":"https:\/\/schema.org","@graph":[{"@type":"WebPage","@id":"https:\/\/mula.es\/web\/proyecto-compostaje-domestico\/","url":"https:\/\/mula.es\/web\/proyecto-compostaje-domestico\/","name":"Proyecto \"Compostaje Dom\u00e9stico\" - Ayuntamiento de Mula","isPartOf":{"@id":"https:\/\/mula.es\/web\/#website"},"primaryImageOfPage":{"@id":"https:\/\/mula.es\/web\/proyecto-compostaje-domestico\/#primaryimage"},"image":{"@id":"https:\/\/mula.es\/web\/proyecto-compostaje-domestico\/#primaryimage"},"thumbnailUrl":"http:\/\/mula.es\/web\/wp-content\/uploads\/2017\/02\/Cartel_Compostaje_A3-724x1024.jpg","datePublished":"2017-02-22T12:06:47+00:00","dateModified":"2021-05-12T18:04:44+00:00","breadcrumb":{"@id":"https:\/\/mula.es\/web\/proyecto-compostaje-domestico\/#breadcrumb"},"inLanguage":"es","potentialAction":[{"@type":"ReadAction","target":["https:\/\/mula.es\/web\/proyecto-compostaje-domestico\/"]}]},{"@type":"ImageObject","inLanguage":"es","@id":"https:\/\/mula.es\/web\/proyecto-compostaje-domestico\/#primaryimage","url":"http:\/\/mula.es\/web\/wp-content\/uploads\/2017\/02\/Cartel_Compostaje_A3-724x1024.jpg","contentUrl":"http:\/\/mula.es\/web\/wp-content\/uploads\/2017\/02\/Cartel_Compostaje_A3-724x1024.jpg"},{"@type":"BreadcrumbList","@id":"https:\/\/mula.es\/web\/proyecto-compostaje-domestico\/#breadcrumb","itemListElement":[{"@type":"ListItem","position":1,"name":"Portada","item":"https:\/\/mula.es\/web\/"},{"@type":"ListItem","position":2,"name":"Proyecto \u00abCompostaje Dom\u00e9stico\u00bb"}]},{"@type":"WebSite","@id":"https:\/\/mula.es\/web\/#website","url":"https:\/\/mula.es\/web\/","name":"Ayuntamiento de Mula","description":"P\u00e1gina web del Ayuntamiento de Mula (Regi\u00f3n de Murcia)","potentialAction":[{"@type":"SearchAction","target":{"@type":"EntryPoint","urlTemplate":"https:\/\/mula.es\/web\/?s={search_term_string}"},"query-input":{"@type":"PropertyValueSpecification","valueRequired":true,"valueName":"search_term_string"}}],"inLanguage":"es"}]}},"_hostinger_reach_plugin_has_subscription_block":false,"_hostinger_reach_plugin_is_elementor":false,"jetpack_sharing_enabled":true,"jetpack_shortlink":"https:\/\/wp.me\/Pa9DMY-5Us","jetpack-related-posts":[],"_links":{"self":[{"href":"https:\/\/mula.es\/web\/wp-json\/wp\/v2\/pages\/22720","targetHints":{"allow":["GET"]}}],"collection":[{"href":"https:\/\/mula.es\/web\/wp-json\/wp\/v2\/pages"}],"about":[{"href":"https:\/\/mula.es\/web\/wp-json\/wp\/v2\/types\/page"}],"author":[{"embeddable":true,"href":"https:\/\/mula.es\/web\/wp-json\/wp\/v2\/users\/1"}],"replies":[{"embeddable":true,"href":"https:\/\/mula.es\/web\/wp-json\/wp\/v2\/comments?post=22720"}],"version-history":[{"count":5,"href":"https:\/\/mula.es\/web\/wp-json\/wp\/v2\/pages\/22720\/revisions"}],"predecessor-version":[{"id":38319,"href":"https:\/\/mula.es\/web\/wp-json\/wp\/v2\/pages\/22720\/revisions\/38319"}],"wp:attachment":[{"href":"https:\/\/mula.es\/web\/wp-json\/wp\/v2\/media?parent=22720"}],"curies":[{"name":"wp","href":"https:\/\/api.w.org\/{rel}","templated":true}]}}