{"id":24084,"date":"2017-06-30T08:40:34","date_gmt":"2017-06-30T06:40:34","guid":{"rendered":"http:\/\/mula.es\/web\/?page_id=24084"},"modified":"2022-06-14T19:38:33","modified_gmt":"2022-06-14T17:38:33","slug":"plan-general-municipal-de-ordenacion","status":"publish","type":"page","link":"https:\/\/mula.es\/web\/urbanismo-y-patrimonio\/plan-general-municipal-de-ordenacion\/","title":{"rendered":"Plan General Municipal de Ordenaci\u00f3n Urbana"},"content":{"rendered":"<div class=\"fusion-fullwidth fullwidth-box fusion-builder-row-1 fusion-flex-container hundred-percent-fullwidth non-hundred-percent-height-scrolling\" style=\"--awb-border-radius-top-left:0px;--awb-border-radius-top-right:0px;--awb-border-radius-bottom-right:0px;--awb-border-radius-bottom-left:0px;--awb-overflow:visible;--awb-flex-wrap:wrap;\" ><div class=\"fusion-builder-row fusion-row fusion-flex-align-items-flex-start fusion-flex-content-wrap\" style=\"width:104% !important;max-width:104% !important;margin-left: calc(-4% \/ 2 );margin-right: calc(-4% \/ 2 );\"><div class=\"fusion-layout-column fusion_builder_column fusion-builder-column-0 fusion_builder_column_1_1 1_1 fusion-flex-column\" style=\"--awb-bg-image:url(&#039;https:\/\/mula.es\/web\/wp-content\/uploads\/2017\/06\/480_bn.jpg&#039;);--awb-bg-position:center center;--awb-bg-size:cover;--awb-width-large:100%;--awb-margin-top-large:0px;--awb-spacing-right-large:1.92%;--awb-margin-bottom-large:25px;--awb-spacing-left-large:1.92%;--awb-width-medium:100%;--awb-spacing-right-medium:1.92%;--awb-spacing-left-medium:1.92%;--awb-width-small:100%;--awb-spacing-right-small:1.92%;--awb-spacing-left-small:1.92%;\"><div class=\"fusion-column-wrapper fusion-flex-justify-content-flex-start fusion-content-layout-column fusion-column-has-bg-image\" data-bg-url=\"https:\/\/mula.es\/web\/wp-content\/uploads\/2017\/06\/480_bn.jpg\"><div class=\"fusion-text fusion-text-1\"><h2><\/h2>\n<h2><\/h2>\n<h2><\/h2>\n<h2><\/h2>\n<h2><\/h2>\n<h2 style=\"text-align: center;\">\u00a0<div class=\"fusion-fa-align-center\"><i class=\"fb-icon-element-1 fb-icon-element fontawesome-icon fa fa-map-o circle-yes\" style=\"--awb-iconcolor:#000000;--awb-iconcolor-hover:#000000;--awb-circlecolor:#ffffff;--awb-circlecolor-hover:#ffffff;--awb-circlebordercolor:#ffffff;--awb-circlebordercolor-hover:#ffffff;--awb-circlebordersize:1px;--awb-font-size:26.4px;--awb-width:52.8px;--awb-height:52.8px;--awb-line-height:50.8px;\"><\/i><\/div><\/h2>\n<\/div><div class=\"fusion-title title fusion-title-1 fusion-sep-none fusion-title-center fusion-title-text fusion-title-size-one\" style=\"--awb-margin-top-small:0px;--awb-margin-right-small:0px;--awb-margin-bottom-small:20px;--awb-margin-left-small:0px;\"><h1 class=\"fusion-title-heading title-heading-center\" style=\"margin:0;\"><p style=\"text-align: center;\"><span style=\"color: #ffffff;\"><strong>Plan General Municipal de Ordenaci\u00f3n<\/strong><\/span><\/p><\/h1><\/div><\/div><\/div><div class=\"fusion-layout-column fusion_builder_column fusion-builder-column-1 fusion_builder_column_1_1 1_1 fusion-flex-column\" style=\"--awb-bg-size:cover;--awb-width-large:100%;--awb-margin-top-large:0px;--awb-spacing-right-large:1.92%;--awb-margin-bottom-large:20px;--awb-spacing-left-large:1.92%;--awb-width-medium:100%;--awb-spacing-right-medium:1.92%;--awb-spacing-left-medium:1.92%;--awb-width-small:100%;--awb-spacing-right-small:1.92%;--awb-spacing-left-small:1.92%;\"><div class=\"fusion-column-wrapper fusion-flex-justify-content-flex-start fusion-content-layout-column\"><div class=\"fusion-title title fusion-title-2 fusion-title-center fusion-title-text fusion-title-size-two\" style=\"--awb-margin-top-small:0px;--awb-margin-right-small:0px;--awb-margin-bottom-small:20px;--awb-margin-left-small:0px;\"><div class=\"title-sep-container title-sep-container-left\"><div class=\"title-sep sep-double sep-solid\" style=\"border-color:#e0dede;\"><\/div><\/div><span class=\"awb-title-spacer\"><\/span><h2 class=\"fusion-title-heading title-heading-center\" style=\"margin:0;\"><strong>Normativa. A\u00f1o 1998 (PGMO actualmente en vigor)<\/strong><\/h2><span class=\"awb-title-spacer\"><\/span><div class=\"title-sep-container title-sep-container-right\"><div class=\"title-sep sep-double sep-solid\" style=\"border-color:#e0dede;\"><\/div><\/div><\/div><div class=\"fusion-text fusion-text-2\"><p><a href=\"https:\/\/drive.google.com\/file\/d\/0BwHGIfN9TOWrUFhsNU9QaS1CZDg\/view?usp=sharing&amp;resourcekey=0-Iso2tW_MgNB-8uGrPlaBJA\" target=\"_blank\" rel=\"noopener\">0. Justificaci\u00f3n de la subsanaci\u00f3n de las deficiencias (Texto Refundido Final \u00danico). Aprobado por el Pleno en sesi\u00f3n 28 de junio de 2012<\/a><\/p>\n<p><a href=\"https:\/\/drive.google.com\/file\/d\/0BwHGIfN9TOWrME1aemNhQXF0akk\/view?usp=sharing&amp;resourcekey=0-8XeWyPLLYZ1QwAxHSM1lgw\" target=\"_blank\" rel=\"noopener\">0.1. Rectificaciones Octubre 2014. Aprobado por el Pleno en sesi\u00f3n 27 de noviembre de 2014<\/a><\/p>\n<p><a href=\"https:\/\/drive.google.com\/file\/d\/0BwHGIfN9TOWrYnhHbzBpaHNNdDA\/view?usp=sharing&amp;resourcekey=0-TXKRIgc91vpAeDbnkozPcw\">1. Memoria. Aprobado por el Pleno en sesi\u00f3n 28 de junio de 2012<\/a><\/p>\n<p><a href=\"https:\/\/drive.google.com\/file\/d\/0BwHGIfN9TOWrLUV1bkVpRGNNU3c\/view?usp=sharing&amp;resourcekey=0-alDP1FFWQNJz2PV2RU5UtQ\">1.1. Programa de actuaci\u00f3n. Aprobado por el Pleno en sesi\u00f3n 28 de junio de 2012<\/a><\/p>\n<p><a href=\"https:\/\/drive.google.com\/file\/d\/0BwHGIfN9TOWrOHJ3aGloOTV1LWs\/view?usp=sharing&amp;resourcekey=0-cNkm1cQAC3z6M2j7ybjVfw\">1.2. Estudio econ\u00f3mico y financiero. Aprobado por el Pleno en sesi\u00f3n 28 de junio de 2012<\/a><\/p>\n<p><a href=\"https:\/\/mula.es\/web\/planos-pgmo\/\">2a. Planos en formato JPG<\/a><\/p>\n<p><a href=\"https:\/\/visoriderm.carm.es\/mapstore\/#\/viewer\/openlayers\/1\">2b. Planos de ordenaci\u00f3n en SIG &#8211; Puede visualizar informaci\u00f3n en SITMURCIA -&gt;Capa Planeamiento Urban\u00edstico -&gt; Clasificaci\u00f3n del suelo<\/a><\/p>\n<p><strong>Planeamiento General de los distintos municipios de la Regi\u00f3n de Murcia<\/strong><\/p>\n<p>URL de acceso al servicio:<\/p>\n<p>https:\/\/mapas-gis-inter.carm.es\/geoserver\/SIT_USU_PLA_URB_CARM\/wms?<\/p>\n<p>Descripci\u00f3n del servicio:\u00a0<a href=\"https:\/\/mapas-gis-inter.carm.es\/geoserver\/SIT_USU_PLA_URB_CARM\/wms?SERVICE=WMS&amp;version=1.3.0&amp;REQUEST=GetCapabilities\">Capabilities (versi\u00f3n 1.3.0)<\/a><\/p>\n<p><a href=\"https:\/\/drive.google.com\/file\/d\/0BwHGIfN9TOWrQW9IcWhDdlVqN0k\/view?resourcekey=0-TT1D1h3KnlH6lPtA1KHI8g\" target=\"_blank\" rel=\"noopener\">3. Normas urban\u00edsticas y ordenanzas reguladoras. Aprobado por el Pleno en sesi\u00f3n 28 de junio de 2012<\/a><\/p>\n<p><a href=\"https:\/\/drive.google.com\/file\/d\/0BwHGIfN9TOWramFJeTdkbW92Wmc\/view?usp=sharing&amp;resourcekey=0-PHrRS8CjiHjuB37eYs_o8A\">4. Cat\u00e1logo. Texto refundido noviembre 2009.<\/a><\/p>\n<p><a href=\"https:\/\/drive.google.com\/file\/d\/0BwHGIfN9TOWreFluNUd0MXhRc2M\/view?usp=sharing&amp;resourcekey=0-zJY_Ypwpn3cvw_62QCCNhQ\">4.1 Anexo I, II, II y IV del Cat\u00e1logo (Carta Arqueol\u00f3gica)<\/a><\/p>\n<p><a href=\"https:\/\/drive.google.com\/file\/d\/0BwHGIfN9TOWrU3pVbWhTRWpxSXc\/view?resourcekey=0-8eMphXCVu0U3U0nZsGjz6Q\" target=\"_blank\" rel=\"noopener\">4.2 Anexo V del Cat\u00e1logo (\u00c1rboles monumentales y singulares). Aprobado por el Pleno en sesi\u00f3n de junio de 2012<\/a><\/p>\n<\/div><\/div><\/div><div class=\"fusion-layout-column fusion_builder_column fusion-builder-column-2 fusion_builder_column_1_1 1_1 fusion-flex-column\" style=\"--awb-bg-size:cover;--awb-width-large:100%;--awb-margin-top-large:0px;--awb-spacing-right-large:1.92%;--awb-margin-bottom-large:20px;--awb-spacing-left-large:1.92%;--awb-width-medium:100%;--awb-spacing-right-medium:1.92%;--awb-spacing-left-medium:1.92%;--awb-width-small:100%;--awb-spacing-right-small:1.92%;--awb-spacing-left-small:1.92%;\"><div class=\"fusion-column-wrapper fusion-flex-justify-content-flex-start fusion-content-layout-column\"><div class=\"fusion-title title fusion-title-3 fusion-title-center fusion-title-text fusion-title-size-two\" style=\"--awb-margin-top-small:0px;--awb-margin-right-small:0px;--awb-margin-bottom-small:20px;--awb-margin-left-small:0px;\"><div class=\"title-sep-container title-sep-container-left\"><div class=\"title-sep sep-double sep-solid\" style=\"border-color:#e0dede;\"><\/div><\/div><span class=\"awb-title-spacer\"><\/span><h2 class=\"fusion-title-heading title-heading-center\" style=\"margin:0;\"><strong>Normativa (Plan Especial de Protecci\u00f3n y Revitalizaci\u00f3n del Conjunto Hist\u00f3rico)<\/strong><\/h2><span class=\"awb-title-spacer\"><\/span><div class=\"title-sep-container title-sep-container-right\"><div class=\"title-sep sep-double sep-solid\" style=\"border-color:#e0dede;\"><\/div><\/div><\/div><div class=\"fusion-text fusion-text-3\"><p><a href=\"https:\/\/drive.google.com\/file\/d\/0BwHGIfN9TOWrQWhWWk9waDlqb1k\/view?usp=sharing&amp;resourcekey=0-fAapkUWpN-BxAazL8BrYvQ\" target=\"_blank\" rel=\"noopener\">1. Memoria<\/a><\/p>\n<p><a href=\"https:\/\/drive.google.com\/file\/d\/0BwHGIfN9TOWraUJYM1k3YWh5SE0\/view?usp=sharing&amp;resourcekey=0-BgDUTw5LX8ur8MwqsGSgrA\" target=\"_blank\" rel=\"noopener\">2. Cat\u00e1logo<\/a><\/p>\n<p><a href=\"https:\/\/drive.google.com\/file\/d\/0BwHGIfN9TOWrS291U19GMGFHaG8\/view?usp=sharing&amp;resourcekey=0-nj-BeGR2-ckIoSVnxkXEMQ\" target=\"_blank\" rel=\"noopener\">3. Planos<\/a><\/p>\n<p><a href=\"https:\/\/drive.google.com\/file\/d\/0BwHGIfN9TOWrU1F0Yk5peV9ZQnc\/view?usp=sharing&amp;resourcekey=0-FrfiZd9DCG6ICLSDBGaqCQ\" target=\"_blank\" rel=\"noopener\">4. Normas<\/a><\/p>\n<p><a href=\"https:\/\/drive.google.com\/file\/d\/0BwHGIfN9TOWrOHJ3aGloOTV1LWs\/view?usp=sharing&amp;resourcekey=0-cNkm1cQAC3z6M2j7ybjVfw\" target=\"_blank\" rel=\"noopener\">5. Plan de etapas y estudio econ\u00f3mico<\/a><\/p>\n<\/div><\/div><\/div><div class=\"fusion-layout-column fusion_builder_column fusion-builder-column-3 fusion_builder_column_1_1 1_1 fusion-flex-column\" style=\"--awb-bg-size:cover;--awb-width-large:100%;--awb-margin-top-large:0px;--awb-spacing-right-large:1.92%;--awb-margin-bottom-large:20px;--awb-spacing-left-large:1.92%;--awb-width-medium:100%;--awb-spacing-right-medium:1.92%;--awb-spacing-left-medium:1.92%;--awb-width-small:100%;--awb-spacing-right-small:1.92%;--awb-spacing-left-small:1.92%;\"><div class=\"fusion-column-wrapper fusion-flex-justify-content-flex-start fusion-content-layout-column\"><div class=\"fusion-title title fusion-title-4 fusion-title-center fusion-title-text fusion-title-size-two\" style=\"--awb-margin-top-small:0px;--awb-margin-right-small:0px;--awb-margin-bottom-small:20px;--awb-margin-left-small:0px;\"><div class=\"title-sep-container title-sep-container-left\"><div class=\"title-sep sep-double sep-solid\" style=\"border-color:#e0dede;\"><\/div><\/div><span class=\"awb-title-spacer\"><\/span><h2 class=\"fusion-title-heading title-heading-center\" style=\"margin:0;\"><strong>Estudios Previos. A\u00f1o 1995<\/strong><\/h2><span class=\"awb-title-spacer\"><\/span><div class=\"title-sep-container title-sep-container-right\"><div class=\"title-sep sep-double sep-solid\" style=\"border-color:#e0dede;\"><\/div><\/div><\/div><div class=\"fusion-text fusion-text-4\"><p><a href=\"https:\/\/drive.google.com\/file\/d\/0BwHGIfN9TOWra1pqZ1pmNzZkQ0k\/view?usp=sharing&amp;resourcekey=0-xJpnYU7ndMGbOMQnm97t6Q\" target=\"_blank\" rel=\"noopener\">I. Estudios Territoriales. A\u00f1o 1995<\/a><\/p>\n<p style=\"padding-left: 30px;\"><a href=\"https:\/\/drive.google.com\/file\/d\/0BwHGIfN9TOWrU1EzbjdHbHZNOW8\/view?usp=sharing&amp;resourcekey=0-7ArMyHgSyBEknwYDjwEuCQ\" target=\"_blank\" rel=\"noopener\">Anexo 1. Medio F\u00edsico<\/a><\/p>\n<p style=\"padding-left: 30px;\"><a href=\"https:\/\/drive.google.com\/file\/d\/0BwHGIfN9TOWrLWx2RDlYMElkVlU\/view?usp=sharing&amp;resourcekey=0-w4_M7i5AwYUlZVroUH54vg\" target=\"_blank\" rel=\"noopener\">Anexo 2. Medio Bi\u00f3tico<\/a><\/p>\n<p style=\"padding-left: 30px;\"><a href=\"https:\/\/drive.google.com\/file\/d\/0BwHGIfN9TOWrSW5mUU01QnZOa1E\/view?usp=sharing&amp;resourcekey=0-00zMLrb0jLXgql04Stc_sQ\" target=\"_blank\" rel=\"noopener\">Anexo 3. Medio Rural<\/a><\/p>\n<p><a href=\"https:\/\/drive.google.com\/file\/d\/0BwHGIfN9TOWrakliVk9vZzc4RGc\/view?usp=sharing&amp;resourcekey=0-nO2VYKQ0F9M6h21p4HI35g\" target=\"_blank\" rel=\"noopener\">II. Estudios Hist\u00f3ricos y Socioecon\u00f3micos. <small>A\u00f1o 1995<\/small><\/a><\/p>\n<p style=\"padding-left: 30px;\"><a href=\"https:\/\/drive.google.com\/file\/d\/0BwHGIfN9TOWreFluNUd0MXhRc2M\/view?usp=sharing&amp;resourcekey=0-zJY_Ypwpn3cvw_62QCCNhQ\" target=\"_blank\" rel=\"noopener\">Anexo 1. Carta Arqueol\u00f3gica<\/a><\/p>\n<p style=\"padding-left: 30px;\"><a href=\"https:\/\/drive.google.com\/file\/d\/0BwHGIfN9TOWrVUJNeDRFd3lrNWs\/view?usp=sharing&amp;resourcekey=0-E-c_3l1fh7oHOcRU5Jb3JA\" target=\"_blank\" rel=\"noopener\">Anexo 2.- Patrimonio Municipal<\/a><\/p>\n<p><a href=\"https:\/\/drive.google.com\/file\/d\/0BwHGIfN9TOWrTzR4ZGNyaWx6RFk\/view?usp=sharing&amp;resourcekey=0-qCywNvUqJbi3X1PFphIX6w\" target=\"_blank\" rel=\"noopener\">III.- Estudios Urban\u00edsticos. <small>A\u00f1o 1995<\/small><\/a><\/p>\n<p style=\"padding-left: 30px;\"><a href=\"https:\/\/drive.google.com\/file\/d\/0BwHGIfN9TOWrMjNtWjFiOTdOZFU\/view?usp=sharing&amp;resourcekey=0-rQ2CfDdkDKvNONxfnCgTIQ\" target=\"_blank\" rel=\"noopener\">Anexo 1.- Participaci\u00f3n P\u00fablica<\/a><\/p>\n<\/div><\/div><\/div><div class=\"fusion-layout-column fusion_builder_column fusion-builder-column-4 fusion_builder_column_1_1 1_1 fusion-flex-column\" style=\"--awb-bg-size:cover;--awb-width-large:100%;--awb-margin-top-large:0px;--awb-spacing-right-large:1.92%;--awb-margin-bottom-large:20px;--awb-spacing-left-large:1.92%;--awb-width-medium:100%;--awb-spacing-right-medium:1.92%;--awb-spacing-left-medium:1.92%;--awb-width-small:100%;--awb-spacing-right-small:1.92%;--awb-spacing-left-small:1.92%;\"><div class=\"fusion-column-wrapper fusion-flex-justify-content-flex-start fusion-content-layout-column\"><div class=\"fusion-title title fusion-title-5 fusion-title-center fusion-title-text fusion-title-size-two\" style=\"--awb-margin-top-small:0px;--awb-margin-right-small:0px;--awb-margin-bottom-small:20px;--awb-margin-left-small:0px;\"><div class=\"title-sep-container title-sep-container-left\"><div class=\"title-sep sep-double sep-solid\" style=\"border-color:#e0dede;\"><\/div><\/div><span class=\"awb-title-spacer\"><\/span><h2 class=\"fusion-title-heading title-heading-center\" style=\"margin:0;\"><p style=\"text-align: left;\"><strong>Avance del PGMO. A\u00f1o 1995<br \/>\n<\/strong><\/p><\/h2><span class=\"awb-title-spacer\"><\/span><div class=\"title-sep-container title-sep-container-right\"><div class=\"title-sep sep-double sep-solid\" style=\"border-color:#e0dede;\"><\/div><\/div><\/div><div class=\"fusion-text fusion-text-5\"><p><a href=\"https:\/\/drive.google.com\/file\/d\/0BwHGIfN9TOWrcDdCQ293UUtoOW8\/view?usp=sharing&amp;resourcekey=0-rxefrwy1gRWE9NCM6IG78w\" target=\"_blank\" rel=\"noopener\">Avance del actual PGMO que incluye Mula ciudad, pedan\u00edas y t\u00e9rmino municipal<\/a><\/p>\n<\/div><\/div><\/div><\/div><\/div>\n","protected":false},"excerpt":{"rendered":"","protected":false},"author":1,"featured_media":0,"parent":12714,"menu_order":0,"comment_status":"closed","ping_status":"closed","template":"","meta":{"jetpack_post_was_ever_published":false,"footnotes":""},"class_list":["post-24084","page","type-page","status-publish","hentry"],"yoast_head":"<!-- This site is optimized with the Yoast SEO plugin v27.2 - https:\/\/yoast.com\/product\/yoast-seo-wordpress\/ -->\n<title>Plan General Municipal de Ordenaci\u00f3n Urbana - Ayuntamiento de Mula<\/title>\n<meta name=\"robots\" content=\"index, follow, max-snippet:-1, max-image-preview:large, max-video-preview:-1\" \/>\n<link rel=\"canonical\" href=\"https:\/\/mula.es\/web\/urbanismo-y-patrimonio\/plan-general-municipal-de-ordenacion\/\" \/>\n<meta property=\"og:locale\" content=\"es_ES\" \/>\n<meta property=\"og:type\" content=\"article\" \/>\n<meta property=\"og:title\" content=\"Plan General Municipal de Ordenaci\u00f3n Urbana - Ayuntamiento de Mula\" \/>\n<meta property=\"og:url\" content=\"https:\/\/mula.es\/web\/urbanismo-y-patrimonio\/plan-general-municipal-de-ordenacion\/\" \/>\n<meta property=\"og:site_name\" content=\"Ayuntamiento de Mula\" \/>\n<meta property=\"article:modified_time\" content=\"2022-06-14T17:38:33+00:00\" \/>\n<meta property=\"og:image\" content=\"https:\/\/mula.es\/web\/wp-content\/uploads\/2020\/06\/escudo-cuadrado-e1591045058235.jpg\" \/>\n\t<meta property=\"og:image:width\" content=\"200\" \/>\n\t<meta property=\"og:image:height\" content=\"218\" \/>\n\t<meta property=\"og:image:type\" content=\"image\/jpeg\" \/>\n<meta name=\"twitter:card\" content=\"summary_large_image\" \/>\n<meta name=\"twitter:site\" content=\"@AyuntamientMula\" \/>\n<meta name=\"twitter:label1\" content=\"Tiempo de lectura\" \/>\n\t<meta name=\"twitter:data1\" content=\"8 minutos\" \/>\n<script type=\"application\/ld+json\" class=\"yoast-schema-graph\">{\"@context\":\"https:\/\/schema.org\",\"@graph\":[{\"@type\":\"WebPage\",\"@id\":\"https:\/\/mula.es\/web\/urbanismo-y-patrimonio\/plan-general-municipal-de-ordenacion\/\",\"url\":\"https:\/\/mula.es\/web\/urbanismo-y-patrimonio\/plan-general-municipal-de-ordenacion\/\",\"name\":\"Plan General Municipal de Ordenaci\u00f3n Urbana - Ayuntamiento de Mula\",\"isPartOf\":{\"@id\":\"https:\/\/mula.es\/web\/#website\"},\"datePublished\":\"2017-06-30T06:40:34+00:00\",\"dateModified\":\"2022-06-14T17:38:33+00:00\",\"breadcrumb\":{\"@id\":\"https:\/\/mula.es\/web\/urbanismo-y-patrimonio\/plan-general-municipal-de-ordenacion\/#breadcrumb\"},\"inLanguage\":\"es\",\"potentialAction\":[{\"@type\":\"ReadAction\",\"target\":[\"https:\/\/mula.es\/web\/urbanismo-y-patrimonio\/plan-general-municipal-de-ordenacion\/\"]}]},{\"@type\":\"BreadcrumbList\",\"@id\":\"https:\/\/mula.es\/web\/urbanismo-y-patrimonio\/plan-general-municipal-de-ordenacion\/#breadcrumb\",\"itemListElement\":[{\"@type\":\"ListItem\",\"position\":1,\"name\":\"Portada\",\"item\":\"https:\/\/mula.es\/web\/\"},{\"@type\":\"ListItem\",\"position\":2,\"name\":\"Urbanismo y Patrimonio\",\"item\":\"https:\/\/mula.es\/web\/urbanismo-y-patrimonio\/\"},{\"@type\":\"ListItem\",\"position\":3,\"name\":\"Plan General Municipal de Ordenaci\u00f3n Urbana\"}]},{\"@type\":\"WebSite\",\"@id\":\"https:\/\/mula.es\/web\/#website\",\"url\":\"https:\/\/mula.es\/web\/\",\"name\":\"Ayuntamiento de Mula\",\"description\":\"P\u00e1gina web del Ayuntamiento de Mula (Regi\u00f3n de Murcia)\",\"potentialAction\":[{\"@type\":\"SearchAction\",\"target\":{\"@type\":\"EntryPoint\",\"urlTemplate\":\"https:\/\/mula.es\/web\/?s={search_term_string}\"},\"query-input\":{\"@type\":\"PropertyValueSpecification\",\"valueRequired\":true,\"valueName\":\"search_term_string\"}}],\"inLanguage\":\"es\"}]}<\/script>\n<!-- \/ Yoast SEO plugin. -->","yoast_head_json":{"title":"Plan General Municipal de Ordenaci\u00f3n Urbana - Ayuntamiento de Mula","robots":{"index":"index","follow":"follow","max-snippet":"max-snippet:-1","max-image-preview":"max-image-preview:large","max-video-preview":"max-video-preview:-1"},"canonical":"https:\/\/mula.es\/web\/urbanismo-y-patrimonio\/plan-general-municipal-de-ordenacion\/","og_locale":"es_ES","og_type":"article","og_title":"Plan General Municipal de Ordenaci\u00f3n Urbana - Ayuntamiento de Mula","og_url":"https:\/\/mula.es\/web\/urbanismo-y-patrimonio\/plan-general-municipal-de-ordenacion\/","og_site_name":"Ayuntamiento de Mula","article_modified_time":"2022-06-14T17:38:33+00:00","og_image":[{"width":200,"height":218,"url":"https:\/\/mula.es\/web\/wp-content\/uploads\/2020\/06\/escudo-cuadrado-e1591045058235.jpg","type":"image\/jpeg"}],"twitter_card":"summary_large_image","twitter_site":"@AyuntamientMula","twitter_misc":{"Tiempo de lectura":"8 minutos"},"schema":{"@context":"https:\/\/schema.org","@graph":[{"@type":"WebPage","@id":"https:\/\/mula.es\/web\/urbanismo-y-patrimonio\/plan-general-municipal-de-ordenacion\/","url":"https:\/\/mula.es\/web\/urbanismo-y-patrimonio\/plan-general-municipal-de-ordenacion\/","name":"Plan General Municipal de Ordenaci\u00f3n Urbana - Ayuntamiento de Mula","isPartOf":{"@id":"https:\/\/mula.es\/web\/#website"},"datePublished":"2017-06-30T06:40:34+00:00","dateModified":"2022-06-14T17:38:33+00:00","breadcrumb":{"@id":"https:\/\/mula.es\/web\/urbanismo-y-patrimonio\/plan-general-municipal-de-ordenacion\/#breadcrumb"},"inLanguage":"es","potentialAction":[{"@type":"ReadAction","target":["https:\/\/mula.es\/web\/urbanismo-y-patrimonio\/plan-general-municipal-de-ordenacion\/"]}]},{"@type":"BreadcrumbList","@id":"https:\/\/mula.es\/web\/urbanismo-y-patrimonio\/plan-general-municipal-de-ordenacion\/#breadcrumb","itemListElement":[{"@type":"ListItem","position":1,"name":"Portada","item":"https:\/\/mula.es\/web\/"},{"@type":"ListItem","position":2,"name":"Urbanismo y Patrimonio","item":"https:\/\/mula.es\/web\/urbanismo-y-patrimonio\/"},{"@type":"ListItem","position":3,"name":"Plan General Municipal de Ordenaci\u00f3n Urbana"}]},{"@type":"WebSite","@id":"https:\/\/mula.es\/web\/#website","url":"https:\/\/mula.es\/web\/","name":"Ayuntamiento de Mula","description":"P\u00e1gina web del Ayuntamiento de Mula (Regi\u00f3n de Murcia)","potentialAction":[{"@type":"SearchAction","target":{"@type":"EntryPoint","urlTemplate":"https:\/\/mula.es\/web\/?s={search_term_string}"},"query-input":{"@type":"PropertyValueSpecification","valueRequired":true,"valueName":"search_term_string"}}],"inLanguage":"es"}]}},"_hostinger_reach_plugin_has_subscription_block":false,"_hostinger_reach_plugin_is_elementor":false,"jetpack_sharing_enabled":true,"jetpack_shortlink":"https:\/\/wp.me\/Pa9DMY-6gs","jetpack-related-posts":[],"_links":{"self":[{"href":"https:\/\/mula.es\/web\/wp-json\/wp\/v2\/pages\/24084","targetHints":{"allow":["GET"]}}],"collection":[{"href":"https:\/\/mula.es\/web\/wp-json\/wp\/v2\/pages"}],"about":[{"href":"https:\/\/mula.es\/web\/wp-json\/wp\/v2\/types\/page"}],"author":[{"embeddable":true,"href":"https:\/\/mula.es\/web\/wp-json\/wp\/v2\/users\/1"}],"replies":[{"embeddable":true,"href":"https:\/\/mula.es\/web\/wp-json\/wp\/v2\/comments?post=24084"}],"version-history":[{"count":95,"href":"https:\/\/mula.es\/web\/wp-json\/wp\/v2\/pages\/24084\/revisions"}],"predecessor-version":[{"id":45036,"href":"https:\/\/mula.es\/web\/wp-json\/wp\/v2\/pages\/24084\/revisions\/45036"}],"up":[{"embeddable":true,"href":"https:\/\/mula.es\/web\/wp-json\/wp\/v2\/pages\/12714"}],"wp:attachment":[{"href":"https:\/\/mula.es\/web\/wp-json\/wp\/v2\/media?parent=24084"}],"curies":[{"name":"wp","href":"https:\/\/api.w.org\/{rel}","templated":true}]}}