{"id":32541,"date":"2020-03-13T09:50:18","date_gmt":"2020-03-13T08:50:18","guid":{"rendered":"http:\/\/mula.es\/web\/?page_id=32541"},"modified":"2024-01-23T14:02:26","modified_gmt":"2024-01-23T13:02:26","slug":"formulario-atencion-ciudadano","status":"publish","type":"page","link":"https:\/\/mula.es\/web\/formulario-atencion-ciudadano\/","title":{"rendered":"Formulario Atenci\u00f3n al Ciudadano"},"content":{"rendered":"<div class=\"fusion-fullwidth fullwidth-box fusion-builder-row-1 fusion-flex-container hundred-percent-fullwidth non-hundred-percent-height-scrolling\" style=\"--awb-border-radius-top-left:0px;--awb-border-radius-top-right:0px;--awb-border-radius-bottom-right:0px;--awb-border-radius-bottom-left:0px;--awb-overflow:visible;--awb-flex-wrap:wrap;\" ><div class=\"fusion-builder-row fusion-row fusion-flex-align-items-flex-start fusion-flex-content-wrap\" style=\"width:104% !important;max-width:104% !important;margin-left: calc(-4% \/ 2 );margin-right: calc(-4% \/ 2 );\"><div class=\"fusion-layout-column fusion_builder_column fusion-builder-column-0 fusion_builder_column_1_1 1_1 fusion-flex-column\" style=\"--awb-bg-size:cover;--awb-width-large:100%;--awb-margin-top-large:0px;--awb-spacing-right-large:1.92%;--awb-margin-bottom-large:20px;--awb-spacing-left-large:1.92%;--awb-width-medium:100%;--awb-spacing-right-medium:1.92%;--awb-spacing-left-medium:1.92%;--awb-width-small:100%;--awb-spacing-right-small:1.92%;--awb-spacing-left-small:1.92%;\"><div class=\"fusion-column-wrapper fusion-flex-justify-content-flex-start fusion-content-layout-column\"><div class=\"fusion-text fusion-text-1\"><p>Por favor, cumplimente el formulario correctamente. Los campos con el s\u00edmbolo (*), son campos obligatorios.<\/p>\n<\/div><div class=\"fusion-text fusion-text-2\"><div id=\"usermessage13a\" class=\"cf_info \"><\/div><form enctype=\"multipart\/form-data\" action=\"\/web\/wp-json\/wp\/v2\/pages\/32541#usermessage13a\" method=\"post\" class=\"cform cformsdirect cita-previa \" id=\"cforms13form\"><ol class=\"cf-ol\"><li id=\"li-13-1\" class=\"\"><label id=\"label-13-1\" for=\"cf13_field_1\"><span>Nombre*:<\/span><\/label><input type=\"text\" name=\"cf13_field_1\" id=\"cf13_field_1\" class=\"single fldrequired\" value=\"\" title=\"\"\/><span class=\"reqtxt\"><\/span><\/li><li id=\"li-13-2\" class=\"\"><label id=\"label-13-2\" for=\"cf13_field_2\"><span>Apellidos*:<\/span><\/label><input type=\"text\" name=\"cf13_field_2\" id=\"cf13_field_2\" class=\"single fldrequired\" value=\"\" title=\"\"\/><span class=\"reqtxt\"><\/span><\/li><li id=\"li-13-3\" class=\"\"><label id=\"label-13-3\" for=\"cf13_field_3\"><span>DNI*:<\/span><\/label><input type=\"text\" name=\"cf13_field_3\" id=\"cf13_field_3\" class=\"single fldrequired\" value=\"\" title=\"\"\/><span class=\"reqtxt\"><\/span><\/li><li id=\"li-13-4\" class=\"\"><label id=\"label-13-4\" for=\"cf13_field_4\"><span>Email*:<\/span><\/label><input type=\"text\" name=\"cf13_field_4\" id=\"cf13_field_4\" class=\"single fldemail fldrequired\" value=\"\" title=\"\"\/><span class=\"emailreqtxt\"><\/span><\/li><li id=\"li-13-5\" class=\"\"><label id=\"label-13-5\" for=\"cf13_field_5\"><span>Tel\u00e9fono:<\/span><\/label><input type=\"text\" name=\"cf13_field_5\" id=\"cf13_field_5\" class=\"single fldrequired\" value=\"\" title=\"\"\/><span class=\"reqtxt\"><\/span><\/li><li id=\"li-13-6\" class=\"\"><label id=\"label-13-6\" for=\"cf13_field_6\"><span>Unidad destinataria:<\/span><\/label><select name=\"cf13_field_6\" id=\"cf13_field_6\" class=\"cformselect fldrequired\" title=\"\"><option value=\"Accesibilidad\">Accesibilidad<\/option><option value=\" Registro otras Administraciones P\u00fablicas (Ventanilla \u00danica - ORVE)\"> Registro otras Administraciones P\u00fablicas (Ventanilla \u00danica - ORVE)<\/option><option value=\"Registro Ayuntamiento\">Registro Ayuntamiento<\/option><option value=\"Estad\u00edstica (Emisi\u00f3n volantes, certificados de empadronamiento, altas y bajas)\">Estad\u00edstica (Emisi\u00f3n volantes, certificados de empadronamiento, altas y bajas)<\/option><option value=\"Alcald\u00eda\">Alcald\u00eda<\/option><option value=\"Secretar\u00eda\">Secretar\u00eda<\/option><option value=\"Intervenci\u00f3n\">Intervenci\u00f3n<\/option><option value=\"Tesorer\u00eda\">Tesorer\u00eda<\/option><option value=\"Agencia de Desarrollo Local\">Agencia de Desarrollo Local<\/option><option value=\"Garant\u00eda Juvenil\">Garant\u00eda Juvenil<\/option><option value=\"CAVI\">CAVI<\/option><option value=\"Consumo\">Consumo<\/option><option value=\"Deportes\">Deportes<\/option><option value=\"Juventud\">Juventud<\/option><option value=\"Oficina T\u00e9cnica: Informaci\u00f3n de Catastro\">Oficina T\u00e9cnica: Informaci\u00f3n de Catastro<\/option><option value=\"Oficina T\u00e9cnica: Tr\u00e1mites de Obra\">Oficina T\u00e9cnica: Tr\u00e1mites de Obra<\/option><option value=\"Oficina T\u00e9cnica: Segregaciones e informaci\u00f3n urban\u00edstica\">Oficina T\u00e9cnica: Segregaciones e informaci\u00f3n urban\u00edstica<\/option><option value=\"Oficina T\u00e9cnica: Tr\u00e1mites de actividades\">Oficina T\u00e9cnica: Tr\u00e1mites de actividades<\/option><option value=\"Oficina T\u00e9cnica: Otros urbanismo incluyendo quejas \/ peticiones \/ sugerencias \/ reclamaciones v\u00eda p\u00fablica\">Oficina T\u00e9cnica: Otros urbanismo incluyendo quejas \/ peticiones \/ sugerencias \/ reclamaciones v\u00eda p\u00fablica<\/option><option value=\"Otros\">Otros<\/option><\/select><span class=\"reqtxt\"><\/span><\/li><li id=\"li-13-7\" class=\"\"><label id=\"label-13-7\" for=\"cf13_field_7\"><span>Petici\u00f3n*:<\/span><\/label><textarea cols=\"30\" rows=\"8\" name=\"cf13_field_7\" id=\"cf13_field_7\" class=\"area fldrequired\" title=\"\"><\/textarea><span class=\"reqtxt\"><\/span><\/li><li id=\"li-13-8\" class=\"\"><label id=\"label-13-8\" for=\"cf_uploadfile13-8\"><span>Adjuntar archivo:<\/span><\/label><input type=\"file\" name=\"cf_uploadfile13[]\" id=\"cf_uploadfile13-8\" class=\"cf_upload upload\" title=\"\"\/><\/li><li id=\"li-13-9\" class=\"\"><label for=\"cf13_field_9\" class=\"secq\"><span>CAPTCHA<\/span><\/label><input type=\"text\" name=\"captcha\" id=\"cf13_field_9\" class=\"secinput fldrequired \" title=\"\"\/><img decoding=\"async\" class=\"cforms2_really_simple_captcha_img\" alt=\"CAPTCHA\" src=\"https:\/\/mula.es\/web\/wp-content\/plugins\/really-simple-captcha\/tmp\/899964763.png\" \/><span class=\"dashicons dashicons-update captcha-reset\"><\/span><input type=\"hidden\" name=\"captcha\/hint\" value=\"899964763\"\/><\/li><\/ol><fieldset class=\"cf_hidden\"><legend>&nbsp;<\/legend><input type=\"hidden\" name=\"cf_working13\" id=\"cf_working13\" value=\"Un momento por favor\"\/><input type=\"hidden\" name=\"cf_failure13\" id=\"cf_failure13\" value=\"Por favor introduzca todos los campos requeridos marcados con *\"\/><input type=\"hidden\" name=\"cf_customerr13\" id=\"cf_customerr13\" value=\"y\"\/><\/fieldset><p class=\"cf-sb\"><input type=\"submit\" name=\"sendbutton13\" id=\"sendbutton13\" class=\"sendbutton\" value=\"Enviar\" \/><\/p><\/form><div id=\"usermessage13b\" class=\"cf_info \" ><\/div>\n<\/div><div class=\"fusion-text fusion-text-3\"><p>Los campos marcados con asterisco son obligatorios.<br \/>\nSe guardar\u00e1 la direcci\u00f3n IP del emisor por si fuera necesaria la verificaci\u00f3n fehaciente de la persona que env\u00eda el formulario.<\/p>\n<p>Con la remisi\u00f3n de este formulario manifiesta su consentimiento expreso, inequ\u00edvoco e informado para el tratamiento de los datos personal pertinentes para la gesti\u00f3n de esta solicitud, en solicitud, en base a la informaci\u00f3n sobre el tratamiento de datos que puede encontrar en la p\u00e1gina web<a href=\"http:\/\/www.mula.es\/web\/proteccion-de-datos\"> http:\/\/www.mula.es\/web\/proteccion-de-datos<\/a><\/p>\n<\/div><\/div><\/div><\/div><\/div>\n","protected":false},"excerpt":{"rendered":"","protected":false},"author":9,"featured_media":0,"parent":0,"menu_order":0,"comment_status":"closed","ping_status":"closed","template":"","meta":{"jetpack_post_was_ever_published":false,"footnotes":""},"class_list":["post-32541","page","type-page","status-publish","hentry"],"yoast_head":"<!-- This site is optimized with the Yoast SEO plugin v27.4 - https:\/\/yoast.com\/product\/yoast-seo-wordpress\/ -->\n<title>Formulario Atenci\u00f3n al Ciudadano - Ayuntamiento de Mula<\/title>\n<meta name=\"robots\" content=\"index, follow, max-snippet:-1, max-image-preview:large, max-video-preview:-1\" \/>\n<link rel=\"canonical\" href=\"https:\/\/mula.es\/web\/formulario-atencion-ciudadano\/\" \/>\n<meta property=\"og:locale\" content=\"es_ES\" \/>\n<meta property=\"og:type\" content=\"article\" \/>\n<meta property=\"og:title\" content=\"Formulario Atenci\u00f3n al Ciudadano - Ayuntamiento de Mula\" \/>\n<meta property=\"og:url\" content=\"https:\/\/mula.es\/web\/formulario-atencion-ciudadano\/\" \/>\n<meta property=\"og:site_name\" content=\"Ayuntamiento de Mula\" \/>\n<meta property=\"article:modified_time\" content=\"2024-01-23T13:02:26+00:00\" \/>\n<meta property=\"og:image\" content=\"https:\/\/mula.es\/web\/wp-content\/uploads\/2020\/06\/escudo-cuadrado-e1591045058235.jpg\" \/>\n\t<meta property=\"og:image:width\" content=\"200\" \/>\n\t<meta property=\"og:image:height\" content=\"218\" \/>\n\t<meta property=\"og:image:type\" content=\"image\/jpeg\" \/>\n<meta name=\"twitter:card\" content=\"summary_large_image\" \/>\n<meta name=\"twitter:site\" content=\"@AyuntamientMula\" \/>\n<meta name=\"twitter:label1\" content=\"Tiempo de lectura\" \/>\n\t<meta name=\"twitter:data1\" content=\"1 minuto\" \/>\n<script type=\"application\/ld+json\" class=\"yoast-schema-graph\">{\"@context\":\"https:\\\/\\\/schema.org\",\"@graph\":[{\"@type\":\"WebPage\",\"@id\":\"https:\\\/\\\/mula.es\\\/web\\\/formulario-atencion-ciudadano\\\/\",\"url\":\"https:\\\/\\\/mula.es\\\/web\\\/formulario-atencion-ciudadano\\\/\",\"name\":\"Formulario Atenci\u00f3n al Ciudadano - Ayuntamiento de Mula\",\"isPartOf\":{\"@id\":\"https:\\\/\\\/mula.es\\\/web\\\/#website\"},\"datePublished\":\"2020-03-13T08:50:18+00:00\",\"dateModified\":\"2024-01-23T13:02:26+00:00\",\"breadcrumb\":{\"@id\":\"https:\\\/\\\/mula.es\\\/web\\\/formulario-atencion-ciudadano\\\/#breadcrumb\"},\"inLanguage\":\"es\",\"potentialAction\":[{\"@type\":\"ReadAction\",\"target\":[\"https:\\\/\\\/mula.es\\\/web\\\/formulario-atencion-ciudadano\\\/\"]}]},{\"@type\":\"BreadcrumbList\",\"@id\":\"https:\\\/\\\/mula.es\\\/web\\\/formulario-atencion-ciudadano\\\/#breadcrumb\",\"itemListElement\":[{\"@type\":\"ListItem\",\"position\":1,\"name\":\"Portada\",\"item\":\"https:\\\/\\\/mula.es\\\/web\\\/\"},{\"@type\":\"ListItem\",\"position\":2,\"name\":\"Formulario Atenci\u00f3n al Ciudadano\"}]},{\"@type\":\"WebSite\",\"@id\":\"https:\\\/\\\/mula.es\\\/web\\\/#website\",\"url\":\"https:\\\/\\\/mula.es\\\/web\\\/\",\"name\":\"Ayuntamiento de Mula\",\"description\":\"P\u00e1gina web del Ayuntamiento de Mula (Regi\u00f3n de Murcia)\",\"potentialAction\":[{\"@type\":\"SearchAction\",\"target\":{\"@type\":\"EntryPoint\",\"urlTemplate\":\"https:\\\/\\\/mula.es\\\/web\\\/?s={search_term_string}\"},\"query-input\":{\"@type\":\"PropertyValueSpecification\",\"valueRequired\":true,\"valueName\":\"search_term_string\"}}],\"inLanguage\":\"es\"}]}<\/script>\n<!-- \/ Yoast SEO plugin. -->","yoast_head_json":{"title":"Formulario Atenci\u00f3n al Ciudadano - Ayuntamiento de Mula","robots":{"index":"index","follow":"follow","max-snippet":"max-snippet:-1","max-image-preview":"max-image-preview:large","max-video-preview":"max-video-preview:-1"},"canonical":"https:\/\/mula.es\/web\/formulario-atencion-ciudadano\/","og_locale":"es_ES","og_type":"article","og_title":"Formulario Atenci\u00f3n al Ciudadano - Ayuntamiento de Mula","og_url":"https:\/\/mula.es\/web\/formulario-atencion-ciudadano\/","og_site_name":"Ayuntamiento de Mula","article_modified_time":"2024-01-23T13:02:26+00:00","og_image":[{"width":200,"height":218,"url":"https:\/\/mula.es\/web\/wp-content\/uploads\/2020\/06\/escudo-cuadrado-e1591045058235.jpg","type":"image\/jpeg"}],"twitter_card":"summary_large_image","twitter_site":"@AyuntamientMula","twitter_misc":{"Tiempo de lectura":"1 minuto"},"schema":{"@context":"https:\/\/schema.org","@graph":[{"@type":"WebPage","@id":"https:\/\/mula.es\/web\/formulario-atencion-ciudadano\/","url":"https:\/\/mula.es\/web\/formulario-atencion-ciudadano\/","name":"Formulario Atenci\u00f3n al Ciudadano - Ayuntamiento de Mula","isPartOf":{"@id":"https:\/\/mula.es\/web\/#website"},"datePublished":"2020-03-13T08:50:18+00:00","dateModified":"2024-01-23T13:02:26+00:00","breadcrumb":{"@id":"https:\/\/mula.es\/web\/formulario-atencion-ciudadano\/#breadcrumb"},"inLanguage":"es","potentialAction":[{"@type":"ReadAction","target":["https:\/\/mula.es\/web\/formulario-atencion-ciudadano\/"]}]},{"@type":"BreadcrumbList","@id":"https:\/\/mula.es\/web\/formulario-atencion-ciudadano\/#breadcrumb","itemListElement":[{"@type":"ListItem","position":1,"name":"Portada","item":"https:\/\/mula.es\/web\/"},{"@type":"ListItem","position":2,"name":"Formulario Atenci\u00f3n al Ciudadano"}]},{"@type":"WebSite","@id":"https:\/\/mula.es\/web\/#website","url":"https:\/\/mula.es\/web\/","name":"Ayuntamiento de Mula","description":"P\u00e1gina web del Ayuntamiento de Mula (Regi\u00f3n de Murcia)","potentialAction":[{"@type":"SearchAction","target":{"@type":"EntryPoint","urlTemplate":"https:\/\/mula.es\/web\/?s={search_term_string}"},"query-input":{"@type":"PropertyValueSpecification","valueRequired":true,"valueName":"search_term_string"}}],"inLanguage":"es"}]}},"_hostinger_reach_plugin_has_subscription_block":false,"_hostinger_reach_plugin_is_elementor":false,"jetpack_sharing_enabled":true,"jetpack_shortlink":"https:\/\/wp.me\/Pa9DMY-8sR","jetpack-related-posts":[],"_links":{"self":[{"href":"https:\/\/mula.es\/web\/wp-json\/wp\/v2\/pages\/32541","targetHints":{"allow":["GET"]}}],"collection":[{"href":"https:\/\/mula.es\/web\/wp-json\/wp\/v2\/pages"}],"about":[{"href":"https:\/\/mula.es\/web\/wp-json\/wp\/v2\/types\/page"}],"author":[{"embeddable":true,"href":"https:\/\/mula.es\/web\/wp-json\/wp\/v2\/users\/9"}],"replies":[{"embeddable":true,"href":"https:\/\/mula.es\/web\/wp-json\/wp\/v2\/comments?post=32541"}],"version-history":[{"count":13,"href":"https:\/\/mula.es\/web\/wp-json\/wp\/v2\/pages\/32541\/revisions"}],"predecessor-version":[{"id":49909,"href":"https:\/\/mula.es\/web\/wp-json\/wp\/v2\/pages\/32541\/revisions\/49909"}],"wp:attachment":[{"href":"https:\/\/mula.es\/web\/wp-json\/wp\/v2\/media?parent=32541"}],"curies":[{"name":"wp","href":"https:\/\/api.w.org\/{rel}","templated":true}]}}