{"id":36167,"date":"2021-01-15T14:29:19","date_gmt":"2021-01-15T13:29:19","guid":{"rendered":"http:\/\/mula.es\/web\/?page_id=36167"},"modified":"2024-09-13T09:27:02","modified_gmt":"2024-09-13T07:27:02","slug":"encomiendas-de-gestion","status":"publish","type":"page","link":"https:\/\/mula.es\/web\/transparencia\/encomiendas-de-gestion\/","title":{"rendered":"Encomiendas de gesti\u00f3n"},"content":{"rendered":"<div class=\"fusion-fullwidth fullwidth-box fusion-builder-row-1 fusion-flex-container hundred-percent-fullwidth non-hundred-percent-height-scrolling\" style=\"--awb-border-radius-top-left:0px;--awb-border-radius-top-right:0px;--awb-border-radius-bottom-right:0px;--awb-border-radius-bottom-left:0px;--awb-overflow:visible;--awb-flex-wrap:wrap;\" ><div class=\"fusion-builder-row fusion-row fusion-flex-align-items-flex-start fusion-flex-content-wrap\" style=\"width:104% !important;max-width:104% !important;margin-left: calc(-4% \/ 2 );margin-right: calc(-4% \/ 2 );\"><div class=\"fusion-layout-column fusion_builder_column fusion-builder-column-0 fusion_builder_column_1_1 1_1 fusion-flex-column fusion-flex-align-self-flex-start fusion-column-no-min-height\" style=\"--awb-bg-size:cover;--awb-width-large:100%;--awb-margin-top-large:0px;--awb-spacing-right-large:1.92%;--awb-margin-bottom-large:0px;--awb-spacing-left-large:1.92%;--awb-width-medium:100%;--awb-spacing-right-medium:1.92%;--awb-spacing-left-medium:1.92%;--awb-width-small:100%;--awb-spacing-right-small:1.92%;--awb-spacing-left-small:1.92%;\"><div class=\"fusion-column-wrapper fusion-flex-justify-content-flex-start fusion-content-layout-column\"><div class=\"fusion-text fusion-text-1\"><p style=\"text-align: justify;\">\n<\/div><\/div><\/div><div class=\"fusion-layout-column fusion_builder_column fusion-builder-column-1 fusion_builder_column_1_1 1_1 fusion-flex-column\" style=\"--awb-padding-top:20px;--awb-padding-right:20px;--awb-padding-bottom:20px;--awb-padding-left:20px;--awb-bg-size:cover;--awb-width-large:100%;--awb-margin-top-large:0px;--awb-spacing-right-large:1.92%;--awb-margin-bottom-large:20px;--awb-spacing-left-large:1.92%;--awb-width-medium:100%;--awb-spacing-right-medium:1.92%;--awb-spacing-left-medium:1.92%;--awb-width-small:100%;--awb-spacing-right-small:1.92%;--awb-spacing-left-small:1.92%;\"><div class=\"fusion-column-wrapper fusion-flex-justify-content-flex-start fusion-content-layout-column\"><div class=\"fusion-title title fusion-title-1 fusion-title-text fusion-title-size-three\" style=\"--awb-margin-top-small:0px;--awb-margin-right-small:0px;--awb-margin-bottom-small:20px;--awb-margin-left-small:0px;\"><div class=\"title-sep-container title-sep-container-left fusion-no-large-visibility fusion-no-medium-visibility fusion-no-small-visibility\"><div class=\"title-sep sep-double sep-solid\" style=\"border-color:#e0dede;\"><\/div><\/div><span class=\"awb-title-spacer fusion-no-large-visibility fusion-no-medium-visibility fusion-no-small-visibility\"><\/span><h3 class=\"fusion-title-heading title-heading-left\" style=\"margin:0;\"><strong>Encomiendas de gesti\u00f3n<\/strong><\/h3><span class=\"awb-title-spacer\"><\/span><div class=\"title-sep-container title-sep-container-right\"><div class=\"title-sep sep-double sep-solid\" style=\"border-color:#e0dede;\"><\/div><\/div><\/div><div class=\"accordian fusion-accordian\" style=\"--awb-border-size:1px;--awb-icon-size:13px;--awb-content-font-size:15px;--awb-icon-alignment:left;--awb-hover-color:#f9f9f9;--awb-border-color:#cccccc;--awb-background-color:#ffffff;--awb-divider-color:#e0dede;--awb-divider-hover-color:#e0dede;--awb-icon-color:#ffffff;--awb-title-color:#333333;--awb-content-color:#747474;--awb-icon-box-color:#333333;--awb-toggle-hover-accent-color:#e10707;--awb-title-font-family:&quot;Antic Slab&quot;;--awb-title-font-weight:regular;--awb-title-font-style:normal;--awb-title-font-size:15px;--awb-content-font-family:&quot;PT Sans&quot;;--awb-content-font-style:normal;--awb-content-font-weight:400;\"><div class=\"panel-group fusion-toggle-icon-boxed\" id=\"accordion-36167-1\"><div class=\"fusion-panel panel-default panel-1ac61d2f8217adf60 fusion-toggle-has-divider\"><div class=\"panel-heading\"><h4 class=\"panel-title toggle\" id=\"toggle_1ac61d2f8217adf60\"><a aria-expanded=\"false\" aria-controls=\"1ac61d2f8217adf60\" role=\"button\" data-toggle=\"collapse\" data-parent=\"#accordion-36167-1\" data-target=\"#1ac61d2f8217adf60\" href=\"#1ac61d2f8217adf60\"><span class=\"fusion-toggle-icon-wrapper\" aria-hidden=\"true\"><i class=\"fa-fusion-box active-icon awb-icon-minus\" aria-hidden=\"true\"><\/i><i class=\"fa-fusion-box inactive-icon awb-icon-plus\" aria-hidden=\"true\"><\/i><\/span><span class=\"fusion-toggle-heading\">Objeto, presupuesto, duraci\u00f3n, obligaciones econ\u00f3micas y publicaci\u00f3n de las mismas<\/span><\/a><\/h4><\/div><div id=\"1ac61d2f8217adf60\" class=\"panel-collapse collapse \" aria-labelledby=\"toggle_1ac61d2f8217adf60\"><div class=\"panel-body toggle-content fusion-clearfix\">\n<p align=\"justify\">El Ayuntamiento de Mula a fecha 1 de marzo de 2024 tiene firmadas tres encomiendas de gesti\u00f3n:<\/p>\n<p align=\"justify\"><strong>1.- Convenio de colaboraci\u00f3n suscrito en fecha 22 de marzo de 2022 entre la Agencia Tributaria de la Regi\u00f3n de Murcia y el Ayuntamiento de Mula con el objeto de delegar en la Agencia Tributaria de la Regi\u00f3n de Murcia la gesti\u00f3n, liquidaci\u00f3n, inspecci\u00f3n y recaudaci\u00f3n en periodo voluntario y ejecutivo de los tributos, precios p\u00fablicos y otros ingresos de derecho p\u00fablico cuya titularidad corresponda al Ayuntamiento.<\/strong><\/p>\n<ul>\n<li>Enlace al convenio: <a href=\"https:\/\/borm.es\/services\/anuncio\/ano\/2022\/numero\/1946\/pdf?id=802617\">Pdf BORM<\/a> &#8211; <a href=\"https:\/\/borm.es\/services\/anuncio\/ano\/2022\/numero\/1946\/txt?id=802617\">Txt BORM<\/a><\/li>\n<li>Aprobaci\u00f3n Pleno Ayuntamiento de Mula: 27 de mayo de 2021<\/li>\n<li>Duraci\u00f3n: 4 a\u00f1os.<\/li>\n<li>Presupuesto y obligaciones econ\u00f3micas\n<ul>\n<li>Deudas ingresadas en periodo voluntario: 3,5%<\/li>\n<li>Deudas ingresadas en periodo ejecutivo:\n<ul>\n<li>5% del principal cuando el ingreso se produzca antes de la notificaci\u00f3n de apremio.<\/li>\n<li>10% del principal cuando el ingreso se produzca dentro del plazo establecido en la notificaci\u00f3n de la providencia de apremio<\/li>\n<li>15% del principal cuando el ingreso se produzca despu\u00e9s del plazo establecido en la notificaci\u00f3n de la providencia de apremio.<\/li>\n<\/ul>\n<\/li>\n<li>Deudas provenientes de actas de inspecci\u00f3n y expedientes sancionadores: 20%<\/li>\n<\/ul>\n<\/li>\n<\/ul>\n<p><strong>1. -Adenda. Convenio de colaboraci\u00f3n tributaria entre la Agencia Tributaria de la Regi\u00f3n de Murcia y el Ayuntamiento de Mula de 22 de marzo de 2022. Adenda de 14 de febrero de 2024.<\/strong><\/p>\n<ul>\n<li>Enlace a la adenda al convenio: <a href=\"https:\/\/borm.es\/services\/anuncio\/ano\/2024\/numero\/1023\/pdf?id=825007\">Pdf BORM<\/a> &#8211; <a href=\"https:\/\/borm.es\/services\/anuncio\/ano\/2024\/numero\/1023\/txt?id=825007\">Txt BORM<\/a><\/li>\n<li>Objeto: delegaci\u00f3n del Ayuntamiento en la Agencia el ejercicio de la potestad sancionadora en materia de tr\u00e1fico, conforme con lo previsto en el art\u00edculo 84 Texto Refundido de la Ley sobre Tr\u00e1fico, Circulaci\u00f3n de Veh\u00edculos a Motor y Seguridad Vial, aprobado por Real Decreto Legislativo 6\/2015, de 30 de octubre, y sus reglamentos de desarrollo<\/li>\n<li>Aprobaci\u00f3n Pleno Ayuntamiento de Mula: 30 de noviembre de 2023<\/li>\n<\/ul>\n<p align=\"justify\"><strong>2.- Encomienda de gesti\u00f3n que el Ayuntamiento de Mula realiza a la F\u00e1brica Nacional de Moneda y Timbre &#8211; Real Casa de la Moneda, para la ejecuci\u00f3n de actividades de car\u00e1cter material y t\u00e9cnico con el fin de extender de los servicios p\u00fablicos electr\u00f3nicos, en particular expedici\u00f3n de certificados electr\u00f3nicos de empleado p\u00fablico y seud\u00f3nimo y un certificado de sello electr\u00f3nico de Administraci\u00f3n P\u00fablica.<\/strong><\/p>\n<ul>\n<li>Enlace a la encomienda: <a href=\"https:\/\/mula.es\/web\/wp-content\/uploads\/2021\/09\/Encomienda_Gestion_Ayuntamiento_de_Mula_EP-seudonimo_y_Sello_electronico_47439_8500_1.pdf\">Pdf<\/a> &#8211; <a href=\"https:\/\/mula.es\/web\/wp-content\/uploads\/2022\/05\/ENCOMIENDAGESTIONAYUNTAMIENTODEMULAEPSEUDONIMOYSELLOELECTRONICO_8818405018701755.txt\">Txt<\/a><\/li>\n<li>Aprobaci\u00f3n Pleno Ayuntamiento de Mula: 29 de abril de 2021<\/li>\n<li>Duraci\u00f3n: 4 a\u00f1os; desde el 4 de mayo de 2021 hasta el 3 de mayo de 2025.<\/li>\n<li>Presupuesto y obligaciones econ\u00f3micas: 696,00\u20ac anuales.<\/li>\n<\/ul>\n<p align=\"justify\"><strong>3. Encomienda de gesti\u00f3n entre la Sociedad Estatal Correos y Tel\u00e9grafos S.A. y el Ayuntamiento de Mula para la instalaci\u00f3n, gesti\u00f3n y mantenimiento de cajero autom\u00e1tico en Y\u00e9char.<\/strong><\/p>\n<ul>\n<li>Enlace a la encomienda: <a href=\"https:\/\/mula.es\/web\/wp-content\/uploads\/2022\/06\/ContratoCorreos_-CajeroYechar.pdf\">Pdf<\/a> \u2013 <a href=\"https:\/\/mula.es\/web\/wp-content\/uploads\/2022\/06\/ContratoCorreos_-CajeroYechar.txt\">Txt<\/a><\/li>\n<li>Publicaci\u00f3n BORM: <a href=\"https:\/\/borm.es\/services\/anuncio\/ano\/2022\/numero\/3462\/pdf?id=808726\">Pdf<\/a> &#8211;\u00a0<a href=\"https:\/\/borm.es\/services\/anuncio\/ano\/2022\/numero\/3462\/txt?id=808726\">Txt<\/a><\/li>\n<li>Aprobaci\u00f3n Pleno Ayuntamiento de Mula: 28 de febrero de 2022<\/li>\n<li>Duraci\u00f3n: 5 a\u00f1os prorrogable; desde el 10 de junio de 2021 hasta el 9 de junio de 2025<\/li>\n<li>Presupuesto y obligaciones econ\u00f3micas: 9000\u20ac anuales.<\/li>\n<\/ul>\n<hr \/>\n<ul>\n<li><a href=\"https:\/\/mula.es\/web\/wp-content\/uploads\/2024\/03\/Portal-de-la-Transparencia-encomiendas-de-gestion-2024.pdf\">Pdf<\/a><\/li>\n<li><a href=\"https:\/\/mula.es\/web\/wp-content\/uploads\/2024\/03\/Portal-de-la-Transparencia-encomiendas-de-gestion-2024.odt\">OpenOffice (Odt)<\/a><\/li>\n<\/ul>\n<p>Fecha de la informaci\u00f3n: <strong>1 de marzo de 2024<\/strong><\/p>\n<\/div><\/div><\/div><div class=\"fusion-panel panel-default panel-9c8c0e96399f50d64 fusion-toggle-has-divider\"><div class=\"panel-heading\"><h4 class=\"panel-title toggle\" id=\"toggle_9c8c0e96399f50d64\"><a aria-expanded=\"false\" aria-controls=\"9c8c0e96399f50d64\" role=\"button\" data-toggle=\"collapse\" data-parent=\"#accordion-36167-1\" data-target=\"#9c8c0e96399f50d64\" href=\"#9c8c0e96399f50d64\"><span class=\"fusion-toggle-icon-wrapper\" aria-hidden=\"true\"><i class=\"fa-fusion-box active-icon awb-icon-minus\" aria-hidden=\"true\"><\/i><i class=\"fa-fusion-box inactive-icon awb-icon-plus\" aria-hidden=\"true\"><\/i><\/span><span class=\"fusion-toggle-heading\">Subcontrataciones que se realicen con menci\u00f3n de los adjudicatarios, procedimiento seguido para la adjudicaci\u00f3n e importe de la mismas<\/span><\/a><\/h4><\/div><div id=\"9c8c0e96399f50d64\" class=\"panel-collapse collapse \" aria-labelledby=\"toggle_9c8c0e96399f50d64\"><div class=\"panel-body toggle-content fusion-clearfix\">\n<p>No se ha realizado ninguna subcontrataci\u00f3n con entidad alguna.<\/p>\n<ul>\n<li><a href=\"https:\/\/mula.es\/web\/wp-content\/uploads\/2021\/09\/Portal-de-la-Transparencia-subcontrataciones-encomiendas-gestion.pdf\">Pdf<\/a><\/li>\n<li><a href=\"https:\/\/mula.es\/web\/wp-content\/uploads\/2021\/09\/Portal-de-la-Transparencia-subcontrataciones-encomiendas-gestion.odt\">OpenOffice (Odt)<\/a><\/li>\n<\/ul>\n<hr \/>\n<p>Fecha de la informaci\u00f3n: <strong>31 de enero de 2024<\/strong><\/p>\n<\/div><\/div><\/div><div class=\"fusion-panel panel-default panel-cc08af80e80b3843f fusion-toggle-has-divider\"><div class=\"panel-heading\"><h4 class=\"panel-title toggle\" id=\"toggle_cc08af80e80b3843f\"><a aria-expanded=\"false\" aria-controls=\"cc08af80e80b3843f\" role=\"button\" data-toggle=\"collapse\" data-parent=\"#accordion-36167-1\" data-target=\"#cc08af80e80b3843f\" href=\"#cc08af80e80b3843f\"><span class=\"fusion-toggle-icon-wrapper\" aria-hidden=\"true\"><i class=\"fa-fusion-box active-icon awb-icon-minus\" aria-hidden=\"true\"><\/i><i class=\"fa-fusion-box inactive-icon awb-icon-plus\" aria-hidden=\"true\"><\/i><\/span><span class=\"fusion-toggle-heading\">Informes peri\u00f3dicos de seguimiento y evaluaci\u00f3n<\/span><\/a><\/h4><\/div><div id=\"cc08af80e80b3843f\" class=\"panel-collapse collapse \" aria-labelledby=\"toggle_cc08af80e80b3843f\"><div class=\"panel-body toggle-content fusion-clearfix\">\n<p>No se dispone de ning\u00fan informe peri\u00f3dico de seguimiento ni evaluaci\u00f3n, pero se mantiene contacto permanente con la Agencia Tributaria de la Regi\u00f3n de Murcia.<\/p>\n<ul>\n<li><a href=\"https:\/\/mula.es\/web\/wp-content\/uploads\/2021\/09\/Portal-de-la-Transparencia-subcontrataciones-encomiendas-gestion.pdf\">Pdf<\/a><\/li>\n<li><a href=\"https:\/\/mula.es\/web\/wp-content\/uploads\/2021\/09\/Portal-de-la-Transparencia-subcontrataciones-encomiendas-gestion.odt\">OpenOffice (Odt)<\/a><\/li>\n<\/ul>\n<hr \/>\n<p>Fecha de la informaci\u00f3n: <strong>1 de marzo de 2024<\/strong><\/p>\n<\/div><\/div><\/div><\/div><\/div><div class=\"fusion-text fusion-text-2\"><\/div><\/div><\/div><div class=\"fusion-layout-column fusion_builder_column fusion-builder-column-2 fusion_builder_column_1_2 1_2 fusion-flex-column\" style=\"--awb-bg-size:cover;--awb-width-large:50%;--awb-margin-top-large:0px;--awb-spacing-right-large:3.84%;--awb-margin-bottom-large:20px;--awb-spacing-left-large:3.84%;--awb-width-medium:50%;--awb-spacing-right-medium:3.84%;--awb-spacing-left-medium:3.84%;--awb-width-small:100%;--awb-spacing-right-small:1.92%;--awb-spacing-left-small:1.92%;\"><div class=\"fusion-column-wrapper fusion-flex-justify-content-flex-start fusion-content-layout-column\"><div class=\"fusion-title title fusion-title-2 fusion-title-text fusion-title-size-four\" style=\"--awb-margin-top-small:0px;--awb-margin-right-small:0px;--awb-margin-bottom-small:20px;--awb-margin-left-small:0px;\"><div class=\"title-sep-container title-sep-container-left fusion-no-large-visibility fusion-no-medium-visibility fusion-no-small-visibility\"><div class=\"title-sep sep-double sep-solid\" style=\"border-color:#e0dede;\"><\/div><\/div><span class=\"awb-title-spacer fusion-no-large-visibility fusion-no-medium-visibility fusion-no-small-visibility\"><\/span><h4 class=\"fusion-title-heading title-heading-left\" style=\"margin:0;\"><span style=\"color: #000000;\">Descarga de datos<\/span><\/h4><span class=\"awb-title-spacer\"><\/span><div class=\"title-sep-container title-sep-container-right\"><div class=\"title-sep sep-double sep-solid\" style=\"border-color:#e0dede;\"><\/div><\/div><\/div><div class=\"fusion-text fusion-text-3\"><ul>\n<li><a href=\"https:\/\/mula.es\/web\/wp-content\/uploads\/2024\/03\/Portal-de-la-Transparencia-encomiendas-de-gestion-2024.pdf\">Pdf<\/a><\/li>\n<li><a href=\"https:\/\/mula.es\/web\/wp-content\/uploads\/2024\/03\/Portal-de-la-Transparencia-encomiendas-de-gestion-2024.odt\">OpenOffice (Odt)<\/a><\/li>\n<\/ul>\n<\/div><\/div><\/div><div class=\"fusion-layout-column fusion_builder_column fusion-builder-column-3 fusion_builder_column_1_2 1_2 fusion-flex-column\" style=\"--awb-bg-size:cover;--awb-width-large:50%;--awb-margin-top-large:0px;--awb-spacing-right-large:3.84%;--awb-margin-bottom-large:-10px;--awb-spacing-left-large:3.84%;--awb-width-medium:50%;--awb-spacing-right-medium:3.84%;--awb-spacing-left-medium:3.84%;--awb-width-small:100%;--awb-spacing-right-small:1.92%;--awb-spacing-left-small:1.92%;\"><div class=\"fusion-column-wrapper fusion-flex-justify-content-flex-start fusion-content-layout-column\"><div class=\"fusion-title title fusion-title-3 fusion-title-text fusion-title-size-four\" style=\"--awb-margin-top-small:0px;--awb-margin-right-small:0px;--awb-margin-bottom-small:20px;--awb-margin-left-small:0px;\"><div class=\"title-sep-container title-sep-container-left fusion-no-large-visibility fusion-no-medium-visibility fusion-no-small-visibility\"><div class=\"title-sep sep-double sep-solid\" style=\"border-color:#e0dede;\"><\/div><\/div><span class=\"awb-title-spacer fusion-no-large-visibility fusion-no-medium-visibility fusion-no-small-visibility\"><\/span><h4 class=\"fusion-title-heading title-heading-left\" style=\"margin:0;\"><span style=\"color: #000000;\">Nota de alcance<\/span><\/h4><span class=\"awb-title-spacer\"><\/span><div class=\"title-sep-container title-sep-container-right\"><div class=\"title-sep sep-double sep-solid\" style=\"border-color:#e0dede;\"><\/div><\/div><\/div><div class=\"fusion-text fusion-text-4\"><ul>\n<li><strong>Fuente principal de datos:<\/strong> Secretaria y Tesorer\u00eda del Ayuntamiento de Mula<\/li>\n<li><strong>Periodicidad:<\/strong> Trimestral<\/li>\n<li><strong>\u00daltima revisi\u00f3n:<\/strong> 31 de enero de 2024<\/li>\n<\/ul>\n<\/div><\/div><\/div><div class=\"fusion-layout-column fusion_builder_column fusion-builder-column-4 fusion_builder_column_1_1 1_1 fusion-flex-column\" style=\"--awb-bg-size:cover;--awb-width-large:100%;--awb-margin-top-large:0px;--awb-spacing-right-large:1.92%;--awb-margin-bottom-large:20px;--awb-spacing-left-large:1.92%;--awb-width-medium:100%;--awb-spacing-right-medium:1.92%;--awb-spacing-left-medium:1.92%;--awb-width-small:100%;--awb-spacing-right-small:1.92%;--awb-spacing-left-small:1.92%;\"><div class=\"fusion-column-wrapper fusion-flex-justify-content-flex-start fusion-content-layout-column\"><div class=\"fusion-title title fusion-title-4 fusion-title-text fusion-title-size-four\" style=\"--awb-margin-top-small:0px;--awb-margin-right-small:0px;--awb-margin-bottom-small:20px;--awb-margin-left-small:0px;\"><div class=\"title-sep-container title-sep-container-left fusion-no-large-visibility fusion-no-medium-visibility fusion-no-small-visibility\"><div class=\"title-sep sep-double sep-solid\" style=\"border-color:#e0dede;\"><\/div><\/div><span class=\"awb-title-spacer fusion-no-large-visibility fusion-no-medium-visibility fusion-no-small-visibility\"><\/span><h4 class=\"fusion-title-heading title-heading-left\" style=\"margin:0;\"><span style=\"color: #000000;\">Mejora de los datos<\/span><\/h4><span class=\"awb-title-spacer\"><\/span><div class=\"title-sep-container title-sep-container-right\"><div class=\"title-sep sep-double sep-solid\" style=\"border-color:#e0dede;\"><\/div><\/div><\/div><div class=\"fusion-text fusion-text-5\"><p>Si detecta cualquier error en los datos de esta p\u00e1gina, o considera que deben ser completados o mejorados, por favor comun\u00edquelo al Ayuntamiento de Mula a trav\u00e9s de nuestro <a href=\"https:\/\/mula.es\/web\/sugerencias\/\">formulario de contacto<\/a>.<\/p>\n<\/div><\/div><\/div><\/div><\/div>\n","protected":false},"excerpt":{"rendered":"","protected":false},"author":9,"featured_media":0,"parent":36059,"menu_order":0,"comment_status":"closed","ping_status":"closed","template":"","meta":{"jetpack_post_was_ever_published":false,"footnotes":""},"class_list":["post-36167","page","type-page","status-publish","hentry"],"yoast_head":"<!-- This site is optimized with the Yoast SEO plugin v27.4 - https:\/\/yoast.com\/product\/yoast-seo-wordpress\/ -->\n<title>Encomiendas de gesti\u00f3n - Ayuntamiento de Mula<\/title>\n<meta name=\"robots\" content=\"index, follow, max-snippet:-1, max-image-preview:large, max-video-preview:-1\" \/>\n<link rel=\"canonical\" href=\"https:\/\/mula.es\/web\/transparencia\/encomiendas-de-gestion\/\" \/>\n<meta property=\"og:locale\" content=\"es_ES\" \/>\n<meta property=\"og:type\" content=\"article\" \/>\n<meta property=\"og:title\" content=\"Encomiendas de gesti\u00f3n - Ayuntamiento de Mula\" \/>\n<meta property=\"og:url\" content=\"https:\/\/mula.es\/web\/transparencia\/encomiendas-de-gestion\/\" \/>\n<meta property=\"og:site_name\" content=\"Ayuntamiento de Mula\" \/>\n<meta property=\"article:modified_time\" content=\"2024-09-13T07:27:02+00:00\" \/>\n<meta property=\"og:image\" content=\"https:\/\/mula.es\/web\/wp-content\/uploads\/2020\/06\/escudo-cuadrado-e1591045058235.jpg\" \/>\n\t<meta property=\"og:image:width\" content=\"200\" \/>\n\t<meta property=\"og:image:height\" content=\"218\" \/>\n\t<meta property=\"og:image:type\" content=\"image\/jpeg\" \/>\n<meta name=\"twitter:card\" content=\"summary_large_image\" \/>\n<meta name=\"twitter:site\" content=\"@AyuntamientMula\" \/>\n<meta name=\"twitter:label1\" content=\"Tiempo de lectura\" \/>\n\t<meta name=\"twitter:data1\" content=\"3 minutos\" \/>\n<script type=\"application\/ld+json\" class=\"yoast-schema-graph\">{\"@context\":\"https:\\\/\\\/schema.org\",\"@graph\":[{\"@type\":\"WebPage\",\"@id\":\"https:\\\/\\\/mula.es\\\/web\\\/transparencia\\\/encomiendas-de-gestion\\\/\",\"url\":\"https:\\\/\\\/mula.es\\\/web\\\/transparencia\\\/encomiendas-de-gestion\\\/\",\"name\":\"Encomiendas de gesti\u00f3n - Ayuntamiento de Mula\",\"isPartOf\":{\"@id\":\"https:\\\/\\\/mula.es\\\/web\\\/#website\"},\"datePublished\":\"2021-01-15T13:29:19+00:00\",\"dateModified\":\"2024-09-13T07:27:02+00:00\",\"breadcrumb\":{\"@id\":\"https:\\\/\\\/mula.es\\\/web\\\/transparencia\\\/encomiendas-de-gestion\\\/#breadcrumb\"},\"inLanguage\":\"es\",\"potentialAction\":[{\"@type\":\"ReadAction\",\"target\":[\"https:\\\/\\\/mula.es\\\/web\\\/transparencia\\\/encomiendas-de-gestion\\\/\"]}]},{\"@type\":\"BreadcrumbList\",\"@id\":\"https:\\\/\\\/mula.es\\\/web\\\/transparencia\\\/encomiendas-de-gestion\\\/#breadcrumb\",\"itemListElement\":[{\"@type\":\"ListItem\",\"position\":1,\"name\":\"Portada\",\"item\":\"https:\\\/\\\/mula.es\\\/web\\\/\"},{\"@type\":\"ListItem\",\"position\":2,\"name\":\"Portal de la Transparencia\",\"item\":\"https:\\\/\\\/mula.es\\\/web\\\/transparencia\\\/\"},{\"@type\":\"ListItem\",\"position\":3,\"name\":\"Encomiendas de gesti\u00f3n\"}]},{\"@type\":\"WebSite\",\"@id\":\"https:\\\/\\\/mula.es\\\/web\\\/#website\",\"url\":\"https:\\\/\\\/mula.es\\\/web\\\/\",\"name\":\"Ayuntamiento de Mula\",\"description\":\"P\u00e1gina web del Ayuntamiento de Mula (Regi\u00f3n de Murcia)\",\"potentialAction\":[{\"@type\":\"SearchAction\",\"target\":{\"@type\":\"EntryPoint\",\"urlTemplate\":\"https:\\\/\\\/mula.es\\\/web\\\/?s={search_term_string}\"},\"query-input\":{\"@type\":\"PropertyValueSpecification\",\"valueRequired\":true,\"valueName\":\"search_term_string\"}}],\"inLanguage\":\"es\"}]}<\/script>\n<!-- \/ Yoast SEO plugin. -->","yoast_head_json":{"title":"Encomiendas de gesti\u00f3n - Ayuntamiento de Mula","robots":{"index":"index","follow":"follow","max-snippet":"max-snippet:-1","max-image-preview":"max-image-preview:large","max-video-preview":"max-video-preview:-1"},"canonical":"https:\/\/mula.es\/web\/transparencia\/encomiendas-de-gestion\/","og_locale":"es_ES","og_type":"article","og_title":"Encomiendas de gesti\u00f3n - Ayuntamiento de Mula","og_url":"https:\/\/mula.es\/web\/transparencia\/encomiendas-de-gestion\/","og_site_name":"Ayuntamiento de Mula","article_modified_time":"2024-09-13T07:27:02+00:00","og_image":[{"width":200,"height":218,"url":"https:\/\/mula.es\/web\/wp-content\/uploads\/2020\/06\/escudo-cuadrado-e1591045058235.jpg","type":"image\/jpeg"}],"twitter_card":"summary_large_image","twitter_site":"@AyuntamientMula","twitter_misc":{"Tiempo de lectura":"3 minutos"},"schema":{"@context":"https:\/\/schema.org","@graph":[{"@type":"WebPage","@id":"https:\/\/mula.es\/web\/transparencia\/encomiendas-de-gestion\/","url":"https:\/\/mula.es\/web\/transparencia\/encomiendas-de-gestion\/","name":"Encomiendas de gesti\u00f3n - Ayuntamiento de Mula","isPartOf":{"@id":"https:\/\/mula.es\/web\/#website"},"datePublished":"2021-01-15T13:29:19+00:00","dateModified":"2024-09-13T07:27:02+00:00","breadcrumb":{"@id":"https:\/\/mula.es\/web\/transparencia\/encomiendas-de-gestion\/#breadcrumb"},"inLanguage":"es","potentialAction":[{"@type":"ReadAction","target":["https:\/\/mula.es\/web\/transparencia\/encomiendas-de-gestion\/"]}]},{"@type":"BreadcrumbList","@id":"https:\/\/mula.es\/web\/transparencia\/encomiendas-de-gestion\/#breadcrumb","itemListElement":[{"@type":"ListItem","position":1,"name":"Portada","item":"https:\/\/mula.es\/web\/"},{"@type":"ListItem","position":2,"name":"Portal de la Transparencia","item":"https:\/\/mula.es\/web\/transparencia\/"},{"@type":"ListItem","position":3,"name":"Encomiendas de gesti\u00f3n"}]},{"@type":"WebSite","@id":"https:\/\/mula.es\/web\/#website","url":"https:\/\/mula.es\/web\/","name":"Ayuntamiento de Mula","description":"P\u00e1gina web del Ayuntamiento de Mula (Regi\u00f3n de Murcia)","potentialAction":[{"@type":"SearchAction","target":{"@type":"EntryPoint","urlTemplate":"https:\/\/mula.es\/web\/?s={search_term_string}"},"query-input":{"@type":"PropertyValueSpecification","valueRequired":true,"valueName":"search_term_string"}}],"inLanguage":"es"}]}},"_hostinger_reach_plugin_has_subscription_block":false,"_hostinger_reach_plugin_is_elementor":false,"jetpack_sharing_enabled":true,"jetpack_shortlink":"https:\/\/wp.me\/Pa9DMY-9pl","jetpack-related-posts":[],"_links":{"self":[{"href":"https:\/\/mula.es\/web\/wp-json\/wp\/v2\/pages\/36167","targetHints":{"allow":["GET"]}}],"collection":[{"href":"https:\/\/mula.es\/web\/wp-json\/wp\/v2\/pages"}],"about":[{"href":"https:\/\/mula.es\/web\/wp-json\/wp\/v2\/types\/page"}],"author":[{"embeddable":true,"href":"https:\/\/mula.es\/web\/wp-json\/wp\/v2\/users\/9"}],"replies":[{"embeddable":true,"href":"https:\/\/mula.es\/web\/wp-json\/wp\/v2\/comments?post=36167"}],"version-history":[{"count":30,"href":"https:\/\/mula.es\/web\/wp-json\/wp\/v2\/pages\/36167\/revisions"}],"predecessor-version":[{"id":55298,"href":"https:\/\/mula.es\/web\/wp-json\/wp\/v2\/pages\/36167\/revisions\/55298"}],"up":[{"embeddable":true,"href":"https:\/\/mula.es\/web\/wp-json\/wp\/v2\/pages\/36059"}],"wp:attachment":[{"href":"https:\/\/mula.es\/web\/wp-json\/wp\/v2\/media?parent=36167"}],"curies":[{"name":"wp","href":"https:\/\/api.w.org\/{rel}","templated":true}]}}