{"id":36210,"date":"2021-01-18T13:02:34","date_gmt":"2021-01-18T12:02:34","guid":{"rendered":"http:\/\/mula.es\/web\/?page_id=36210"},"modified":"2022-05-09T13:12:29","modified_gmt":"2022-05-09T11:12:29","slug":"plan-local-de-la-infancia-y-la-adolescencia-reconocimiento-ciudades-amigas-de-la-infancia","status":"publish","type":"page","link":"https:\/\/mula.es\/web\/programas-recursos-y-noticias-sobre-la-infancia-y-la-familia\/plan-local-de-la-infancia-y-la-adolescencia-reconocimiento-ciudades-amigas-de-la-infancia\/","title":{"rendered":"Plan Local de la Infancia y la Adolescencia &#8211; Reconocimiento Ciudades Amigas de la Infancia"},"content":{"rendered":"<p><div class=\"fusion-fullwidth fullwidth-box fusion-builder-row-1 fusion-flex-container nonhundred-percent-fullwidth non-hundred-percent-height-scrolling\" style=\"--awb-border-radius-top-left:0px;--awb-border-radius-top-right:0px;--awb-border-radius-bottom-right:0px;--awb-border-radius-bottom-left:0px;--awb-flex-wrap:wrap;\" ><div class=\"fusion-builder-row fusion-row fusion-flex-align-items-flex-start fusion-flex-content-wrap\" style=\"max-width:1144px;margin-left: calc(-4% \/ 2 );margin-right: calc(-4% \/ 2 );\"><div class=\"fusion-layout-column fusion_builder_column fusion-builder-column-0 fusion_builder_column_1_1 1_1 fusion-flex-column\" style=\"--awb-bg-size:cover;--awb-width-large:100%;--awb-margin-top-large:0px;--awb-spacing-right-large:1.92%;--awb-margin-bottom-large:0px;--awb-spacing-left-large:1.92%;--awb-width-medium:100%;--awb-spacing-right-medium:1.92%;--awb-spacing-left-medium:1.92%;--awb-width-small:100%;--awb-spacing-right-small:1.92%;--awb-spacing-left-small:1.92%;\"><div class=\"fusion-column-wrapper fusion-flex-justify-content-flex-start fusion-content-layout-column\"><div class=\"fusion-text fusion-text-1\"><p style=\"text-align: justify;\">La iniciativa Ciudades Amigas de la Infancia, liderada por UNICEF Comit\u00e9 Espa\u00f1ol, tiene como objetivo general promover la aplicaci\u00f3n de la Convenci\u00f3n sobre los Derechos del Ni\u00f1o (ONU, 1989), ratificada por nuestro pa\u00eds en 1990, en el \u00e1mbito de los Gobiernos Locales.<\/p>\n<p style=\"text-align: justify;\">Desde el Ayuntamiento de Mula estamos comprometidos con el cumplimiento de los derechos de las ni\u00f1as, ni\u00f1os y adolescentes de acuerdo a la Convenci\u00f3n sobre los Derechos del ni\u00f1o ya que la Infancia y adolescencia es el colectivo m\u00e1s vulnerable, debido a su incapacidad para protegerse; por este motivo los poderes p\u00fablicos son los encargados, entre otros (familia, colegios, sociedad, etc) de fomentar pol\u00edticas locales que propicien actuaciones adecuadas a las necesidades de este colectivo.<\/p>\n<p style=\"text-align: justify;\">Por todo ello, el Pleno en sesi\u00f3n de veintiuno de diciembre de dos mil veinte, ha aprobado el Plan Local de Infancia y Adolescencia de Mula (PLIAM) para as\u00ed optar al reconocimiento de UNICEF para que Mula sea distinguida como Ciudad Amiga de la Infancia.<\/p>\n<ul>\n<li><a href=\"https:\/\/mula.es\/web\/wp-content\/uploads\/2021\/01\/CERTIFICADOACUERDOPLANLOCALINFANCIAYADOLESCENCIADEMULA_csv_8107393362550851.pdf\">Certificado de Pleno<\/a><\/li>\n<li><a href=\"https:\/\/mula.es\/web\/wp-content\/uploads\/2021\/01\/DIAGN\u00d3STICO.pdf\">Diagn\u00f3stico<\/a><\/li>\n<li><a href=\"https:\/\/mula.es\/web\/wp-content\/uploads\/2021\/01\/PLAN-LOCAL-DE-LA-INFANCIA-Y-ADOLESCENCIA-DE-MULA.pdf\">Plan Local de la Infancia y Adolescencia<\/a><\/li>\n<\/ul>\n<\/div><\/div><\/div><\/div><\/div><div class=\"fusion-fullwidth fullwidth-box fusion-builder-row-2 fusion-flex-container nonhundred-percent-fullwidth non-hundred-percent-height-scrolling\" style=\"--awb-border-radius-top-left:0px;--awb-border-radius-top-right:0px;--awb-border-radius-bottom-right:0px;--awb-border-radius-bottom-left:0px;--awb-flex-wrap:wrap;\" ><div class=\"fusion-builder-row fusion-row fusion-flex-align-items-flex-start fusion-flex-content-wrap\" style=\"max-width:1144px;margin-left: calc(-4% \/ 2 );margin-right: calc(-4% \/ 2 );\"><div class=\"fusion-layout-column fusion_builder_column fusion-builder-column-1 fusion_builder_column_1_1 1_1 fusion-flex-column\" style=\"--awb-bg-size:cover;--awb-width-large:100%;--awb-margin-top-large:0px;--awb-spacing-right-large:1.92%;--awb-margin-bottom-large:20px;--awb-spacing-left-large:1.92%;--awb-width-medium:100%;--awb-order-medium:0;--awb-spacing-right-medium:1.92%;--awb-spacing-left-medium:1.92%;--awb-width-small:100%;--awb-order-small:0;--awb-spacing-right-small:1.92%;--awb-spacing-left-small:1.92%;\"><div class=\"fusion-column-wrapper fusion-column-has-shadow fusion-flex-justify-content-flex-start fusion-content-layout-column\"><\/div><\/div><\/div><\/div><div class=\"fusion-fullwidth fullwidth-box fusion-builder-row-3 fusion-flex-container nonhundred-percent-fullwidth non-hundred-percent-height-scrolling\" style=\"--awb-border-radius-top-left:0px;--awb-border-radius-top-right:0px;--awb-border-radius-bottom-right:0px;--awb-border-radius-bottom-left:0px;--awb-flex-wrap:wrap;\" ><div class=\"fusion-builder-row fusion-row fusion-flex-align-items-flex-start fusion-flex-content-wrap\" style=\"max-width:1144px;margin-left: calc(-4% \/ 2 );margin-right: calc(-4% \/ 2 );\"><div class=\"fusion-layout-column fusion_builder_column fusion-builder-column-2 fusion_builder_column_1_1 1_1 fusion-flex-column\" style=\"--awb-bg-size:cover;--awb-width-large:100%;--awb-margin-top-large:0px;--awb-spacing-right-large:1.92%;--awb-margin-bottom-large:20px;--awb-spacing-left-large:1.92%;--awb-width-medium:100%;--awb-order-medium:0;--awb-spacing-right-medium:1.92%;--awb-spacing-left-medium:1.92%;--awb-width-small:100%;--awb-order-small:0;--awb-spacing-right-small:1.92%;--awb-spacing-left-small:1.92%;\"><div class=\"fusion-column-wrapper fusion-column-has-shadow fusion-flex-justify-content-flex-start fusion-content-layout-column\"><div class=\"fusion-recent-posts fusion-recent-posts-1 avada-container layout-default layout-columns-4\"><section class=\"fusion-columns columns fusion-columns-4 columns-4\"><article class=\"post fusion-column column col col-lg-3 col-md-3 col-sm-3\"><div class=\"fusion-flexslider fusion-flexslider-loading flexslider flexslider-hover-type-none\"><ul class=\"slides\"><li><a href=\"https:\/\/mula.es\/web\/educacion-abierto-el-plazo-para-solicitar-plaza-en-la-e-m-e-i-la-casita-del-27-de-febrero-al-18-de-marzo\/\" aria-label=\"EDUCACI\u00d3N | Abierto el plazo para solicitar plaza en la E.M.E.I. \u201cLa Casita\u201d del 27 de febrero al 18 de marzo\" class=\"hover-type-none\"><img decoding=\"async\" width=\"700\" height=\"441\" src=\"https:\/\/mula.es\/web\/wp-content\/uploads\/2020\/06\/escudo-cuadrado-700x441.jpg\" class=\"attachment-recent-posts size-recent-posts\" alt=\"\" srcset=\"https:\/\/mula.es\/web\/wp-content\/uploads\/2020\/06\/escudo-cuadrado-320x202.jpg 320w, https:\/\/mula.es\/web\/wp-content\/uploads\/2020\/06\/escudo-cuadrado-700x441.jpg 700w\" sizes=\"(max-width: 700px) 100vw, 700px\" data-attachment-id=\"33512\" data-permalink=\"https:\/\/mula.es\/web\/escudo-cuadrado\/\" data-orig-file=\"https:\/\/mula.es\/web\/wp-content\/uploads\/2020\/06\/escudo-cuadrado-e1591045058235.jpg\" data-orig-size=\"200,218\" data-comments-opened=\"0\" data-image-meta=\"{&quot;aperture&quot;:&quot;0&quot;,&quot;credit&quot;:&quot;&quot;,&quot;camera&quot;:&quot;&quot;,&quot;caption&quot;:&quot;&quot;,&quot;created_timestamp&quot;:&quot;0&quot;,&quot;copyright&quot;:&quot;&quot;,&quot;focal_length&quot;:&quot;0&quot;,&quot;iso&quot;:&quot;0&quot;,&quot;shutter_speed&quot;:&quot;0&quot;,&quot;title&quot;:&quot;&quot;,&quot;orientation&quot;:&quot;0&quot;}\" data-image-title=\"Escudo Ayuntamiento de Mula\" data-image-description=\"\" data-image-caption=\"\" data-large-file=\"https:\/\/mula.es\/web\/wp-content\/uploads\/2020\/06\/escudo-cuadrado-e1591045058235.jpg\" \/><\/a><\/li><\/ul><\/div><div class=\"recent-posts-content\"><span class=\"vcard\" style=\"display: none;\"><span class=\"fn\"><a href=\"https:\/\/mula.es\/web\/author\/lsalas\/\" title=\"Entradas de Laura Salas Orcajada\" rel=\"author\">Laura Salas Orcajada<\/a><\/span><\/span><span class=\"updated\" style=\"display:none;\">2026-03-03T08:41:44+01:00<\/span><h4 class=\"entry-title\"><a href=\"https:\/\/mula.es\/web\/educacion-abierto-el-plazo-para-solicitar-plaza-en-la-e-m-e-i-la-casita-del-27-de-febrero-al-18-de-marzo\/\">EDUCACI\u00d3N | Abierto el plazo para solicitar plaza en la E.M.E.I. \u201cLa Casita\u201d del 27 de febrero al 18 de marzo<\/a><\/h4><p class=\"meta\"><span class=\"vcard\" style=\"display: none;\"><span class=\"fn\"><a href=\"https:\/\/mula.es\/web\/author\/lsalas\/\" title=\"Entradas de Laura Salas Orcajada\" rel=\"author\">Laura Salas Orcajada<\/a><\/span><\/span><span class=\"updated\" style=\"display:none;\">2026-03-03T08:41:44+01:00<\/span><span>jueves, 26 febrero 2026<\/span><span class=\"fusion-inline-sep\">|<\/span><\/p><\/div><\/article><article class=\"post fusion-column column col col-lg-3 col-md-3 col-sm-3\"><div class=\"fusion-flexslider fusion-flexslider-loading flexslider flexslider-hover-type-none\"><ul class=\"slides\"><li><a href=\"https:\/\/mula.es\/web\/abierto-el-plazo-de-inscripcion-para-la-escuela-de-navidad-en-la-emei-la-casita\/\" aria-label=\"SERVICIOS SOCIALES | Abierto el plazo de inscripci\u00f3n para la Escuela de Navidad en la EMEI \u201cLa Casita\u201d\" class=\"hover-type-none\"><img decoding=\"async\" width=\"512\" height=\"441\" src=\"https:\/\/mula.es\/web\/wp-content\/uploads\/2020\/06\/cropped-escudo-cuadrado-512x441.jpg\" class=\"attachment-recent-posts size-recent-posts\" alt=\"\" data-attachment-id=\"33514\" data-permalink=\"https:\/\/mula.es\/web\/cropped-escudo-cuadrado-jpg\/\" data-orig-file=\"https:\/\/mula.es\/web\/wp-content\/uploads\/2020\/06\/cropped-escudo-cuadrado.jpg\" data-orig-size=\"512,512\" data-comments-opened=\"0\" data-image-meta=\"{&quot;aperture&quot;:&quot;0&quot;,&quot;credit&quot;:&quot;&quot;,&quot;camera&quot;:&quot;&quot;,&quot;caption&quot;:&quot;&quot;,&quot;created_timestamp&quot;:&quot;0&quot;,&quot;copyright&quot;:&quot;&quot;,&quot;focal_length&quot;:&quot;0&quot;,&quot;iso&quot;:&quot;0&quot;,&quot;shutter_speed&quot;:&quot;0&quot;,&quot;title&quot;:&quot;&quot;,&quot;orientation&quot;:&quot;0&quot;}\" data-image-title=\"cropped-escudo-cuadrado.jpg\" data-image-description=\"&lt;p&gt;http:\/\/mula.es\/web\/wp-content\/uploads\/2020\/06\/cropped-escudo-cuadrado.jpg&lt;\/p&gt;\n\" data-image-caption=\"\" data-large-file=\"https:\/\/mula.es\/web\/wp-content\/uploads\/2020\/06\/cropped-escudo-cuadrado.jpg\" \/><\/a><\/li><\/ul><\/div><div class=\"recent-posts-content\"><span class=\"vcard\" style=\"display: none;\"><span class=\"fn\"><a href=\"https:\/\/mula.es\/web\/author\/lsalas\/\" title=\"Entradas de Laura Salas Orcajada\" rel=\"author\">Laura Salas Orcajada<\/a><\/span><\/span><span class=\"updated\" style=\"display:none;\">2025-12-17T13:06:35+01:00<\/span><h4 class=\"entry-title\"><a href=\"https:\/\/mula.es\/web\/abierto-el-plazo-de-inscripcion-para-la-escuela-de-navidad-en-la-emei-la-casita\/\">SERVICIOS SOCIALES | Abierto el plazo de inscripci\u00f3n para la Escuela de Navidad en la EMEI \u201cLa Casita\u201d<\/a><\/h4><p class=\"meta\"><span class=\"vcard\" style=\"display: none;\"><span class=\"fn\"><a href=\"https:\/\/mula.es\/web\/author\/lsalas\/\" title=\"Entradas de Laura Salas Orcajada\" rel=\"author\">Laura Salas Orcajada<\/a><\/span><\/span><span class=\"updated\" style=\"display:none;\">2025-12-17T13:06:35+01:00<\/span><span>mi\u00e9rcoles, 17 diciembre 2025<\/span><span class=\"fusion-inline-sep\">|<\/span><\/p><\/div><\/article><article class=\"post fusion-column column col col-lg-3 col-md-3 col-sm-3\"><div class=\"fusion-flexslider fusion-flexslider-loading flexslider flexslider-hover-type-none\"><ul class=\"slides\"><li><a href=\"https:\/\/mula.es\/web\/educacion-horario-de-navidad-de-la-biblioteca-y-sala-de-estudio\/\" aria-label=\"EDUCACI\u00d3N | Horario de Navidad de la Biblioteca y Sala de Estudio\" class=\"hover-type-none\"><img decoding=\"async\" width=\"512\" height=\"441\" src=\"https:\/\/mula.es\/web\/wp-content\/uploads\/2020\/06\/cropped-escudo-cuadrado-512x441.jpg\" class=\"attachment-recent-posts size-recent-posts\" alt=\"\" data-attachment-id=\"33514\" data-permalink=\"https:\/\/mula.es\/web\/cropped-escudo-cuadrado-jpg\/\" data-orig-file=\"https:\/\/mula.es\/web\/wp-content\/uploads\/2020\/06\/cropped-escudo-cuadrado.jpg\" data-orig-size=\"512,512\" data-comments-opened=\"0\" data-image-meta=\"{&quot;aperture&quot;:&quot;0&quot;,&quot;credit&quot;:&quot;&quot;,&quot;camera&quot;:&quot;&quot;,&quot;caption&quot;:&quot;&quot;,&quot;created_timestamp&quot;:&quot;0&quot;,&quot;copyright&quot;:&quot;&quot;,&quot;focal_length&quot;:&quot;0&quot;,&quot;iso&quot;:&quot;0&quot;,&quot;shutter_speed&quot;:&quot;0&quot;,&quot;title&quot;:&quot;&quot;,&quot;orientation&quot;:&quot;0&quot;}\" data-image-title=\"cropped-escudo-cuadrado.jpg\" data-image-description=\"&lt;p&gt;http:\/\/mula.es\/web\/wp-content\/uploads\/2020\/06\/cropped-escudo-cuadrado.jpg&lt;\/p&gt;\n\" data-image-caption=\"\" data-large-file=\"https:\/\/mula.es\/web\/wp-content\/uploads\/2020\/06\/cropped-escudo-cuadrado.jpg\" \/><\/a><\/li><\/ul><\/div><div class=\"recent-posts-content\"><span class=\"vcard\" style=\"display: none;\"><span class=\"fn\"><a href=\"https:\/\/mula.es\/web\/author\/lsalas\/\" title=\"Entradas de Laura Salas Orcajada\" rel=\"author\">Laura Salas Orcajada<\/a><\/span><\/span><span class=\"updated\" style=\"display:none;\">2025-12-15T09:54:15+01:00<\/span><h4 class=\"entry-title\"><a href=\"https:\/\/mula.es\/web\/educacion-horario-de-navidad-de-la-biblioteca-y-sala-de-estudio\/\">EDUCACI\u00d3N | Horario de Navidad de la Biblioteca y Sala de Estudio<\/a><\/h4><p class=\"meta\"><span class=\"vcard\" style=\"display: none;\"><span class=\"fn\"><a href=\"https:\/\/mula.es\/web\/author\/lsalas\/\" title=\"Entradas de Laura Salas Orcajada\" rel=\"author\">Laura Salas Orcajada<\/a><\/span><\/span><span class=\"updated\" style=\"display:none;\">2025-12-15T09:54:15+01:00<\/span><span>lunes, 15 diciembre 2025<\/span><span class=\"fusion-inline-sep\">|<\/span><\/p><\/div><\/article><article class=\"post fusion-column column col col-lg-3 col-md-3 col-sm-3\"><div class=\"fusion-flexslider fusion-flexslider-loading flexslider flexslider-hover-type-none\"><ul class=\"slides\"><li><a href=\"https:\/\/mula.es\/web\/educacion-suspendida-la-muestra-escolar-de-villancicos-por-motivos-de-seguridad-ante-la-prevision-de-lluvias\/\" aria-label=\"EDUCACI\u00d3N | \u00a0 Suspendida la Muestra Escolar de Villancicos por motivos de seguridad ante la previsi\u00f3n de lluvias\" class=\"hover-type-none\"><img decoding=\"async\" width=\"512\" height=\"441\" src=\"https:\/\/mula.es\/web\/wp-content\/uploads\/2020\/06\/cropped-escudo-cuadrado-512x441.jpg\" class=\"attachment-recent-posts size-recent-posts\" alt=\"\" data-attachment-id=\"33514\" data-permalink=\"https:\/\/mula.es\/web\/cropped-escudo-cuadrado-jpg\/\" data-orig-file=\"https:\/\/mula.es\/web\/wp-content\/uploads\/2020\/06\/cropped-escudo-cuadrado.jpg\" data-orig-size=\"512,512\" data-comments-opened=\"0\" data-image-meta=\"{&quot;aperture&quot;:&quot;0&quot;,&quot;credit&quot;:&quot;&quot;,&quot;camera&quot;:&quot;&quot;,&quot;caption&quot;:&quot;&quot;,&quot;created_timestamp&quot;:&quot;0&quot;,&quot;copyright&quot;:&quot;&quot;,&quot;focal_length&quot;:&quot;0&quot;,&quot;iso&quot;:&quot;0&quot;,&quot;shutter_speed&quot;:&quot;0&quot;,&quot;title&quot;:&quot;&quot;,&quot;orientation&quot;:&quot;0&quot;}\" data-image-title=\"cropped-escudo-cuadrado.jpg\" data-image-description=\"&lt;p&gt;http:\/\/mula.es\/web\/wp-content\/uploads\/2020\/06\/cropped-escudo-cuadrado.jpg&lt;\/p&gt;\n\" data-image-caption=\"\" data-large-file=\"https:\/\/mula.es\/web\/wp-content\/uploads\/2020\/06\/cropped-escudo-cuadrado.jpg\" \/><\/a><\/li><\/ul><\/div><div class=\"recent-posts-content\"><span class=\"vcard\" style=\"display: none;\"><span class=\"fn\"><a href=\"https:\/\/mula.es\/web\/author\/lsalas\/\" title=\"Entradas de Laura Salas Orcajada\" rel=\"author\">Laura Salas Orcajada<\/a><\/span><\/span><span class=\"updated\" style=\"display:none;\">2025-12-15T09:48:11+01:00<\/span><h4 class=\"entry-title\"><a href=\"https:\/\/mula.es\/web\/educacion-suspendida-la-muestra-escolar-de-villancicos-por-motivos-de-seguridad-ante-la-prevision-de-lluvias\/\">EDUCACI\u00d3N | \u00a0 Suspendida la Muestra Escolar de Villancicos por motivos de seguridad ante la previsi\u00f3n de lluvias<\/a><\/h4><p class=\"meta\"><span class=\"vcard\" style=\"display: none;\"><span class=\"fn\"><a href=\"https:\/\/mula.es\/web\/author\/lsalas\/\" title=\"Entradas de Laura Salas Orcajada\" rel=\"author\">Laura Salas Orcajada<\/a><\/span><\/span><span class=\"updated\" style=\"display:none;\">2025-12-15T09:48:11+01:00<\/span><span>lunes, 15 diciembre 2025<\/span><span class=\"fusion-inline-sep\">|<\/span><\/p><\/div><\/article><\/section><\/div><\/div><\/div><\/div><\/div><\/p>\n","protected":false},"excerpt":{"rendered":"","protected":false},"author":1,"featured_media":0,"parent":12571,"menu_order":0,"comment_status":"closed","ping_status":"closed","template":"","meta":{"jetpack_post_was_ever_published":false,"footnotes":""},"class_list":["post-36210","page","type-page","status-publish","hentry"],"yoast_head":"<!-- This site is optimized with the Yoast SEO plugin v27.4 - https:\/\/yoast.com\/product\/yoast-seo-wordpress\/ -->\n<title>Plan Local de la Infancia y la Adolescencia - Reconocimiento Ciudades Amigas de la Infancia - Ayuntamiento de Mula<\/title>\n<meta name=\"robots\" content=\"index, follow, max-snippet:-1, max-image-preview:large, max-video-preview:-1\" \/>\n<link rel=\"canonical\" href=\"https:\/\/mula.es\/web\/programas-recursos-y-noticias-sobre-la-infancia-y-la-familia\/plan-local-de-la-infancia-y-la-adolescencia-reconocimiento-ciudades-amigas-de-la-infancia\/\" \/>\n<meta property=\"og:locale\" content=\"es_ES\" \/>\n<meta property=\"og:type\" content=\"article\" \/>\n<meta property=\"og:title\" content=\"Plan Local de la Infancia y la Adolescencia - Reconocimiento Ciudades Amigas de la Infancia - Ayuntamiento de Mula\" \/>\n<meta property=\"og:url\" content=\"https:\/\/mula.es\/web\/programas-recursos-y-noticias-sobre-la-infancia-y-la-familia\/plan-local-de-la-infancia-y-la-adolescencia-reconocimiento-ciudades-amigas-de-la-infancia\/\" \/>\n<meta property=\"og:site_name\" content=\"Ayuntamiento de Mula\" \/>\n<meta property=\"article:modified_time\" content=\"2022-05-09T11:12:29+00:00\" \/>\n<meta property=\"og:image\" content=\"https:\/\/mula.es\/web\/wp-content\/uploads\/2020\/06\/escudo-cuadrado-e1591045058235.jpg\" \/>\n\t<meta property=\"og:image:width\" content=\"200\" \/>\n\t<meta property=\"og:image:height\" content=\"218\" \/>\n\t<meta property=\"og:image:type\" content=\"image\/jpeg\" \/>\n<meta name=\"twitter:card\" content=\"summary_large_image\" \/>\n<meta name=\"twitter:site\" content=\"@AyuntamientMula\" \/>\n<meta name=\"twitter:label1\" content=\"Tiempo de lectura\" \/>\n\t<meta name=\"twitter:data1\" content=\"3 minutos\" \/>\n<script type=\"application\/ld+json\" class=\"yoast-schema-graph\">{\"@context\":\"https:\\\/\\\/schema.org\",\"@graph\":[{\"@type\":\"WebPage\",\"@id\":\"https:\\\/\\\/mula.es\\\/web\\\/programas-recursos-y-noticias-sobre-la-infancia-y-la-familia\\\/plan-local-de-la-infancia-y-la-adolescencia-reconocimiento-ciudades-amigas-de-la-infancia\\\/\",\"url\":\"https:\\\/\\\/mula.es\\\/web\\\/programas-recursos-y-noticias-sobre-la-infancia-y-la-familia\\\/plan-local-de-la-infancia-y-la-adolescencia-reconocimiento-ciudades-amigas-de-la-infancia\\\/\",\"name\":\"Plan Local de la Infancia y la Adolescencia - Reconocimiento Ciudades Amigas de la Infancia - Ayuntamiento de Mula\",\"isPartOf\":{\"@id\":\"https:\\\/\\\/mula.es\\\/web\\\/#website\"},\"datePublished\":\"2021-01-18T12:02:34+00:00\",\"dateModified\":\"2022-05-09T11:12:29+00:00\",\"breadcrumb\":{\"@id\":\"https:\\\/\\\/mula.es\\\/web\\\/programas-recursos-y-noticias-sobre-la-infancia-y-la-familia\\\/plan-local-de-la-infancia-y-la-adolescencia-reconocimiento-ciudades-amigas-de-la-infancia\\\/#breadcrumb\"},\"inLanguage\":\"es\",\"potentialAction\":[{\"@type\":\"ReadAction\",\"target\":[\"https:\\\/\\\/mula.es\\\/web\\\/programas-recursos-y-noticias-sobre-la-infancia-y-la-familia\\\/plan-local-de-la-infancia-y-la-adolescencia-reconocimiento-ciudades-amigas-de-la-infancia\\\/\"]}]},{\"@type\":\"BreadcrumbList\",\"@id\":\"https:\\\/\\\/mula.es\\\/web\\\/programas-recursos-y-noticias-sobre-la-infancia-y-la-familia\\\/plan-local-de-la-infancia-y-la-adolescencia-reconocimiento-ciudades-amigas-de-la-infancia\\\/#breadcrumb\",\"itemListElement\":[{\"@type\":\"ListItem\",\"position\":1,\"name\":\"Portada\",\"item\":\"https:\\\/\\\/mula.es\\\/web\\\/\"},{\"@type\":\"ListItem\",\"position\":2,\"name\":\"Programas, recursos y noticias sobre la infancia y la familia\",\"item\":\"https:\\\/\\\/mula.es\\\/web\\\/programas-recursos-y-noticias-sobre-la-infancia-y-la-familia\\\/\"},{\"@type\":\"ListItem\",\"position\":3,\"name\":\"Plan Local de la Infancia y la Adolescencia &#8211; Reconocimiento Ciudades Amigas de la Infancia\"}]},{\"@type\":\"WebSite\",\"@id\":\"https:\\\/\\\/mula.es\\\/web\\\/#website\",\"url\":\"https:\\\/\\\/mula.es\\\/web\\\/\",\"name\":\"Ayuntamiento de Mula\",\"description\":\"P\u00e1gina web del Ayuntamiento de Mula (Regi\u00f3n de Murcia)\",\"potentialAction\":[{\"@type\":\"SearchAction\",\"target\":{\"@type\":\"EntryPoint\",\"urlTemplate\":\"https:\\\/\\\/mula.es\\\/web\\\/?s={search_term_string}\"},\"query-input\":{\"@type\":\"PropertyValueSpecification\",\"valueRequired\":true,\"valueName\":\"search_term_string\"}}],\"inLanguage\":\"es\"}]}<\/script>\n<!-- \/ Yoast SEO plugin. -->","yoast_head_json":{"title":"Plan Local de la Infancia y la Adolescencia - Reconocimiento Ciudades Amigas de la Infancia - Ayuntamiento de Mula","robots":{"index":"index","follow":"follow","max-snippet":"max-snippet:-1","max-image-preview":"max-image-preview:large","max-video-preview":"max-video-preview:-1"},"canonical":"https:\/\/mula.es\/web\/programas-recursos-y-noticias-sobre-la-infancia-y-la-familia\/plan-local-de-la-infancia-y-la-adolescencia-reconocimiento-ciudades-amigas-de-la-infancia\/","og_locale":"es_ES","og_type":"article","og_title":"Plan Local de la Infancia y la Adolescencia - Reconocimiento Ciudades Amigas de la Infancia - Ayuntamiento de Mula","og_url":"https:\/\/mula.es\/web\/programas-recursos-y-noticias-sobre-la-infancia-y-la-familia\/plan-local-de-la-infancia-y-la-adolescencia-reconocimiento-ciudades-amigas-de-la-infancia\/","og_site_name":"Ayuntamiento de Mula","article_modified_time":"2022-05-09T11:12:29+00:00","og_image":[{"width":200,"height":218,"url":"https:\/\/mula.es\/web\/wp-content\/uploads\/2020\/06\/escudo-cuadrado-e1591045058235.jpg","type":"image\/jpeg"}],"twitter_card":"summary_large_image","twitter_site":"@AyuntamientMula","twitter_misc":{"Tiempo de lectura":"3 minutos"},"schema":{"@context":"https:\/\/schema.org","@graph":[{"@type":"WebPage","@id":"https:\/\/mula.es\/web\/programas-recursos-y-noticias-sobre-la-infancia-y-la-familia\/plan-local-de-la-infancia-y-la-adolescencia-reconocimiento-ciudades-amigas-de-la-infancia\/","url":"https:\/\/mula.es\/web\/programas-recursos-y-noticias-sobre-la-infancia-y-la-familia\/plan-local-de-la-infancia-y-la-adolescencia-reconocimiento-ciudades-amigas-de-la-infancia\/","name":"Plan Local de la Infancia y la Adolescencia - Reconocimiento Ciudades Amigas de la Infancia - Ayuntamiento de Mula","isPartOf":{"@id":"https:\/\/mula.es\/web\/#website"},"datePublished":"2021-01-18T12:02:34+00:00","dateModified":"2022-05-09T11:12:29+00:00","breadcrumb":{"@id":"https:\/\/mula.es\/web\/programas-recursos-y-noticias-sobre-la-infancia-y-la-familia\/plan-local-de-la-infancia-y-la-adolescencia-reconocimiento-ciudades-amigas-de-la-infancia\/#breadcrumb"},"inLanguage":"es","potentialAction":[{"@type":"ReadAction","target":["https:\/\/mula.es\/web\/programas-recursos-y-noticias-sobre-la-infancia-y-la-familia\/plan-local-de-la-infancia-y-la-adolescencia-reconocimiento-ciudades-amigas-de-la-infancia\/"]}]},{"@type":"BreadcrumbList","@id":"https:\/\/mula.es\/web\/programas-recursos-y-noticias-sobre-la-infancia-y-la-familia\/plan-local-de-la-infancia-y-la-adolescencia-reconocimiento-ciudades-amigas-de-la-infancia\/#breadcrumb","itemListElement":[{"@type":"ListItem","position":1,"name":"Portada","item":"https:\/\/mula.es\/web\/"},{"@type":"ListItem","position":2,"name":"Programas, recursos y noticias sobre la infancia y la familia","item":"https:\/\/mula.es\/web\/programas-recursos-y-noticias-sobre-la-infancia-y-la-familia\/"},{"@type":"ListItem","position":3,"name":"Plan Local de la Infancia y la Adolescencia &#8211; Reconocimiento Ciudades Amigas de la Infancia"}]},{"@type":"WebSite","@id":"https:\/\/mula.es\/web\/#website","url":"https:\/\/mula.es\/web\/","name":"Ayuntamiento de Mula","description":"P\u00e1gina web del Ayuntamiento de Mula (Regi\u00f3n de Murcia)","potentialAction":[{"@type":"SearchAction","target":{"@type":"EntryPoint","urlTemplate":"https:\/\/mula.es\/web\/?s={search_term_string}"},"query-input":{"@type":"PropertyValueSpecification","valueRequired":true,"valueName":"search_term_string"}}],"inLanguage":"es"}]}},"_hostinger_reach_plugin_has_subscription_block":false,"_hostinger_reach_plugin_is_elementor":false,"jetpack_sharing_enabled":true,"jetpack_shortlink":"https:\/\/wp.me\/Pa9DMY-9q2","jetpack-related-posts":[],"_links":{"self":[{"href":"https:\/\/mula.es\/web\/wp-json\/wp\/v2\/pages\/36210","targetHints":{"allow":["GET"]}}],"collection":[{"href":"https:\/\/mula.es\/web\/wp-json\/wp\/v2\/pages"}],"about":[{"href":"https:\/\/mula.es\/web\/wp-json\/wp\/v2\/types\/page"}],"author":[{"embeddable":true,"href":"https:\/\/mula.es\/web\/wp-json\/wp\/v2\/users\/1"}],"replies":[{"embeddable":true,"href":"https:\/\/mula.es\/web\/wp-json\/wp\/v2\/comments?post=36210"}],"version-history":[{"count":10,"href":"https:\/\/mula.es\/web\/wp-json\/wp\/v2\/pages\/36210\/revisions"}],"predecessor-version":[{"id":44402,"href":"https:\/\/mula.es\/web\/wp-json\/wp\/v2\/pages\/36210\/revisions\/44402"}],"up":[{"embeddable":true,"href":"https:\/\/mula.es\/web\/wp-json\/wp\/v2\/pages\/12571"}],"wp:attachment":[{"href":"https:\/\/mula.es\/web\/wp-json\/wp\/v2\/media?parent=36210"}],"curies":[{"name":"wp","href":"https:\/\/api.w.org\/{rel}","templated":true}]}}