{"id":36680,"date":"2021-02-17T08:57:11","date_gmt":"2021-02-17T07:57:11","guid":{"rendered":"http:\/\/mula.es\/web\/?page_id=36680"},"modified":"2024-01-22T20:25:45","modified_gmt":"2024-01-22T19:25:45","slug":"normas-de-organizacion-funcionamiento-entidad","status":"publish","type":"page","link":"https:\/\/mula.es\/web\/transparencia\/institucional\/normas-de-organizacion-funcionamiento-entidad\/","title":{"rendered":"Portal de la Transparencia: normas de organizaci\u00f3n y funcionamiento de la entidad"},"content":{"rendered":"<div class=\"fusion-fullwidth fullwidth-box fusion-builder-row-1 fusion-flex-container hundred-percent-fullwidth non-hundred-percent-height-scrolling\" style=\"--awb-border-radius-top-left:0px;--awb-border-radius-top-right:0px;--awb-border-radius-bottom-right:0px;--awb-border-radius-bottom-left:0px;--awb-overflow:visible;--awb-flex-wrap:wrap;\" ><div class=\"fusion-builder-row fusion-row fusion-flex-align-items-flex-start fusion-flex-content-wrap\" style=\"width:104% !important;max-width:104% !important;margin-left: calc(-4% \/ 2 );margin-right: calc(-4% \/ 2 );\"><div class=\"fusion-layout-column fusion_builder_column fusion-builder-column-0 fusion_builder_column_1_1 1_1 fusion-flex-column\" style=\"--awb-bg-size:cover;--awb-width-large:100%;--awb-margin-top-large:0px;--awb-spacing-right-large:1.92%;--awb-margin-bottom-large:20px;--awb-spacing-left-large:1.92%;--awb-width-medium:100%;--awb-spacing-right-medium:1.92%;--awb-spacing-left-medium:1.92%;--awb-width-small:100%;--awb-spacing-right-small:1.92%;--awb-spacing-left-small:1.92%;\"><div class=\"fusion-column-wrapper fusion-flex-justify-content-flex-start fusion-content-layout-column\"><div class=\"fusion-text fusion-text-1\"><p style=\"text-align: justify;\"><span style=\"font-weight: 400;\">El Ayuntamiento de Mula es un Ayuntamiento de r\u00e9gimen com\u00fan, lo que significa que se le aplica la normativa general prevista en la Ley 7\/85 de Bases de R\u00e9gimen Local. Junto a ello es muy preciso tener en cuenta el Reglamento de Organizaci\u00f3n, Funcionamiento y R\u00e9gimen Jur\u00eddico de las Entidades Locales Real Decreto 2568\/1986, de 28 de noviembre. A\u00f1adido a lo anterior le es de aplicaci\u00f3n la ley regional 6\/1988, de 25 de agosto sobre r\u00e9gimen local en Murcia. Destacamos que, en la actualidad el Ayuntamiento de Mula no tiene aprobado Reglamento Org\u00e1nico.<\/span><\/p>\n<p style=\"text-align: justify;\"><span style=\"font-weight: 400;\">Por otro lado existe otra normativa aprobada por el pleno que crea las comisiones informativas, determina su composici\u00f3n y establece el r\u00e9gimen de sesiones de la Corporaci\u00f3n Local. En este sentido:<\/span><\/p>\n<p style=\"text-align: justify;\"><strong>El Ayuntamiento Pleno se re\u00fane en sesi\u00f3n ordinaria el \u00faltimo jueves del mes en curso, salvo el mes de agosto , a las 20:00 horas.<\/strong><\/p>\n<p style=\"text-align: justify;\"><span style=\"font-weight: 400;\">El pleno que corresponde al mes de septiembre se celebrar\u00e1 la primera quincena de octubre, por la coincidencia con las fiestas patronales.<\/span><\/p>\n<p style=\"text-align: justify;\"><span style=\"font-weight: 400;\">El pleno correspondiente al mes de diciembre se celebrar\u00e1 el \u00faltimo jueves anterior al d\u00eda 24 de diciembre, si bien, esta fecha se podr\u00e1 modificar por acuerdo de la Junta de Portavoces.<\/span><\/p>\n<p style=\"text-align: justify;\">Formado por el Alcalde y los Concejales, es el \u00f3rgano de m\u00e1xima representaci\u00f3n pol\u00edtica de los ciudadanos en el gobierno municipal. Actualmente lo componen 17 concejales, 9 del PSOE, 6 del PP, 1 de Izquierda Unida-Verdes y 1 de Vox.<\/p>\n<p>M\u00e1s informaci\u00f3n sobre el Pleno en: <a href=\"https:\/\/mula.es\/web\/pleno-municipal\/\">https:\/\/mula.es\/web\/pleno-municipal\/<\/a><\/p>\n<p style=\"text-align: justify;\"><span style=\"font-weight: 400;\">Las comisiones informativas, que se re\u00fanen la pen\u00faltima semana del mes en curso, salvo el mes de agosto est\u00e1n compuestas por:<\/span><\/p>\n<ul>\n<li>5 concejales del PSOE<\/li>\n<li>3 del PP<\/li>\n<li>1 de Izquierda Unida \u2013 Verdes.<\/li>\n<li>1 de Vox.<\/li>\n<\/ul>\n<p style=\"text-align: justify;\"><span style=\"font-weight: 400;\">Existen las siguientes comisiones informativas ( 5) :<\/span><\/p>\n<table>\n<tbody>\n<tr>\n<td><span style=\"font-weight: 400;\">COMISI\u00d3N<\/span><\/td>\n<td><span style=\"font-weight: 400;\">MATERIAS<\/span><\/td>\n<\/tr>\n<tr>\n<td><span style=\"font-weight: 400;\">Urbanismo, Obras P\u00fablicas y Servicios<\/span><\/td>\n<td><span style=\"font-weight: 400;\">Urbanismo, Obras P\u00fablicas, Servicios Municipales, Patrimonio Hist\u00f3rico, Desarrollo Local, Empleo, Industria, Medio Ambiente, Bienestar Animal, Agricultura, Ganader\u00eda, Contrataci\u00f3n.<\/span><\/p>\n<p><span style=\"font-weight: 400;\">Cualquier otra materia no incluida en otra comisi\u00f3n.<\/span><\/td>\n<\/tr>\n<tr>\n<td><span style=\"font-weight: 400;\">Hacienda, Personal, Transparencia y Participaci\u00f3n<\/span><\/td>\n<td><span style=\"font-weight: 400;\">Econom\u00eda, Hacienda, Personal, Turismo, Tecnolog\u00edas de la Informaci\u00f3n y la Comunicaci\u00f3n, Transparencia, Pedan\u00edas, Participaci\u00f3n Ciudadana.<\/span><\/td>\n<\/tr>\n<tr>\n<td><span style=\"font-weight: 400;\">Educaci\u00f3n, Cultura y Seguridad Ciudadana.<\/span><\/td>\n<td><span style=\"font-weight: 400;\">Educaci\u00f3n, Cultura, Festejos, Seguridad Ciudadana, Protecci\u00f3n Civil, Consumo, Comercio, Artesan\u00eda, Tambores.<\/span><\/td>\n<\/tr>\n<tr>\n<td><span style=\"font-weight: 400;\">Pol\u00edtica Social, Igualdad y Juventud<\/span><\/td>\n<td><span style=\"font-weight: 400;\">Servicios Sociales, Familia, Infancia, Sanidad, Igualdad, Mujer, Calidad de Vida, Mayores, Juventud, Deportes, Asociacionismo.<\/span><\/td>\n<\/tr>\n<tr>\n<td><span style=\"font-weight: 400;\">Comisi\u00f3n Especial de Cuentas.<\/span><\/td>\n<td><span style=\"font-weight: 400;\">Dictamen de la Cuenta General del Presupuesto<\/span><\/td>\n<\/tr>\n<\/tbody>\n<\/table>\n<p>M\u00e1s informaci\u00f3n sobre las comisiones informativas en: <a href=\"https:\/\/mula.es\/web\/grupos-de-trabajo-comisiones-informativas\/\">https:\/\/mula.es\/web\/grupos-de-trabajo-comisiones-informativas\/<\/a><\/p>\n<p style=\"text-align: justify;\"><span style=\"font-weight: 400;\">De otro lado existen el Consejo de Patrimonio que se re\u00fane al menos una vez al a\u00f1o.<\/span><\/p>\n<p style=\"text-align: justify;\">El Comit\u00e9 Antifraude creado por el Pleno en el Plan de Medidas Antifraude que se re\u00fane al menos una vez al trimestre. Dicho plan est\u00e1 disponible en el Portal de la Transparencia en el Apartado de Buen Gobierno https:\/\/mula.es\/web\/transparencia\/institucional\/informacion-sobre-gobierno-y-altos-cargos\/<\/p>\n<p style=\"text-align: justify;\"><span style=\"font-weight: 400;\">Consejo Municipal de Comercio y Artesan\u00eda.<\/span><\/p>\n<p style=\"text-align: justify;\"><span style=\"font-weight: 400;\">Consejo Local de Deportes.<\/span><\/p>\n<p style=\"text-align: justify;\"><span style=\"font-weight: 400;\">Conforme al reglamento de participaci\u00f3n ciudadana est\u00e1 prevista la creaci\u00f3n del\u00a0<\/span><\/p>\n<ul>\n<li style=\"text-align: justify;\"><span style=\"font-weight: 400;\">El Consejo de equipamiento<\/span><span style=\"font-weight: 400;\">. \u00d3rgano de participaci\u00f3n relacionados con la gesti\u00f3n de equipamientos p\u00fablicos para facilitar la implicaci\u00f3n ciudadana en su programaci\u00f3n y funcionamiento.\u00a0<\/span><\/li>\n<li style=\"text-align: justify;\"><span style=\"font-weight: 400;\">Consejo de Ni\u00f1os y Ni\u00f1as<\/span><span style=\"font-weight: 400;\"> para incorporar las vivencias de la poblaci\u00f3n infantil y favorecer la intervenci\u00f3n de los chicos y chicas en los debates, propuestas, sugerencias y quejas respecto de cualquier actuaci\u00f3n municipal, as\u00ed como ser informados y opinar sobre todas las actuaciones de otras administraciones p\u00fablicas que act\u00faan en la ciudad.<\/span><\/li>\n<li style=\"text-align: justify;\"><span style=\"font-weight: 400;\">El Consejo de ciudad.<\/span> <span style=\"font-weight: 400;\">Es el \u00f3rgano de participaci\u00f3n desde el que se analizan y coordinan las actuaciones que afectan al conjunto de la ciudad.<\/span><\/li>\n<\/ul>\n<p style=\"text-align: justify;\"><strong>La Junta de Gobierno Local celebrar\u00e1 sesi\u00f3n ordinaria una vez a la semana, los jueves, a las 14:30 horas, excepto el mes de agosto <\/strong><span style=\"font-weight: 400;\">y se encuentra compuesta por 5 concejales y el Alcalde Presidente. Es el \u00f3rgano que, bajo la presidencia del Alcalde, colabora de forma colegiada en la funci\u00f3n de direcci\u00f3n pol\u00edtica que a \u00e9ste corresponde.<\/span><\/p>\n<p style=\"text-align: justify;\">M\u00e1s informaci\u00f3n sobre la Junta de Gobierno Local en:<a href=\"https:\/\/mula.es\/web\/junta-de-gobierno-local\/\"> https:\/\/mula.es\/web\/junta-de-gobierno-local\/<\/a><\/p>\n<p style=\"text-align: justify;\"><span style=\"font-weight: 400;\">Se crea la Junta de Portavoces, cuyas competencias son debatir el orden del d\u00eda de los asuntos de pleno y asuntos de inter\u00e9s general del Ayuntamiento. Ordinariamente se re\u00fane el viernes anterior a la semana en que han de celebrarse las comisiones informativas.<\/span><\/p>\n<p style=\"text-align: justify;\">De otro lado , tras un proceso de participaci\u00f3n ciudadana al efecto realizado en noviembre de 2023, existen las siguientes figuras en pedan\u00edas:<\/p>\n<ul>\n<li style=\"text-align: justify;\">Fuente Librilla. Junta Vecinal, compuesta por cinco miembros.<\/li>\n<li style=\"text-align: justify;\">Y\u00e9char. Junta vecinal compuesta por cinco miembros.<\/li>\n<li style=\"text-align: justify;\">Casas Nuevas. Junta vecinal compuesta por cuatro miembros.<\/li>\n<li style=\"text-align: justify;\">El Ni\u00f1o de Mula. Junta vecinal compuesta por cinco miembros.<\/li>\n<li style=\"text-align: justify;\">La Puebla de Mula. Alcalde-Ped\u00e1neo.<\/li>\n<li style=\"text-align: justify;\">Los Ba\u00f1os de Mula. Alcalde-Ped\u00e1neo<\/li>\n<\/ul>\n<p style=\"text-align: justify;\">M\u00e1s informaci\u00f3n sobre este proceso en: <a href=\"https:\/\/mula.es\/web\/pedanias-resultados-elecciones-a-juntas-vecinales-2023\/\">https:\/\/mula.es\/web\/pedanias-resultados-elecciones-a-juntas-vecinales-2023\/<\/a><\/p>\n<\/div><div class=\"fusion-text fusion-text-2\"><hr \/>\n<\/div><\/div><\/div><div class=\"fusion-layout-column fusion_builder_column fusion-builder-column-1 fusion_builder_column_1_2 1_2 fusion-flex-column\" style=\"--awb-bg-size:cover;--awb-width-large:50%;--awb-margin-top-large:0px;--awb-spacing-right-large:3.84%;--awb-margin-bottom-large:20px;--awb-spacing-left-large:3.84%;--awb-width-medium:50%;--awb-spacing-right-medium:3.84%;--awb-spacing-left-medium:3.84%;--awb-width-small:100%;--awb-spacing-right-small:1.92%;--awb-spacing-left-small:1.92%;\"><div class=\"fusion-column-wrapper fusion-flex-justify-content-flex-start fusion-content-layout-column\"><div class=\"fusion-title title fusion-title-1 fusion-title-text fusion-title-size-four\" style=\"--awb-margin-top-small:0px;--awb-margin-right-small:0px;--awb-margin-bottom-small:20px;--awb-margin-left-small:0px;\"><div class=\"title-sep-container title-sep-container-left fusion-no-large-visibility fusion-no-medium-visibility fusion-no-small-visibility\"><div class=\"title-sep sep-double sep-solid\" style=\"border-color:#e0dede;\"><\/div><\/div><span class=\"awb-title-spacer fusion-no-large-visibility fusion-no-medium-visibility fusion-no-small-visibility\"><\/span><h4 class=\"fusion-title-heading title-heading-left\" style=\"margin:0;\"><span style=\"color: #000000;\">Descarga de datos<\/span><\/h4><span class=\"awb-title-spacer\"><\/span><div class=\"title-sep-container title-sep-container-right\"><div class=\"title-sep sep-double sep-solid\" style=\"border-color:#e0dede;\"><\/div><\/div><\/div><div class=\"fusion-text fusion-text-3\"><ul>\n<li><a href=\"https:\/\/mula.es\/web\/wp-content\/uploads\/2024\/01\/Portal-de-la-Transparencia-normas-de-organizacion-y-funcionamiento-2024.pdf\">Pdf<\/a><\/li>\n<li><a href=\"https:\/\/mula.es\/web\/wp-content\/uploads\/2024\/01\/Portal-de-la-Transparencia-normas-de-organizacion-y-funcionamiento-2024.odt\">OpenOffice (Odt)<\/a><\/li>\n<\/ul>\n<\/div><\/div><\/div><div class=\"fusion-layout-column fusion_builder_column fusion-builder-column-2 fusion_builder_column_1_2 1_2 fusion-flex-column\" style=\"--awb-bg-size:cover;--awb-width-large:50%;--awb-margin-top-large:0px;--awb-spacing-right-large:3.84%;--awb-margin-bottom-large:-10px;--awb-spacing-left-large:3.84%;--awb-width-medium:50%;--awb-spacing-right-medium:3.84%;--awb-spacing-left-medium:3.84%;--awb-width-small:100%;--awb-spacing-right-small:1.92%;--awb-spacing-left-small:1.92%;\"><div class=\"fusion-column-wrapper fusion-flex-justify-content-flex-start fusion-content-layout-column\"><div class=\"fusion-title title fusion-title-2 fusion-title-text fusion-title-size-four\" style=\"--awb-margin-top-small:0px;--awb-margin-right-small:0px;--awb-margin-bottom-small:20px;--awb-margin-left-small:0px;\"><div class=\"title-sep-container title-sep-container-left fusion-no-large-visibility fusion-no-medium-visibility fusion-no-small-visibility\"><div class=\"title-sep sep-double sep-solid\" style=\"border-color:#e0dede;\"><\/div><\/div><span class=\"awb-title-spacer fusion-no-large-visibility fusion-no-medium-visibility fusion-no-small-visibility\"><\/span><h4 class=\"fusion-title-heading title-heading-left\" style=\"margin:0;\"><span style=\"color: #000000;\">Nota de alcance<\/span><\/h4><span class=\"awb-title-spacer\"><\/span><div class=\"title-sep-container title-sep-container-right\"><div class=\"title-sep sep-double sep-solid\" style=\"border-color:#e0dede;\"><\/div><\/div><\/div><div class=\"fusion-text fusion-text-4\" style=\"--awb-text-transform:none;\"><ul>\n<li><strong>Fuente principal de datos:<\/strong> Secretar\u00eda del Ayuntamiento de Mula<\/li>\n<li><strong>Periodicidad:<\/strong> Anual<\/li>\n<li><strong>\u00daltima revisi\u00f3n:<\/strong> 19 de enero de 2024<\/li>\n<\/ul>\n<\/div><\/div><\/div><div class=\"fusion-layout-column fusion_builder_column fusion-builder-column-3 fusion_builder_column_1_1 1_1 fusion-flex-column\" style=\"--awb-bg-size:cover;--awb-width-large:100%;--awb-margin-top-large:0px;--awb-spacing-right-large:1.92%;--awb-margin-bottom-large:20px;--awb-spacing-left-large:1.92%;--awb-width-medium:100%;--awb-spacing-right-medium:1.92%;--awb-spacing-left-medium:1.92%;--awb-width-small:100%;--awb-spacing-right-small:1.92%;--awb-spacing-left-small:1.92%;\"><div class=\"fusion-column-wrapper fusion-flex-justify-content-flex-start fusion-content-layout-column\"><div class=\"fusion-title title fusion-title-3 fusion-title-text fusion-title-size-four\" style=\"--awb-margin-top-small:0px;--awb-margin-right-small:0px;--awb-margin-bottom-small:20px;--awb-margin-left-small:0px;\"><div class=\"title-sep-container title-sep-container-left fusion-no-large-visibility fusion-no-medium-visibility fusion-no-small-visibility\"><div class=\"title-sep sep-double sep-solid\" style=\"border-color:#e0dede;\"><\/div><\/div><span class=\"awb-title-spacer fusion-no-large-visibility fusion-no-medium-visibility fusion-no-small-visibility\"><\/span><h4 class=\"fusion-title-heading title-heading-left\" style=\"margin:0;\"><span style=\"color: #000000;\">Mejora de los datos<\/span><\/h4><span class=\"awb-title-spacer\"><\/span><div class=\"title-sep-container title-sep-container-right\"><div class=\"title-sep sep-double sep-solid\" style=\"border-color:#e0dede;\"><\/div><\/div><\/div><div class=\"fusion-text fusion-text-5\"><p>Si detecta cualquier error en los datos de esta p\u00e1gina, o considera que deben ser completados o mejorados, por favor comun\u00edquelo al Ayuntamiento de Mula a trav\u00e9s de nuestro <a href=\"https:\/\/mula.es\/web\/sugerencias\/\">formulario de contacto<\/a>.<\/p>\n<\/div><\/div><\/div><\/div><\/div>\n","protected":false},"excerpt":{"rendered":"","protected":false},"author":1,"featured_media":33512,"parent":36067,"menu_order":0,"comment_status":"closed","ping_status":"closed","template":"","meta":{"jetpack_post_was_ever_published":false,"footnotes":""},"class_list":["post-36680","page","type-page","status-publish","has-post-thumbnail","hentry"],"yoast_head":"<!-- This site is optimized with the Yoast SEO plugin v27.4 - https:\/\/yoast.com\/product\/yoast-seo-wordpress\/ -->\n<title>Portal de la Transparencia: normas de organizaci\u00f3n y funcionamiento de la entidad - Ayuntamiento de Mula<\/title>\n<meta name=\"robots\" content=\"index, follow, max-snippet:-1, max-image-preview:large, max-video-preview:-1\" \/>\n<link rel=\"canonical\" href=\"https:\/\/mula.es\/web\/transparencia\/institucional\/normas-de-organizacion-funcionamiento-entidad\/\" \/>\n<meta property=\"og:locale\" content=\"es_ES\" \/>\n<meta property=\"og:type\" content=\"article\" \/>\n<meta property=\"og:title\" content=\"Portal de la Transparencia: normas de organizaci\u00f3n y funcionamiento de la entidad - Ayuntamiento de Mula\" \/>\n<meta property=\"og:url\" content=\"https:\/\/mula.es\/web\/transparencia\/institucional\/normas-de-organizacion-funcionamiento-entidad\/\" \/>\n<meta property=\"og:site_name\" content=\"Ayuntamiento de Mula\" \/>\n<meta property=\"article:modified_time\" content=\"2024-01-22T19:25:45+00:00\" \/>\n<meta property=\"og:image\" content=\"https:\/\/mula.es\/web\/wp-content\/uploads\/2020\/06\/escudo-cuadrado-e1591045058235.jpg\" \/>\n\t<meta property=\"og:image:width\" content=\"200\" \/>\n\t<meta property=\"og:image:height\" content=\"218\" \/>\n\t<meta property=\"og:image:type\" content=\"image\/jpeg\" \/>\n<meta name=\"twitter:card\" content=\"summary_large_image\" \/>\n<meta name=\"twitter:site\" content=\"@AyuntamientMula\" \/>\n<meta name=\"twitter:label1\" content=\"Tiempo de lectura\" \/>\n\t<meta name=\"twitter:data1\" content=\"4 minutos\" \/>\n<script type=\"application\/ld+json\" class=\"yoast-schema-graph\">{\"@context\":\"https:\\\/\\\/schema.org\",\"@graph\":[{\"@type\":\"WebPage\",\"@id\":\"https:\\\/\\\/mula.es\\\/web\\\/transparencia\\\/institucional\\\/normas-de-organizacion-funcionamiento-entidad\\\/\",\"url\":\"https:\\\/\\\/mula.es\\\/web\\\/transparencia\\\/institucional\\\/normas-de-organizacion-funcionamiento-entidad\\\/\",\"name\":\"Portal de la Transparencia: normas de organizaci\u00f3n y funcionamiento de la entidad - Ayuntamiento de Mula\",\"isPartOf\":{\"@id\":\"https:\\\/\\\/mula.es\\\/web\\\/#website\"},\"primaryImageOfPage\":{\"@id\":\"https:\\\/\\\/mula.es\\\/web\\\/transparencia\\\/institucional\\\/normas-de-organizacion-funcionamiento-entidad\\\/#primaryimage\"},\"image\":{\"@id\":\"https:\\\/\\\/mula.es\\\/web\\\/transparencia\\\/institucional\\\/normas-de-organizacion-funcionamiento-entidad\\\/#primaryimage\"},\"thumbnailUrl\":\"https:\\\/\\\/mula.es\\\/web\\\/wp-content\\\/uploads\\\/2020\\\/06\\\/escudo-cuadrado-e1591045058235.jpg\",\"datePublished\":\"2021-02-17T07:57:11+00:00\",\"dateModified\":\"2024-01-22T19:25:45+00:00\",\"breadcrumb\":{\"@id\":\"https:\\\/\\\/mula.es\\\/web\\\/transparencia\\\/institucional\\\/normas-de-organizacion-funcionamiento-entidad\\\/#breadcrumb\"},\"inLanguage\":\"es\",\"potentialAction\":[{\"@type\":\"ReadAction\",\"target\":[\"https:\\\/\\\/mula.es\\\/web\\\/transparencia\\\/institucional\\\/normas-de-organizacion-funcionamiento-entidad\\\/\"]}]},{\"@type\":\"ImageObject\",\"inLanguage\":\"es\",\"@id\":\"https:\\\/\\\/mula.es\\\/web\\\/transparencia\\\/institucional\\\/normas-de-organizacion-funcionamiento-entidad\\\/#primaryimage\",\"url\":\"https:\\\/\\\/mula.es\\\/web\\\/wp-content\\\/uploads\\\/2020\\\/06\\\/escudo-cuadrado-e1591045058235.jpg\",\"contentUrl\":\"https:\\\/\\\/mula.es\\\/web\\\/wp-content\\\/uploads\\\/2020\\\/06\\\/escudo-cuadrado-e1591045058235.jpg\",\"width\":200,\"height\":218},{\"@type\":\"BreadcrumbList\",\"@id\":\"https:\\\/\\\/mula.es\\\/web\\\/transparencia\\\/institucional\\\/normas-de-organizacion-funcionamiento-entidad\\\/#breadcrumb\",\"itemListElement\":[{\"@type\":\"ListItem\",\"position\":1,\"name\":\"Portada\",\"item\":\"https:\\\/\\\/mula.es\\\/web\\\/\"},{\"@type\":\"ListItem\",\"position\":2,\"name\":\"Portal de la Transparencia\",\"item\":\"https:\\\/\\\/mula.es\\\/web\\\/transparencia\\\/\"},{\"@type\":\"ListItem\",\"position\":3,\"name\":\"Informaci\u00f3n institucional\",\"item\":\"https:\\\/\\\/mula.es\\\/web\\\/transparencia\\\/institucional\\\/\"},{\"@type\":\"ListItem\",\"position\":4,\"name\":\"Portal de la Transparencia: normas de organizaci\u00f3n y funcionamiento de la entidad\"}]},{\"@type\":\"WebSite\",\"@id\":\"https:\\\/\\\/mula.es\\\/web\\\/#website\",\"url\":\"https:\\\/\\\/mula.es\\\/web\\\/\",\"name\":\"Ayuntamiento de Mula\",\"description\":\"P\u00e1gina web del Ayuntamiento de Mula (Regi\u00f3n de Murcia)\",\"potentialAction\":[{\"@type\":\"SearchAction\",\"target\":{\"@type\":\"EntryPoint\",\"urlTemplate\":\"https:\\\/\\\/mula.es\\\/web\\\/?s={search_term_string}\"},\"query-input\":{\"@type\":\"PropertyValueSpecification\",\"valueRequired\":true,\"valueName\":\"search_term_string\"}}],\"inLanguage\":\"es\"}]}<\/script>\n<!-- \/ Yoast SEO plugin. -->","yoast_head_json":{"title":"Portal de la Transparencia: normas de organizaci\u00f3n y funcionamiento de la entidad - Ayuntamiento de Mula","robots":{"index":"index","follow":"follow","max-snippet":"max-snippet:-1","max-image-preview":"max-image-preview:large","max-video-preview":"max-video-preview:-1"},"canonical":"https:\/\/mula.es\/web\/transparencia\/institucional\/normas-de-organizacion-funcionamiento-entidad\/","og_locale":"es_ES","og_type":"article","og_title":"Portal de la Transparencia: normas de organizaci\u00f3n y funcionamiento de la entidad - Ayuntamiento de Mula","og_url":"https:\/\/mula.es\/web\/transparencia\/institucional\/normas-de-organizacion-funcionamiento-entidad\/","og_site_name":"Ayuntamiento de Mula","article_modified_time":"2024-01-22T19:25:45+00:00","og_image":[{"width":200,"height":218,"url":"https:\/\/mula.es\/web\/wp-content\/uploads\/2020\/06\/escudo-cuadrado-e1591045058235.jpg","type":"image\/jpeg"}],"twitter_card":"summary_large_image","twitter_site":"@AyuntamientMula","twitter_misc":{"Tiempo de lectura":"4 minutos"},"schema":{"@context":"https:\/\/schema.org","@graph":[{"@type":"WebPage","@id":"https:\/\/mula.es\/web\/transparencia\/institucional\/normas-de-organizacion-funcionamiento-entidad\/","url":"https:\/\/mula.es\/web\/transparencia\/institucional\/normas-de-organizacion-funcionamiento-entidad\/","name":"Portal de la Transparencia: normas de organizaci\u00f3n y funcionamiento de la entidad - Ayuntamiento de Mula","isPartOf":{"@id":"https:\/\/mula.es\/web\/#website"},"primaryImageOfPage":{"@id":"https:\/\/mula.es\/web\/transparencia\/institucional\/normas-de-organizacion-funcionamiento-entidad\/#primaryimage"},"image":{"@id":"https:\/\/mula.es\/web\/transparencia\/institucional\/normas-de-organizacion-funcionamiento-entidad\/#primaryimage"},"thumbnailUrl":"https:\/\/mula.es\/web\/wp-content\/uploads\/2020\/06\/escudo-cuadrado-e1591045058235.jpg","datePublished":"2021-02-17T07:57:11+00:00","dateModified":"2024-01-22T19:25:45+00:00","breadcrumb":{"@id":"https:\/\/mula.es\/web\/transparencia\/institucional\/normas-de-organizacion-funcionamiento-entidad\/#breadcrumb"},"inLanguage":"es","potentialAction":[{"@type":"ReadAction","target":["https:\/\/mula.es\/web\/transparencia\/institucional\/normas-de-organizacion-funcionamiento-entidad\/"]}]},{"@type":"ImageObject","inLanguage":"es","@id":"https:\/\/mula.es\/web\/transparencia\/institucional\/normas-de-organizacion-funcionamiento-entidad\/#primaryimage","url":"https:\/\/mula.es\/web\/wp-content\/uploads\/2020\/06\/escudo-cuadrado-e1591045058235.jpg","contentUrl":"https:\/\/mula.es\/web\/wp-content\/uploads\/2020\/06\/escudo-cuadrado-e1591045058235.jpg","width":200,"height":218},{"@type":"BreadcrumbList","@id":"https:\/\/mula.es\/web\/transparencia\/institucional\/normas-de-organizacion-funcionamiento-entidad\/#breadcrumb","itemListElement":[{"@type":"ListItem","position":1,"name":"Portada","item":"https:\/\/mula.es\/web\/"},{"@type":"ListItem","position":2,"name":"Portal de la Transparencia","item":"https:\/\/mula.es\/web\/transparencia\/"},{"@type":"ListItem","position":3,"name":"Informaci\u00f3n institucional","item":"https:\/\/mula.es\/web\/transparencia\/institucional\/"},{"@type":"ListItem","position":4,"name":"Portal de la Transparencia: normas de organizaci\u00f3n y funcionamiento de la entidad"}]},{"@type":"WebSite","@id":"https:\/\/mula.es\/web\/#website","url":"https:\/\/mula.es\/web\/","name":"Ayuntamiento de Mula","description":"P\u00e1gina web del Ayuntamiento de Mula (Regi\u00f3n de Murcia)","potentialAction":[{"@type":"SearchAction","target":{"@type":"EntryPoint","urlTemplate":"https:\/\/mula.es\/web\/?s={search_term_string}"},"query-input":{"@type":"PropertyValueSpecification","valueRequired":true,"valueName":"search_term_string"}}],"inLanguage":"es"}]}},"_hostinger_reach_plugin_has_subscription_block":false,"_hostinger_reach_plugin_is_elementor":false,"jetpack_sharing_enabled":true,"jetpack_shortlink":"https:\/\/wp.me\/Pa9DMY-9xC","jetpack-related-posts":[],"_links":{"self":[{"href":"https:\/\/mula.es\/web\/wp-json\/wp\/v2\/pages\/36680","targetHints":{"allow":["GET"]}}],"collection":[{"href":"https:\/\/mula.es\/web\/wp-json\/wp\/v2\/pages"}],"about":[{"href":"https:\/\/mula.es\/web\/wp-json\/wp\/v2\/types\/page"}],"author":[{"embeddable":true,"href":"https:\/\/mula.es\/web\/wp-json\/wp\/v2\/users\/1"}],"replies":[{"embeddable":true,"href":"https:\/\/mula.es\/web\/wp-json\/wp\/v2\/comments?post=36680"}],"version-history":[{"count":13,"href":"https:\/\/mula.es\/web\/wp-json\/wp\/v2\/pages\/36680\/revisions"}],"predecessor-version":[{"id":51663,"href":"https:\/\/mula.es\/web\/wp-json\/wp\/v2\/pages\/36680\/revisions\/51663"}],"up":[{"embeddable":true,"href":"https:\/\/mula.es\/web\/wp-json\/wp\/v2\/pages\/36067"}],"wp:featuredmedia":[{"embeddable":true,"href":"https:\/\/mula.es\/web\/wp-json\/wp\/v2\/media\/33512"}],"wp:attachment":[{"href":"https:\/\/mula.es\/web\/wp-json\/wp\/v2\/media?parent=36680"}],"curies":[{"name":"wp","href":"https:\/\/api.w.org\/{rel}","templated":true}]}}