{"id":53616,"date":"2024-04-25T18:58:47","date_gmt":"2024-04-25T16:58:47","guid":{"rendered":"https:\/\/mula.es\/web\/?page_id=53616"},"modified":"2024-04-25T19:01:15","modified_gmt":"2024-04-25T17:01:15","slug":"comites-y-entes-de-participacion","status":"publish","type":"page","link":"https:\/\/mula.es\/web\/portal-del-ciudadano\/comites-y-entes-de-participacion\/","title":{"rendered":"Comit\u00e9s y entes de participaci\u00f3n"},"content":{"rendered":"<p>En el Ayuntamiento de Mula se disponen de los siguientes comit\u00e9s y entes de participaci\u00f3n ciudadana:<\/p>\n<ul>\n<li><strong>Comit\u00e9 Antifraude<\/strong> creado por el Pleno en el Plan de Medidas Antifraude que se re\u00fane al menos una vez al trimestre. Dicho plan est\u00e1 disponible en el Portal de la Transparencia en el Apartado de Buen Gobierno<a href=\"https:\/\/mula.es\/web\/transparencia\/institucional\/informacion-sobre-gobierno-y-altos-cargos\/\"> https:\/\/mula.es\/web\/transparencia\/institucional\/informacion-sobre-gobierno-y-altos-cargos\/<\/a><\/li>\n<li><strong>Consejo de Patrimonio<\/strong> Hist\u00f3rico-Art\u00edstico que se re\u00fane al menos una vez al a\u00f1o. Noticia sobre su \u00faltima reuni\u00f3n <a href=\"https:\/\/mula.es\/web\/patrimonio-reunion-del-consejo-de-patrimonio-historico-artistico-de-mula\/\">https:\/\/mula.es\/web\/patrimonio-reunion-del-consejo-de-patrimonio-historico-artistico-de-mula\/<\/a><\/li>\n<li><strong>Consejo Municipal de Comercio y Artesan\u00eda<\/strong>.<\/li>\n<li><strong>Consejo Local de Deportes<\/strong>.<\/li>\n<\/ul>\n<p>De otro lado , tras un proceso de participaci\u00f3n ciudadana al efecto realizado en noviembre de 2023, existen las siguientes figuras en <strong>pedan\u00edas:<\/strong><\/p>\n<ul>\n<li>Fuente Librilla. Junta Vecinal, compuesta por cinco miembros.<\/li>\n<li>Y\u00e9char. Junta vecinal compuesta por cinco miembros.<\/li>\n<li>Casas Nuevas. Junta vecinal compuesta por cuatro miembros.<\/li>\n<li>El Ni\u00f1o de Mula. Junta vecinal compuesta por cinco miembros.<\/li>\n<li>La Puebla de Mula. Alcalde-Ped\u00e1neo.<\/li>\n<li>Los Ba\u00f1os de Mula. Alcalde-Ped\u00e1neo<\/li>\n<\/ul>\n<p>M\u00e1s informaci\u00f3n sobre este proceso en:\u00a0<a href=\"https:\/\/mula.es\/web\/pedanias-resultados-elecciones-a-juntas-vecinales-2023\/\">https:\/\/mula.es\/web\/pedanias-resultados-elecciones-a-juntas-vecinales-2023\/<\/a><\/p>\n<p>Conforme al reglamento de participaci\u00f3n ciudadana est\u00e1 prevista la creaci\u00f3n del<\/p>\n<ul>\n<li><strong>El Consejo de equipamiento.<\/strong> \u00d3rgano de participaci\u00f3n relacionados con la gesti\u00f3n de equipamientos p\u00fablicos para facilitar la implicaci\u00f3n ciudadana en su programaci\u00f3n y funcionamiento.<\/li>\n<li><strong>Consejo de Ni\u00f1os y Ni\u00f1as<\/strong>\u00a0para incorporar las vivencias de la poblaci\u00f3n infantil y favorecer la intervenci\u00f3n de los chicos y chicas en los debates, propuestas, sugerencias y quejas respecto de cualquier actuaci\u00f3n municipal, as\u00ed como ser informados y opinar sobre todas las actuaciones de otras administraciones p\u00fablicas que act\u00faan en la ciudad.<\/li>\n<li><strong>El Consejo de ciudad<\/strong>.\u00a0Es el \u00f3rgano de participaci\u00f3n desde el que se analizan y coordinan las actuaciones que afectan al conjunto de la ciudad.<\/li>\n<\/ul>\n<p>&nbsp;<\/p>\n","protected":false},"excerpt":{"rendered":"<p>En el Ayuntamiento de Mula se disponen de los siguientes comit\u00e9s y entes de participaci\u00f3n ciudadana: Comit\u00e9 Antifraude creado por el Pleno en el Plan de Medidas Antifraude que se re\u00fane al menos una vez al trimestre. Dicho plan est\u00e1 disponible en el Portal de la Transparencia en el Apartado de Buen Gobierno https:\/\/mula.es\/web\/transparencia\/institucional\/informacion-sobre-gobierno-y-altos-cargos\/ Consejo  [&#8230;]<\/p>\n","protected":false},"author":1,"featured_media":0,"parent":16251,"menu_order":0,"comment_status":"closed","ping_status":"closed","template":"","meta":{"jetpack_post_was_ever_published":false,"footnotes":""},"class_list":["post-53616","page","type-page","status-publish","hentry"],"yoast_head":"<!-- This site is optimized with the Yoast SEO plugin v27.5 - https:\/\/yoast.com\/product\/yoast-seo-wordpress\/ -->\n<title>Comit\u00e9s y entes de participaci\u00f3n - Ayuntamiento de Mula<\/title>\n<meta name=\"robots\" content=\"index, follow, max-snippet:-1, max-image-preview:large, max-video-preview:-1\" \/>\n<link rel=\"canonical\" href=\"https:\/\/mula.es\/web\/portal-del-ciudadano\/comites-y-entes-de-participacion\/\" \/>\n<meta property=\"og:locale\" content=\"es_ES\" \/>\n<meta property=\"og:type\" content=\"article\" \/>\n<meta property=\"og:title\" content=\"Comit\u00e9s y entes de participaci\u00f3n - Ayuntamiento de Mula\" \/>\n<meta property=\"og:description\" content=\"En el Ayuntamiento de Mula se disponen de los siguientes comit\u00e9s y entes de participaci\u00f3n ciudadana: Comit\u00e9 Antifraude creado por el Pleno en el Plan de Medidas Antifraude que se re\u00fane al menos una vez al trimestre. Dicho plan est\u00e1 disponible en el Portal de la Transparencia en el Apartado de Buen Gobierno https:\/\/mula.es\/web\/transparencia\/institucional\/informacion-sobre-gobierno-y-altos-cargos\/ Consejo [...]\" \/>\n<meta property=\"og:url\" content=\"https:\/\/mula.es\/web\/portal-del-ciudadano\/comites-y-entes-de-participacion\/\" \/>\n<meta property=\"og:site_name\" content=\"Ayuntamiento de Mula\" \/>\n<meta property=\"article:modified_time\" content=\"2024-04-25T17:01:15+00:00\" \/>\n<meta property=\"og:image\" content=\"https:\/\/mula.es\/web\/wp-content\/uploads\/2020\/06\/escudo-cuadrado-e1591045058235.jpg\" \/>\n\t<meta property=\"og:image:width\" content=\"200\" \/>\n\t<meta property=\"og:image:height\" content=\"218\" \/>\n\t<meta property=\"og:image:type\" content=\"image\/jpeg\" \/>\n<meta name=\"twitter:card\" content=\"summary_large_image\" \/>\n<meta name=\"twitter:site\" content=\"@AyuntamientMula\" \/>\n<meta name=\"twitter:label1\" content=\"Tiempo de lectura\" \/>\n\t<meta name=\"twitter:data1\" content=\"2 minutos\" \/>\n<script type=\"application\/ld+json\" class=\"yoast-schema-graph\">{\"@context\":\"https:\\\/\\\/schema.org\",\"@graph\":[{\"@type\":\"WebPage\",\"@id\":\"https:\\\/\\\/mula.es\\\/web\\\/portal-del-ciudadano\\\/comites-y-entes-de-participacion\\\/\",\"url\":\"https:\\\/\\\/mula.es\\\/web\\\/portal-del-ciudadano\\\/comites-y-entes-de-participacion\\\/\",\"name\":\"Comit\u00e9s y entes de participaci\u00f3n - Ayuntamiento de Mula\",\"isPartOf\":{\"@id\":\"https:\\\/\\\/mula.es\\\/web\\\/#website\"},\"datePublished\":\"2024-04-25T16:58:47+00:00\",\"dateModified\":\"2024-04-25T17:01:15+00:00\",\"breadcrumb\":{\"@id\":\"https:\\\/\\\/mula.es\\\/web\\\/portal-del-ciudadano\\\/comites-y-entes-de-participacion\\\/#breadcrumb\"},\"inLanguage\":\"es\",\"potentialAction\":[{\"@type\":\"ReadAction\",\"target\":[\"https:\\\/\\\/mula.es\\\/web\\\/portal-del-ciudadano\\\/comites-y-entes-de-participacion\\\/\"]}]},{\"@type\":\"BreadcrumbList\",\"@id\":\"https:\\\/\\\/mula.es\\\/web\\\/portal-del-ciudadano\\\/comites-y-entes-de-participacion\\\/#breadcrumb\",\"itemListElement\":[{\"@type\":\"ListItem\",\"position\":1,\"name\":\"Portada\",\"item\":\"https:\\\/\\\/mula.es\\\/web\\\/\"},{\"@type\":\"ListItem\",\"position\":2,\"name\":\"Portal del Ciudadano &#8211; Participaci\u00f3n ciudadana\",\"item\":\"https:\\\/\\\/mula.es\\\/web\\\/portal-del-ciudadano\\\/\"},{\"@type\":\"ListItem\",\"position\":3,\"name\":\"Comit\u00e9s y entes de participaci\u00f3n\"}]},{\"@type\":\"WebSite\",\"@id\":\"https:\\\/\\\/mula.es\\\/web\\\/#website\",\"url\":\"https:\\\/\\\/mula.es\\\/web\\\/\",\"name\":\"Ayuntamiento de Mula\",\"description\":\"P\u00e1gina web del Ayuntamiento de Mula (Regi\u00f3n de Murcia)\",\"potentialAction\":[{\"@type\":\"SearchAction\",\"target\":{\"@type\":\"EntryPoint\",\"urlTemplate\":\"https:\\\/\\\/mula.es\\\/web\\\/?s={search_term_string}\"},\"query-input\":{\"@type\":\"PropertyValueSpecification\",\"valueRequired\":true,\"valueName\":\"search_term_string\"}}],\"inLanguage\":\"es\"}]}<\/script>\n<!-- \/ Yoast SEO plugin. -->","yoast_head_json":{"title":"Comit\u00e9s y entes de participaci\u00f3n - Ayuntamiento de Mula","robots":{"index":"index","follow":"follow","max-snippet":"max-snippet:-1","max-image-preview":"max-image-preview:large","max-video-preview":"max-video-preview:-1"},"canonical":"https:\/\/mula.es\/web\/portal-del-ciudadano\/comites-y-entes-de-participacion\/","og_locale":"es_ES","og_type":"article","og_title":"Comit\u00e9s y entes de participaci\u00f3n - Ayuntamiento de Mula","og_description":"En el Ayuntamiento de Mula se disponen de los siguientes comit\u00e9s y entes de participaci\u00f3n ciudadana: Comit\u00e9 Antifraude creado por el Pleno en el Plan de Medidas Antifraude que se re\u00fane al menos una vez al trimestre. Dicho plan est\u00e1 disponible en el Portal de la Transparencia en el Apartado de Buen Gobierno https:\/\/mula.es\/web\/transparencia\/institucional\/informacion-sobre-gobierno-y-altos-cargos\/ Consejo [...]","og_url":"https:\/\/mula.es\/web\/portal-del-ciudadano\/comites-y-entes-de-participacion\/","og_site_name":"Ayuntamiento de Mula","article_modified_time":"2024-04-25T17:01:15+00:00","og_image":[{"width":200,"height":218,"url":"https:\/\/mula.es\/web\/wp-content\/uploads\/2020\/06\/escudo-cuadrado-e1591045058235.jpg","type":"image\/jpeg"}],"twitter_card":"summary_large_image","twitter_site":"@AyuntamientMula","twitter_misc":{"Tiempo de lectura":"2 minutos"},"schema":{"@context":"https:\/\/schema.org","@graph":[{"@type":"WebPage","@id":"https:\/\/mula.es\/web\/portal-del-ciudadano\/comites-y-entes-de-participacion\/","url":"https:\/\/mula.es\/web\/portal-del-ciudadano\/comites-y-entes-de-participacion\/","name":"Comit\u00e9s y entes de participaci\u00f3n - Ayuntamiento de Mula","isPartOf":{"@id":"https:\/\/mula.es\/web\/#website"},"datePublished":"2024-04-25T16:58:47+00:00","dateModified":"2024-04-25T17:01:15+00:00","breadcrumb":{"@id":"https:\/\/mula.es\/web\/portal-del-ciudadano\/comites-y-entes-de-participacion\/#breadcrumb"},"inLanguage":"es","potentialAction":[{"@type":"ReadAction","target":["https:\/\/mula.es\/web\/portal-del-ciudadano\/comites-y-entes-de-participacion\/"]}]},{"@type":"BreadcrumbList","@id":"https:\/\/mula.es\/web\/portal-del-ciudadano\/comites-y-entes-de-participacion\/#breadcrumb","itemListElement":[{"@type":"ListItem","position":1,"name":"Portada","item":"https:\/\/mula.es\/web\/"},{"@type":"ListItem","position":2,"name":"Portal del Ciudadano &#8211; Participaci\u00f3n ciudadana","item":"https:\/\/mula.es\/web\/portal-del-ciudadano\/"},{"@type":"ListItem","position":3,"name":"Comit\u00e9s y entes de participaci\u00f3n"}]},{"@type":"WebSite","@id":"https:\/\/mula.es\/web\/#website","url":"https:\/\/mula.es\/web\/","name":"Ayuntamiento de Mula","description":"P\u00e1gina web del Ayuntamiento de Mula (Regi\u00f3n de Murcia)","potentialAction":[{"@type":"SearchAction","target":{"@type":"EntryPoint","urlTemplate":"https:\/\/mula.es\/web\/?s={search_term_string}"},"query-input":{"@type":"PropertyValueSpecification","valueRequired":true,"valueName":"search_term_string"}}],"inLanguage":"es"}]}},"_hostinger_reach_plugin_has_subscription_block":false,"_hostinger_reach_plugin_is_elementor":false,"jetpack_sharing_enabled":true,"jetpack_shortlink":"https:\/\/wp.me\/Pa9DMY-dWM","jetpack-related-posts":[],"_links":{"self":[{"href":"https:\/\/mula.es\/web\/wp-json\/wp\/v2\/pages\/53616","targetHints":{"allow":["GET"]}}],"collection":[{"href":"https:\/\/mula.es\/web\/wp-json\/wp\/v2\/pages"}],"about":[{"href":"https:\/\/mula.es\/web\/wp-json\/wp\/v2\/types\/page"}],"author":[{"embeddable":true,"href":"https:\/\/mula.es\/web\/wp-json\/wp\/v2\/users\/1"}],"replies":[{"embeddable":true,"href":"https:\/\/mula.es\/web\/wp-json\/wp\/v2\/comments?post=53616"}],"version-history":[{"count":3,"href":"https:\/\/mula.es\/web\/wp-json\/wp\/v2\/pages\/53616\/revisions"}],"predecessor-version":[{"id":53619,"href":"https:\/\/mula.es\/web\/wp-json\/wp\/v2\/pages\/53616\/revisions\/53619"}],"up":[{"embeddable":true,"href":"https:\/\/mula.es\/web\/wp-json\/wp\/v2\/pages\/16251"}],"wp:attachment":[{"href":"https:\/\/mula.es\/web\/wp-json\/wp\/v2\/media?parent=53616"}],"curies":[{"name":"wp","href":"https:\/\/api.w.org\/{rel}","templated":true}]}}