{"id":57713,"date":"2025-02-28T09:51:37","date_gmt":"2025-02-28T08:51:37","guid":{"rendered":"https:\/\/mula.es\/web\/?page_id=57713"},"modified":"2025-02-28T10:07:18","modified_gmt":"2025-02-28T09:07:18","slug":"proyectos-estrategicos-en-desarrollo-local","status":"publish","type":"page","link":"https:\/\/mula.es\/web\/desarrollo-local\/proyectos-estrategicos-en-desarrollo-local\/","title":{"rendered":"Proyectos estrat\u00e9gicos en Desarrollo Local"},"content":{"rendered":"<ul>\n<li><a href=\"https:\/\/mula.es\/web\/wp-content\/uploads\/2025\/01\/AU_Mula_v7.pdf\" target=\"_blank\" rel=\"noopener\">Agenda urbana de Mula<\/a><\/li>\n<li><a href=\"https:\/\/mula.es\/web\/wp-content\/uploads\/2025\/02\/PAI_Zona_Norte_TSE_Mula_Pliego_def.pdf\" target=\"_blank\" rel=\"noopener\">Plan de actuaci\u00f3n integrado del \u00e1rea urbana de la zona norte del Territorio Sierra Espu\u00f1a<\/a><\/li>\n<li><a href=\"https:\/\/mula.es\/web\/wp-content\/uploads\/2025\/02\/EDIL_Zona_Norte_TSE_Mula_Pliego_def.pdf\" target=\"_blank\" rel=\"noopener\">Estrategia de desarrollo del \u00e1rea urbana de la zona norte del Territorio Sierra Espu\u00f1a<\/a><\/li>\n<\/ul>\n","protected":false},"excerpt":{"rendered":"<p>Agenda urbana de Mula Plan de actuaci\u00f3n integrado del \u00e1rea urbana de la zona norte del Territorio Sierra Espu\u00f1a Estrategia de desarrollo del \u00e1rea urbana de la zona norte del Territorio Sierra Espu\u00f1a<\/p>\n","protected":false},"author":9,"featured_media":0,"parent":13156,"menu_order":0,"comment_status":"closed","ping_status":"closed","template":"","meta":{"jetpack_post_was_ever_published":false,"footnotes":""},"class_list":["post-57713","page","type-page","status-publish","hentry"],"yoast_head":"<!-- This site is optimized with the Yoast SEO plugin v27.4 - https:\/\/yoast.com\/product\/yoast-seo-wordpress\/ -->\n<title>Proyectos estrat\u00e9gicos en Desarrollo Local - Ayuntamiento de Mula<\/title>\n<meta name=\"robots\" content=\"index, follow, max-snippet:-1, max-image-preview:large, max-video-preview:-1\" \/>\n<link rel=\"canonical\" href=\"https:\/\/mula.es\/web\/desarrollo-local\/proyectos-estrategicos-en-desarrollo-local\/\" \/>\n<meta property=\"og:locale\" content=\"es_ES\" \/>\n<meta property=\"og:type\" content=\"article\" \/>\n<meta property=\"og:title\" content=\"Proyectos estrat\u00e9gicos en Desarrollo Local - Ayuntamiento de Mula\" \/>\n<meta property=\"og:description\" content=\"Agenda urbana de Mula Plan de actuaci\u00f3n integrado del \u00e1rea urbana de la zona norte del Territorio Sierra Espu\u00f1a Estrategia de desarrollo del \u00e1rea urbana de la zona norte del Territorio Sierra Espu\u00f1a\" \/>\n<meta property=\"og:url\" content=\"https:\/\/mula.es\/web\/desarrollo-local\/proyectos-estrategicos-en-desarrollo-local\/\" \/>\n<meta property=\"og:site_name\" content=\"Ayuntamiento de Mula\" \/>\n<meta property=\"article:modified_time\" content=\"2025-02-28T09:07:18+00:00\" \/>\n<meta property=\"og:image\" content=\"https:\/\/mula.es\/web\/wp-content\/uploads\/2020\/06\/escudo-cuadrado-e1591045058235.jpg\" \/>\n\t<meta property=\"og:image:width\" content=\"200\" \/>\n\t<meta property=\"og:image:height\" content=\"218\" \/>\n\t<meta property=\"og:image:type\" content=\"image\/jpeg\" \/>\n<meta name=\"twitter:card\" content=\"summary_large_image\" \/>\n<meta name=\"twitter:site\" content=\"@AyuntamientMula\" \/>\n<script type=\"application\/ld+json\" class=\"yoast-schema-graph\">{\"@context\":\"https:\\\/\\\/schema.org\",\"@graph\":[{\"@type\":\"WebPage\",\"@id\":\"https:\\\/\\\/mula.es\\\/web\\\/desarrollo-local\\\/proyectos-estrategicos-en-desarrollo-local\\\/\",\"url\":\"https:\\\/\\\/mula.es\\\/web\\\/desarrollo-local\\\/proyectos-estrategicos-en-desarrollo-local\\\/\",\"name\":\"Proyectos estrat\u00e9gicos en Desarrollo Local - Ayuntamiento de Mula\",\"isPartOf\":{\"@id\":\"https:\\\/\\\/mula.es\\\/web\\\/#website\"},\"datePublished\":\"2025-02-28T08:51:37+00:00\",\"dateModified\":\"2025-02-28T09:07:18+00:00\",\"breadcrumb\":{\"@id\":\"https:\\\/\\\/mula.es\\\/web\\\/desarrollo-local\\\/proyectos-estrategicos-en-desarrollo-local\\\/#breadcrumb\"},\"inLanguage\":\"es\",\"potentialAction\":[{\"@type\":\"ReadAction\",\"target\":[\"https:\\\/\\\/mula.es\\\/web\\\/desarrollo-local\\\/proyectos-estrategicos-en-desarrollo-local\\\/\"]}]},{\"@type\":\"BreadcrumbList\",\"@id\":\"https:\\\/\\\/mula.es\\\/web\\\/desarrollo-local\\\/proyectos-estrategicos-en-desarrollo-local\\\/#breadcrumb\",\"itemListElement\":[{\"@type\":\"ListItem\",\"position\":1,\"name\":\"Portada\",\"item\":\"https:\\\/\\\/mula.es\\\/web\\\/\"},{\"@type\":\"ListItem\",\"position\":2,\"name\":\"Desarrollo Local\",\"item\":\"https:\\\/\\\/mula.es\\\/web\\\/desarrollo-local\\\/\"},{\"@type\":\"ListItem\",\"position\":3,\"name\":\"Proyectos estrat\u00e9gicos en Desarrollo Local\"}]},{\"@type\":\"WebSite\",\"@id\":\"https:\\\/\\\/mula.es\\\/web\\\/#website\",\"url\":\"https:\\\/\\\/mula.es\\\/web\\\/\",\"name\":\"Ayuntamiento de Mula\",\"description\":\"P\u00e1gina web del Ayuntamiento de Mula (Regi\u00f3n de Murcia)\",\"potentialAction\":[{\"@type\":\"SearchAction\",\"target\":{\"@type\":\"EntryPoint\",\"urlTemplate\":\"https:\\\/\\\/mula.es\\\/web\\\/?s={search_term_string}\"},\"query-input\":{\"@type\":\"PropertyValueSpecification\",\"valueRequired\":true,\"valueName\":\"search_term_string\"}}],\"inLanguage\":\"es\"}]}<\/script>\n<!-- \/ Yoast SEO plugin. -->","yoast_head_json":{"title":"Proyectos estrat\u00e9gicos en Desarrollo Local - Ayuntamiento de Mula","robots":{"index":"index","follow":"follow","max-snippet":"max-snippet:-1","max-image-preview":"max-image-preview:large","max-video-preview":"max-video-preview:-1"},"canonical":"https:\/\/mula.es\/web\/desarrollo-local\/proyectos-estrategicos-en-desarrollo-local\/","og_locale":"es_ES","og_type":"article","og_title":"Proyectos estrat\u00e9gicos en Desarrollo Local - Ayuntamiento de Mula","og_description":"Agenda urbana de Mula Plan de actuaci\u00f3n integrado del \u00e1rea urbana de la zona norte del Territorio Sierra Espu\u00f1a Estrategia de desarrollo del \u00e1rea urbana de la zona norte del Territorio Sierra Espu\u00f1a","og_url":"https:\/\/mula.es\/web\/desarrollo-local\/proyectos-estrategicos-en-desarrollo-local\/","og_site_name":"Ayuntamiento de Mula","article_modified_time":"2025-02-28T09:07:18+00:00","og_image":[{"width":200,"height":218,"url":"https:\/\/mula.es\/web\/wp-content\/uploads\/2020\/06\/escudo-cuadrado-e1591045058235.jpg","type":"image\/jpeg"}],"twitter_card":"summary_large_image","twitter_site":"@AyuntamientMula","schema":{"@context":"https:\/\/schema.org","@graph":[{"@type":"WebPage","@id":"https:\/\/mula.es\/web\/desarrollo-local\/proyectos-estrategicos-en-desarrollo-local\/","url":"https:\/\/mula.es\/web\/desarrollo-local\/proyectos-estrategicos-en-desarrollo-local\/","name":"Proyectos estrat\u00e9gicos en Desarrollo Local - Ayuntamiento de Mula","isPartOf":{"@id":"https:\/\/mula.es\/web\/#website"},"datePublished":"2025-02-28T08:51:37+00:00","dateModified":"2025-02-28T09:07:18+00:00","breadcrumb":{"@id":"https:\/\/mula.es\/web\/desarrollo-local\/proyectos-estrategicos-en-desarrollo-local\/#breadcrumb"},"inLanguage":"es","potentialAction":[{"@type":"ReadAction","target":["https:\/\/mula.es\/web\/desarrollo-local\/proyectos-estrategicos-en-desarrollo-local\/"]}]},{"@type":"BreadcrumbList","@id":"https:\/\/mula.es\/web\/desarrollo-local\/proyectos-estrategicos-en-desarrollo-local\/#breadcrumb","itemListElement":[{"@type":"ListItem","position":1,"name":"Portada","item":"https:\/\/mula.es\/web\/"},{"@type":"ListItem","position":2,"name":"Desarrollo Local","item":"https:\/\/mula.es\/web\/desarrollo-local\/"},{"@type":"ListItem","position":3,"name":"Proyectos estrat\u00e9gicos en Desarrollo Local"}]},{"@type":"WebSite","@id":"https:\/\/mula.es\/web\/#website","url":"https:\/\/mula.es\/web\/","name":"Ayuntamiento de Mula","description":"P\u00e1gina web del Ayuntamiento de Mula (Regi\u00f3n de Murcia)","potentialAction":[{"@type":"SearchAction","target":{"@type":"EntryPoint","urlTemplate":"https:\/\/mula.es\/web\/?s={search_term_string}"},"query-input":{"@type":"PropertyValueSpecification","valueRequired":true,"valueName":"search_term_string"}}],"inLanguage":"es"}]}},"_hostinger_reach_plugin_has_subscription_block":false,"_hostinger_reach_plugin_is_elementor":false,"jetpack_sharing_enabled":true,"jetpack_shortlink":"https:\/\/wp.me\/Pa9DMY-f0R","jetpack-related-posts":[],"_links":{"self":[{"href":"https:\/\/mula.es\/web\/wp-json\/wp\/v2\/pages\/57713","targetHints":{"allow":["GET"]}}],"collection":[{"href":"https:\/\/mula.es\/web\/wp-json\/wp\/v2\/pages"}],"about":[{"href":"https:\/\/mula.es\/web\/wp-json\/wp\/v2\/types\/page"}],"author":[{"embeddable":true,"href":"https:\/\/mula.es\/web\/wp-json\/wp\/v2\/users\/9"}],"replies":[{"embeddable":true,"href":"https:\/\/mula.es\/web\/wp-json\/wp\/v2\/comments?post=57713"}],"version-history":[{"count":3,"href":"https:\/\/mula.es\/web\/wp-json\/wp\/v2\/pages\/57713\/revisions"}],"predecessor-version":[{"id":57717,"href":"https:\/\/mula.es\/web\/wp-json\/wp\/v2\/pages\/57713\/revisions\/57717"}],"up":[{"embeddable":true,"href":"https:\/\/mula.es\/web\/wp-json\/wp\/v2\/pages\/13156"}],"wp:attachment":[{"href":"https:\/\/mula.es\/web\/wp-json\/wp\/v2\/media?parent=57713"}],"curies":[{"name":"wp","href":"https:\/\/api.w.org\/{rel}","templated":true}]}}