{"id":60685,"date":"2026-01-30T14:20:15","date_gmt":"2026-01-30T13:20:15","guid":{"rendered":"https:\/\/mula.es\/web\/?page_id=60685"},"modified":"2026-03-31T14:24:15","modified_gmt":"2026-03-31T12:24:15","slug":"presupuestos-participativos-2026","status":"publish","type":"page","link":"https:\/\/mula.es\/web\/presupuestos-participativos-2026\/","title":{"rendered":"Presupuestos participativos 2026"},"content":{"rendered":"<div class=\"fusion-fullwidth fullwidth-box fusion-builder-row-1 fusion-flex-container nonhundred-percent-fullwidth non-hundred-percent-height-scrolling\" style=\"--awb-border-radius-top-left:0px;--awb-border-radius-top-right:0px;--awb-border-radius-bottom-right:0px;--awb-border-radius-bottom-left:0px;--awb-flex-wrap:wrap;\" ><div class=\"fusion-builder-row fusion-row fusion-flex-align-items-flex-start fusion-flex-content-wrap\" style=\"max-width:1144px;margin-left: calc(-4% \/ 2 );margin-right: calc(-4% \/ 2 );\"><div class=\"fusion-layout-column fusion_builder_column fusion-builder-column-0 fusion_builder_column_1_1 1_1 fusion-flex-column\" style=\"--awb-bg-size:cover;--awb-width-large:100%;--awb-margin-top-large:0px;--awb-spacing-right-large:1.92%;--awb-margin-bottom-large:0px;--awb-spacing-left-large:1.92%;--awb-width-medium:100%;--awb-spacing-right-medium:1.92%;--awb-spacing-left-medium:1.92%;--awb-width-small:100%;--awb-spacing-right-small:1.92%;--awb-spacing-left-small:1.92%;\"><div class=\"fusion-column-wrapper fusion-flex-justify-content-flex-start fusion-content-layout-column\"><div class=\"fusion-text fusion-text-1\"><ul>\n<li>\n<h4><a href=\"https:\/\/mula.es\/web\/wp-content\/uploads\/2026\/01\/Resoluci-n_947973.pdf\">Resoluci\u00f3n aprobaci\u00f3n bases<\/a><\/h4>\n<\/li>\n<li>\n<h4><a href=\"https:\/\/mula.es\/web\/wp-content\/uploads\/2026\/01\/Bases_Presupuestos_Participativos_2026_81089_112482_1.pdf\">Bases presupuestos participativos 2026<\/a><\/h4>\n<\/li>\n<li>\n<h4><a href=\"https:\/\/mula.es\/web\/wp-content\/uploads\/2026\/03\/Resoluci-n-selecci-n-inicial-proyectos-para-votaci-n_971689.pdf\">Resoluci\u00f3n inicial selecci\u00f3n proyectos para votaci\u00f3n<\/a><\/h4>\n<\/li>\n<li>\n<h4><a href=\"https:\/\/mula.es\/web\/presupuestos-participativos-2026\/seleccion-inicial-rechazadas-votacion\/\">Propuestas no seleccionadas con justificaci\u00f3n t\u00e9cnica<\/a><\/h4>\n<\/li>\n<li>\n<h4><a href=\"https:\/\/mula.es\/web\/wp-content\/uploads\/2026\/03\/Resolucion_definitiva_propuestas_votacion_presupuestos_participativos_92175_112482_16.pdf\">Resoluci\u00f3n definitiva proyectos para votaci\u00f3n<\/a><\/h4>\n<\/li>\n<li>\n<h4><a href=\"https:\/\/mula.es\/web\/presupuestos-participativos-2026\/seleccion-definitiva-propuestas-votacion\/\">Propuestas seleccionadas definitivamente para votaci\u00f3n (con justificaci\u00f3n y documentaci\u00f3n adjunta)<\/a><\/h4>\n<\/li>\n<li>\n<h2><strong><a href=\"https:\/\/mula.es\/web\/wp-content\/uploads\/2026\/03\/Anuncio_resultados_presupuestos_participativos_2026_11731_112482_18.pdf\">Anuncio resultados presupuestos participativos 2026<\/a><\/strong><\/h2>\n<\/li>\n<\/ul>\n<\/div><\/div><\/div><\/div><\/div>\n","protected":false},"excerpt":{"rendered":"","protected":false},"author":1,"featured_media":60700,"parent":0,"menu_order":0,"comment_status":"closed","ping_status":"closed","template":"","meta":{"jetpack_post_was_ever_published":false,"footnotes":""},"class_list":["post-60685","page","type-page","status-publish","has-post-thumbnail","hentry"],"yoast_head":"<!-- This site is optimized with the Yoast SEO plugin v27.5 - https:\/\/yoast.com\/product\/yoast-seo-wordpress\/ -->\n<title>Presupuestos participativos 2026 - Ayuntamiento de Mula<\/title>\n<meta name=\"robots\" content=\"index, follow, max-snippet:-1, max-image-preview:large, max-video-preview:-1\" \/>\n<link rel=\"canonical\" href=\"https:\/\/mula.es\/web\/presupuestos-participativos-2026\/\" \/>\n<meta property=\"og:locale\" content=\"es_ES\" \/>\n<meta property=\"og:type\" content=\"article\" \/>\n<meta property=\"og:title\" content=\"Presupuestos participativos 2026 - Ayuntamiento de Mula\" \/>\n<meta property=\"og:url\" content=\"https:\/\/mula.es\/web\/presupuestos-participativos-2026\/\" \/>\n<meta property=\"og:site_name\" content=\"Ayuntamiento de Mula\" \/>\n<meta property=\"article:modified_time\" content=\"2026-03-31T12:24:15+00:00\" \/>\n<meta property=\"og:image\" content=\"https:\/\/mula.es\/web\/wp-content\/uploads\/2026\/01\/encabezado_pparticipativos.png\" \/>\n\t<meta property=\"og:image:width\" content=\"2528\" \/>\n\t<meta property=\"og:image:height\" content=\"670\" \/>\n\t<meta property=\"og:image:type\" content=\"image\/png\" \/>\n<meta name=\"twitter:card\" content=\"summary_large_image\" \/>\n<meta name=\"twitter:site\" content=\"@AyuntamientMula\" \/>\n<meta name=\"twitter:label1\" content=\"Tiempo de lectura\" \/>\n\t<meta name=\"twitter:data1\" content=\"1 minuto\" \/>\n<script type=\"application\/ld+json\" class=\"yoast-schema-graph\">{\"@context\":\"https:\\\/\\\/schema.org\",\"@graph\":[{\"@type\":\"WebPage\",\"@id\":\"https:\\\/\\\/mula.es\\\/web\\\/presupuestos-participativos-2026\\\/\",\"url\":\"https:\\\/\\\/mula.es\\\/web\\\/presupuestos-participativos-2026\\\/\",\"name\":\"Presupuestos participativos 2026 - Ayuntamiento de Mula\",\"isPartOf\":{\"@id\":\"https:\\\/\\\/mula.es\\\/web\\\/#website\"},\"primaryImageOfPage\":{\"@id\":\"https:\\\/\\\/mula.es\\\/web\\\/presupuestos-participativos-2026\\\/#primaryimage\"},\"image\":{\"@id\":\"https:\\\/\\\/mula.es\\\/web\\\/presupuestos-participativos-2026\\\/#primaryimage\"},\"thumbnailUrl\":\"https:\\\/\\\/mula.es\\\/web\\\/wp-content\\\/uploads\\\/2026\\\/01\\\/encabezado_pparticipativos.png\",\"datePublished\":\"2026-01-30T13:20:15+00:00\",\"dateModified\":\"2026-03-31T12:24:15+00:00\",\"breadcrumb\":{\"@id\":\"https:\\\/\\\/mula.es\\\/web\\\/presupuestos-participativos-2026\\\/#breadcrumb\"},\"inLanguage\":\"es\",\"potentialAction\":[{\"@type\":\"ReadAction\",\"target\":[\"https:\\\/\\\/mula.es\\\/web\\\/presupuestos-participativos-2026\\\/\"]}]},{\"@type\":\"ImageObject\",\"inLanguage\":\"es\",\"@id\":\"https:\\\/\\\/mula.es\\\/web\\\/presupuestos-participativos-2026\\\/#primaryimage\",\"url\":\"https:\\\/\\\/mula.es\\\/web\\\/wp-content\\\/uploads\\\/2026\\\/01\\\/encabezado_pparticipativos.png\",\"contentUrl\":\"https:\\\/\\\/mula.es\\\/web\\\/wp-content\\\/uploads\\\/2026\\\/01\\\/encabezado_pparticipativos.png\",\"width\":2528,\"height\":670},{\"@type\":\"BreadcrumbList\",\"@id\":\"https:\\\/\\\/mula.es\\\/web\\\/presupuestos-participativos-2026\\\/#breadcrumb\",\"itemListElement\":[{\"@type\":\"ListItem\",\"position\":1,\"name\":\"Portada\",\"item\":\"https:\\\/\\\/mula.es\\\/web\\\/\"},{\"@type\":\"ListItem\",\"position\":2,\"name\":\"Presupuestos participativos 2026\"}]},{\"@type\":\"WebSite\",\"@id\":\"https:\\\/\\\/mula.es\\\/web\\\/#website\",\"url\":\"https:\\\/\\\/mula.es\\\/web\\\/\",\"name\":\"Ayuntamiento de Mula\",\"description\":\"P\u00e1gina web del Ayuntamiento de Mula (Regi\u00f3n de Murcia)\",\"potentialAction\":[{\"@type\":\"SearchAction\",\"target\":{\"@type\":\"EntryPoint\",\"urlTemplate\":\"https:\\\/\\\/mula.es\\\/web\\\/?s={search_term_string}\"},\"query-input\":{\"@type\":\"PropertyValueSpecification\",\"valueRequired\":true,\"valueName\":\"search_term_string\"}}],\"inLanguage\":\"es\"}]}<\/script>\n<!-- \/ Yoast SEO plugin. -->","yoast_head_json":{"title":"Presupuestos participativos 2026 - Ayuntamiento de Mula","robots":{"index":"index","follow":"follow","max-snippet":"max-snippet:-1","max-image-preview":"max-image-preview:large","max-video-preview":"max-video-preview:-1"},"canonical":"https:\/\/mula.es\/web\/presupuestos-participativos-2026\/","og_locale":"es_ES","og_type":"article","og_title":"Presupuestos participativos 2026 - Ayuntamiento de Mula","og_url":"https:\/\/mula.es\/web\/presupuestos-participativos-2026\/","og_site_name":"Ayuntamiento de Mula","article_modified_time":"2026-03-31T12:24:15+00:00","og_image":[{"width":2528,"height":670,"url":"https:\/\/mula.es\/web\/wp-content\/uploads\/2026\/01\/encabezado_pparticipativos.png","type":"image\/png"}],"twitter_card":"summary_large_image","twitter_site":"@AyuntamientMula","twitter_misc":{"Tiempo de lectura":"1 minuto"},"schema":{"@context":"https:\/\/schema.org","@graph":[{"@type":"WebPage","@id":"https:\/\/mula.es\/web\/presupuestos-participativos-2026\/","url":"https:\/\/mula.es\/web\/presupuestos-participativos-2026\/","name":"Presupuestos participativos 2026 - Ayuntamiento de Mula","isPartOf":{"@id":"https:\/\/mula.es\/web\/#website"},"primaryImageOfPage":{"@id":"https:\/\/mula.es\/web\/presupuestos-participativos-2026\/#primaryimage"},"image":{"@id":"https:\/\/mula.es\/web\/presupuestos-participativos-2026\/#primaryimage"},"thumbnailUrl":"https:\/\/mula.es\/web\/wp-content\/uploads\/2026\/01\/encabezado_pparticipativos.png","datePublished":"2026-01-30T13:20:15+00:00","dateModified":"2026-03-31T12:24:15+00:00","breadcrumb":{"@id":"https:\/\/mula.es\/web\/presupuestos-participativos-2026\/#breadcrumb"},"inLanguage":"es","potentialAction":[{"@type":"ReadAction","target":["https:\/\/mula.es\/web\/presupuestos-participativos-2026\/"]}]},{"@type":"ImageObject","inLanguage":"es","@id":"https:\/\/mula.es\/web\/presupuestos-participativos-2026\/#primaryimage","url":"https:\/\/mula.es\/web\/wp-content\/uploads\/2026\/01\/encabezado_pparticipativos.png","contentUrl":"https:\/\/mula.es\/web\/wp-content\/uploads\/2026\/01\/encabezado_pparticipativos.png","width":2528,"height":670},{"@type":"BreadcrumbList","@id":"https:\/\/mula.es\/web\/presupuestos-participativos-2026\/#breadcrumb","itemListElement":[{"@type":"ListItem","position":1,"name":"Portada","item":"https:\/\/mula.es\/web\/"},{"@type":"ListItem","position":2,"name":"Presupuestos participativos 2026"}]},{"@type":"WebSite","@id":"https:\/\/mula.es\/web\/#website","url":"https:\/\/mula.es\/web\/","name":"Ayuntamiento de Mula","description":"P\u00e1gina web del Ayuntamiento de Mula (Regi\u00f3n de Murcia)","potentialAction":[{"@type":"SearchAction","target":{"@type":"EntryPoint","urlTemplate":"https:\/\/mula.es\/web\/?s={search_term_string}"},"query-input":{"@type":"PropertyValueSpecification","valueRequired":true,"valueName":"search_term_string"}}],"inLanguage":"es"}]}},"_hostinger_reach_plugin_has_subscription_block":false,"_hostinger_reach_plugin_is_elementor":false,"jetpack_sharing_enabled":true,"jetpack_shortlink":"https:\/\/wp.me\/Pa9DMY-fMN","jetpack-related-posts":[],"_links":{"self":[{"href":"https:\/\/mula.es\/web\/wp-json\/wp\/v2\/pages\/60685","targetHints":{"allow":["GET"]}}],"collection":[{"href":"https:\/\/mula.es\/web\/wp-json\/wp\/v2\/pages"}],"about":[{"href":"https:\/\/mula.es\/web\/wp-json\/wp\/v2\/types\/page"}],"author":[{"embeddable":true,"href":"https:\/\/mula.es\/web\/wp-json\/wp\/v2\/users\/1"}],"replies":[{"embeddable":true,"href":"https:\/\/mula.es\/web\/wp-json\/wp\/v2\/comments?post=60685"}],"version-history":[{"count":34,"href":"https:\/\/mula.es\/web\/wp-json\/wp\/v2\/pages\/60685\/revisions"}],"predecessor-version":[{"id":61235,"href":"https:\/\/mula.es\/web\/wp-json\/wp\/v2\/pages\/60685\/revisions\/61235"}],"wp:featuredmedia":[{"embeddable":true,"href":"https:\/\/mula.es\/web\/wp-json\/wp\/v2\/media\/60700"}],"wp:attachment":[{"href":"https:\/\/mula.es\/web\/wp-json\/wp\/v2\/media?parent=60685"}],"curies":[{"name":"wp","href":"https:\/\/api.w.org\/{rel}","templated":true}]}}